{"id":429,"date":"2025-12-10T15:06:51","date_gmt":"2025-12-10T10:06:51","guid":{"rendered":"https:\/\/janubiyorol.uz\/?page_id=429"},"modified":"2025-12-10T15:06:51","modified_gmt":"2025-12-10T10:06:51","slug":"baxtiyar-genjemuratov","status":"publish","type":"page","link":"https:\/\/janubiyorol.uz\/en\/baxtiyar-genjemuratov","title":{"rendered":"Baxtiyar Genjemuratov"},"content":{"rendered":"<p style=\"text-align: center;\"><a href=\"http:\/\/janubiyorol.uz\/wp-content\/uploads\/2025\/12\/Baxtiyar-Genjemuratov.jpg\"><img loading=\"lazy\" decoding=\"async\" class=\"aligncenter size-medium wp-image-430\" src=\"http:\/\/janubiyorol.uz\/wp-content\/uploads\/2025\/12\/Baxtiyar-Genjemuratov-225x300.jpg\" alt=\"\" width=\"225\" height=\"300\" srcset=\"https:\/\/janubiyorol.uz\/wp-content\/uploads\/2025\/12\/Baxtiyar-Genjemuratov-225x300.jpg 225w, https:\/\/janubiyorol.uz\/wp-content\/uploads\/2025\/12\/Baxtiyar-Genjemuratov.jpg 260w\" sizes=\"auto, (max-width: 225px) 100vw, 225px\" \/><\/a><\/p>\n<p style=\"text-align: center;\"><strong>\u00a0\u00a0\u00a0<\/strong><strong>Baxtiyar Genjemuratov (1959)<\/strong><\/p>\n<p>1959-j\u0131l\u0131 11-mayda Taxtak\u00f3pir rayon\u0131nda tuw\u0131l\u01f5an. 1976-j\u0131l\u0131\u00a0 orta mektepti tamamlap, rayonl\u0131q gazetada isleydi.1978-80-j\u0131llar\u0131 \u00e1skeriy x\u0131zmette bolad\u0131.Ol 1980-j\u0131l\u0131 N\u00f3kis m\u00e1mleketlik universitetini\u0144 filologiya fakultetine oq\u0131w\u01f5a kiredi h\u00e1m \u00abN\u00f3kis universiteti\u00bb gazetas\u0131n\u0131\u0144 juwapl\u0131 xatkeri bol\u0131p isleydi.1985-j\u0131l\u0131\u00a0universitetti pitkerip, 1993-j\u0131l\u01f5a shekem\u00ab\u00c1miwd\u00e1rya\u00bb jurnal\u0131nda\u00a0\u00a0\u00e1debiy s\u0131n h\u00e1m m\u00e1deniyat b\u00f3limini\u0144 basl\u0131\u01f5\u0131, juwapl\u0131 xatkeri,<\/p>\n<p>Qaraqalpaqstan Jaz\u0131wsh\u0131lar awqam\u0131nda poeziya boy\u0131nsha m\u00e1sl\u00e1h\u00e1tshi,basl\u0131qt\u0131\u0144 or\u0131nbasar\u0131,juwapl\u0131 xatker lawaz\u0131mlar\u0131nda isleydi.1993-j\u0131llar\u0131 Berdaq at\u0131nda\u01f5\u0131 qaraqalpaq m\u00e1mleketlik universitetini\u0144 aspiranturas\u0131nda oq\u0131yd\u0131 h\u00e1m 1996-j\u0131l\u0131 \u00ab\u00c1jiniyaz\u00a0 lirikas\u0131n\u0131\u0144 poetikas\u0131\u00bb degen temada kandidatl\u0131q dissertaciyas\u0131n\u00a0 qor\u01f5ayd\u0131. B. Genjemuratov 1996\u20142006-j\u0131llar aral\u0131\u01f5\u0131nda filologiya fakultetinde oq\u0131t\u0131wsh\u0131, kafedra basl\u0131\u01f5\u0131, jurnalistika b\u00f3limini\u0144 basl\u0131\u01f5\u0131, Berdaq at\u0131nda\u01f5\u0131 milliy muzeyinde tariyx h\u00e1m arxeologiya b\u00f3limini\u0144 basl\u0131\u01f5\u0131 lawaz\u0131mlar\u0131nda isleyd\u0131. 2006-j\u0131ldan kafedra docenti bol\u0131p islep at\u0131r. Genjemuratov \u00ab\u00c1ptapt\u0131\u0144 \u00f3miri\u00bb (1987), \u00abSaratan\u00bb (1990),\u00a0\u00abOq qadal\u01f5an ay\u00bb (1997), bir toml\u0131q \u00abSayland\u0131 sh\u0131garmalar\u0131\u00bb\u00a0(2012) qos\u0131qlar h\u00e1m poemalar toplamlar\u0131 qaraqalpaq tilinde,\u00a0\u00abUkuzdaryo bitiklari\u00bb (2006) qos\u0131qlar h\u00e1m poemalar toplam\u0131<\/p>\n<p>1<\/p>\n<p>\u00f3zbek tilinde baspadan sh\u0131qt\u0131.<\/p>\n<p>Shay\u0131rd\u0131\u0144 \u00abMode xan s\u00f3zi yaki Chin jipegindegi bitik\u00bb, \u00abQar Aq Alp Aq\u00bb poemalar\u0131 \u00f3zbek tilinde, \u00abUkuzdaryo bitiklari\u00bb<\/p>\n<p>(2006) atamada \u00f3z ald\u0131na kitap bol\u0131p qaytadan bas\u0131ld\u0131. On\u0131\u0144<\/p>\n<p>bir d\u00farkin qos\u0131qlar\u0131 T\u00fark sheriyat\u0131 antalogiyas\u0131\u00bb (Ankara, 2006) h\u00e1m \u00abXX asr o\u2018zbek sheriyati antalogiya\u00bb s\u0131na (Tashkent, 2007) kirgizilgen. Shay\u0131r Bat\u0131s h\u00e1m Sh\u0131\u01f5\u0131s klassiklerini\u0144 qos\u0131qlar\u0131n qaraqalpaq tiline awdar\u0131p, \u00abLirika\u00bb degen at penen 1992-j\u0131l\u0131 baspadan sh\u0131\u01f5ard\u0131. Shay\u0131rd\u0131\u0144 bir qatar qos\u0131qlar\u0131 qazaq, rus h\u00e1m francuz tillerinde j\u00e1riyalan\u01f5an. Ol belgili tariyxsh\u0131lar A.Yu.Yakubovskiy h\u00e1m B.D.Grekovt\u0131\u0144 \u00abAlt\u0131n Orda h\u00e1m on\u0131\u0144<\/p>\n<p>qulaw\u0131\u00bb degen k\u00f3lemli fundamental miynetin qaraqalpaq tiline<\/p>\n<p>awdard\u0131. B.Genjemuratovt\u0131\u0144 \u00ab\u00c1jiniyaz lirikas\u0131n\u0131\u0144 poetikas\u0131\u00bb<\/p>\n<p>(1997) degen monografiyas\u0131 baspadan sh\u0131qt\u0131. Ol Qaraqalpaqstan Jaslar awqam\u0131 s\u0131yl\u0131\u01f5\u0131n\u0131\u0144 (1991) h\u00e1m \u00d3zbekstan Jaz\u0131wsh\u0131lar aw<\/p>\n<p>qam\u0131 s\u0131yl\u0131\u01f5\u0131n\u0131\u0144 (2001) laureat\u0131. 2006-j\u0131l\u0131 \u00abShuhrat\u00bb medal\u0131 me-<\/p>\n<p>nen, e\u0144 jaqs\u0131 qos\u0131qlar\u0131 ush\u0131n Xorezm Mamun akademiyas\u0131, \u00d3z-bekstan Jaz\u0131wsh\u0131lar awqam\u0131 h\u00e1m Xorezm w\u00e1layat\u0131 h\u00e1kimligi<\/p>\n<p>t\u00e1repinen s\u0131yl\u0131qland\u0131. B. Genjemuratov 2007-j\u0131l\u0131 Qazaqstan qa-<\/p>\n<p>las\u0131n\u0131\u0144 Aqtaw qalas\u0131nda \u00f3tkerilgen shay\u0131rlar ta\u0144law\u0131n\u0131\u0144 laureat\u0131<\/p>\n<p>bold\u0131. 2017-j\u0131l\u0131 \u00ab\u00d3zbekstan Respublikas\u0131na miyneti si\u0144gen m\u00e1- deniyat x\u0131zmetkeri\u00bb ata\u01f5\u0131na miyassar bold\u0131.<\/p>\n<p>2<\/p>\n<p><strong>\u00a0<\/strong><\/p>\n<p><strong>Tay qul\u0131nday tebisken<\/strong><\/p>\n<p>Tay qul\u0131nday tebisken,<\/p>\n<p>Talas\u0131p emshek emisken&#8230;<\/p>\n<p>Nuw pay\u01f5ambardan qal\u01f5an jurt,<\/p>\n<p>Jeti j\u00e1h\u00e1ndi al\u01f5an jurt.<\/p>\n<p>\u00d3giz d\u00e1ryan\u0131\u0144 shaq\u0131nda,<\/p>\n<p>Jeti qaraqsh\u0131day jan\u01f5an jurt,<\/p>\n<p>Awz\u0131 bir-altaw, t\u00f3rtew t\u00fawel:<\/p>\n<p>alt\u0131 a\u01f5a, t\u00f3rt-ini, t\u00fawel:<\/p>\n<p>&#8220;Qutad\u01f5u bilig&#8221; qon\u01f5an jurt.<\/p>\n<p>Q\u0131y\u0131r\u0131 -Sh\u0131\u01f5\u0131s, Qarakerim,<\/p>\n<p>arqas\u0131-qarl\u0131 S\u00e1wiriya,<\/p>\n<p>sh\u0131y\u0131r\u0131- P\u00e1re\u0144 jerleri,<\/p>\n<p>qahan\u0131 &#8211; Attul\u01f5a, Ull\u0131 Turk.<\/p>\n<p><strong>Bizler-bes tuw\u0131sqan<\/strong><\/p>\n<p>\u00c1yyemgi T\u00farkstann\u0131\u0144 Ull\u0131 Sh\u0131nar\u0131-<\/p>\n<p>tam\u0131r\u0131 m\u0131\u0144 \u00e1sirlik tariyx- Terekpiz,<\/p>\n<p>Shejireni\u0144 qar k\u00f3mgen Altay sh\u0131\u0144lar\u0131-<\/p>\n<p>Bizler alt\u0131n miyrasp\u0131z, alt\u0131n derekpiz.<\/p>\n<p>&nbsp;<\/p>\n<p>\u00d3zbek, qazaq, t\u00farkmen h\u00e1m aq qalpaq q\u0131r\u01f5\u0131z,<\/p>\n<p>qaraqalpaq-bizler jum\u0131r\u0131 bilekpiz.<\/p>\n<p>T\u00farkiyler d\u00fanyas\u0131nda jan\u01f5an bes juld\u0131z,<\/p>\n<p>Dosl\u0131q tuw\u0131sqanl\u0131qqa baqqa -tirekpiz.<\/p>\n<p>&nbsp;<\/p>\n<p>Tay\u01f5aq keshiwlerde a\u01f5ayin-s\u00fayengen,<\/p>\n<p>toyda da, azada da m\u00e1\u0144gi sherikpiz.<\/p>\n<p>Shirege qar\u0131l\u01f5an-s\u00fatke iylengen,<\/p>\n<p>q\u00e1lbimiz-aq biyday, sh\u0131rmay sh\u00f3rekpiz.<\/p>\n<p>&nbsp;<\/p>\n<p>Bizler-bes tuw\u0131sqan tulparlar jeldirip,<\/p>\n<p>bul alt\u0131n zaman\u01f5a at basqan tireppiz,<\/p>\n<p>Quyash, Ay h\u00e1m Juld\u0131zlar aspan\u01f5a kerek.<\/p>\n<p>Aspan\u0131w-z\u00e1minge de Bizler kerekpiz!..<\/p>\n<p>&nbsp;<\/p>\n<p>4<\/p>\n<p>Bir t\u00e1n bir jan-bir dil h\u00e1m qanlar\u0131m\u0131z bir,<\/p>\n<p>bir baw\u0131r bir \u00f3kpe, bizler &#8211; bir j\u00farekpiz.<\/p>\n<p>Bul erkin zamanda, dos, d\u00e1wranlard\u0131 s\u00far,<\/p>\n<p>biz Yapas \u00e1wladlar\u0131-Ull\u0131 T\u00farikpiz.<\/p>\n<p><strong>Z\u00e1min tawda\u01f5\u0131 \u00c1zim S\u00fayin ayt\u0131mlar\u0131<\/strong><\/p>\n<p>Sh\u00f3plerde shapsh\u0131p shalqay\u01f5an,<\/p>\n<p>6<\/p>\n<p>taslard\u0131 t\u00fartip taltayt\u01f5an,<\/p>\n<p>nishteri nayd\u0131 qulatqan,<\/p>\n<p>asaw atlard\u0131 sulaytqan,<\/p>\n<p>t\u00fabi joq t\u00fanni\u0144 tilsimi,<\/p>\n<p>quyashl\u0131 k\u00fanni\u0144 zer s\u0131m\u0131,<\/p>\n<p>Shayanlar\u0131m!<\/p>\n<p>Bul-men:<\/p>\n<p>\u00c1zim S\u00fayin&#8230;<\/p>\n<p>Taw b\u00f3risimen.<\/p>\n<p>Bul sh\u00f3l b\u00f3risi:<\/p>\n<p>Baxtiyar Genjemurat!<\/p>\n<p>Bizlerge tiyme\u0144&#8230;<\/p>\n<p>Bizlerge tiyme\u0144&#8230;<\/p>\n<p>Q\u0131n\u0131nan sh\u0131qqan q\u0131l\u0131shtay,<\/p>\n<p>q\u0131z belin buw\u01f5an qay\u0131stay,<\/p>\n<p>az\u0131w-alt\u0131n puwl\u0131msa\u0144,<\/p>\n<p>tilleri tilla suw\u0131msa\u0144,<\/p>\n<p>sultannan qal\u01f5an qa\u01f5anat,<\/p>\n<p>d\u00e1wletmise\u0144 tuwl\u0131m\u0131saq,<\/p>\n<p>amanat qal\u01f5an sul\u0131w\u0131msa\u0144,<\/p>\n<p>J\u0131lanlar\u0131m!<\/p>\n<p>Bul men:<\/p>\n<p>7<\/p>\n<p>\u00c1zim S\u00fayin&#8230;<\/p>\n<p>Taw b\u00farkitimen.<\/p>\n<p>Bul sh\u00f3l b\u00farkiti:<\/p>\n<p>Baxtiyar Genjemurat\u0131<\/p>\n<p>Bizlerge tiyme\u0144&#8230;<\/p>\n<p>Bizlerge tiyme\u0144&#8230;<\/p>\n<p>Shayanlar\u0131m&#8230;<\/p>\n<p>J\u0131lanlar\u0131m&#8230;<\/p>\n<p>Tuw\u0131sqanb\u0131z bizler.<\/p>\n<p>Bir q\u00e1wim ruwdanb\u0131z bizler.<\/p>\n<p>Bul seni\u0144 \u00fayi\u0144,<\/p>\n<p>Bul meni\u0144 \u00fayim-<\/p>\n<p>dedi de, qara tast\u0131 dastan\u0131p,<\/p>\n<p>Uyq\u0131\u01f5a sh\u00famdi shiyrin,<\/p>\n<p>taw b\u00f3risi-taw b\u00farkiti<\/p>\n<p>shay\u0131r-<\/p>\n<p>\u00c1zim S\u00fayin<\/p>\n<p>&nbsp;<\/p>\n<p><strong>Sen kelse\u0144 N\u00f3kiste h\u00e1r k\u00fan toy<\/strong><\/p>\n<p>B\u00fagin bir s\u0131rlasay\u0131q, Rustambek dost\u0131m,<\/p>\n<p>T\u00e1\u0144irim d\u00e1rgay\u0131nda ekewimiz \u01f5ana&#8230;<\/p>\n<p>Qatt\u0131 a\u01f5ar tolq\u0131nl\u0131, q\u00e1lbimiz lim-lim,<\/p>\n<p>Biz bul \u00falkeni\u0144 misli qa\u01f5anlar\u0131m\u0131z&#8230;<\/p>\n<p>&nbsp;<\/p>\n<p>N\u00e1zer sal: Qaraqalpaq &#8211; Qarsh\u0131 sh\u00f3lleri<\/p>\n<p>10<\/p>\n<p>Usayd\u0131 bir atan\u0131\u0144 balalar\u0131na.<\/p>\n<p>Taxta menen Kastann\u0131\u0144 seksewilleri &#8211;<\/p>\n<p>M\u00e1rt, ul\u0131wma par\u0131q joqdur aralar\u0131nda.<\/p>\n<p>&nbsp;<\/p>\n<p>Yakkatut aw\u0131l\u0131nda kisner bir duldul;<\/p>\n<p>Ol sh\u0131lb\u0131r-arqanlar\u0131n \u00fazip ketejaq.<\/p>\n<p>Tulpar\u01f5a ke\u0144lik, dala, erkinlik maqul;<\/p>\n<p>D\u00e1rya, okeanlard\u0131 j\u00fazip \u00f3tedi&#8230;<\/p>\n<p>&nbsp;<\/p>\n<p>Waq\u0131t kimni\u0144 kimligin uqt\u0131r\u0131p barar,<\/p>\n<p>T\u00e1rezi \u00f3lshep berer \u00e1dil p\u00e1llesin.<\/p>\n<p>Genjemurat atamd\u0131 esletip turar<\/p>\n<p>Rawshanbek ata\u0144n\u0131\u0144 appaq s\u00e1llesi.<\/p>\n<p>&nbsp;<\/p>\n<p>Dana babalar s\u0131nsh\u0131, k\u00f3p n\u00e1rse bilgen &#8211;<\/p>\n<p>&#8220;Qoshqar bolar qoz\u0131n\u0131\u0144 ma\u0144lay\u0131 d\u00f3\u0144 bolar.&#8221;<\/p>\n<p>Ma\u0144lay\u0131\u0144d\u0131 quyash erkelep s\u00faygen,<\/p>\n<p>11<\/p>\n<p>El-jurt s\u00faygen jigit sendey ke\u0144 bolar&#8230;<\/p>\n<p>&nbsp;<\/p>\n<p>T\u00e1\u0144irim eliwge j\u00e1ne eliw jas qoss\u0131n,<\/p>\n<p>N\u00f3kiste h\u00e1r k\u00fan toy sen kelgende.<\/p>\n<p>&#8220;Qarat taw q\u0131r\u01f5aw\u0131l\u0131 qan\u0131nan,&#8221; dost\u0131m,<\/p>\n<p>Eliw m\u00e1rte simireyik eliw-eliwden&#8230;<\/p>\n<p>&nbsp;<\/p>\n<p>&nbsp;<\/p>\n<p>&nbsp;<\/p>\n<p>&nbsp;<\/p>\n<p>&nbsp;<\/p>\n<p>&nbsp;<\/p>\n","protected":false},"excerpt":{"rendered":"<p>\u00a0\u00a0\u00a0Baxtiyar Genjemuratov (1959) 1959-j\u0131l\u0131 11-mayda Taxtak\u00f3pir rayon\u0131nda tuw\u0131l\u01f5an. 1976-j\u0131l\u0131\u00a0 orta mektepti tamamlap, rayonl\u0131q gazetada isleydi.1978-80-j\u0131llar\u0131 \u00e1skeriy x\u0131zmette bolad\u0131.Ol 1980-j\u0131l\u0131 N\u00f3kis m\u00e1mleketlik universitetini\u0144 filologiya fakultetine oq\u0131w\u01f5a kiredi h\u00e1m \u00abN\u00f3kis universiteti\u00bb gazetas\u0131n\u0131\u0144 juwapl\u0131 xatkeri bol\u0131p isleydi.1985-j\u0131l\u0131\u00a0universitetti pitkerip, 1993-j\u0131l\u01f5a shekem\u00ab\u00c1miwd\u00e1rya\u00bb jurnal\u0131nda\u00a0\u00a0\u00e1debiy s\u0131n h\u00e1m m\u00e1deniyat b\u00f3limini\u0144 basl\u0131\u01f5\u0131, juwapl\u0131 xatkeri, Qaraqalpaqstan Jaz\u0131wsh\u0131lar awqam\u0131nda poeziya boy\u0131nsha m\u00e1sl\u00e1h\u00e1tshi,basl\u0131qt\u0131\u0144 or\u0131nbasar\u0131,juwapl\u0131 xatker lawaz\u0131mlar\u0131nda isleydi.1993-j\u0131llar\u0131 [&hellip;]<\/p>\n","protected":false},"author":1,"featured_media":0,"parent":0,"menu_order":0,"comment_status":"closed","ping_status":"closed","template":"","meta":{"footnotes":""},"class_list":["post-429","page","type-page","status-publish","hentry"],"_links":{"self":[{"href":"https:\/\/janubiyorol.uz\/en\/wp-json\/wp\/v2\/pages\/429","targetHints":{"allow":["GET"]}}],"collection":[{"href":"https:\/\/janubiyorol.uz\/en\/wp-json\/wp\/v2\/pages"}],"about":[{"href":"https:\/\/janubiyorol.uz\/en\/wp-json\/wp\/v2\/types\/page"}],"author":[{"embeddable":true,"href":"https:\/\/janubiyorol.uz\/en\/wp-json\/wp\/v2\/users\/1"}],"replies":[{"embeddable":true,"href":"https:\/\/janubiyorol.uz\/en\/wp-json\/wp\/v2\/comments?post=429"}],"version-history":[{"count":1,"href":"https:\/\/janubiyorol.uz\/en\/wp-json\/wp\/v2\/pages\/429\/revisions"}],"predecessor-version":[{"id":431,"href":"https:\/\/janubiyorol.uz\/en\/wp-json\/wp\/v2\/pages\/429\/revisions\/431"}],"wp:attachment":[{"href":"https:\/\/janubiyorol.uz\/en\/wp-json\/wp\/v2\/media?parent=429"}],"curies":[{"name":"wp","href":"https:\/\/api.w.org\/{rel}","templated":true}]}}