{"id":438,"date":"2025-12-10T15:09:37","date_gmt":"2025-12-10T10:09:37","guid":{"rendered":"https:\/\/janubiyorol.uz\/?page_id=438"},"modified":"2025-12-10T15:09:37","modified_gmt":"2025-12-10T10:09:37","slug":"kenesbay-karimov","status":"publish","type":"page","link":"https:\/\/janubiyorol.uz\/en\/kenesbay-karimov","title":{"rendered":"Ke\u0144esbay\u00a0 Karimov"},"content":{"rendered":"<p><a href=\"http:\/\/janubiyorol.uz\/wp-content\/uploads\/2025\/12\/Kenesbay-Karimov.jpg\"><img loading=\"lazy\" decoding=\"async\" class=\"aligncenter  wp-image-439\" src=\"http:\/\/janubiyorol.uz\/wp-content\/uploads\/2025\/12\/Kenesbay-Karimov.jpg\" alt=\"\" width=\"213\" height=\"284\" \/><\/a><\/p>\n<p style=\"text-align: center;\"><strong>Ke\u0144esbay\u00a0 Karimov<\/strong><\/p>\n<p><strong>\u00d3miri\u00a0\u00a0 h\u00e1m\u00a0 d\u00f3retiwshiligi. <\/strong>Ke\u0144esbay\u00a0 Karimov\u00a0 1948- j\u0131l\u0131\u00a0 27- avgustta\u00a0 Sh\u0131mbay\u00a0 rayon\u0131nda\u01f5\u0131\u00a0 Sh\u0131mbay\u00a0 xojal\u0131\u01f5\u0131nda\u00a0 tuw\u0131l\u01f5an. Ol\u00a0 orta\u00a0 mektepti\u00a0 pitkergennen\u00a0 so\u0144\u00a0 xizmet\u00a0 jol\u0131n\u00a0 1967- 1968 &#8211; j\u0131llar\u0131\u00a0\u00a0 \u201cSovet\u00a0 Qaraqalpaqstan\u201d (H\u00e1zirgi\u00a0 \u201cErkin\u00a0 Qaraqalpaqstan\u201d )\u00a0 gazetas\u0131nda\u00a0 xabarsh\u0131\u00a0 bol\u0131p\u00a0 islewden\u00a0 basla\u01f5an. 1975- j\u0131l\u0131\u00a0 Qaraqalpaq\u00a0 m\u00e1mleketlik\u00a0 pedagogikal\u0131q\u00a0 institiut\u0131n \u00a0tamamlap,\u00a0 \u201c Jas\u00a0 Leninshi\u201d\u00a0 (H\u00e1zirgi\u00a0 \u201cQaraqalpaqstan\u00a0 jaslar\u0131\u201d ) gazetas\u0131nda, \u201cQaraqalpaq \u201c baspas\u0131nda, televidenie\u00a0\u00a0 h\u00e1m\u00a0 radioesittiriw\u00a0 komitetinde, \u201c\u00c1miwdarya\u201d\u00a0 jurnal\u0131nda, Qaraqalpaqstan\u00a0 m\u00e1mleketlik\u00a0 tele-\u00a0 radio\u00a0 kompaniyas\u0131nda\u00a0\u00a0 juwapl\u0131\u00a0 x\u0131zmetlerde\u00a0 isleydi. So\u0144\u0131nan\u00a0 \u201cErkin\u00a0 Qaraqalpaqstan\u201d\u00a0 h\u00e1m\u00a0 \u201cVesti\u00a0 Karakalpakiya\u201d\u00a0 bas\u00a0 redaktor\u0131\u00a0 bol\u0131p\u00a0 isledi. 2011- j\u0131ldan\u00a0\u00a0 Qaraqalpaqstan\u00a0 Respublikas\u0131\u00a0 Jaz\u0131wsh\u0131lar\u00a0 awqam\u0131\u00a0\u00a0 basl\u0131\u01f5\u0131\u00a0 lawaz\u0131m\u0131nda\u00a0 islep\u00a0 at\u0131r. Shay\u0131rd\u0131\u0144\u00a0 d\u00e1slepki\u00a0 qos\u0131qlar\u0131\u00a0 60- j\u0131llard\u0131\u0144\u00a0 ortalar\u0131nan\u00a0 baslap\u00a0 j\u00e1riyalana\u00a0 basla\u01f5an. On\u0131\u0144\u00a0 \u201cAral\u0131qlar \u201d (1980),\u00a0 \u201cWatan\u00a0 minaras\u0131\u201d (1982),\u00a0 \u201cUm\u0131t\u0131l\u01f5an\u00a0 yar\u0131m\u00a0 ay\u201d (1984),\u00a0 \u201cMeni\u0144\u00a0 terezelerim\u201d (1985), \u201cAraldan\u00a0 keldim\u201d (1985), \u201cK\u00f3\u0144ilim\u00a0 m\u00falki\u201d\u00a0 (2005)\u00a0 degen\u00a0 atamada\u01f5\u0131\u00a0 poeziyal\u0131q\u00a0 toplamlar\u0131\u00a0 bas\u0131l\u0131p\u00a0 sh\u0131qt\u0131. K. Karimovt\u0131\u0144\u00a0 balalar\u01f5a\u00a0 arnal\u01f5an\u00a0\u00a0 \u201cAlt\u0131n\u00a0 te\u0144ge\u201d, \u201cAr\u0131q\u00a0 mergen\u201d\u00a0 pyesalar\u0131\u00a0 jas\u00a0 tamashag\u00f3yler\u00a0 teat\u0131r\u0131n\u0131\u0144\u00a0 saxnas\u0131nda\u00a0 qoy\u0131ld\u0131. Shay\u0131r\u00a0 \u201cA\u01f5abiy \u201d (2013)\u00a0 atl\u0131\u00a0 tariyx\u0131y\u00a0 roman\u0131\u00a0 menen\u00a0 ke\u0144\u00a0 j\u00e1miyetshilikke\u00a0 jaz\u0131wsh\u0131\u00a0 s\u0131pat\u0131nda\u00a0 da\u00a0 tan\u0131ld\u0131. Ol\u00a0 belgili\u00a0 s\u00f3z\u00a0 sheberleri\u00a0 A.S. Pushkinni\u0144, A. Blokt\u0131\u0144, Saadiydi\u0144\u00a0 sh\u0131\u01f5armalar\u0131n\u00a0 qaraqalpaq\u00a0 tiline\u00a0 awdard\u0131. K. Karimov\u00a0 k\u00f3rkem\u00a0 \u00e1debiyat\u0131m\u0131z\u00a0 benen\u00a0 baspas\u00f3z\u00a0 taraw\u0131na\u00a0 qosqan\u00a0 \u00falesleri\u00a0 ush\u0131n\u00a0\u00a0 \u201cQaraqalpaqstan\u00a0 Respublikas\u0131na\u00a0 miyneti\u00a0 si\u0144gen \u00a0jurnalist \u201c, \u201cQaraqalpaqstan\u00a0 xal\u0131q\u00a0 shay\u0131r\u0131 \u201c\u00a0 h\u00farmetli\u00a0 ataqlar\u0131n\u00a0 al\u0131w\u01f5a\u00a0 miyasar\u00a0 bold\u0131. Shay\u0131r\u00a0 el- xal\u0131q, tuw\u0131l\u01f5an\u00a0 jer\u00a0 h\u00e1m\u00a0 ana\u00a0 watan\u00a0 temas\u0131na\u00a0 arnap\u00a0\u00a0 \u201cXal\u0131qtan\u00a0 asqan\u00a0 dana\u00a0 joq\u201d, \u201cTuw\u0131l\u01f5an\u00a0 jer\u201d, \u201c Watan\u00a0 haqq\u0131nda\u00a0 gimn\u201d, \u201c Sa\u01f5\u0131n\u01f5an\u00a0 aral\u201d\u00a0 h\u00e1m\u00a0 basqa da\u00a0 qos\u0131qlar\u0131n\u00a0 d\u00f3retti.<\/p>\n<p><strong>\u00d3zbek\u00a0 shay\u0131r\u0131\u00a0 Usman\u00a0 Azimge<\/strong><\/p>\n<p>Quyashl\u0131\u00a0 Surxan\u00a0 tamanda,<\/p>\n<p>Baw\u0131rman\u00a0 el\u00a0 bar\u00a0 ma\u01f5anda,<\/p>\n<p>Xabar\u0131n\u00a0 ber\u00a0 Ospanjan,<\/p>\n<p>Jiydeli &#8211; Bays\u0131n\u00a0 aman\u00a0 ba?<\/p>\n<p>&nbsp;<\/p>\n<p>B\u00e1lent\u00a0 pe\u00a0 Bays\u0131n\u00a0 tawlar\u0131,<\/p>\n<p>Jaylaw\u00a0 ma\u00a0 jas\u0131l\u00a0 bawray\u0131,<\/p>\n<p>K\u00f3rinermeken\u00a0 qarasam,<\/p>\n<p>Babamn\u0131\u0144\u00a0 tikken\u00a0 tuylar\u0131.<\/p>\n<p>&nbsp;<\/p>\n<p>Shay\u0131rd\u0131\u00a0 s\u00faygen\u00a0 el\u00a0 dedi\u0144,<\/p>\n<p>Bol\u0131p\u00a0 bir\u00a0 qonaq\u00a0 kel\u00a0 dedi\u0144,<\/p>\n<p>\u00d3zbekti\u0144\u00a0 \u00falken\u00a0 shay\u0131r\u0131,<\/p>\n<p>Bolaman\u00a0\u00a0 erte\u0144\u00a0 men\u00a0 dedi\u0144.<\/p>\n<p>&nbsp;<\/p>\n<p>K\u00f3zimni\u0144\u00a0 a\u01f5\u0131- qaras\u0131,<\/p>\n<p>Aman\u00a0 bol\u00a0 dasht\u0131- dalas\u0131,<\/p>\n<p>Tuw\u0131l\u01f5an\u00a0 \u00c1miw\u00a0 boy\u0131nda,<\/p>\n<p>Men\u00a0 de\u00a0 bir\u00a0\u00a0 Bays\u0131n\u00a0 balas\u0131.<\/p>\n<p>&nbsp;<\/p>\n<p><strong>T\u00farkstan<\/strong><\/p>\n<p>Babam\u00a0\u00a0 Jiyen\u00a0 tol\u01f5a\u01f5an,<\/p>\n<p>Ata\u00a0 jurt, elim\u00a0 T\u00farkstan,<\/p>\n<p>K\u00f3kirekte\u00a0 j\u00fargen\u00a0 bir\u00a0 arman,<\/p>\n<p>K\u00f3rsem\u00a0 degen\u00a0 T\u00farkstan,<\/p>\n<p>Jaz\u0131\u01f5\u0131nda\u00a0 at\u00a0 oynat\u0131p,<\/p>\n<p>J\u00farsem\u00a0 degen\u00a0 T\u00farkstan.<\/p>\n<p>&nbsp;<\/p>\n<p>\u00d3zbek\u00a0 \u00f3zimni\u0144\u00a0 jerim\u00a0 dep,<\/p>\n<p>Baw\u0131rman\u00a0 qazaq\u00a0 bur\u0131nnan,<\/p>\n<p>Ke\u0144\u00a0 jaylaw\u0131m\u00a0 meni\u0144\u00a0 dep,<\/p>\n<p>Sh\u0131\u01f5\u0131s\u0131nda\u00a0 k\u00f3p\u00a0 uy\u01f5\u0131r,<\/p>\n<p>S\u0131rt\u0131\u0144nan\u00a0 j\u00fargen\u00a0 iyemlep,<\/p>\n<p>Betege\u00a0 \u00f3sken\u00a0 baytaq\u00a0 jer,<\/p>\n<p>Turki\u00a0 xal\u0131qqa\u00a0 ortaq\u00a0 jer,<\/p>\n<p>Ata- babam\u00a0\u00a0 armanl\u0131,<\/p>\n<p>Sende\u00a0 bir\u00a0 shalq\u0131p\u00a0\u00a0 d\u00e1wrand\u0131,<\/p>\n<p>S\u00farsem\u00a0 degen\u00a0 Turkstan.<\/p>\n<p>&nbsp;<\/p>\n<p><strong>Turki\u00a0 tilim<\/strong><\/p>\n<p>Nyo- Yorkta\u00a0 seni\u00a0\u00a0 bilmewi\u00a0 m\u00famkin,<\/p>\n<p>Londondada\u00a0 k\u00f3zge\u00a0 ilmewi\u00a0 m\u00famkin,<\/p>\n<p>Assambleylar\u01f5a\u00a0 kirmewi\u0144\u00a0 m\u00famkin.<\/p>\n<p>\u00d3zime\u00a0 janajan\u00a0 turki\u00a0 tilimse\u0144.<\/p>\n<p>&nbsp;<\/p>\n<p>Qultegin\u00a0 babadan\u00a0 uqt\u0131m\u00a0\u00a0 at\u0131\u0144d\u0131,<\/p>\n<p>Maxmud\u00a0 Qash\u01f5arl\u0131dan\u00a0 k\u00f3rdim\u00a0 xat\u0131\u0144d\u0131,<\/p>\n<p>\u201cKudat\u01f5u\u00a0 bilik\u201d ten\u00a0 baslap\u00a0 salt\u0131\u0144d\u0131,<\/p>\n<p>Sa\u01f5a\u00a0 al\u01f5an\u00a0 meni\u0144\u00a0 turki\u00a0 tilimse\u0144.<\/p>\n<p>&nbsp;<\/p>\n<p>Xal\u0131qlar\u00a0 Oktyabrde\u00a0 deregin\u00a0 tan\u0131p,<\/p>\n<p>\u00d3zbek, qazaq, q\u0131z\u01f5\u0131z, turkmen\u00a0 atan\u0131p,<\/p>\n<p>\u00c1zer, qum\u0131q, chechen\u00a0 tusinisip\u00a0 an\u0131q,<\/p>\n<p>Qaraqalpaq\u00a0 s\u00f3ylegen\u00a0 turki\u00a0 tilimse\u0144.<\/p>\n<p>&nbsp;<\/p>\n<p>\u00c1lemde\u00a0 til\u00a0 k\u00f3pdur\u00a0 sennen\u00a0 g\u00f3zzall\u0131raq,<\/p>\n<p>Men\u00a0 ush\u0131n\u00a0 b\u00e1rinen\u00a0 a\u01f5lasa\u0144\u00a0 biraq,<\/p>\n<p>Ana\u00a0 s\u00fati\u00a0 menen\u00a0 qan\u0131ma\u00a0 tarap,<\/p>\n<p>Ana \u00a0tilim\u00a0 bol\u01f5an\u00a0 turki\u00a0 tilimse\u0144.<\/p>\n<p>&nbsp;<\/p>\n<p><strong>Xal\u0131qtan\u00a0 asqan\u00a0 dana\u00a0 joq<\/strong><\/p>\n<p>Meyli\u00a0 Aplatun\u00a0 bol, Elastun\u00a0 bol\u00a0 ya,<\/p>\n<p>\u00d3z\u00a0 kewli\u0144di\u00a0 \u00f3zi\u0144\u00a0 sanam\u01f5\u0131l\u00a0 toq,<\/p>\n<p>Meyli\u00a0 al\u0131p\u00a0 desin, ya\u00a0 desin\u00a0 mayda,<\/p>\n<p>B\u00e1ribir\u00a0 xalq\u0131\u0144nan\u00a0 asqan\u00a0 dana\u00a0 joq.<\/p>\n<p>&nbsp;<\/p>\n<p>Ol\u00a0 qalq\u0131p\u00a0 j\u0131yna\u01f5an\u00a0 s\u00f3zdi\u0144\u00a0 qayma\u01f5\u0131n,<\/p>\n<p>Kim\u00a0 j\u00fayrik, kim\u00a0 shaban\u00a0 bergen\u00a0 bayra\u01f5\u0131n,<\/p>\n<p>Sen de\u00a0 on\u0131\u0144\u00a0 qazan\u0131nda\u00a0 qaynad\u0131\u0144,<\/p>\n<p>Bile- bilse\u0144\u00a0 xal\u0131qtan\u00a0 asqan\u00a0 dana\u00a0 joq.<\/p>\n<p>&nbsp;<\/p>\n<p>Xal\u0131qt\u0131\u00a0 qarapay\u0131m, ladang\u00f3y deme,<\/p>\n<p>Onda insanl\u0131qtan\u00a0 etpegil\u00a0 t\u00e1me,<\/p>\n<p>\u00c1ndishe\u00a0 art\u0131l\u01f5an\u00a0 bir\u00a0 ushan\u00a0 keme,<\/p>\n<p>Bile- bilse\u0144\u00a0 xal\u0131qtan\u00a0 asqan\u00a0 dana\u00a0 joq.<\/p>\n<p>&nbsp;<\/p>\n<p>Ol\u00a0 al\u0131m, h\u00e1m\u00a0 dana, h\u00e1m\u00a0 faylasufdur,<\/p>\n<p>Sadas\u0131\u00a0 da\u00a0 bard\u0131, bilgishi\u00a0 k\u00f3pdur,<\/p>\n<p>Qayda\u00a0 j\u00farse\u0144- bas\u0131na\u00a0 taj\u00a0 etip\u00a0 j\u00far,<\/p>\n<p>Q\u0131yal\u00a0 s\u00farse\u0144\u00a0\u00a0 xal\u0131qtan\u00a0 asqan\u00a0 dana\u00a0 joq.<\/p>\n<p>&nbsp;<\/p>\n<p>Tart\u0131lsa\u00a0 sh\u00f3l\u00a0 bolar, tassa\u00a0 okean,<\/p>\n<p>Tawd\u0131\u00a0 titiretken\u00a0 m\u00e1rtligi\u00a0 ayan,<\/p>\n<p>Zaman\u00a0 barda\u00a0 ol bar, ol\u00a0 barda\u00a0 zaman,<\/p>\n<p>Qulaq\u00a0 t\u00farse\u0144\u00a0 xal\u0131qtan\u00a0 asqan\u00a0 dana\u00a0 joq.<\/p>\n<p>&nbsp;<\/p>\n<p>Ald\u0131mda\u00a0 as\u0131ma\u00a0 qatt\u0131r\u01f5an\u00a0 a\u01f5\u0131w,<\/p>\n<p>Tuw\u0131sqanl\u0131q\u00a0 eris, dosl\u0131q\u00a0 arqaw\u0131,<\/p>\n<p>Qaraqalpaq &#8211; meni\u0144\u00a0 s\u00fayengen\u00a0 taw\u0131m,<\/p>\n<p>Meni\u0144\u00a0 ush\u0131n\u00a0 onnan\u00a0 asqan\u00a0 dana\u00a0 joq&#8230;<\/p>\n<p>&nbsp;<\/p>\n<p>&nbsp;<\/p>\n<p>&nbsp;<\/p>\n<p>&nbsp;<\/p>\n<p>&nbsp;<\/p>\n<p>&nbsp;<\/p>\n<p>&nbsp;<\/p>\n","protected":false},"excerpt":{"rendered":"<p>Ke\u0144esbay\u00a0 Karimov \u00d3miri\u00a0\u00a0 h\u00e1m\u00a0 d\u00f3retiwshiligi. Ke\u0144esbay\u00a0 Karimov\u00a0 1948- j\u0131l\u0131\u00a0 27- avgustta\u00a0 Sh\u0131mbay\u00a0 rayon\u0131nda\u01f5\u0131\u00a0 Sh\u0131mbay\u00a0 xojal\u0131\u01f5\u0131nda\u00a0 tuw\u0131l\u01f5an. Ol\u00a0 orta\u00a0 mektepti\u00a0 pitkergennen\u00a0 so\u0144\u00a0 xizmet\u00a0 jol\u0131n\u00a0 1967- 1968 &#8211; j\u0131llar\u0131\u00a0\u00a0 \u201cSovet\u00a0 Qaraqalpaqstan\u201d (H\u00e1zirgi\u00a0 \u201cErkin\u00a0 Qaraqalpaqstan\u201d )\u00a0 gazetas\u0131nda\u00a0 xabarsh\u0131\u00a0 bol\u0131p\u00a0 islewden\u00a0 basla\u01f5an. 1975- j\u0131l\u0131\u00a0 Qaraqalpaq\u00a0 m\u00e1mleketlik\u00a0 pedagogikal\u0131q\u00a0 institiut\u0131n \u00a0tamamlap,\u00a0 \u201c Jas\u00a0 Leninshi\u201d\u00a0 (H\u00e1zirgi\u00a0 \u201cQaraqalpaqstan\u00a0 jaslar\u0131\u201d ) gazetas\u0131nda, \u201cQaraqalpaq \u201c [&hellip;]<\/p>\n","protected":false},"author":1,"featured_media":0,"parent":0,"menu_order":0,"comment_status":"closed","ping_status":"closed","template":"","meta":{"footnotes":""},"class_list":["post-438","page","type-page","status-publish","hentry"],"_links":{"self":[{"href":"https:\/\/janubiyorol.uz\/en\/wp-json\/wp\/v2\/pages\/438","targetHints":{"allow":["GET"]}}],"collection":[{"href":"https:\/\/janubiyorol.uz\/en\/wp-json\/wp\/v2\/pages"}],"about":[{"href":"https:\/\/janubiyorol.uz\/en\/wp-json\/wp\/v2\/types\/page"}],"author":[{"embeddable":true,"href":"https:\/\/janubiyorol.uz\/en\/wp-json\/wp\/v2\/users\/1"}],"replies":[{"embeddable":true,"href":"https:\/\/janubiyorol.uz\/en\/wp-json\/wp\/v2\/comments?post=438"}],"version-history":[{"count":1,"href":"https:\/\/janubiyorol.uz\/en\/wp-json\/wp\/v2\/pages\/438\/revisions"}],"predecessor-version":[{"id":440,"href":"https:\/\/janubiyorol.uz\/en\/wp-json\/wp\/v2\/pages\/438\/revisions\/440"}],"wp:attachment":[{"href":"https:\/\/janubiyorol.uz\/en\/wp-json\/wp\/v2\/media?parent=438"}],"curies":[{"name":"wp","href":"https:\/\/api.w.org\/{rel}","templated":true}]}}