{"id":441,"date":"2025-12-10T15:10:19","date_gmt":"2025-12-10T10:10:19","guid":{"rendered":"https:\/\/janubiyorol.uz\/?page_id=441"},"modified":"2025-12-10T15:10:19","modified_gmt":"2025-12-10T10:10:19","slug":"shawdirbay-seyitov","status":"publish","type":"page","link":"https:\/\/janubiyorol.uz\/en\/shawdirbay-seyitov","title":{"rendered":"Shawd\u0131rbay Seyitov"},"content":{"rendered":"<p><a href=\"http:\/\/janubiyorol.uz\/wp-content\/uploads\/2025\/12\/Shawdirbay-Seyitov.jpg\"><img loading=\"lazy\" decoding=\"async\" class=\"aligncenter size-medium wp-image-442\" src=\"http:\/\/janubiyorol.uz\/wp-content\/uploads\/2025\/12\/Shawdirbay-Seyitov-225x300.jpg\" alt=\"\" width=\"225\" height=\"300\" srcset=\"https:\/\/janubiyorol.uz\/wp-content\/uploads\/2025\/12\/Shawdirbay-Seyitov-225x300.jpg 225w, https:\/\/janubiyorol.uz\/wp-content\/uploads\/2025\/12\/Shawdirbay-Seyitov.jpg 260w\" sizes=\"auto, (max-width: 225px) 100vw, 225px\" \/><\/a><\/p>\n<p style=\"text-align: center;\"><strong>Shawd\u0131rbay Seyitov<\/strong><\/p>\n<p>Belgili shay\u0131r h\u00e1m jaz\u0131wsh\u0131 Sh. Seyitov 1937-j\u0131l\u0131 16-martta T\u00farkmenstann\u0131\u0144 G\u00f3ne \u00dargenish rayon\u0131nda\u01f5\u0131 Seyit sh\u00farteni\u0144 qalas\u0131 degen jerde tuw\u0131l\u01f5an. Sh. Seyitovt\u0131\u0144 1942-j\u0131l\u0131 sha\u0144araq a\u01f5zalar\u0131 N\u00f3kiske k\u00f3ship keledi.<\/p>\n<p>D\u00f3retiwshilik jol\u0131n poeziyadan basla\u01f5an. Sh. Seyitov 60-j\u0131llard\u0131\u0144 bas\u0131nda balalar\u01f5a arnap \u00ab\u00dashpelek\u00bb (1964) dep atal\u01f5an qos\u0131qlar toplam\u0131 menen kirip keldi. So\u0144\u0131nan shay\u0131rd\u0131\u0144 \u00abSoqpa\u01f5\u0131m meni\u0144 qaydasan\u00bb (1966), \u00abTawlardan saza\u00bb (1970), \u00abJollar\u00bb (1982) poeziyal\u0131q toplamlar\u0131 menen bir qatarda \u00abK\u00f3p edi ketken t\u0131rnalar\u00bb h\u00e1m \u00abQashq\u0131n\u00bb (1969) s\u0131yaql\u0131 d\u00e1slepki povestleri h\u00e1m \u00abI\u01f5bal soqpaqlar\u0131\u00bb (1975) dep atal\u01f5an birinshi roman\u0131 bas\u0131l\u0131p sh\u0131qt\u0131. Poeziya janr\u0131 menen prozada te\u0144nen q\u00e1lem terbetken jaz\u0131wsh\u0131 endi iri k\u00f3lemli sh\u0131\u01f5armalar d\u00f3retiwge qol urd\u0131. \u00abIsine qos\u0131p tigilsin\u00bb povesti menen \u00abShirash\u0131lar\u00bb (1986) roman\u0131 h\u00e1m t\u00f3rt kitaptan ibarat \u00abXalqabad\u00bb tetralogiyas\u0131 (1978-1990) menen \u00abJaman sh\u0131\u01f5anaqta\u01f5\u0131 Aqtuba\u00bb (1992) \u0433\u043emanlar\u0131 izli-izinen bas\u0131l\u0131p sh\u0131qt\u0131.<\/p>\n<p>Sh. Seyitov k\u00f3rkem awdarma salas\u0131nda bat\u0131s h\u00e1m sh\u0131\u01f5\u0131s \u00e1debiyat\u0131n\u0131\u0144 belgili s\u00f3z sheberleri Haf\u0131z, Ferdawsiy, Naway\u0131, Pushkin, Lermontov, L.Tolstoy, Korolenko, Nekrasov, Maqt\u0131mqul\u0131, Abay, S. Ayniy, A. M\u00e1tjann\u0131\u0144 poeziyal\u0131q h\u00e1m prozal\u0131q sh\u0131\u01f5armalar\u0131n qaraqalpaq tiline awdard\u0131. \u00d3z gezeginde shay\u0131r-jaz\u0131wsh\u0131n\u0131\u0144 k\u00f3rkem sh\u0131\u01f5armalar\u0131 da tuw\u0131sqan qazaq, \u00f3zbek, rus tillerinde bas\u0131l\u0131p sh\u0131qt\u0131. Sh. Seyitov d\u00f3retiwshilik islerinde qaraqalpaq aw\u0131zeki \u00e1debiyat\u0131, klassikal\u0131q \u00e1debiyat\u0131 menen jazba \u00e1debiyat\u0131n qala berse bat\u0131st\u0131\u0144 h\u00e1m sh\u0131\u01f5\u0131st\u0131\u0144 ull\u0131 s\u00f3z sheberlerini\u0144 sh\u0131\u01f5armalar\u0131n qunt penen \u00fayrenedi. Bul \u00e1lbette, k\u00f3rkem \u00e1debiyat taraw\u0131nda Sh. Seyitovt\u0131\u0144 jemisli islewine \u00f3zini\u0144 paydal\u0131 t\u00e1sirin tiygizdi h\u00e1m \u00f3z ustaxanas\u0131na iye jaz\u0131wsh\u0131lard\u0131\u0144 qatar\u0131nan or\u0131n iyeledi. Solay etip, poeziya, proza ham awdarma salas\u0131nda da t\u0131n\u0131ms\u0131z q\u00e1lem terbetken talant iyesi Sh. Seyitovqa 1989-j\u0131l\u0131 Berdaq at\u0131nda\u01f5\u0131 m\u00e1mleketlik s\u0131yl\u0131qt\u0131\u0144 laureat\u0131, 1990-j\u0131l\u0131 Qaraqalpaqstan\u01f5a miyneti si\u0144gen m\u00e1deniyat xizmetkeri, 1992-j\u0131l\u0131 Qaraqalpaqstan xal\u0131q jaz\u0131wsh\u0131s\u0131 s\u0131yaql\u0131 h\u00farmetli ataqlar\u0131 beriledi.<\/p>\n<p>Shawd\u0131rbay Seyitov talant\u0131n\u0131\u0144 \u00e1yne g\u00fallengen waqt\u0131nda 1996-j\u0131l\u0131 59 jas\u0131nda qayt\u0131s bold\u0131.<\/p>\n<p>JASLAR XOR\u00cd<\/p>\n<p>Qan keshken q\u00e1h\u00e1rli, jal\u0131nl\u0131 j\u0131llarda,<\/p>\n<p>Jan bergen keleshek \u00e1wladt\u0131\u0144 baxt\u0131 ush\u0131n,<\/p>\n<p>M\u0131\u0144 al\u01f5\u0131s, jaslardan, qaharman ullar\u01f5a,<\/p>\n<p>G\u00faresken ayanbay xal\u0131q ush\u0131n bar k\u00fashin.<\/p>\n<p>&nbsp;<\/p>\n<p>Atalar miyras\u0131 &#8211; je\u0144impaz bayraqlar,<\/p>\n<p>Je\u0144isten je\u0144iske jelbirep keledi.<\/p>\n<p>Apar\u0131p sahra\u01f5a n\u00e1wpir suw, n\u00e1wb\u00e1h\u00e1r,<\/p>\n<p>T\u0131\u0144lar\u01f5a, sh\u0131\u0144lar\u01f5a shansh\u0131lar ele de!<\/p>\n<p>&nbsp;<\/p>\n<p>Aw\u0131lda, qalada biz benen saltanat,<\/p>\n<p>Biz &#8211; jaslar, ja\u0144a GES otlar\u0131n ja\u01f5am\u0131z.<\/p>\n<p>Biz benen \u00f3mir shad, biz benen xal\u0131q abad,<\/p>\n<p>Kosmosqa lash\u0131nday qanatlar ka\u01f5am\u0131z.<\/p>\n<p>&nbsp;<\/p>\n<p>Ja\u0144adan ja\u0144a\u01f5a atlan\u0131w &#8211; salt\u0131m\u0131z.<\/p>\n<p>S\u00faren sol: &#8211; Kel joldas,ald\u0131\u0144\u01f5\u0131 sapta bol!<\/p>\n<p>Watan\u01f5a sad\u0131ql\u0131q-\u00e1diwli ant\u0131m\u0131z<\/p>\n<p>Biz jaslar, talmas k\u00fash, Leninshil komsomol!<\/p>\n<p>&nbsp;<\/p>\n<p>Partiya k\u00fanimiz, biz o\u01f5an inimiz,<\/p>\n<p>Baslayd\u0131 ayd\u0131n jol, arz\u0131wl\u0131 sapar\u01f5a.<\/p>\n<p>T\u0131n\u0131shl\u0131q, joldasl\u0131q ortal\u0131q tilimiz,<\/p>\n<p>Kel j\u00e1h\u00e1n jaslar\u0131, qos\u0131l\u0131\u0144 qatar\u01f5a!<\/p>\n<p>&nbsp;<\/p>\n","protected":false},"excerpt":{"rendered":"<p>Shawd\u0131rbay Seyitov Belgili shay\u0131r h\u00e1m jaz\u0131wsh\u0131 Sh. Seyitov 1937-j\u0131l\u0131 16-martta T\u00farkmenstann\u0131\u0144 G\u00f3ne \u00dargenish rayon\u0131nda\u01f5\u0131 Seyit sh\u00farteni\u0144 qalas\u0131 degen jerde tuw\u0131l\u01f5an. Sh. Seyitovt\u0131\u0144 1942-j\u0131l\u0131 sha\u0144araq a\u01f5zalar\u0131 N\u00f3kiske k\u00f3ship keledi. D\u00f3retiwshilik jol\u0131n poeziyadan basla\u01f5an. Sh. Seyitov 60-j\u0131llard\u0131\u0144 bas\u0131nda balalar\u01f5a arnap \u00ab\u00dashpelek\u00bb (1964) dep atal\u01f5an qos\u0131qlar toplam\u0131 menen kirip keldi. So\u0144\u0131nan shay\u0131rd\u0131\u0144 \u00abSoqpa\u01f5\u0131m meni\u0144 qaydasan\u00bb (1966), \u00abTawlardan saza\u00bb [&hellip;]<\/p>\n","protected":false},"author":1,"featured_media":0,"parent":0,"menu_order":0,"comment_status":"closed","ping_status":"closed","template":"","meta":{"footnotes":""},"class_list":["post-441","page","type-page","status-publish","hentry"],"_links":{"self":[{"href":"https:\/\/janubiyorol.uz\/en\/wp-json\/wp\/v2\/pages\/441","targetHints":{"allow":["GET"]}}],"collection":[{"href":"https:\/\/janubiyorol.uz\/en\/wp-json\/wp\/v2\/pages"}],"about":[{"href":"https:\/\/janubiyorol.uz\/en\/wp-json\/wp\/v2\/types\/page"}],"author":[{"embeddable":true,"href":"https:\/\/janubiyorol.uz\/en\/wp-json\/wp\/v2\/users\/1"}],"replies":[{"embeddable":true,"href":"https:\/\/janubiyorol.uz\/en\/wp-json\/wp\/v2\/comments?post=441"}],"version-history":[{"count":1,"href":"https:\/\/janubiyorol.uz\/en\/wp-json\/wp\/v2\/pages\/441\/revisions"}],"predecessor-version":[{"id":443,"href":"https:\/\/janubiyorol.uz\/en\/wp-json\/wp\/v2\/pages\/441\/revisions\/443"}],"wp:attachment":[{"href":"https:\/\/janubiyorol.uz\/en\/wp-json\/wp\/v2\/media?parent=441"}],"curies":[{"name":"wp","href":"https:\/\/api.w.org\/{rel}","templated":true}]}}