{"id":451,"date":"2025-12-11T09:10:11","date_gmt":"2025-12-11T04:10:11","guid":{"rendered":"https:\/\/janubiyorol.uz\/?page_id=451"},"modified":"2025-12-11T09:10:11","modified_gmt":"2025-12-11T04:10:11","slug":"gulsanem-allambergenova","status":"publish","type":"page","link":"https:\/\/janubiyorol.uz\/en\/gulsanem-allambergenova","title":{"rendered":"G\u00falsanem \u00a0ALLAMBERGENOVA"},"content":{"rendered":"<p><strong> <a href=\"http:\/\/janubiyorol.uz\/wp-content\/uploads\/2025\/12\/Gulsanem-ALLAMBERGENOVA.jpg\"><img loading=\"lazy\" decoding=\"async\" class=\"aligncenter size-medium wp-image-452\" src=\"http:\/\/janubiyorol.uz\/wp-content\/uploads\/2025\/12\/Gulsanem-ALLAMBERGENOVA-207x300.jpg\" alt=\"\" width=\"207\" height=\"300\" srcset=\"https:\/\/janubiyorol.uz\/wp-content\/uploads\/2025\/12\/Gulsanem-ALLAMBERGENOVA-207x300.jpg 207w, https:\/\/janubiyorol.uz\/wp-content\/uploads\/2025\/12\/Gulsanem-ALLAMBERGENOVA.jpg 368w\" sizes=\"auto, (max-width: 207px) 100vw, 207px\" \/><\/a><\/strong><\/p>\n<p style=\"text-align: center;\"><strong>G\u00falsanem \u00a0ALLAMBERGENOVA <\/strong><\/p>\n<p style=\"text-align: center;\"><em>(1986-j\u0131l\u0131 tuw\u0131l\u01f5an)<\/em><\/p>\n<p><strong>\u00a0<\/strong><\/p>\n<p>Gulsanem Allambergenova 1986-j\u0131l\u0131 2-iyulda Qaraqalpaqstan Respublikas\u0131 N\u00f3kis qalas\u0131nda tuw\u0131l\u01f5an. 1993-2003-j\u0131llarda N\u00f3kis qalal\u0131q \u00a0Xal\u0131q bilimlendiriw b\u00f3limine qarasl\u0131 23-sanl\u0131 ul\u0131wma bilim beriw orta mektebi h\u00e1m 2-sanl\u0131 q\u00e1nigelestirilgen mektep-internat\u0131nda 1-9 klasslarda\u00a0 t\u00e1lim al\u01f5an. 2003-2004-j\u0131llar\u0131 AQSht\u0131\u0144 AKSELS programmas\u0131n\u0131\u0144 oq\u0131w grant\u0131na sazawar bol\u0131p, Amerikan\u0131\u0144 Aydaxo shtat\u0131n\u0131n\u0131\u0144 ul\u0131wma bilim beriw orta mekteplerini\u0144 birinde bilim al\u01f5an h\u00e1m oq\u0131wd\u0131 tab\u0131sl\u0131 juwmaqla\u01f5an.<\/p>\n<p>2005-2009-j\u0131llarda \u00d3zbekstan M\u00e1mleketlik J\u00e1h\u00e1n tilleri universitetini\u0144 ingliz tili filologiyas\u0131 b\u00f3liminde oq\u0131p, bakalavr d\u00e1rejesine iye bol\u01f5an. Us\u0131 j\u0131llarda\u00a0 universitette t\u00e1lim al\u0131w menen birge, \u00abYoshlar\u00bb teleradiokanal\u0131 jab\u0131q akcionerlik j\u00e1miyeti \u00abDavr\u00bb xabar ba\u01f5darlamalar\u0131 b\u00f3liminde \u00abJournal\u00bb k\u00f3rsetiwi redaktor\u0131 h\u00e1m baslawsh\u0131s\u0131 s\u0131pat\u0131nda jurnalistika taraw\u0131nda \u00f3z jum\u0131s\u0131n al\u0131p bard\u0131.<\/p>\n<p>2009-2010 &#8211; j\u0131llarda AQSht\u0131\u0144 Fulbright ba\u01f5darlamas\u0131 grant\u0131n iye bol\u01f5an h\u00e1m pedagogikal\u0131q x\u0131zmetin AQSht\u0131\u0144 Texas texnologiya universitetinde basla\u01f5an, ol jerde talabalar\u01f5a \u00f3zbek tilinen sabaq bergen. Son\u0131\u0144 menen birge, ol jerde lingvistika taraw\u0131 boy\u0131nsha oq\u0131p, \u00falken xal\u0131qaral\u0131q t\u00e1jiriybege iye bol\u01f5an. Keyin ala pedagogikal\u0131q x\u0131zmetin 2010-2012-j\u0131llarda N\u00f3kis qalas\u0131nda\u01f5\u0131 2-sanl\u0131 q\u00e1nigelestirilgen ul\u0131wma bilim beriw orta mektebinde, 2012-2014-j\u0131llarda N\u00f3kis qalas\u0131nda\u01f5\u0131 32 &#8211; sanl\u0131 ul\u0131wma bilim beriw orta mektebinde, 2014-2019-j\u0131llarda 1-sanl\u0131 q\u00e1nigelestirilgen ul\u0131wma bilim beriw orta mektebinde h\u00e1m 2020-j\u0131ldan baslap N\u00f3kis qalas\u0131nda\u01f5\u0131 Prezident mektebinde ingliz tili oq\u0131t\u0131wsh\u0131s\u0131 lawaz\u0131m\u0131nda jum\u0131s al\u0131p bard\u0131.<\/p>\n<p>2019-2021-j\u0131llar\u0131 \u00c1jiniyaz at\u0131nda\u01f5\u0131 N\u00f3kis m\u00e1mleketlik pedagogikal\u0131q institut\u0131n\u0131\u0144 magistraturas\u0131nda oq\u0131d\u0131.<\/p>\n<p>2023-j\u0131l\u0131 \u00abQaraqalpaq eposlar\u0131n\u0131\u0144 s\u0131rt ellerde \u00fayreniliw m\u00e1seleleri\u00bb \u00a0atamas\u0131nda\u01f5\u0131 filologiya ilimleri boy\u0131nsha filosofiya doktor\u0131 \u00a0(PhD) dissertaciya jum\u0131s\u0131n \u00a0tab\u0131sl\u0131 qor\u01f5ad\u0131.<\/p>\n<p><strong>\u00a0<\/strong><\/p>\n<p><strong>\u00a0\u00a0\u00a0\u00a0\u00a0\u00a0\u00a0 <\/strong><strong>Ilimiy miynetleri<\/strong><strong>:<\/strong> \u00a0\u049a\u0430\u0440\u0430\u049b\u0430\u043b\u043f\u0430\u049b \u044d\u043f\u043e\u0441\u043b\u0430\u0440\u044b\u043d\u044b\u04a3 \u0441\u044b\u0440\u0442 \u0435\u043b\u043b\u0435\u0440\u0434\u0435 \u04af\u0439\u0440\u0435\u043d\u0438\u043b\u0438\u045e\u0438\u043d\u0438\u04a3 \u0431\u0430\u0437\u044b\u0431\u0438\u0440 \u043c\u0259\u0441\u0435\u043b\u0435\u043b\u0435\u0440\u0438 (\u0434\u0259\u0441\u043b\u0435\u043f\u043a\u0438 \u0434\u0259\u045e\u0438\u0440\u043b\u0435\u0440\u0438\u043d\u0435\u00a0 \u0431\u0438\u0440 \u043d\u0259\u0437\u0435\u0440). \u00ab\u0418\u043b\u0438\u043c \u04b3\u04d9\u043c \u0436\u04d9\u043c\u0438\u044f\u0442\u00bb \u0436\u0443\u0440\u043d\u0430\u043b\u044b. 2015. \u21162; \u049a\u0430\u0440\u0430\u049b\u0430\u043b\u043f\u0430\u049b \u04b3\u04d9\u043c \u0431\u0430\u0442\u044b\u0441 \u0445\u0430\u043b\u044b\u049b\u043b\u0430\u0440\u044b \u0444\u043e\u043b\u044c\u043a\u043b\u043e\u0440\u044b\u043d\u0434\u0430 \u043e\u0431\u0440\u0430\u0437\u043b\u0430\u0440 \u0442\u0438\u043f\u043e\u043b\u043e\u0433\u0438\u044f\u0441\u044b. \u00ab\u0411\u0438\u043b\u0438\u043c\u043b\u0435\u043d\u0434\u0438\u0440\u0438\u045e, \u0438\u043b\u0438\u043c \u04b3\u04d9\u043c \u0438\u043d\u043d\u043e\u0432\u0430\u0446\u0438\u044f \u043c\u0259\u0441\u0435\u043b\u0435\u043b\u0435\u0440\u0438\u00bb \u0442\u045e\u043f\u043b\u0430\u043c\u0438. \u00ab\u0418\u043b\u0438\u043c \u04b3\u04d9\u043c \u0436\u04d9\u043c\u0438\u044f\u0442\u00bb \u0436\u0443\u0440\u043d\u0430\u043b\u044b. 2015. \u21162; \u049a\u0430\u0440\u0430\u049b\u0430\u043b\u043f\u0430\u049b \u0445\u0430\u043b\u044b\u049b \u0434\u0259\u0441\u0442\u0430\u043d\u044b \u00ab\u0415\u0434\u0438\u0433\u0435\u00bb (\u0433\u0435\u043d\u0435\u0437\u0438\u0441\u0438, \u0436\u0430\u043d\u0440\u043b\u044b\u049b \u0431\u0435\u043b\u0433\u0438\u043b\u0435\u0440\u0438, \u043c\u0438\u043b\u043b\u0438\u0439 \u0432\u0435\u0440\u0441\u0438\u044f\u043b\u0430\u0440 \u0442\u0438\u043f\u043e\u043b\u043e\u0433\u0438\u044f\u0441\u044b \u04b3\u04d9\u043c \u043f\u043e\u044d\u0442\u0438\u043a\u0430\u0441\u044b \u043c\u04d9\u0441\u0435\u043b\u0435\u043b\u0435\u0440\u0438\u043d\u0438\u04a3 \u0443\u0437\u0430\u049b-\u0436\u0430\u049b\u044b\u043d \u0441\u044b\u0440\u0442 \u0435\u043b\u043b\u0435\u0440\u0434\u0435 \u04af\u0439\u0440\u0435\u043d\u0438\u043b\u0438\u045e\u0438 \u0442\u0430\u0440\u0438\u0439\u0445\u044b\u043d\u0430\u043d). \u00ab\u0418\u043b\u0438\u043c \u04b3\u04d9\u043c \u0436\u04d9\u043c\u0438\u044f\u0442\u00bb \u0436\u0443\u0440\u043d\u0430\u043b\u044b. 2015. \u21163; \u0422\u04af\u0440\u043a\u0438\u0439 \u0442\u0438\u043b\u043b\u0435\u0441 \u0445\u0430\u043b\u044b\u049b\u043b\u0430\u0440\u0434\u044b\u04a3 \u0430\u045e\u044b\u0437\u0435\u043a\u0438 \u04b3\u0259\u043c \u0436\u0430\u0437\u0431\u0430 \u0259\u0434\u0435\u0431\u0438\u0439 \u044d\u043f\u0438\u043a \u043c\u0438\u0439\u0440\u0430\u0441\u043b\u0430\u0440\u044b\u043d\u0434\u0430 \u043e\u0440\u0442\u0430\u049b \u043c\u0438\u0439\u0440\u0430\u0441\u043b\u044b\u043b\u044b\u049b \u0442\u0438\u043f\u043e\u043b\u043e\u0433\u0438\u044f\u0441\u044b \u04b3\u0259\u043c \u043e\u043d\u044b \u04af\u0439\u0440\u0435\u043d\u0438\u045e\u0434\u0438\u04a3 \u0430\u0439\u044b\u0440\u044b\u043c\u00a0\u00a0 \u0259\u04b3\u043c\u0438\u0439\u0435\u0442\u043b\u0438 \u043c\u0259\u0441\u0435\u043b\u0435\u043b\u0435\u0440\u0438. \u00ab\u049a\u0430\u0440\u0430\u049b\u0430\u043b\u043f\u0430\u049b \u0442\u0438\u043b \u0431\u0438\u043b\u0438\u043c\u0438 \u04b3\u0259\u043c \u0259\u0434\u0435\u0431\u0438\u044f\u0442\u0442\u0430\u043d\u044b\u045e\u044b \u043c\u0259\u0441\u0435\u043b\u0435\u043b\u0435\u0440\u0438\u00bb \u0442\u045e\u043f\u043b\u0430\u043c\u0438. \u00ab\u0418\u043b\u0438\u043c \u04b3\u04d9\u043c \u0436\u04d9\u043c\u0438\u044f\u0442\u00bb \u0436\u0443\u0440\u043d\u0430\u043b\u044b. 2015.\u00a0 \u21163; \u0428\u044b\u0493\u044b\u0441-\u0431\u0430\u0442\u044b\u0441 \u0445\u0430\u043b\u044b\u049b\u043b\u0430\u0440\u044b \u0444\u043e\u043b\u044c\u043a\u043b\u043e\u0440\u044b\u043d\u044b\u04a3 \u044d\u043f\u0438\u043a \u0436\u0430\u043d\u0440\u043b\u0430\u0440\u044b\u043d \u0442\u0438\u043f\u043e\u043b\u043e\u0433\u0438\u044f\u043b\u044b\u049b \u0441\u0430\u043b\u044b\u0441\u0442\u044b\u0440\u043c\u0430\u043b\u044b \u0443\u0441\u044b\u043b\u0434\u0430\u00a0 \u04af\u0439\u0440\u0435\u043d\u0438\u045e \u043c\u0259\u0441\u0435\u043b\u0435\u043b\u0435\u0440\u0438. \u00ab\u0418\u043b\u0438\u043c \u04b3\u04d9\u043c \u0436\u04d9\u043c\u0438\u044f\u0442\u00bb \u0436\u0443\u0440\u043d\u0430\u043b\u044b. 2015.\u00a0 \u21163; Some issues of the study of the karakalpak epos by the comparative-typological method.\u00a0 \u00ab\u0418\u043b\u0438\u043c \u04b3\u04d9\u043c \u0436\u04d9\u043c\u0438\u044f\u0442\u00bb \u0436\u0443\u0440\u043d\u0430\u043b\u044b. 2016. \u21162; \u049a\u0430\u0440\u0430\u049b\u0430\u043b\u043f\u0430\u049b \u044d\u043f\u043e\u0441\u043b\u0430\u0440\u044b\u043d \u0442\u0438\u043f\u043e\u043b\u043e\u0433\u0438\u044f\u043b\u044b\u049b \u0441\u0430\u043b\u044b\u0441\u0442\u044b\u0440\u043c\u0430\u043b\u044b \u0443\u0441\u044b\u043b\u0434\u0430 \u04af\u0439\u0440\u0435\u043d\u0438\u045e\u0434\u0438\u04a3 \u0433\u0435\u0439\u043f\u0430\u0440\u0430 \u043c\u04d9\u0441\u0435\u043b\u0435\u043b\u0435\u0440\u0438. \u00abXXI \u0430\u0441\u0440 \u2013 \u0438\u043d\u0442\u0435\u043b\u043b\u0435\u043a\u0442\u0443\u0430\u043b \u0430\u0432\u043b\u043e\u0434 \u0430\u0441\u0440\u0438\u00bb \u0448\u0438\u043e\u0440\u0438 \u043e\u0441\u0442\u0438\u0434\u0430\u0433\u0438 \u04b3\u0443\u0434\u0443\u0434\u0438\u0439 \u0438\u043b\u043c\u0438\u0439-\u0430\u043c\u0430\u043b\u0438\u0439 \u0430\u043d\u0436\u0443\u043c\u0430\u043d \u043c\u0430\u0442\u0435\u0440\u0438\u0430\u043b\u043b\u0430\u0440\u0438. \u2013 \u041d\u0443\u043a\u0443\u0441. 2016; \u041a\u0430\u0440\u043b \u0420\u0430\u0439\u0445\u043b \u04b3\u04d9\u043c \u049b\u0430\u0440\u0430\u049b\u0430\u043b\u043f\u0430\u049b \u044d\u043f\u043e\u0441\u043b\u0430\u0440\u044b. \u00ab\u0421\u0430\u043b\u0430\u043c\u0430\u0442 \u0430\u043d\u0430 \u04b3\u04d9\u043c \u0431\u0430\u043b\u0430 \u0436\u044b\u043b\u044b\u00bb\u043d\u0430 \u0431\u0430\u0493\u044b\u0448\u043b\u0430\u043d\u0493\u0430\u043d \u00ab\u0418\u043b\u0438\u043c \u04b3\u04d9\u043c \u0442\u04d9\u043b\u0438\u043c-\u0442\u04d9\u0440\u0431\u0438\u044f-\u0436\u04d9\u043c\u0438\u0439\u0435\u0442\u0442\u0438\u04a3 \u0438\u043d\u0442\u0435\u043b\u043b\u0435\u043a\u0442\u0443\u0430\u043b \u0430\u0439\u043d\u0430\u0441\u044b\u00bb \u043c\u0430\u0432\u0437\u0443\u0441\u0438\u0434\u0430\u0433\u0438 \u0420\u0435\u0441\u043f\u0443\u0431\u043b\u0438\u043a\u0430 \u0438\u043b\u043c\u0438\u0439-\u043d\u0430\u0437\u0430\u0440\u0438\u0439 \u0432\u0430 \u0430\u043c\u0430\u043b\u0438\u0439\u00a0 \u043a\u043e\u043d\u0444\u0435\u0440\u0435\u043d\u0446\u0438\u044f \u043c\u0430\u0442\u0435\u0440\u0438a\u043b\u043b\u0430\u0440\u0438. \u041d\u0443\u043a\u0443\u0441: \u041d\u041c\u041f\u0418 \u043d\u0430\u0448\u0440\u0438\u0451\u0442\u0438, 2016; Issves on exploring karakalpak eposes in abroad countries. \u00ab\u049a\u043e\u0440\u0430\u049b\u0430\u043b\u043f\u043e\u0493\u0438\u0441\u0442\u043e\u043d\u0434\u0430 \u0444\u0430\u043d \u0432\u0430 \u0442\u0430\u044a\u043b\u0438\u043c\u00bb \u0436\u0443\u0440\u043d\u0430\u043b\u0438. \u2013 \u041d\u0443\u043a\u0443\u0441. 2017;\u00a0 \u049a\u0430\u0440\u0430\u049b\u0430\u043b\u043f\u0430\u049b \u044d\u043f\u043e\u0441\u043b\u0430\u0440\u044b\u043d\u044b\u04a3 \u0433\u0435\u043d\u0435\u0437\u0438\u0441\u0438\u043d\u0435 \u0442\u0438\u0439\u043a\u0430\u0440\u00a0 \u0431\u043e\u043b\u0493\u0430\u043d \u0441\u044e\u0436\u0435\u0442\u043b\u0438\u043a \u043c\u043e\u0442\u0438\u0432\u043b\u0435\u0440 \u0442\u0438\u043f\u043e\u043b\u0433\u0438\u044f\u0441\u044b \u04b3\u0259\u043c \u043e\u043d\u044b\u04a3 \u0441\u044b\u0440\u0442 \u0435\u043b\u00a0 \u0430\u043b\u044b\u043c\u043b\u0430\u0440\u044b \u0442\u0259\u0440\u0435\u043f\u0438\u043d\u0435\u043d \u04af\u0439\u0440\u0435\u043d\u0438\u043b\u0438\u045e\u0438. \u00ab\u0418\u043b\u0438\u043c \u04b3\u04d9\u043c \u0436\u04d9\u043c\u0438\u044f\u0442\u00bb \u0436\u0443\u0440\u043d\u0430\u043b\u044b. \u00a02018. \u21162; Issves on exploring karakalpak eposes in aroad covntrles (on the of xx and xxi centurles investications on the problem. \u0415\u0432\u0440\u0430\u0437\u0438\u0439\u0441\u0438\u0439 \u0441\u043e\u044e\u0437 \u0443\u0447\u0435\u043d\u043d\u044b\u0445 (\u0415\u0421\u0423) \u0415\u0436\u0435\u043c\u0435\u0441\u044f\u0447\u043d\u044b\u0439 \u043d\u0430\u0443\u0447\u043d\u044b\u0439 \u0436\u0443\u0440\u043d\u0430\u043b \u211612 (69), 2019. \u0427\u0430\u0441\u0442\u044c 7; \u041a\u0430\u0440\u0430\u043a\u0430\u043b\u043f\u0430\u043a\u0441\u043a\u0438\u0439 \u0434\u0430\u0441\u0442\u0430\u043d \u00ab\u0415\u0434\u0438\u0433\u0435\u00bb \u0438 \u00ab\u0428\u0430\u0440\u0438\u044f\u0440\u00bb \u0441 \u0442\u043e\u0447\u043a\u0438 \u0437\u0440\u0435\u043d\u043d\u044f\u0445 \u0437\u0430\u0440\u0443\u0431\u0435\u0436\u043d\u043d\u044b\u0445 \u0443\u0447\u0435\u043d\u043d\u044b\u0445: \u043d\u0435\u043a\u043e\u0442\u043e\u0440\u044b\u0435 \u043f\u0440\u043e\u0431\u043b\u0435\u043c\u044b \u0442\u0438\u043f\u043e\u043b\u043e\u0433\u0438\u0438 \u0431\u043e\u043b\u044c\u0448\u0435\u0432\u043d\u043e-\u0441\u043e\u0431\u044b\u0439\u0442\u0438\u0439\u043d\u044b\u0445 \u0441\u044e\u0436\u0435\u0442\u043d\u044b\u0445 \u043c\u043e\u0442\u0438\u0432\u043e\u0432. Internation al Scientific Jowrnal Theor etical Applied Spicence \u211612. 2019; \u041a\u0430\u0440\u0430\u043a\u0430\u043b\u043f\u0430\u043a\u0441\u043a\u0438\u0439 \u0434\u0430\u0441\u0442\u0430\u043d \u00ab\u0415\u0434\u0438\u0433\u0435\u00bb \u0441 \u0442\u043e\u0447\u043a\u0438 \u0437\u0440\u0435\u043d\u0438\u044f \u0437\u0430\u0440\u0443\u0431\u0435\u0436\u043d\u044b\u0445 \u0443\u0447\u0451\u043d\u044b\u0445: \u0432\u043e\u043f\u0440\u043e\u0441\u044b \u043f\u0440\u043e\u0431\u043b\u0435\u043c\u044b \u0441\u0431\u043e\u0440\u0430, \u043f\u0443\u0431\u043b\u0438\u043a\u0430\u0446\u0438 \u0438\u0437\u0443\u0447\u0435\u043d\u0438\u044f. \u00ab\u0418\u043b\u0438\u043c \u04b3\u04d9\u043c \u0436\u04d9\u043c\u0438\u044f\u0442\u00bb \u0436\u0443\u0440\u043d\u0430\u043b\u044b. 2020. \u21162; \u04d8\u0434\u0435\u0431\u0438\u0439 \u0431\u0430\u0439\u043b\u0430\u043d\u044b\u0441\u043b\u0430\u0440, \u0430\u045e\u0434\u0430\u0440\u043c\u0430\u043b\u0430\u0440, \u0438\u0437\u0435\u0440\u0442\u043b\u0435\u045e\u043b\u0435\u0440-\u049b\u0430\u0440\u0430\u049b\u0430\u043b\u043f\u0430\u049b \u044d\u043f\u043e\u0441\u043b\u0430\u0440\u044b\u043d \u0441\u044b\u0440\u0442 \u0435\u043b\u043b\u0435\u0440\u0434\u0435 \u04af\u0439\u0440\u0435\u043d\u0438\u045e\u0434\u0438\u04a3 \u04d9\u04b3\u043c\u0438\u0439\u0435\u0442\u043b\u0438 \u049b\u0443\u0440\u0430\u043b\u044b \u0441\u044b\u043f\u0430\u0442\u044b\u043d\u0434\u0430. \u00ab\u0418\u043b\u0438\u043c \u04b3\u04d9\u043c \u0436\u04d9\u043c\u0438\u044f\u0442\u00bb \u0436\u0443\u0440\u043d\u0430\u043b\u044b. 2021. \u21164; \u042d\u043f\u043e\u0441\u043b\u0430\u0440\u0434\u044b \u0436\u04d9\u04b3\u04d9\u043d \u0438\u043b\u0438\u043c\u0438 \u0441\u0442\u0430\u043d\u0434\u0430\u0440\u0442\u043b\u0430\u0440\u044b \u0434\u04d9\u0440\u0435\u0436\u0435\u0441\u0438\u043d\u0434\u0435 \u04af\u0439\u0440\u0435\u043d\u0438\u045e\u0434\u0438\u04a3 \u0438\u043b\u0438\u043c\u0438\u0439-\u0442\u0435\u043e\u0440\u0438\u044f\u043b\u044b\u049b \u0442\u0438\u0439\u043a\u0430\u0440\u043b\u0430\u0440\u044b. \u00ab\u0418\u043b\u0438\u043c \u04b3\u04d9\u043c \u0436\u04d9\u043c\u0438\u044f\u0442\u00bb \u0436\u0443\u0440\u043d\u0430\u043b\u044b. 2021. \u21164; \u049a\u0430\u0440\u0430\u049b\u0430\u043b\u043f\u0430\u049b \u044d\u043f\u043e\u0441\u043b\u0430\u0440\u044b\u043d\u044b\u04a3 \u0441\u044b\u0440\u0442 \u0435\u043b\u043b\u0435\u0440\u0434\u0435 \u04af\u0439\u0440\u0435\u043d\u0438\u043b\u0438\u045e\u0438\u043d\u0438\u04a3 \u0442\u0438\u0439\u043a\u0430\u0440\u0493\u044b \u0438\u043b\u0438\u043c\u0438\u0439 \u0430\u0441\u043f\u0435\u043a\u0442\u043b\u0435\u0440\u0438 \u0430\u043d\u0430\u043b\u0438\u0437\u0438. \u00ab\u0418\u043b\u0438\u043c \u04b3\u04d9\u043c \u0436\u04d9\u043c\u0438\u044f\u0442\u00bb \u0436\u0443\u0440\u043d\u0430\u043b\u044b. 2022. \u21161; \u049a\u0430\u0440\u0430\u049b\u0430\u043b\u043f\u0430\u049b \u044d\u043f\u043e\u0441\u043b\u0430\u0440\u044b\u043d\u044b\u04a3 \u0441\u044b\u0440\u0442 \u0435\u043b\u043b\u0435\u0440\u0434\u0435 \u04af\u0439\u0440\u0435\u043d\u0438\u043b\u0438\u045e\u0438\u043d\u0434\u0435 \u0445\u0430\u043b\u044b\u049b \u0430\u0440\u0430\u043b\u044b\u049b \u043a\u043e\u043d\u0444\u0435\u0440\u0435\u043d\u0446\u0438\u044f\u043b\u0430\u0440\u0434\u044b\u04a3 \u0442\u0443\u0442\u049b\u0430\u043d \u043e\u0440\u043d\u044b. \u00ab\u0418\u043b\u0438\u043c \u04b3\u04d9\u043c \u0436\u04d9\u043c\u0438\u044f\u0442\u00bb \u0436\u0443\u0440\u043d\u0430\u043b\u044b. 2022. \u21161;\u00a0 \u049a\u0430\u0440\u0430\u049b\u0430\u043b\u043f\u0430\u049b \u044d\u043f\u043e\u0441\u043b\u0430\u0440\u044b\u043d\u044b\u04a3 \u0441\u044b\u0440\u0442 \u0435\u043b \u0430\u043b\u044b\u043c\u043b\u0430\u0440\u044b \u0442\u04d9\u0440\u0435\u043f\u0438\u043d\u0435\u043d \u04af\u0439\u0440\u0435\u043d\u0438\u043b\u0438\u045e\u0438\u043d\u0438\u04a3 \u0436\u0430\u04a3\u0430 \u0431\u0430\u0441\u049b\u044b\u0448\u043b\u0430\u0440\u044b. \u00ab\u0418\u043b\u0438\u043c \u04b3\u04d9\u043c \u0436\u04d9\u043c\u0438\u044f\u0442\u00bb \u0436\u0443\u0440\u043d\u0430\u043b\u044b. 2022. \u21162; \u00ab\u049a\u044b\u0440\u049b \u049b\u044b\u0437\u00bb \u0434\u04d9\u0441\u0442\u0430\u043d\u044b\u043d\u044b\u04a3 \u0441\u044b\u0440\u0442 \u0435\u043b\u043b\u0435\u0440\u0434\u0435 \u04af\u0439\u0440\u0435\u043d\u0438\u043b\u0438\u045e\u0438 \u04b3\u04d9\u043c \u043a\u04e9\u0440\u043a\u0435\u043c \u0430\u045e\u0434\u0430\u0440\u043c\u0430 \u043c\u04d9\u0441\u0435\u043b\u0435\u043b\u0435\u0440\u0438. \u00ab\u0418\u043b\u0438\u043c \u04b3\u04d9\u043c \u0436\u04d9\u043c\u0438\u044f\u0442\u00bb \u0436\u0443\u0440\u043d\u0430\u043b\u044b. 2022. \u21162; \u00ab\u0415\u0434\u0438\u0433\u0435\u00bb \u0434\u04d9\u0441\u0442\u0430\u043d\u044b\u043d\u044b\u04a3 \u0441\u044b\u0440\u0442 \u0435\u043b\u043b\u0435\u0440\u0434\u0435 \u04af\u0439\u0440\u0435\u043d\u0438\u043b\u0438\u045e\u0438. \u00ab\u0418\u043b\u0438\u043c \u04b3\u04d9\u043c \u0436\u04d9\u043c\u0438\u044f\u0442\u00bb \u0436\u0443\u0440\u043d\u0430\u043b\u044b. 2022. \u21162; \u049a\u043e\u0431\u043b\u0430\u043d \u0434\u04d9\u0441\u0442\u0430\u043d\u044b \u0441\u044b\u0440\u0442 \u0435\u043b \u0438\u043b\u0438\u043c\u043f\u0430\u0437\u043b\u0430\u0440\u044b \u043d\u04d9\u0437\u0435\u0440\u0438\u043d\u0434\u0435. \u00ab\u0416\u0430\u043d\u0443\u0431\u0438\u0439 \u040e\u0437\u0431\u0435\u043a\u0438\u0441\u0442\u043e\u043d \u0444\u043e\u043b\u044c\u043a\u043b\u043e\u0440\u0438 \u0432\u0430 \u0448\u0435\u0432\u0430\u0448\u0443\u043d\u043e\u0441\u043b\u0438\u0433\u0438 \u043c\u0443\u0430\u043c\u043c\u043e\u043b\u0430\u0440\u0438\u00bb \u0430\u0442\u0430\u043c\u0430\u0441\u044b\u043d\u0434\u0430\u0493\u044b \u0420\u0435\u0441\u043f\u0443\u0431\u043b\u0438\u043a\u0430\u043b\u044b\u049b \u0438\u043b\u0438\u043c\u0438\u0439-\u0442\u0435\u043e\u0440\u0438\u044f\u043b\u044b\u049b \u043a\u043e\u043d\u0444\u0435\u0440\u0435\u043d\u0446\u0438\u044f \u043c\u0430\u0442\u0435\u0440\u0438\u0430\u043b\u043b\u0430\u0440\u044b. \u2013 \u0422a\u0448\u043a\u0435\u043d\u0442, 2022;\u00a0 \u0413.\u0412\u0430\u043c\u0431\u0435\u0440\u0438 \u049b\u0430\u0440\u0430\u049b\u0430\u043b\u043f\u0430\u049b \u044d\u043f\u043e\u0441\u043b\u0430\u0440\u044b\u043d \u0434\u04d9\u0441\u043b\u0435\u043f\u043a\u0438 \u0436\u044b\u0439\u043d\u0430\u045e\u0448\u044b \u04b3\u04d9\u043c \u0438\u0437\u0435\u0440\u0442\u043b\u0435\u045e\u0448\u0438\u043b\u0435\u0440\u0434\u0435\u043d \u0431\u0438\u0440\u0438.\u00a0 \u00abO\u2019zbek adabiyotshunosligining dolzarb muammolari\u00bb \u0430\u0442\u0430\u043c\u0430\u0441\u044b\u043d\u0434\u0430\u0493\u044b \u0420\u0435\u0441\u043f\u0443\u0431\u043b\u0438\u043a\u0430\u043b\u044b\u049b \u0438\u043b\u0438\u043c\u0438\u0439-\u0442\u0435\u043e\u0440\u0438\u044f\u043b\u044b\u049b \u043a\u043e\u043d\u0444\u0435\u0440\u0435\u043d\u0446\u0438\u044f \u043c\u0430\u0442\u0435\u0440\u0438\u0430\u043b\u043b\u0430\u0440\u044b. \u2013 \u0423\u0440\u0433\u0435\u043d\u0447, \u00a02022.<\/p>\n<p><strong>\u00a0<\/strong><\/p>\n<p><strong>\u00a0<\/strong><\/p>\n<p><strong>\u00a0<\/strong><\/p>\n<p><strong>\u00a0<\/strong><\/p>\n<p>&nbsp;<\/p>\n","protected":false},"excerpt":{"rendered":"<p>G\u00falsanem \u00a0ALLAMBERGENOVA (1986-j\u0131l\u0131 tuw\u0131l\u01f5an) \u00a0 Gulsanem Allambergenova 1986-j\u0131l\u0131 2-iyulda Qaraqalpaqstan Respublikas\u0131 N\u00f3kis qalas\u0131nda tuw\u0131l\u01f5an. 1993-2003-j\u0131llarda N\u00f3kis qalal\u0131q \u00a0Xal\u0131q bilimlendiriw b\u00f3limine qarasl\u0131 23-sanl\u0131 ul\u0131wma bilim beriw orta mektebi h\u00e1m 2-sanl\u0131 q\u00e1nigelestirilgen mektep-internat\u0131nda 1-9 klasslarda\u00a0 t\u00e1lim al\u01f5an. 2003-2004-j\u0131llar\u0131 AQSht\u0131\u0144 AKSELS programmas\u0131n\u0131\u0144 oq\u0131w grant\u0131na sazawar bol\u0131p, Amerikan\u0131\u0144 Aydaxo shtat\u0131n\u0131n\u0131\u0144 ul\u0131wma bilim beriw orta mekteplerini\u0144 birinde bilim al\u01f5an h\u00e1m [&hellip;]<\/p>\n","protected":false},"author":1,"featured_media":0,"parent":0,"menu_order":0,"comment_status":"closed","ping_status":"closed","template":"","meta":{"footnotes":""},"class_list":["post-451","page","type-page","status-publish","hentry"],"_links":{"self":[{"href":"https:\/\/janubiyorol.uz\/en\/wp-json\/wp\/v2\/pages\/451","targetHints":{"allow":["GET"]}}],"collection":[{"href":"https:\/\/janubiyorol.uz\/en\/wp-json\/wp\/v2\/pages"}],"about":[{"href":"https:\/\/janubiyorol.uz\/en\/wp-json\/wp\/v2\/types\/page"}],"author":[{"embeddable":true,"href":"https:\/\/janubiyorol.uz\/en\/wp-json\/wp\/v2\/users\/1"}],"replies":[{"embeddable":true,"href":"https:\/\/janubiyorol.uz\/en\/wp-json\/wp\/v2\/comments?post=451"}],"version-history":[{"count":1,"href":"https:\/\/janubiyorol.uz\/en\/wp-json\/wp\/v2\/pages\/451\/revisions"}],"predecessor-version":[{"id":453,"href":"https:\/\/janubiyorol.uz\/en\/wp-json\/wp\/v2\/pages\/451\/revisions\/453"}],"wp:attachment":[{"href":"https:\/\/janubiyorol.uz\/en\/wp-json\/wp\/v2\/media?parent=451"}],"curies":[{"name":"wp","href":"https:\/\/api.w.org\/{rel}","templated":true}]}}