{"id":476,"date":"2025-12-11T09:17:43","date_gmt":"2025-12-11T04:17:43","guid":{"rendered":"https:\/\/janubiyorol.uz\/?page_id=476"},"modified":"2025-12-11T09:17:43","modified_gmt":"2025-12-11T04:17:43","slug":"sayyora-bekchanova","status":"publish","type":"page","link":"https:\/\/janubiyorol.uz\/en\/sayyora-bekchanova","title":{"rendered":"Sayyora BEKChANOVA"},"content":{"rendered":"<p><a href=\"http:\/\/janubiyorol.uz\/wp-content\/uploads\/2025\/12\/Sayyora-BEKChANOVA.jpg\"><img loading=\"lazy\" decoding=\"async\" class=\"aligncenter size-full wp-image-477\" src=\"http:\/\/janubiyorol.uz\/wp-content\/uploads\/2025\/12\/Sayyora-BEKChANOVA.jpg\" alt=\"\" width=\"220\" height=\"300\" \/><\/a><\/p>\n<p style=\"text-align: center;\"><strong>Sayyora BEKChANOVA<\/strong><\/p>\n<p style=\"text-align: center;\"><em>(1974-j\u0131lda tuw\u0131l\u01f5an)<\/em><\/p>\n<p><strong>\u00a0<\/strong>\u00a0\u00a0\u00a0\u00a0\u00a0\u00a0 Sayyora Bekchanova 1974-j\u0131l\u0131 18-fevralda \u00a0Ellikqala rayon\u0131n\u0131\u0144 Sar\u0131biy aw\u0131l\u0131nda tuw\u0131l\u01f5an. Ol 1991-j\u0131l\u0131 Qaraqalpaqstan Respublikas\u0131 Ellikqala rayon\u0131nda\u01f5\u0131 8-sanl\u0131 orta mektepte oq\u0131\u01f5an h\u00e1m us\u0131 mektepti alt\u0131n medal menen tamamla\u01f5an. 1991-j\u0131l\u0131 N\u00f3kis m\u00e1mleketlik pedagogika institut\u0131n\u0131\u0144 \u00a0Filologiya fakulteti \u00f3zbek tili h\u00e1m \u00e1debiyat\u0131 b\u00f3limine oq\u0131w\u01f5a kirip, 1996-j\u0131l\u0131 us\u0131 oq\u0131w d\u00e1r\u01f5ay\u0131n \u00abayr\u0131qsha\u00bb diplom menen tamamlayd\u0131. 1996-j\u0131l\u0131 N\u00f3kis m\u00e1mleketlik pedagogika institut\u0131n\u0131\u0144 \u00d3zbek tili h\u00e1m \u00e1debiyat\u0131 kafedras\u0131n\u0131\u0144 stajyor-oqt\u0131wsh\u0131s\u0131, 2004-j\u0131l\u0131 \u00d3zbek filologiyas\u0131 kafedras\u0131n\u0131\u0144 assistenti, 2014-j\u0131l\u0131 \u00d3zbek \u00e1debiyat\u0131 kafedras\u0131n\u0131\u0144 \u00falken oq\u0131t\u0131wsh\u0131s\u0131, h\u00e1zirgi waq\u0131tta \u00d3zbek filologiyas\u0131 kafedras\u0131n\u0131\u0144 basl\u0131\u01f5\u0131 lawaz\u0131m\u0131nda jum\u0131s al\u0131p barmaqta.<\/p>\n<p>Sayyora Bekchanova \u00a02019-j\u0131lda \u00ab\u00d3zbek h\u00e1m qaraqalpaq folklor\u0131nda naq\u0131l janr\u0131 (genezisi, tipologiyas\u0131 h\u00e1m poetikas\u0131)\u00bb \u00a0temas\u0131nda filologiya ilimleri boy\u0131nsha filosofiya doktori (PhD) ilimiy d\u00e1rejesin al\u0131w ush\u0131n us\u0131n\u0131l\u01f5an dissertaciyas\u0131n tab\u0131sl\u0131 qor\u01f5ad\u0131.<\/p>\n<p>Sayyora Bekchanova t\u00farkiy xal\u0131qlar folklortan\u0131w\u0131nda ayr\u0131qsha or\u0131n\u01f5a iye bol\u01f5an \u00f3zbek h\u00e1m qaraqalpaq folklor\u0131nda\u01f5\u0131 naq\u0131llard\u0131 toplaw, on\u0131\u0144 genezisi, klassifikaciyas\u0131, strukturas\u0131, syujeti, \u00e1debiy t\u00e1sir m\u00e1seleleri, sal\u0131st\u0131rmal\u0131 tipologiyas\u0131, poetikal\u0131q \u00f3zine t\u00e1n \u00f3zinsheliklerin izertleydi. N\u00e1tiyjede, \u00f3zbek h\u00e1m qaraqalpaq xal\u0131qlar\u0131 \u00a0folklortan\u0131w\u0131nda\u01f5\u0131 \u00e1debiy t\u00e1sir h\u00e1m janrlar tipologiyas\u0131 menen baylan\u0131sl\u0131 k\u00f3zqaraslar, naq\u0131l janr\u0131n\u0131\u0144 \u00f3zine t\u00e1n q\u00e1siyetleri, tematikas\u0131, k\u00f3rkemligi, syujeti h\u00e1m kompoziciyas\u0131 haqq\u0131nda\u01f5\u0131 ilimiy-teoriyal\u0131q mal\u0131wmatlar menen bay\u0131t\u0131l\u01f5an.<\/p>\n<p>Sayyora Bekchanova N\u00f3kis m\u00e1mleketlik pedagogika institut\u0131n\u0131\u0144 \u00d3zbek \u00e1debiyat\u0131 kafedras\u0131n\u0131\u0144 jan\u0131nda\u01f5\u0131 folklor ekspediciyalar\u0131 quram\u0131nda Qaraqalpaqstan Respublikas\u0131n\u0131\u0144 birqansha rayonlar\u0131nda h\u00e1m de Xorezm w\u00e1layat\u0131nda birneshe m\u00e1rtebe ilimiy saparlarda bol\u0131p, tiykar\u0131nan \u00a0naq\u0131llar, son\u0131\u0144 menen birge h\u00e1yyiw, yar-yar, \u00e1psana s\u0131yaql\u0131 folklor janrlar\u0131na t\u00e1n materiallard\u0131 j\u0131ynad\u0131. Ekspediciya dawam\u0131nda eki tuw\u0131sqan xal\u0131qlard\u0131\u0144 erte d\u00e1wirlerden beri dosl\u0131q qatnas\u0131qlar\u0131, \u00f3zbek h\u00e1m qaraqalpaq xal\u0131q aw\u0131zeki d\u00f3retiwshiligindegi naq\u0131l janr\u0131n\u0131\u0144 \u00a0poetikal\u0131q q\u00e1siyetlerindegi \u00f3zara jaq\u0131n h\u00e1m uqsasl\u0131qqa unaml\u0131 t\u00e1siri haqq\u0131nda\u01f5\u0131 ul\u0131wma juwmaqlar h\u00e1m h\u00e1r bir variantqan t\u00e1n izertlewler al\u0131p bard\u0131.<\/p>\n<p>Sayyora Bekchanova \u00abAdabiyot darslarida matnni sharhlash\u00bb (2011) (avtorlar menen birgelikte), \u00abUmumtalim maktablarida xalq o\u01f5zaki ijodi namunalarini o\u02bbrgatish\u00bb (2018) atamas\u0131nda\u01f5\u0131 metodikal\u0131q qollanbalar h\u00e1m studentler ush\u0131n folklor \u00e1meliyat\u0131n sh\u00f3lkemlestiriw boy\u0131nsha oq\u0131w-metodikal\u0131q miynetlerdi\u0144 avtor\u0131.<\/p>\n<p>\u00d3zbekstan Respublikas\u0131 Xal\u0131q t\u00e1lim a\u01f5las\u0131.<\/p>\n<p><strong>\u00a0<\/strong><\/p>\n<p><strong>Ilimiy miynetleri:\u00a0 <\/strong>\u040e\u0437\u0431\u0435\u043a \u0445\u0430\u043b\u049b \u043d\u0430\u049b\u043b\u043b\u0430\u0440\u0438\u043d\u0438\u043d\u0433 \u045e\u0440\u0433\u0430\u043d\u0438\u043b\u0438\u0448\u0438 \u0442\u0430\u0440\u0438\u0445\u0438. \u04e8\u0437\u0420\u0418\u0410\u049a\u049a\u0411 \u00ab\u0425\u0430\u0431\u0430\u0440\u0448\u044b\u0441\u044b\u00bb \u0436\u0443\u0440\u043d\u0430\u043b\u044b. 2009. \u21162. \u2013 \u0411.115-117; \u0422\u0430\u044a\u043b\u0438\u043c-\u0442\u0430\u0440\u0431\u0438\u044f \u0436\u0430\u0440\u0430\u0451\u043d\u0438\u0434\u0430 \u043d\u0430\u049b\u043b\u043b\u0430\u0440\u0434\u0430\u043d \u0444\u043e\u0439\u0434\u0430\u043b\u0430\u043d\u0438\u0448. \u0422\u0410\u0422. 2011. \u211612. \u2013 \u0411.9-15; \u040e\u0437\u0431\u0435\u043a \u0445\u0430\u043b\u049b \u043d\u0430\u049b\u043b\u043b\u0430\u0440\u0438\u0434\u0430 \u0430\u043b\u043b\u0435\u0433\u043e\u0440\u0438\u043a \u043e\u0431\u0440\u0430\u0437\u043b\u0430\u0440 \u0442\u0430\u043b\u049b\u0438\u043d\u0438. \u00a0\u04e8\u0437\u0420\u0418\u0410\u049a\u049a\u0411 \u00ab\u0425\u0430\u0431\u0430\u0440\u0448\u044b\u0441\u044b\u00bb \u0436\u0443\u0440\u043d\u0430\u043b\u044b.\u00a0 \u00a02016. \u21162. \u2013 \u0411.154-156; \u041d\u0430\u049b\u043b \u0432\u0430 \u043c\u0430\u0441\u0430\u043b \u043c\u0443\u043d\u043e\u0441\u0430\u0431\u0430\u0442\u0438. \u0418\u04b2\u0416. 2019. \u21163. \u2013 \u00a0\u0411.58-61; Comparative analysis of Uzbek and Karakalpak proverbs. \u00a0Internatsional Journal of Anglisticum. Literature, Linguisitcs and Intedisciplinary Studies. Vol.8. \u21165. \u2012 Macedonia, 2019. \u2013 P.23-27; \u00a0\u041d\u0430\u049b\u043b\u043b\u0430\u0440 \u0442\u0430\u0441\u043d\u0438\u0444\u0438. \u041d\u0430\u0446\u0438\u043e\u043d\u0430\u043b\u044c\u043d\u044b\u0439 \u0444\u043e\u043b\u044c\u043a\u043b\u043e\u0440 \u043d\u0430\u0440\u043e\u0434\u043e\u0432 \u0426\u0435\u043d\u0442\u0440\u0430\u043b\u044c\u043d\u043e\u0439 \u0410\u0437\u0438\u0438 \u0438 \u043f\u0440\u043e\u0431\u043b\u0435\u043c\u044b \u0434\u0443\u0445\u043e\u0432\u043d\u043e\u0433\u043e \u043e\u0431\u043d\u043e\u0432\u043b\u0435\u043d\u0438\u044f \u043e\u0431\u0449\u0435\u0441\u0442\u0432\u0430. \u2013 \u041d\u0443\u043a\u0443\u0441, 2008. \u2013 \u0421.32-34; \u040e\u0437\u0431\u0435\u043a \u0432\u0430 \u049b\u043e\u0440\u0430\u049b\u0430\u043b\u043f\u043e\u049b \u0444\u043e\u043b\u044c\u043a\u043b\u043e\u0440\u0448\u0443\u043d\u043e\u0441\u043b\u0438\u0433\u0438\u0434\u0430 \u043d\u0430\u049b\u043b \u0436\u0430\u043d\u0440\u0438. \u041b\u0438\u0442\u0435\u0440\u0430\u0442\u0443\u0440\u0430 \u0438 \u0445\u0443\u0434\u043e\u0436\u0435\u0441\u0442\u0432\u0435\u043d\u043d\u0430\u044f \u043a\u0443\u043b\u044c\u0442\u0443\u0440\u0430 \u0442\u044e\u0440\u043a\u0438\u0441\u043a\u0438\u0445 \u043d\u0430\u0440\u043e\u0434\u043e\u0432 \u0432 \u043a\u043e\u043d\u0442\u0435\u043a\u0441\u0442\u0435 \u0412\u043e\u0441\u0442\u043e\u043a-\u0417\u0430\u043f\u0430\u0434. \u2013 \u041a\u0430\u0437\u0430\u043d\u044c, 2014. \u2013 \u0421.119-122; \u041d\u0430\u049b\u043b\u043b\u0430\u0440\u0434\u0430 \u0441\u044e\u0436\u0435\u0442 \u0442\u0443\u0437\u0438\u043b\u0438\u0448\u0438 \u04b3\u0430\u049b\u0438\u0434\u0430. \u0422\u0438\u043b\u0448\u0443\u043d\u043e\u0441\u043b\u0438\u043a \u0432\u0430 \u0430\u0434\u0430\u0431\u0438\u0451\u0442\u0448\u0443\u043d\u043e\u0441\u043b\u0438\u043a, \u0442\u0430\u0440\u0436\u0438\u043c\u0430 \u043d\u0430\u0437\u0430\u0440\u0438\u044f\u0441\u0438: \u0442\u0430\u0434\u049b\u0438\u049b \u0432\u0430 \u0443\u0437\u043b\u0443\u043a\u0441\u0438\u0437 \u0442\u0430\u044a\u043b\u0438\u043c \u0442\u0435\u0445\u043d\u043e\u043b\u043e\u0433\u0438\u044f\u043b\u0430\u0440\u0438. \u2013 \u041d\u0443\u043a\u0443\u0441, 2015. \u2013 \u0411.142-143; \u0410\u0444\u0441\u043e\u043d\u0430 \u0432\u0430 \u043d\u0430\u049b\u043b \u043c\u0443\u043d\u043e\u0441\u0430\u0431\u0430\u0442\u0438. \u0424\u0438\u043b\u043e\u043b\u043e\u0433\u0438\u044f\u043d\u0438\u043d\u0433 \u0438\u043b\u043c\u0438\u0439-\u043d\u0430\u0437\u0430\u0440\u0438\u0439 \u043c\u0430\u0441\u0430\u043b\u0430\u043b\u0430\u0440\u0438 \u0432\u0430 \u045e\u049b\u0438\u0442\u0438\u0448 \u0442\u0435\u0445\u043d\u043e\u043b\u043e\u0433\u0438\u044f\u043b\u0430\u0440\u0438. \u2013 \u041d\u0443\u043a\u0443\u0441, 2019. \u2013 \u0411.22-24; \u040e\u0437\u0431\u0435\u043a \u0432\u0430 \u049b\u043e\u0440\u0430\u049b\u0430\u043b\u043f\u043e\u049b \u043d\u0430\u049b\u043b\u043b\u0430\u0440\u0438\u043d\u0438\u043d\u0433 \u045e\u0437\u0438\u0433\u0430 \u0445\u043e\u0441 \u0445\u0443\u0441\u0443\u0441\u0438\u044f\u0442\u043b\u0430\u0440\u0438. \u0418\u043b\u043c\u0438\u0439-\u043d\u0430\u0437\u0430\u0440\u0438\u0439 \u0430\u043d\u0436\u0443\u043c\u0430\u043d \u043c\u0430\u0442\u0435\u0440\u0438\u0430\u043b\u043b\u0430\u0440\u0438 \u0442\u045e\u043f\u043b\u0430\u043c\u0438. \u2013 \u041d\u0443\u043a\u0443\u0441, 2009. \u2013 \u0411.93-95; \u041e\u043b\u0438\u0439 \u0442\u0430\u044a\u043b\u0438\u043c\u0434\u0430 \u043d\u0430\u049b\u043b\u043b\u0430\u0440\u043d\u0438 \u045e\u0440\u0433\u0430\u0442\u0438\u0448 \u0443\u0441\u0443\u043b\u043b\u0430\u0440\u0438. \u00a0\u0418\u043b\u043c\u0438\u0439-\u043d\u0430\u0437\u0430\u0440\u0438\u0439 \u0430\u043d\u0436\u0443\u043c\u0430\u043d \u043c\u0430\u0442\u0435\u0440\u0438\u0430\u043b\u043b\u0430\u0440\u0438 \u0442\u045e\u043f\u043b\u0430\u043c\u0438. \u2013 \u041d\u0443\u043a\u0443\u0441, 2010. \u2013 \u0411.271-272; \u041d\u0430\u049b\u043b\u043b\u0430\u0440\u0434\u0430 \u043e\u0431\u0440\u0430\u0437\u043b\u0430\u0440 \u0442\u0438\u0437\u043c\u0430\u0441\u0438. \u0422\u0438\u043b\u0448\u0443\u043d\u043e\u0441\u043b\u0438\u043a \u0432\u0430 \u0430\u0434\u0430\u0431\u0438\u0451\u0442\u0448\u0443\u043d\u043e\u0441\u043b\u0438\u043a \u043c\u0430\u0441\u0430\u043b\u0430\u043b\u0430\u0440\u0438. 3-\u043a\u0438\u0442\u043e\u0431. \u2013 \u0422\u043e\u0448\u043a\u0435\u043d\u0442, 2013. \u2013 \u0411.60-63; \u049a\u0438\u0440\u049b \u0442\u0443\u044f\u043d\u0438\u043d\u0433 \u044e\u043a\u0438. \u00a0\u00ab\u0421\u0430\u043e\u0434\u0430\u0442\u00bb. \u00a02011. \u21168. \u2013 \u0411.24-25; \u041d\u0430\u049b\u043b\u043b\u0430\u0440\u0434\u0430 \u043f\u0430\u0439\u0493\u0430\u043c\u0431\u0430\u0440\u043b\u0430\u0440 \u043e\u0431\u0440\u0430\u0437\u0438. XXI \u0430\u0441\u0440 \u0438\u043d\u0442\u0435\u043b\u0435\u043a\u0442\u0443\u0430\u043b \u0430\u0432\u043b\u043e\u0434 \u0430\u0441\u0440\u0438. \u2013 \u041d\u0443\u043a\u0443\u0441, 2014. \u2013 \u0411.18-20; \u041c\u0443\u04b3\u0430\u043c\u043c\u0430\u0434 \u042e\u0441\u0443\u0444 \u0438\u0436\u043e\u0434\u0438\u0434\u0430 \u0444\u043e\u043b\u044c\u043a\u043b\u043e\u0440 \u0430\u043d\u044a\u0430\u043d\u0430\u043b\u0430\u0440\u0438. \u0418\u0441\u0442\u0438\u049b\u043b\u043e\u043b \u0442\u0443\u0439\u0493\u0443\u0441\u0438\u043d\u0438 \u043c\u0443\u0441\u0442\u0430\u04b3\u043a\u0430\u043c\u043b\u0430\u0448\u0434\u0430 \u041c\u0443\u04b3\u0430\u043c\u043c\u0430\u0434 \u042e\u0441\u0443\u0444 \u0438\u0436\u043e\u0434\u0438\u043d\u0438\u043d\u0433 \u045e\u0440\u043d\u0438. \u2013 \u041d\u0443\u043a\u0443\u0441, 2014. \u2013 \u0411.18-20; \u04b2\u0430\u0436\u0432\u0438\u0439 \u043d\u0430\u049b\u043b\u043b\u0430\u0440\u043d\u0438\u043d\u0433 \u0441\u044e\u0436\u0435\u0442 \u0442\u0443\u0437\u0438\u043b\u0438\u0448\u0438 \u04b3\u0430\u049b\u0438\u0434\u0430. \u0424\u0430\u043d \u0432\u0430 \u0442\u0430\u044a\u043b\u0438\u043c \u0442\u0430\u0440\u0431\u0438\u044f\u0434\u0430 \u0438\u043b\u0493\u043e\u0440 \u0442\u0430\u0436\u0440\u0438\u0431\u0430\u043b\u0430\u0440: \u0442\u0430\u0434\u049b\u0438\u049b \u0432\u0430 \u043d\u0430\u0442\u0438\u0436\u0430\u043b\u0430\u0440. \u2013 \u041d\u0443\u043a\u0443\u0441, 2015. \u2013 B.45-47; \u041d\u0430\u049b\u043b\u043b\u0430\u0440\u0434\u0430 \u043c\u0438\u043b\u043b\u0438\u0439\u043b\u0438\u043a\u043d\u0438\u043d\u0433 \u0430\u043a\u0441 \u044d\u0442\u0438\u0448\u0438. \u040e\u0437\u0431\u0435\u043a \u0444\u0438\u043b\u043e\u043b\u043e\u0433\u0438\u044f\u0441\u0438\u043d\u0438\u043d\u0433 \u0438\u043b\u043c\u0438\u0439-\u043d\u0430\u0437\u0430\u0440\u0438\u0439 \u043c\u0430\u0441\u0430\u043b\u0430\u043b\u0430\u0440\u0438 \u0432\u0430 \u045e\u049b\u0438\u0442\u0438\u0448 \u0442\u0435\u0445\u043d\u043e\u043b\u043e\u0433\u0438\u044f\u043b\u0430\u0440\u0438. \u2013 \u041d\u0443\u043a\u0443\u0441, 2017. \u2013 \u0411.160-162; \u041d\u0430\u049b\u043b\u043b\u0430\u0440\u0434\u0430 \u043a\u043e\u043d\u0444\u043b\u0438\u043a\u0442. \u00a0\u0424\u0422\u0422. \u2013 \u0422\u043e\u0448\u043a\u0435\u043d\u0442, 2017. \u2013 \u0411.88-91; \u041d\u0430\u049b\u043b\u043b\u0430\u0440\u0434\u0430 \u0434\u0438\u043d\u0438\u0439 \u049b\u0430\u0440\u0430\u0448\u043b\u0430\u0440 \u0438\u0444\u043e\u0434\u0430\u0441\u0438. \u0424\u0438\u043b\u043e\u043b\u043e\u0433\u0438\u044f\u043d\u0438\u043d\u0433 \u0438\u043b\u043c\u0438\u0439-\u043d\u0430\u0437\u0430\u0440\u0438\u0439 \u043c\u0430\u0441\u0430\u043b\u0430\u043b\u0430\u0440\u0438 \u0432\u0430 \u045e\u049b\u0438\u0442\u0438\u0448 \u0442\u0435\u0445\u043d\u043e\u043b\u043e\u0433\u0438\u044f\u043b\u0430\u0440\u0438. \u2013 \u041d\u0443\u043a\u0443\u0441, 2019. \u2013 \u0411.38-39; \u041d\u0430\u049b\u043b \u0432\u0430 \u043c\u0430\u049b\u043e\u043b \u043c\u0443\u043d\u043e\u0441\u0430\u0431\u0430\u0442\u0438. \u0424\u0438\u043b\u043e\u043b\u043e\u0433\u0438\u044f\u043d\u0438\u043d\u0433 \u0438\u043b\u043c\u0438\u0439-\u043d\u0430\u0437\u0430\u0440\u0438\u0439 \u043c\u0430\u0441\u0430\u043b\u0430\u043b\u0430\u0440\u0438 \u0432\u0430 \u045e\u049b\u0438\u0442\u0438\u0448 \u0442\u0435\u0445\u043d\u043e\u043b\u043e\u0433\u0438\u044f\u043b\u0430\u0440\u0438. \u2013 \u041d\u0443\u043a\u0443\u0441, 2019. \u2013 \u0411.20-22; \u049a\u043e\u0440\u0430\u049b\u0430\u043b\u043f\u043e\u049b \u043d\u0430\u049b\u043b\u043b\u0430\u0440\u0438\u0434\u0430 \u0432\u0430\u0440\u0438\u0430\u043d\u0442\u043b\u0438\u043b\u0438\u043a. \u00a0\u0424\u0438\u043b\u043e\u043b\u043e\u0433\u0438\u044f \u0432\u0430 \u043c\u0430\u0434\u0430\u043d\u0438\u044f\u0442 \u043c\u0430\u0441\u0430\u043b\u0430\u043b\u0430\u0440\u0438. \u2012 \u041a\u0430\u0440\u0430\u0431\u0443\u043a, 2020. \u21162. \u00a0\u2013 \u0411.158-160; \u00ab\u04d8\u0434\u0430\u043b\u0430\u0442\u043b\u044b \u043f\u04d9\u0440\u043c\u0430\u043d\u00bb \u043d\u0430\u049b\u043b\u0438\u043d\u0438\u043d\u0433 \u0493\u043e\u044f\u0432\u0438\u0439 \u0431\u0430\u0434\u0438\u0438\u0439 \u0445\u0443\u0441\u0443\u0441\u0438\u044f\u0442\u043b\u0430\u0440\u0438. \u0422\u0443\u0440\u043a\u0438\u0439 \u0445\u0430\u043b\u044b\u049b\u043b\u0430\u0440 \u0444\u043e\u043b\u044c\u043a\u043b\u043e\u0440\u044b \u04b3\u04d9\u043c \u04d9\u0434\u0435\u0431\u0438\u044f\u0442\u044b \u0442\u0430\u0440\u0438\u0439\u0445\u044b \u0438\u0437\u0435\u0440\u0442\u043b\u0435\u045e\u0438\u043d\u0438\u04ca \u04d9\u04b3\u043c\u0438\u0439\u0435\u0442\u043b\u0438 \u043c\u04d9\u0441\u0435\u043b\u0435\u043b\u0435\u0440\u0438. \u2013 \u041d\u0443\u043a\u0443\u0441, 2020. \u2013 \u0411.51-54; \u040e\u0437\u0431\u0435\u043a-\u049b\u043e\u0440\u0430\u049b\u0430\u043b\u043f\u043e\u049b \u043d\u0430\u049b\u043b\u043b\u0430\u0440\u0438\u043d\u0438\u043d\u0433 \u045e\u0437\u0438\u0433\u0430 \u0445\u043e\u0441 \u0445\u0443\u0441\u0443\u0441\u0438\u044f\u0442\u043b\u0430\u0440\u0438 (\u00ab\u0416\u0430\u049b\u0441\u044b\u043b\u044b\u049b \u049b\u044b\u043b\u0441\u0430\u04a3 \u04e9\u0437\u0438\u04a3\u0435, \u0416\u0430\u043c\u0430\u043d\u043b\u044b\u049b \u049b\u044b\u043b\u0441\u0430\u04a3 \u04e9\u0437\u0438\u04a3\u0435\u00bb \u0432\u0430 \u00a0\u00ab\u04b2\u0430\u0440 \u043a\u0438\u043c \u049b\u0438\u043b\u0441\u0430 \u2013 \u045e\u0437\u0438\u0433\u0430\u00bb \u043d\u0430\u049b\u043b\u043b\u0430\u0440\u0438 \u043c\u0438\u0441\u043e\u043b\u0438\u0434\u0430). \u00ab\u0422\u0430\u043c\u0430\u0434\u0434\u0443\u043d \u043d\u0443\u0440\u0438\u00bb \u0436\u0443\u0440\u043d\u0430\u043b\u044b. \u2013 \u0411\u0435\u0440\u0443\u043d\u0438\u0439, 2020. \u21163. \u2013 \u0411.42-46.<\/p>\n<p>&nbsp;<\/p>\n<p>&nbsp;<\/p>\n","protected":false},"excerpt":{"rendered":"<p>Sayyora BEKChANOVA (1974-j\u0131lda tuw\u0131l\u01f5an) \u00a0\u00a0\u00a0\u00a0\u00a0\u00a0\u00a0 Sayyora Bekchanova 1974-j\u0131l\u0131 18-fevralda \u00a0Ellikqala rayon\u0131n\u0131\u0144 Sar\u0131biy aw\u0131l\u0131nda tuw\u0131l\u01f5an. Ol 1991-j\u0131l\u0131 Qaraqalpaqstan Respublikas\u0131 Ellikqala rayon\u0131nda\u01f5\u0131 8-sanl\u0131 orta mektepte oq\u0131\u01f5an h\u00e1m us\u0131 mektepti alt\u0131n medal menen tamamla\u01f5an. 1991-j\u0131l\u0131 N\u00f3kis m\u00e1mleketlik pedagogika institut\u0131n\u0131\u0144 \u00a0Filologiya fakulteti \u00f3zbek tili h\u00e1m \u00e1debiyat\u0131 b\u00f3limine oq\u0131w\u01f5a kirip, 1996-j\u0131l\u0131 us\u0131 oq\u0131w d\u00e1r\u01f5ay\u0131n \u00abayr\u0131qsha\u00bb diplom menen tamamlayd\u0131. 1996-j\u0131l\u0131 N\u00f3kis [&hellip;]<\/p>\n","protected":false},"author":1,"featured_media":0,"parent":0,"menu_order":0,"comment_status":"closed","ping_status":"closed","template":"","meta":{"footnotes":""},"class_list":["post-476","page","type-page","status-publish","hentry"],"_links":{"self":[{"href":"https:\/\/janubiyorol.uz\/en\/wp-json\/wp\/v2\/pages\/476","targetHints":{"allow":["GET"]}}],"collection":[{"href":"https:\/\/janubiyorol.uz\/en\/wp-json\/wp\/v2\/pages"}],"about":[{"href":"https:\/\/janubiyorol.uz\/en\/wp-json\/wp\/v2\/types\/page"}],"author":[{"embeddable":true,"href":"https:\/\/janubiyorol.uz\/en\/wp-json\/wp\/v2\/users\/1"}],"replies":[{"embeddable":true,"href":"https:\/\/janubiyorol.uz\/en\/wp-json\/wp\/v2\/comments?post=476"}],"version-history":[{"count":1,"href":"https:\/\/janubiyorol.uz\/en\/wp-json\/wp\/v2\/pages\/476\/revisions"}],"predecessor-version":[{"id":478,"href":"https:\/\/janubiyorol.uz\/en\/wp-json\/wp\/v2\/pages\/476\/revisions\/478"}],"wp:attachment":[{"href":"https:\/\/janubiyorol.uz\/en\/wp-json\/wp\/v2\/media?parent=476"}],"curies":[{"name":"wp","href":"https:\/\/api.w.org\/{rel}","templated":true}]}}