{"id":513,"date":"2025-12-12T00:40:41","date_gmt":"2025-12-11T19:40:41","guid":{"rendered":"https:\/\/janubiyorol.uz\/?page_id=513"},"modified":"2025-12-20T11:55:13","modified_gmt":"2025-12-20T06:55:13","slug":"qiyosiy-folklorshunos-olimlar","status":"publish","type":"page","link":"https:\/\/janubiyorol.uz\/en\/qiyosiy-folklorshunos-olimlar","title":{"rendered":"Qiyosiy folklorshunos olimlar"},"content":{"rendered":"<table style=\"border-collapse: collapse; width: 100%; height: 347px;\">\n<tbody>\n<tr style=\"height: 299px;\">\n<td style=\"width: 23.7437%; height: 299px;\"><a href=\"http:\/\/janubiyorol.uz\/wp-content\/uploads\/2025\/12\/Farida-MAKSETOVA.jpg\"><img loading=\"lazy\" decoding=\"async\" class=\"aligncenter size-medium wp-image-449\" src=\"http:\/\/janubiyorol.uz\/wp-content\/uploads\/2025\/12\/Farida-MAKSETOVA-213x300.jpg\" alt=\"\" width=\"213\" height=\"300\" srcset=\"https:\/\/janubiyorol.uz\/wp-content\/uploads\/2025\/12\/Farida-MAKSETOVA-213x300.jpg 213w, https:\/\/janubiyorol.uz\/wp-content\/uploads\/2025\/12\/Farida-MAKSETOVA.jpg 320w\" sizes=\"auto, (max-width: 213px) 100vw, 213px\" \/><\/a><\/td>\n<td style=\"width: 76.2563%; text-align: center; height: 299px;\">\n<h3 class=\"leading-8 font-normal\" data-pm-slice=\"1 1 []\">Qiyosiy folklorshunos olimlar<\/h3>\n<p><a href=\"https:\/\/janubiyorol.uz\/farida-maksetova\"><span style=\"font-size: 36pt;\"><strong><span style=\"font-size: 24pt;\">FARIDA MAKSETOVA <\/span><\/strong><\/span><\/a><\/p>\n<h3>Filologiya fakultetini\u0144 qaraqalpaq tili h\u00e1m \u00e1debiyat\u0131<\/h3>\n<\/td>\n<\/tr>\n<\/tbody>\n<\/table>\n<hr \/>\n<table style=\"border-collapse: collapse; width: 100%; height: 347px;\">\n<tbody>\n<tr style=\"height: 299px;\">\n<td style=\"width: 23.7437%; height: 299px;\"><a href=\"http:\/\/janubiyorol.uz\/wp-content\/uploads\/2025\/12\/Sayat-JEPBAROVA.jpg\"><img loading=\"lazy\" decoding=\"async\" class=\"aligncenter wp-image-474\" src=\"http:\/\/janubiyorol.uz\/wp-content\/uploads\/2025\/12\/Sayat-JEPBAROVA-261x300.jpg\" alt=\"\" width=\"214\" height=\"246\" srcset=\"https:\/\/janubiyorol.uz\/wp-content\/uploads\/2025\/12\/Sayat-JEPBAROVA-261x300.jpg 261w, https:\/\/janubiyorol.uz\/wp-content\/uploads\/2025\/12\/Sayat-JEPBAROVA.jpg 275w\" sizes=\"auto, (max-width: 214px) 100vw, 214px\" \/><\/a><\/td>\n<td style=\"width: 76.2563%; text-align: center; height: 299px;\">\n<h3 class=\"leading-8 font-normal\" data-pm-slice=\"1 1 []\">Qiyosiy folklorshunos olimlar<\/h3>\n<p><a href=\"https:\/\/janubiyorol.uz\/sayat-jepbarova\"><span style=\"font-size: 24pt;\"><strong>SAYAT JEPBAROVA<\/strong><\/span><\/a><\/p>\n<h3>T\u00farkmen tili h\u00e1m \u00e1debiyat\u0131<\/h3>\n<\/td>\n<\/tr>\n<\/tbody>\n<\/table>\n<hr \/>\n<table style=\"border-collapse: collapse; width: 100%; height: 347px;\">\n<tbody>\n<tr style=\"height: 299px;\">\n<td style=\"width: 23.7437%; height: 299px;\"><a href=\"http:\/\/janubiyorol.uz\/wp-content\/uploads\/2025\/12\/Gulsanem-ALLAMBERGENOVA.jpg\"><img loading=\"lazy\" decoding=\"async\" class=\"aligncenter size-medium wp-image-452\" src=\"http:\/\/janubiyorol.uz\/wp-content\/uploads\/2025\/12\/Gulsanem-ALLAMBERGENOVA-207x300.jpg\" alt=\"\" width=\"207\" height=\"300\" srcset=\"https:\/\/janubiyorol.uz\/wp-content\/uploads\/2025\/12\/Gulsanem-ALLAMBERGENOVA-207x300.jpg 207w, https:\/\/janubiyorol.uz\/wp-content\/uploads\/2025\/12\/Gulsanem-ALLAMBERGENOVA.jpg 368w\" sizes=\"auto, (max-width: 207px) 100vw, 207px\" \/><\/a><\/td>\n<td style=\"width: 76.2563%; text-align: center; height: 299px;\">\n<h3 class=\"leading-8 font-normal\" data-pm-slice=\"1 1 []\">Qiyosiy folklorshunos olimlar<\/h3>\n<p><span style=\"font-size: 24pt;\"><a href=\"https:\/\/janubiyorol.uz\/gulsanem-allambergenova\"><strong>G\u00daLSANEM ALLAMBERGENOVA<\/strong><\/a><\/span><\/p>\n<h3>Ingliz tili filologiyas\u0131<\/h3>\n<\/td>\n<\/tr>\n<\/tbody>\n<\/table>\n<hr \/>\n<table style=\"border-collapse: collapse; width: 100%; height: 347px;\">\n<tbody>\n<tr style=\"height: 299px;\">\n<td style=\"width: 23.7437%; height: 299px;\"><a href=\"http:\/\/janubiyorol.uz\/wp-content\/uploads\/2025\/12\/Hamza-ALLAMBERGENOV.jpg\"><img loading=\"lazy\" decoding=\"async\" class=\"aligncenter wp-image-459\" src=\"http:\/\/janubiyorol.uz\/wp-content\/uploads\/2025\/12\/Hamza-ALLAMBERGENOV.jpg\" alt=\"\" width=\"215\" height=\"208\" \/><\/a><\/td>\n<td style=\"width: 76.2563%; text-align: center; height: 299px;\">\n<h3 class=\"leading-8 font-normal\" data-pm-slice=\"1 1 []\">Qiyosiy folklorshunos olimlar<\/h3>\n<p><span style=\"font-size: 24pt;\"><a href=\"https:\/\/janubiyorol.uz\/hamza-allambergenov\"><strong>HAMZA ALLAMBERGENOV<\/strong><\/a><\/span><\/p>\n<h3>\u00d3zbek \u00e1debiyat\u0131<\/h3>\n<\/td>\n<\/tr>\n<\/tbody>\n<\/table>\n<hr \/>\n<table style=\"border-collapse: collapse; width: 100%; height: 347px;\">\n<tbody>\n<tr style=\"height: 299px;\">\n<td style=\"width: 23.7437%; height: 299px;\"><a href=\"http:\/\/janubiyorol.uz\/wp-content\/uploads\/2025\/12\/Rustem-SAPARNIYAZOV.jpg\"><img loading=\"lazy\" decoding=\"async\" class=\"aligncenter size-full wp-image-468\" src=\"http:\/\/janubiyorol.uz\/wp-content\/uploads\/2025\/12\/Rustem-SAPARNIYAZOV.jpg\" alt=\"\" width=\"224\" height=\"288\" \/><\/a><\/td>\n<td style=\"width: 76.2563%; text-align: center; height: 299px;\">\n<h3 class=\"leading-8 font-normal\" data-pm-slice=\"1 1 []\">Qiyosiy folklorshunos olimlar<\/h3>\n<p><span style=\"font-size: 24pt;\"><a href=\"https:\/\/janubiyorol.uz\/rustem-saparniyazov\"><strong>Rustem SAPARNIYAZOV<\/strong><\/a><\/span><\/p>\n<h3>\u00a0Inglis tili h\u00e1m \u00e1debiyat\u0131<\/h3>\n<\/td>\n<\/tr>\n<\/tbody>\n<\/table>\n<hr \/>\n<table style=\"border-collapse: collapse; width: 100%; height: 347px;\">\n<tbody>\n<tr style=\"height: 299px;\">\n<td style=\"width: 23.7437%; height: 299px;\"><a href=\"http:\/\/janubiyorol.uz\/wp-content\/uploads\/2025\/12\/Nodira-ALLAMBERGENOVA.jpg\"><img loading=\"lazy\" decoding=\"async\" class=\"aligncenter size-full wp-image-462\" src=\"http:\/\/janubiyorol.uz\/wp-content\/uploads\/2025\/12\/Nodira-ALLAMBERGENOVA.jpg\" alt=\"\" width=\"190\" height=\"265\" \/><\/a><\/td>\n<td style=\"width: 76.2563%; text-align: center; height: 299px;\">\n<h3 class=\"leading-8 font-normal\" data-pm-slice=\"1 1 []\">Qiyosiy folklorshunos olimlar<\/h3>\n<p><span style=\"font-size: 24pt;\"><a href=\"https:\/\/janubiyorol.uz\/nodira-allambergenova\"><strong>NODIRA ALLAMBERGENOVA<\/strong><\/a><\/span><\/p>\n<h3>\u00d3zbek \u00e1debiyat\u0131<\/h3>\n<\/td>\n<\/tr>\n<\/tbody>\n<\/table>\n<hr \/>\n<table style=\"border-collapse: collapse; width: 100%; height: 347px;\">\n<tbody>\n<tr style=\"height: 299px;\">\n<td style=\"width: 23.7437%; height: 299px;\"><a href=\"http:\/\/janubiyorol.uz\/wp-content\/uploads\/2025\/12\/Rashit-ELMURATOV.jpg\"><img loading=\"lazy\" decoding=\"async\" class=\"aligncenter wp-image-465\" src=\"http:\/\/janubiyorol.uz\/wp-content\/uploads\/2025\/12\/Rashit-ELMURATOV-289x300.jpg\" alt=\"\" width=\"213\" height=\"221\" srcset=\"https:\/\/janubiyorol.uz\/wp-content\/uploads\/2025\/12\/Rashit-ELMURATOV-289x300.jpg 289w, https:\/\/janubiyorol.uz\/wp-content\/uploads\/2025\/12\/Rashit-ELMURATOV.jpg 292w\" sizes=\"auto, (max-width: 213px) 100vw, 213px\" \/><\/a><\/td>\n<td style=\"width: 76.2563%; text-align: center; height: 299px;\">\n<h3 class=\"leading-8 font-normal\" data-pm-slice=\"1 1 []\">Qiyosiy folklorshunos olimlar<\/h3>\n<p><span style=\"font-size: 24pt;\"><a href=\"https:\/\/janubiyorol.uz\/rashit-elmuratov\"><strong>RASHIT ELMURATOV<\/strong><\/a><\/span><\/p>\n<h3>Shet Tilleri<\/h3>\n<\/td>\n<\/tr>\n<\/tbody>\n<\/table>\n<hr \/>\n<table style=\"border-collapse: collapse; width: 100%; height: 347px;\">\n<tbody>\n<tr style=\"height: 299px;\">\n<td style=\"width: 23.7437%; height: 299px;\"><a href=\"http:\/\/janubiyorol.uz\/wp-content\/uploads\/2025\/12\/Sanatjon-SARIEV.jpg\"><img loading=\"lazy\" decoding=\"async\" class=\"aligncenter wp-image-471\" src=\"http:\/\/janubiyorol.uz\/wp-content\/uploads\/2025\/12\/Sanatjon-SARIEV-293x300.jpg\" alt=\"\" width=\"213\" height=\"218\" srcset=\"https:\/\/janubiyorol.uz\/wp-content\/uploads\/2025\/12\/Sanatjon-SARIEV-293x300.jpg 293w, https:\/\/janubiyorol.uz\/wp-content\/uploads\/2025\/12\/Sanatjon-SARIEV.jpg 696w\" sizes=\"auto, (max-width: 213px) 100vw, 213px\" \/><\/a><\/td>\n<td style=\"width: 76.2563%; text-align: center; height: 299px;\">\n<h3 class=\"leading-8 font-normal\" data-pm-slice=\"1 1 []\">Qiyosiy folklorshunos olimlar<\/h3>\n<p><span style=\"font-size: 24pt;\"><a href=\"https:\/\/janubiyorol.uz\/sanatjon-sariev\"><strong> SANATJON SARIEV<\/strong><\/a><\/span><\/p>\n<h3>\u00d3zbek filologiyas\u0131<\/h3>\n<\/td>\n<\/tr>\n<\/tbody>\n<\/table>\n<hr \/>\n<table style=\"border-collapse: collapse; width: 100%; height: 347px;\">\n<tbody>\n<tr style=\"height: 299px;\">\n<td style=\"width: 23.7437%; height: 299px;\"><a href=\"http:\/\/janubiyorol.uz\/wp-content\/uploads\/2025\/12\/Yulduzxon-QURBONOVA.jpg\"><img loading=\"lazy\" decoding=\"async\" class=\"aligncenter wp-image-483\" src=\"http:\/\/janubiyorol.uz\/wp-content\/uploads\/2025\/12\/Yulduzxon-QURBONOVA-232x300.jpg\" alt=\"\" width=\"209\" height=\"270\" srcset=\"https:\/\/janubiyorol.uz\/wp-content\/uploads\/2025\/12\/Yulduzxon-QURBONOVA-232x300.jpg 232w, https:\/\/janubiyorol.uz\/wp-content\/uploads\/2025\/12\/Yulduzxon-QURBONOVA.jpg 237w\" sizes=\"auto, (max-width: 209px) 100vw, 209px\" \/><\/a><\/td>\n<td style=\"width: 76.2563%; text-align: center; height: 299px;\">\n<h3 class=\"leading-8 font-normal\" data-pm-slice=\"1 1 []\">Qiyosiy folklorshunos olimlar<\/h3>\n<p><span style=\"font-size: 24pt;\"><a href=\"https:\/\/janubiyorol.uz\/yulduzxon-qurbonova\"><strong>YULDUZXON QURBONOVA<\/strong><\/a><\/span><\/p>\n<h3>\u00d3zbek h\u00e1m shet tilleri<\/h3>\n<\/td>\n<\/tr>\n<\/tbody>\n<\/table>\n<hr \/>\n<table style=\"border-collapse: collapse; width: 100%; height: 347px;\">\n<tbody>\n<tr style=\"height: 299px;\">\n<td style=\"width: 23.7437%; height: 299px;\"><a href=\"http:\/\/janubiyorol.uz\/wp-content\/uploads\/2025\/12\/Tursinay-TORTKULBAEVA.jpg\"><img loading=\"lazy\" decoding=\"async\" class=\"aligncenter wp-image-480\" src=\"http:\/\/janubiyorol.uz\/wp-content\/uploads\/2025\/12\/Tursinay-TORTKULBAEVA-225x300.jpg\" alt=\"\" width=\"213\" height=\"284\" srcset=\"https:\/\/janubiyorol.uz\/wp-content\/uploads\/2025\/12\/Tursinay-TORTKULBAEVA-225x300.jpg 225w, https:\/\/janubiyorol.uz\/wp-content\/uploads\/2025\/12\/Tursinay-TORTKULBAEVA.jpg 272w\" sizes=\"auto, (max-width: 213px) 100vw, 213px\" \/><\/a><\/td>\n<td style=\"width: 76.2563%; text-align: center; height: 299px;\">\n<h3 class=\"leading-8 font-normal\" data-pm-slice=\"1 1 []\">Qiyosiy folklorshunos olimlar<\/h3>\n<p><span style=\"font-size: 24pt;\"><a href=\"https:\/\/janubiyorol.uz\/tursinay-tortkulbaeva\"><strong>TURSINAY TORTKULBAEVA<\/strong><\/a><\/span><\/p>\n<h3>Qazaq tili h\u00e1m \u00e1debiyat\u0131<\/h3>\n<\/td>\n<\/tr>\n<\/tbody>\n<\/table>\n<hr \/>\n<table style=\"border-collapse: collapse; width: 100%; height: 347px;\">\n<tbody>\n<tr style=\"height: 299px;\">\n<td style=\"width: 23.7437%; height: 299px;\"><a href=\"http:\/\/janubiyorol.uz\/wp-content\/uploads\/2025\/12\/Sayyora-BEKChANOVA.jpg\"><img loading=\"lazy\" decoding=\"async\" class=\"aligncenter wp-image-477\" src=\"http:\/\/janubiyorol.uz\/wp-content\/uploads\/2025\/12\/Sayyora-BEKChANOVA.jpg\" alt=\"\" width=\"218\" height=\"297\" \/><\/a><\/td>\n<td style=\"width: 76.2563%; text-align: center; height: 299px;\">\n<h3 class=\"leading-8 font-normal\" data-pm-slice=\"1 1 []\">Qiyosiy folklorshunos olimlar<\/h3>\n<p><span style=\"font-size: 24pt;\"><a href=\"https:\/\/janubiyorol.uz\/sayyora-bekchanova\"><strong>SAYYORA BEKCHANOVA<\/strong><\/a><\/span><\/p>\n<h3>O&#8217;zbek tili h\u00e1m \u00e1debiyat\u0131<\/h3>\n<\/td>\n<\/tr>\n<\/tbody>\n<\/table>\n<hr \/>\n<table style=\"border-collapse: collapse; width: 100%; height: 347px;\">\n<tbody>\n<tr style=\"height: 299px;\">\n<td style=\"width: 23.7437%; height: 299px;\"><a href=\"http:\/\/janubiyorol.uz\/wp-content\/uploads\/2025\/12\/Hamdam-ABDULLAEV-1.jpg\"><img loading=\"lazy\" decoding=\"async\" class=\"aligncenter size-medium wp-image-456\" src=\"http:\/\/janubiyorol.uz\/wp-content\/uploads\/2025\/12\/Hamdam-ABDULLAEV-1-213x300.jpg\" alt=\"\" width=\"213\" height=\"300\" srcset=\"https:\/\/janubiyorol.uz\/wp-content\/uploads\/2025\/12\/Hamdam-ABDULLAEV-1-213x300.jpg 213w, https:\/\/janubiyorol.uz\/wp-content\/uploads\/2025\/12\/Hamdam-ABDULLAEV-1.jpg 320w\" sizes=\"auto, (max-width: 213px) 100vw, 213px\" \/><\/a><\/td>\n<td style=\"width: 76.2563%; text-align: center; height: 299px;\">\n<h3 class=\"leading-8 font-normal\" data-pm-slice=\"1 1 []\">Qiyosiy folklorshunos olimlar<\/h3>\n<p><span style=\"font-size: 24pt;\"><a href=\"https:\/\/janubiyorol.uz\/hamdam-abdullaev\"><strong>HAMDAM ABDULLAEV <\/strong><\/a><\/span><\/p>\n<h3>Tariyx-filologiya<\/h3>\n<\/td>\n<\/tr>\n<\/tbody>\n<\/table>\n<hr \/>\n<div id=\"simple-translate\" class=\"simple-translate-system-theme\">\n<div>\n<div class=\"simple-translate-button isShow\" style=\"background-image: url('chrome-extension:\/\/ibplnjkanclpjokhdolnendpplpjiace\/icons\/512.png'); height: 22px; width: 22px; top: 1640px; left: 754px;\"><\/div>\n<div class=\"simple-translate-panel \" style=\"width: 300px; height: 200px; top: 0px; left: 0px; font-size: 13px;\">\n<div class=\"simple-translate-result-wrapper\" style=\"overflow: hidden;\">\n<div class=\"simple-translate-move\" draggable=\"true\"><\/div>\n<div class=\"simple-translate-result-contents\">\n<p class=\"simple-translate-result\" dir=\"auto\">\n<p class=\"simple-translate-candidate\" dir=\"auto\">\n<\/div>\n<\/div>\n<\/div>\n<\/div>\n<\/div>\n","protected":false},"excerpt":{"rendered":"<p>Qiyosiy folklorshunos olimlar FARIDA MAKSETOVA Filologiya fakultetini\u0144 qaraqalpaq tili h\u00e1m \u00e1debiyat\u0131 Qiyosiy folklorshunos olimlar SAYAT JEPBAROVA T\u00farkmen tili h\u00e1m \u00e1debiyat\u0131 Qiyosiy folklorshunos olimlar G\u00daLSANEM ALLAMBERGENOVA Ingliz tili filologiyas\u0131 Qiyosiy folklorshunos olimlar HAMZA ALLAMBERGENOV \u00d3zbek \u00e1debiyat\u0131 Qiyosiy folklorshunos olimlar Rustem SAPARNIYAZOV \u00a0Inglis tili h\u00e1m \u00e1debiyat\u0131 Qiyosiy folklorshunos olimlar NODIRA ALLAMBERGENOVA \u00d3zbek \u00e1debiyat\u0131 Qiyosiy folklorshunos olimlar RASHIT [&hellip;]<\/p>\n","protected":false},"author":1,"featured_media":0,"parent":0,"menu_order":0,"comment_status":"closed","ping_status":"closed","template":"","meta":{"footnotes":""},"class_list":["post-513","page","type-page","status-publish","hentry"],"_links":{"self":[{"href":"https:\/\/janubiyorol.uz\/en\/wp-json\/wp\/v2\/pages\/513","targetHints":{"allow":["GET"]}}],"collection":[{"href":"https:\/\/janubiyorol.uz\/en\/wp-json\/wp\/v2\/pages"}],"about":[{"href":"https:\/\/janubiyorol.uz\/en\/wp-json\/wp\/v2\/types\/page"}],"author":[{"embeddable":true,"href":"https:\/\/janubiyorol.uz\/en\/wp-json\/wp\/v2\/users\/1"}],"replies":[{"embeddable":true,"href":"https:\/\/janubiyorol.uz\/en\/wp-json\/wp\/v2\/comments?post=513"}],"version-history":[{"count":2,"href":"https:\/\/janubiyorol.uz\/en\/wp-json\/wp\/v2\/pages\/513\/revisions"}],"predecessor-version":[{"id":557,"href":"https:\/\/janubiyorol.uz\/en\/wp-json\/wp\/v2\/pages\/513\/revisions\/557"}],"wp:attachment":[{"href":"https:\/\/janubiyorol.uz\/en\/wp-json\/wp\/v2\/media?parent=513"}],"curies":[{"name":"wp","href":"https:\/\/api.w.org\/{rel}","templated":true}]}}