{"id":379,"date":"2025-12-10T13:06:20","date_gmt":"2025-12-10T08:06:20","guid":{"rendered":"https:\/\/janubiyorol.uz\/?page_id=379"},"modified":"2025-12-10T13:06:20","modified_gmt":"2025-12-10T08:06:20","slug":"xalliyeva-gulnoz-iskandarovna","status":"publish","type":"page","link":"https:\/\/janubiyorol.uz\/ru\/xalliyeva-gulnoz-iskandarovna","title":{"rendered":"Xalliyeva Gulnoz Iskandarovna"},"content":{"rendered":"<p><a href=\"http:\/\/janubiyorol.uz\/wp-content\/uploads\/2025\/12\/Xalliyeva-Gulnoz-Iskandarovna.jpg\"><img loading=\"lazy\" decoding=\"async\" class=\"aligncenter size-medium wp-image-380\" src=\"http:\/\/janubiyorol.uz\/wp-content\/uploads\/2025\/12\/Xalliyeva-Gulnoz-Iskandarovna-213x300.jpg\" alt=\"\" width=\"213\" height=\"300\" srcset=\"https:\/\/janubiyorol.uz\/wp-content\/uploads\/2025\/12\/Xalliyeva-Gulnoz-Iskandarovna-213x300.jpg 213w, https:\/\/janubiyorol.uz\/wp-content\/uploads\/2025\/12\/Xalliyeva-Gulnoz-Iskandarovna.jpg 320w\" sizes=\"auto, (max-width: 213px) 100vw, 213px\" \/><\/a><\/p>\n<p style=\"text-align: center;\"><strong>Xalliyeva Gulnoz Iskandarovna<\/strong><\/p>\n<p style=\"text-align: center;\"><strong>Filologiya fanlari doktori, professor<\/strong><\/p>\n<p>\u00a0\u00a0\u00a0\u00a0\u00a0\u00a0\u00a0\u00a0 Xalliyeva Gulnoz Iskandarovna 1974-yil Xorazm viloyatining Urganch shahrida tug\u02bbilgan. 1996-yil Urganch davlat universitetining o\u02bbzbek filologiyasi fakultetini tamomlagan. Filologiya fanlari nomzodi (2000), dotsent (2006), filologiya fanlari doktori (2016), professor (2020). Mehnat faoliyatini 1996-yildan Urganch davlat universitetining o\u02bbzbek mumtoz adabiyoti kafedrasida boshlagan.<\/p>\n<p>2014-yildan O\u02bbzbekiston davlat jahon tillari universiteti \u201cJahon adabiyoti\u201d kafedrasida dotsent lavozimida o\u02bbz faoliyatini davom ettirib, 2016-yil 8-iyulda 10.00.06 \u2013 Qiyosiy adabiyotshunoslik, chog\u02bbishtirma tilshunoslik va tarjimashunoslik ixtisosligi bo\u02bbyicha \u201cXX asr rus sharqshunosligida o\u02bbzbek mumtoz adabiyoti tadqiqi\u201d mavzusidagi doktorlik dissertatsiyasini muddatidan ilgari himoya qilgan. Hozirda mazkur universitetning \u201cJahon adabiyoti\u201d kafedrasi mudiri lavozimida faoliyat yuritib kelmoqda. Dunyo sharqshunosligida o\u02bbzbek mumtoz adabiyoti, turkologik ilmiy tadqiqotlar, turkiy qo\u02bblyozmalar, qiyosiy adabiyotshunoslik, adabiy aloqalar kabi ilmiy yo\u02bbnalishlarda tadqiqotlar olib boradi. Ilmiy izlanishlari yuzasidan jami 258 ta ilmiy ish: 5 ta monografiya, 8 ta o\u02bbquv qo\u02bbllanma, darslik va ilmiy maqolalari chop qilingan. Kitoblari o\u02bbzbek, rus, ingliz va turk tillarida nashr qilingan.<\/p>\n<p>2009-yilda O\u02bbzbekiston aloqa va axborotlashtirish agentligining faxriy yorlig\u02bbi bilan taqdirlangan, hozirda bosh vazirimiz Abdulla Nigmatovich Aripov topshirganlar.\u00a0 2021-yilda \u201cYevropa fondlarida saqlanayotgan, O\u02bbzbekistonda mavjud bo\u02bblmagan turkiy qo\u02bblyozmalarning ma\u02bclumotlar bazasini va \u201cYevroturcologica.uz\u201d elektron platformasini yaratish\u201d loyihasi g\u02bbolibi bo\u02bblgani uchun, innovatsion rivojlanish vaziri Abdurahmonov Ibrohim Yo\u02bblchiyevich tomonidan loyiha sertifikati bilan taqdirlangan. Gulnoz Xalliyeva ilmiy-texnik davlat dasturlar doirasidagi grant tanlovlarida doimiy qatnashib kelmoqda.<\/p>\n<p>\u201cYevropa fondlarida saqlanayotgan, O\u02bbzbekistonda mavjud bo\u02bblmagan turkiy qo\u02bblyozmalarning ma\u02bclumotlar bazasini va \u201cYevroturcologica.uz\u201d elektron platformasini yaratish\u201d innovatsion loyihasi doirasida 17 ta Yevropa va Rossiya davlatida xizmat safarida bo\u02bblib, O\u02bbzbekistonda mavjud bo\u02bblmagan 119 ta qo\u02bblyozmani topishga, ulardan ba\u02bczilarini hozirgi yozuvimizda nashr qilishga muvaffaq bo\u02bblgan.<\/p>\n<p>Ushbu loyiha rejasi asosida Yevropaning Germaniya, Fransiya, Italiya, Vatikan, Shveysariya, Gollandiya, Shvetsiya, Chexoslavakiya, Polsha, Finlyandiya, Latviya, Litva, Estoniya, Daniya, Lyuksemburg, Belgiya, Avstriya turkologiya bo\u02bblimlari va markazlarida ilmiy ishlarini olib borgan. Berlin, Drezden, Leypsig, Myunxen, Parij, Bern, Praga, Vena, Xelsinki, Lyuksemburg, Rim, Vatikan shaharlarining dunyoga mashhur kutubxonalarida O\u02bbzbekistonda mavjud bo\u02bblmagan adabiyot, til, falsafa,tasavvuf, tarix fanlariga oid eng noyob turkiy qo\u02bblyozmalarni o\u02bbrgangan.<\/p>\n<p>Hozirda \u201cQiyosiy adabiyotshunoslik\u201d fanining \u201cKomparativistika\u201d elektron platformasi yaratish nomli innovatsion loyihasining rahbari sifatida ilmiy ishlarini davom ettirmoqda. Loyiha rejasi doirasida o\u02bbzbek, rus, ingliz va turk tillarida kitoblari nashr etilgan. \u201cQiyosiy adabiyotshunoslik\u201d fanining \u201cKomparativistika\u201d elektron platformasi yaratish loyihasi asosida va universitetlararo professor almashinuvi doirasida 2023-yildan buyon Turkiyaning Marmara, Seljuk, Koch, Anqara universitetlari talabalariga ma\u02bcruza o\u02bbqib kelmoqda.<\/p>\n<p>Gulnoz Xalliyeva 2024-yilda MDH davlatlarida yagona bo\u02bblgan \u201cKomparativistika\u201d jurnaliga asos soldi. Jurnalning shu bugungacha 2 ta soni nashr qilindi. Ushbu jurnalda 10. 00.06\u2013Qiyosiy adabiyotshunoslik, chog\u02bbishtirma tilshunoslik va tarjimashunoslik yo\u02bbnalishidagi barcha dolzarb maqolalar nashr qilinadi.<\/p>\n<p>Professor Gulnoz Xalliyeva 2014-yildan buyon \u201cJahon adabiyoti\u201d kafedrasini boshqarib kelmoqda. Kafedra dunyoning Peter Szondi Institute of Comparative Literature, Freie Universit\u00e4t Berlin, Leibniz-Zentrum f\u00fcr Literatur und\u00a0 Kulturforschung (ZfL) kabi qiyosiy adabiyotshunoslik markazlari (Germaniya,Berlin), University of Toronto Centre for Comparative Literature(Kanada,Toronto). Yale University Department of\u00a0 Comparative Literature (AQSH, Yel universiteti), Eski\u015fehir Osmangazi \u00dcniversitesi Kar\u015f\u0131la\u015ft\u0131rmal\u0131 Edebiyat B\u00f6l\u00fcm\u00fc (Turkiya, Osmangozi universiteti va boshqa universitetlari) Harvard University Department of Comparative Literature (AQSH), Indiana\u00a0 University Comparative Literature Department, Columbia University Department of English and Comparative Literature(AQSH), University of Washington Department of Comparative Literature (Vashington),Xelsinki universiteti, Gumbolt universiteti kabi universitetlar bilan akademik hamkorlik o\u02bbrnatgan bo\u02bblib, har yili xalqaro anjumanlarda ishtirok etmoqda, maruzalar o\u02bbqimoqda, tajriba almashib, ilg\u02bbor g\u02bboyalarni yurtimizga tatbiq etib kelmoqda.<\/p>\n<p>2024-yil 7-8 mayda Gulnoz Xalliyeva tashabbusi bilan \u201cJahon adabiyoti\u201d kafedrasi tomonidan \u201cJahon adabiyoti va qiyosiy adabiyotshunoslikning dolzarb masalalari\u201d mavzusida xalqaro anjuman o\u02bbtkazildi. Ushbu anjumanda dunyoning turli davlatlaridan olimlar qatnashdi.\u00a0 Professor Gulnoz Xalliyeva O\u02bbzbekiston davlat jahon tillari universitetining ilmiy pedagogik kadrlarini tayyorlashda, ma\u02bcnaviy-ma\u02bcrifiy tadbirlarda, dissertatsiya himoyalarida, mahalliy va xalqaro grant loyihalari tanlovlarida faol qatnashib kelmoqda.\u00a0 Olimaning ilmiy pedagogik faoliyati universitet rahbariyati tomonidan doimiy e\u02bctirof etib kelinmoqda. Universitet rektori Ilxomjon Madaminovich barcha professor o\u02bbqituvchilarga imkon qadar yaxshi sharoitlar yaratib bermoqdalar, o\u02bbz professional malakasini oshirishda moddiy va ma\u02bcnaviy jihatdan qo\u02bbllab quvvatlamoqdalar.<\/p>\n<p>\u0418\u041b\u041c\u0418\u0419 \u0418\u0428\u041b\u0410\u0420\u0418. XX \u0440\u043e\u0441\u0441\u0438\u044f \u0448\u0430\u0440\u049b\u0448\u0443\u043d\u043e\u0441\u043b\u0438\u0433\u0438 \u0432\u0430\u00a0 \u045e\u0437\u0431\u0435\u043a \u043c\u0443\u043c\u0442\u043e\u0437 \u0430\u0434\u0430\u0431\u0438\u0451\u0442\u0438. \u041c\u043e\u043d\u043e\u0433\u0440\u0430\u0444\u0438\u044f. \u00ab\u041c\u0443\u04b3\u0430\u0440\u0440\u0438\u0440 \u043d\u0430\u0448\u0440\u0438\u0451\u0442\u0438\u00bb \u043d\u0430\u0448\u0440\u0438\u0451\u0442\u0438 \u2013\u0422\u043e\u0448\u043a\u0435\u043d\u0442, 2018; \u0421\u0430\u043d\u043a\u0442\u2013\u041f\u0435\u0442\u0435\u0440\u0431\u0443\u0440\u0433 \u0432\u0430 \u0422\u043e\u0448\u043a\u0435\u043d\u0442 \u0444\u043e\u043d\u0434\u043b\u0430\u0440\u0438\u0434\u0430\u0433\u0438\u00a0 \u0425\u043e\u0440\u0430\u0437\u043c \u0442\u0443\u0440\u043a\u0438\u0439-\u0430\u0434\u0430\u0431\u0438\u0439 \u043c\u0430\u043d\u0431\u0430\u043b\u0430\u0440\u0438. (\u04b3\u0430\u043c\u043c\u0443\u0430\u043b\u043b\u0438\u0444\u043b\u0438\u043a\u0430: \u041c.\u042d\u0448\u043c\u0443\u04b3\u0430\u043c\u043c\u0435\u0434\u043e\u0432\u0430, \u041d.\u0410\u0434\u0430\u043c\u0431\u0430\u0435\u0432\u0430) \u0418\u043b\u043c\u0438\u0439 \u0440\u0438\u0441\u043e\u043b\u0430. \u00ab\u041c\u0443\u04b3\u0430\u0440\u0440\u0438\u0440\u00bb \u043d\u0430\u0448\u0440\u0438\u0451\u0442\u0438 \u2013\u0422\u043e\u0448\u043a\u0435\u043d\u0442, 2018; \u041e\u0433\u0430\u04b3\u0438\u0439 \u043c\u0443\u0441\u0430\u043c\u043c\u0430\u0442\u043b\u0430\u0440\u0438. \u041c\u043e\u043d\u043e\u0433\u0440\u0430\u0444\u0438\u044f .\u00ab\u041c\u0443\u043c\u0442\u043e\u0437 \u0441\u0443\u0437\u00bb \u043d\u0430\u0448\u0440\u0438\u0451\u0442\u0438. \u2013\u0422\u043e\u0448\u043a\u0435\u043d\u0442, 2019; \u0410\u0440\u0445\u0438\u0432\u043d\u044b\u0435 \u0434\u0430\u043d\u043d\u044b\u0435 \u043e \u043f\u043e\u0434\u0433\u043e\u0442\u043e\u0432\u043a\u0435 \u043a 500\u2013\u043b\u0435\u0442\u0438\u044e \u0410\u043b\u0438\u0448\u0435\u0440\u0430 \u041d\u0430\u0432\u043e\u0438\u00a0 (\u0434\u043e\u0432\u043e\u0435\u043d\u043d\u044b\u0435 \u0433\u043e\u0434\u044b). \u0410\u0440\u0445\u0438\u0432\u0430 \u0432\u043e\u0441\u0442\u043e\u043a\u043e\u0432\u0435\u0434\u043e\u0432 \u0418\u0412\u0420 \u0420\u0410\u041d \u00ab\u042d\u0445\u043e \u0432\u0435\u043a\u043e\u0432\u00bb \u041a\u0430\u0437\u0430\u043d\u044c.2014 .\u2013 \u2116 2; \u041e \u043d\u0435\u0438\u0437\u0434\u0430\u043d\u043d\u043e\u0439 \u0441\u0442\u0430\u0442\u044c\u0435 \u0415. \u042d. \u0411\u0435\u0440\u0442\u0435\u043b\u044c\u0441\u0430 \u043f\u043e \u0438\u0437\u0443\u0447\u0435\u043d\u0438\u044e \u0442\u0432\u043e\u0440\u0447\u0435\u0441\u0442\u0432\u0430 \u0410\u043b\u0438\u0448\u0435\u0440\u0430 \u041d\u0430\u0432\u043e\u0438 (\u043d\u0430 \u043e\u0441\u043d\u043e\u0432\u0435 \u0430\u0440\u0445\u0438\u0432\u043d\u044b\u0445 \u0434\u0430\u043d\u043d\u044b\u0445 \u0418\u043d\u0441\u0442\u0438\u0442\u0443\u0442\u0430 \u0432\u043e\u0441\u0442\u043e\u0447\u043d\u044b\u0445 \u0440\u0443\u043a\u043e\u043f\u0438\u0441\u0435\u0439 \u0420\u0410\u041d). \u041c\u043e\u043b\u043e\u0434\u043e\u0439 \u0443\u0447\u0435\u043d\u044b\u0439. \u2013\u041f\u0435\u0440\u043c\u044c 2014.-\u0422\u043e\u043c.I; \u041e \u0440\u0443\u043a\u043e\u043f\u0438\u0441\u0435\u00a0\u00a0\u00a0 \u00ab\u0425\u043e\u0440\u0435\u0437\u043c\u043d\u0430\u043c\u0435\u00bb \u0438 \u043e\u0431\u00a0 \u0438\u0441\u0442\u043e\u0440\u0438\u044f \u0438\u0437\u0443\u0447\u0435\u043d\u0438\u044f \u0432\u00a0 \u0420\u043e\u0441\u0441\u0438\u0438 \u043d\u0430\u0447\u0430\u043b\u043e xx \u0432\u0435\u043a\u0430. \u041f\u0440\u043e\u0431\u043b\u0435\u043c\u044b \u0432\u043e\u0441\u0442\u043e\u043a\u043e\u0432\u0435\u0434\u0435\u043d\u0438\u044f \u2013\u0423\u0424\u0410 2014.-\u2116 2; \u0422\u044e\u0440\u043a\u0441\u043a\u0430\u044f \u043b\u0438\u0442\u0435\u0440\u0430\u0442\u0443\u0440\u0430 \u0432 \u0440\u043e\u0441\u0441\u0438\u0439\u0441\u043a\u043e\u043c \u0432\u043e\u0441\u0442\u043e\u043a\u043e\u0432\u0435\u0434\u0435\u043d\u0438\u0438 XX \u0432\u0435\u043a\u0430. \u0413\u0435\u0440\u043c\u0430\u043d\u0438\u044f. Saarbrucken.-\u00a0\u00a0 2014; Studying of the Uzbek classical literature in the Russian literary criticism\u00a0 of the XX century. Young Scientist USA. Vol.2.2015; Uzbek Classical Literature in Russian Science. Global Journal of Advanced Research. \u2212\u00a0 India, 2015. Vol-2, Issue-11; \u041a\u043e\u043c\u043f\u0430\u0440\u0430\u0442\u0438\u0432\u0438\u0441\u0442\u0438\u0447\u0435\u0441\u043a\u0438\u0435 \u0438\u0441\u0441\u043b\u0435\u0434\u043e\u0432\u0430\u043d\u0438\u044f \u0440\u043e\u0441\u0441\u0438\u0439\u0441\u043a\u0438\u0445 \u0432\u043e\u0441\u0442\u043e\u043a\u043e\u0432\u0435\u0434\u043e\u0432 XX \u0432\u0435\u043a\u0430. \u040e\u0437\u0431\u0435\u043a\u0438\u0441\u0442\u043e\u043d\u0434\u0430 \u0445\u043e\u0440\u0438\u0436\u0438\u0439\u00a0 \u0442\u0438\u043b\u043b\u0430\u0440, 2016;\u00a0 Studying of the Uzbek Classical Literature in the Russian Literary Criticism of the XX\u00a0\u00a0 Century. Young Scientist.\u2212 USA, 2016. Vol. 2; Studying of \u0410lisher Navoi\u00a0 in the _ussian oriental studies of the XX century. IJHEPS: International Research Journal of Humanities, Engineering, Pharmaceutical Sciences. \u2212Delhi, 2016. Vol-1\/ Issue -11\/ Year-5 \/ January \/ 2016; \u0421\u0430\u043d\u043a\u0442-\u041f\u0435\u0442\u0435\u0440\u0431\u0443\u0440\u0433\u00a0 \u043a\u0443\u0442\u0443\u0431\u0445\u043e\u043d\u0430\u043b\u0430\u0440\u0438\u0434\u0430\u0433\u0438\u00a0 \u0442\u0443\u0440\u043a\u0438\u0439-\u0430\u0434\u0430\u0431\u0438\u0439 \u043c\u0430\u043d\u0431\u0430\u043b\u0430\u0440 \u0445\u0443\u0441\u0443\u0441\u0438\u0434\u0430. \u0422\u0438\u043b \u0432\u0430 \u0430\u0434\u0430\u0431\u0438\u0451\u0442 \u0442\u0430\u044a\u043b\u0438\u043c\u0438. 2017. \u21167; \u0425\u043e\u0440\u0430\u0437\u043c \u0442\u0443\u0440\u043a\u0438\u0439-\u0430\u0434\u0430\u0431\u0438\u0439 \u043c\u0430\u043d\u0431\u0430\u043b\u0430\u0440\u0438 \u0442\u0430\u043b\u049b\u0438\u043d\u0438\u0434\u0430\u00a0 \u0438\u0436\u0442\u0438\u043c\u043e\u0438\u0439-\u0430\u0434\u0430\u0431\u0438\u0439 \u0441\u0438\u043d\u043a\u0440\u0435\u0442\u0438\u0437\u043c. \u0421\u045e\u0437 \u0441\u0430\u043d\u044a\u0430\u0442\u0438.\u0425\u0430\u043b\u043a\u0430\u0440\u043e \u0436\u0443\u0440\u043d\u0430\u043b. \u0422\u043e\u0448\u043a\u0435\u043d\u0442. 2018. \u2116 2;\u00a0 \u0422\u044e\u0440\u043a\u0441\u043a\u0438\u0435 \u044d\u0442\u044e\u0434\u044b \u0432 \u0440\u043e\u0441\u0441\u0438\u0439\u0441\u043a\u043e\u043c \u0432\u043e\u0441\u0442\u043e\u043a\u043e-\u0432\u0435\u0434\u0435\u043d\u0438\u0438 XX \u0432\u0435\u043a\u0430. \u0424\u0438\u043b\u043e\u043b\u043e\u0433\u0438\u044f \u043c\u0430\u0441\u0430\u043b\u0430\u043b\u0430\u0440\u0438. \u0422\u043e\u0448\u043a\u0435\u043d\u0442. \u21162. 2018; \u00ab\u041b\u0435\u0439\u043b\u0438 \u0438 \u041c\u0435\u0434\u0436\u043d\u0443\u043d\u00bb \u0432 \u0438\u043d\u0442\u0435\u0440\u043f\u0440\u0435\u0442\u0430\u0446\u0438\u0438 \u0415.\u042d.\u0411\u0435\u0440\u0442\u0435\u043b\u044c\u0441\u0430. \u0418\u043c\u0430\u0433\u043e\u043b\u043e\u0433\u0438\u044f \u0438 \u043a\u043e\u043c\u043f\u0430\u0440\u0430\u0442\u0438\u0432\u0438\u0441\u0442\u0438\u043a\u0430. SCOPUS,\u00a0 2018. \u21161; \u0420\u043e\u0441\u0441\u0438\u044f \u0444\u043e\u043d\u0434\u043b\u0430\u0440\u0438\u0434\u0430\u0433\u0438 \u0442\u0443\u0440\u043a\u0438\u0439-\u0430\u0434\u0430\u0431\u0438\u0439 \u049b\u045e\u043b\u0451\u0437\u043c\u0430\u043b\u0430\u0440. \u041c\u0435\u0440\u043e\u0441. \u0422\u043e\u0448\u043a\u0435\u043d\u0442. 2019; \u041b\u0438\u0442\u0435\u0440\u0430\u0442\u0443\u0440\u043d\u043e -\u044d\u0441\u0442\u0435\u0442\u0438\u0447\u0435\u0441\u043a\u0438\u0435 \u0432\u0437\u0433\u044f\u0434\u044b \u0432 \u044d\u043f\u0438\u0441\u0442\u043e\u043b\u044f\u0440\u043d\u044b\u0445 \u0438\u0441\u0442\u043e\u0447\u043d\u0438\u043a\u0430\u0445. \u0424\u0438\u043b\u043e\u043b\u043e\u0433\u0438\u044f \u043c\u0430\u0441\u0430\u043b\u0430\u043b\u0430\u0440\u0438. \u0422\u043e\u0448\u043a\u0435\u043d\u0442. \u21162. 2019; \u0421\u0440\u0435\u0434\u043d\u0435\u0430\u0437\u0438\u0430\u0442\u0441\u043a\u043e-\u0442\u044e\u0440\u043a\u0441\u043a\u0430\u044f \u043f\u043e\u044d\u0437\u0438\u044f \u0432 \u0440\u0443\u0441\u0441\u043a\u043e\u043c \u043b\u0438\u0442\u0435\u0440\u0430\u0442\u0443\u0440\u043e\u0432\u0435\u0434\u0435\u043d\u0438\u0438 \u043f\u0435\u0440\u0432\u043e\u0439 \u043f\u043e\u043b\u043e\u0432\u0438\u043d\u044b XX \u0432\u0435\u043a\u0430. XLIII \u043c\u0435\u0436\u0434\u0443\u043d\u0430\u0440\u043e\u0434\u043d\u0430\u044f \u0444\u0438\u043b\u043e\u043b\u043e\u0433\u0438\u0447\u0435\u0441\u043a\u0430\u044f \u043d\u0430\u0443\u0447\u043d\u0430\u044f \u043a\u043e\u043d\u0444\u0435\u0440\u0435\u043d\u0446\u0438\u044f.\u00a0 \u0421\u0430\u043d\u043a\u0442 \u041f\u0435\u0442\u0435\u0440\u0431\u0443\u0440\u0433, 2014;\u00a0\u00a0\u00a0\u00a0\u00a0 \u0428\u0430\u0440\u049b \u0446\u0438\u0432\u0438\u043b\u0438\u0437\u0430\u0446\u0438\u044f\u0441\u0438\u00a0\u00a0 \u0432\u0430\u00a0\u00a0 \u0425\u043e\u0440\u0430\u0437\u043c\u00a0 \u0430\u0434\u0430\u0431\u0438\u0439 \u043c\u0430\u043d\u0431\u0430\u043b\u0430\u0440\u0438. \u0420\u0435\u0441\u043f\u0443\u0431\u043b\u0438\u043a\u0430 \u0430\u043d\u0436\u0443\u043c\u0430\u043d\u0438. \u041c\u0430\u044a\u043c\u0443\u043d\u00a0 \u0430\u043a\u0430\u0434\u0435\u043c\u0438\u044f\u0441\u0438. \u0425\u0438\u0432\u0430, 2001, \u0441\u0435\u043d\u0442\u044f\u0431\u0440; \u00ab\u0425\u043e\u0440\u0435\u0437\u043c\u043d\u0430\u043c\u0435\u00bb\u00a0 &#8212;\u00a0 \u0442\u044e\u0440\u043a\u0441\u043a\u0430\u044f \u043b\u0438\u0440\u0438\u0447\u0435\u0441\u043a\u0430\u044f \u043f\u043e\u044d\u043c\u0430\u00a0 \u043a\u043e\u043d\u0446\u0430 XIX \u0432\u0435\u043a\u0430. \u00ab\u0421\u043b\u0430\u0432\u044f\u043d\u0441\u043a\u0438\u0435 \u0438 \u0442\u044e\u0440\u043a\u0441\u043a\u0438\u0435 \u044f\u0437\u044b\u043a\u0438\u00bb \u0420\u0435\u0441\u043f\u0443\u0431\u043b\u0438\u043a\u0430 \u0430\u043d\u0436\u0443\u043c\u0430\u043d\u0438 \u0423\u0437\u0414\u0416\u0422\u0423.\u00a0 \u0422\u043e\u0448\u043a\u0435\u043d\u0442, 2019.<\/p>\n<p>&nbsp;<\/p>\n","protected":false},"excerpt":{"rendered":"<p>Xalliyeva Gulnoz Iskandarovna Filologiya fanlari doktori, professor \u00a0\u00a0\u00a0\u00a0\u00a0\u00a0\u00a0\u00a0 Xalliyeva Gulnoz Iskandarovna 1974-yil Xorazm viloyatining Urganch shahrida tug\u02bbilgan. 1996-yil Urganch davlat universitetining o\u02bbzbek filologiyasi fakultetini tamomlagan. Filologiya fanlari nomzodi (2000), dotsent (2006), filologiya fanlari doktori (2016), professor (2020). Mehnat faoliyatini 1996-yildan Urganch davlat universitetining o\u02bbzbek mumtoz adabiyoti kafedrasida boshlagan. 2014-yildan O\u02bbzbekiston davlat jahon tillari universiteti \u201cJahon [&hellip;]<\/p>\n","protected":false},"author":1,"featured_media":0,"parent":0,"menu_order":0,"comment_status":"closed","ping_status":"closed","template":"","meta":{"footnotes":""},"class_list":["post-379","page","type-page","status-publish","hentry"],"_links":{"self":[{"href":"https:\/\/janubiyorol.uz\/ru\/wp-json\/wp\/v2\/pages\/379","targetHints":{"allow":["GET"]}}],"collection":[{"href":"https:\/\/janubiyorol.uz\/ru\/wp-json\/wp\/v2\/pages"}],"about":[{"href":"https:\/\/janubiyorol.uz\/ru\/wp-json\/wp\/v2\/types\/page"}],"author":[{"embeddable":true,"href":"https:\/\/janubiyorol.uz\/ru\/wp-json\/wp\/v2\/users\/1"}],"replies":[{"embeddable":true,"href":"https:\/\/janubiyorol.uz\/ru\/wp-json\/wp\/v2\/comments?post=379"}],"version-history":[{"count":1,"href":"https:\/\/janubiyorol.uz\/ru\/wp-json\/wp\/v2\/pages\/379\/revisions"}],"predecessor-version":[{"id":381,"href":"https:\/\/janubiyorol.uz\/ru\/wp-json\/wp\/v2\/pages\/379\/revisions\/381"}],"wp:attachment":[{"href":"https:\/\/janubiyorol.uz\/ru\/wp-json\/wp\/v2\/media?parent=379"}],"curies":[{"name":"wp","href":"https:\/\/api.w.org\/{rel}","templated":true}]}}