{"id":401,"date":"2025-12-10T14:55:44","date_gmt":"2025-12-10T09:55:44","guid":{"rendered":"https:\/\/janubiyorol.uz\/?page_id=401"},"modified":"2025-12-10T14:56:03","modified_gmt":"2025-12-10T09:56:03","slug":"sapayeva-feruza-davlatovna","status":"publish","type":"page","link":"https:\/\/janubiyorol.uz\/ru\/sapayeva-feruza-davlatovna","title":{"rendered":"Sapayeva Feruza Davlatovna"},"content":{"rendered":"<p><a href=\"http:\/\/janubiyorol.uz\/wp-content\/uploads\/2025\/12\/Sapayeva-Feruza-Davlatovna.jpg\"><img loading=\"lazy\" decoding=\"async\" class=\"aligncenter size-medium wp-image-402\" src=\"http:\/\/janubiyorol.uz\/wp-content\/uploads\/2025\/12\/Sapayeva-Feruza-Davlatovna-213x300.jpg\" alt=\"\" width=\"213\" height=\"300\" srcset=\"https:\/\/janubiyorol.uz\/wp-content\/uploads\/2025\/12\/Sapayeva-Feruza-Davlatovna-213x300.jpg 213w, https:\/\/janubiyorol.uz\/wp-content\/uploads\/2025\/12\/Sapayeva-Feruza-Davlatovna.jpg 320w\" sizes=\"auto, (max-width: 213px) 100vw, 213px\" \/><\/a><\/p>\n<p style=\"text-align: center;\"><span style=\"font-size: 14pt;\"><strong>Sapayeva Feruza Davlatovna<\/strong><\/span><\/p>\n<p>Sapayeva Feruza Davlatovna 1977-j\u0131l\u0131 Qaraqalpaqstan Respublikas\u0131n\u0131\u0144 T\u00f3rtk\u00fal rayon\u0131nda z\u0131yal\u0131lar sha\u0144ara\u01f5\u0131nda tuw\u0131l\u01f5an. Milleti \u00f3zbek. Ma\u01f5l\u0131wmat\u0131 \u2013 joqar\u0131. 1999-j\u0131l\u0131 Berdaq at\u0131nda\u01f5\u0131 Qaraqalpaq m\u00e1mleketlik universitetini\u0144 Filologiya fakultetin tab\u0131sl\u0131 tamamla\u01f5an, q\u00e1nigeligi filolog, \u00f3zbek tili h\u00e1m \u00e1debiyat\u0131 p\u00e1ni oq\u0131t\u0131wsh\u0131s\u0131. Professor, filologiya ilimleri boy\u0131nsha filosofiya doktor\u0131 (PhD).<\/p>\n<p>F.D.Sapayevan\u0131\u0144 pedagogl\u0131q is t\u00e1jiriybesi 26 j\u0131l. Ol miynet jol\u0131n Beruniy rayon\u0131nda\u01f5\u0131 13-sanl\u0131 ul\u0131wma bilim beriw mektebinde \u00f3zbek tili h\u00e1m \u00e1debiyat\u0131 p\u00e1ni mu\u01f5allimi s\u0131pat\u0131nda basla\u01f5an. 2000-j\u0131ldan Beruniy qur\u0131l\u0131s h\u00e1m kommunal xojal\u0131\u01f5\u0131 k\u00e1sip-\u00f3ner kolledjinde \u00f3zbek tili h\u00e1m \u00e1debiyat\u0131 p\u00e1ni oq\u0131t\u0131wsh\u0131s\u0131 waz\u0131ypas\u0131nda islegen.\u00a0 2005-j\u0131l 2-sentyabrden \u00c1jiniyaz at\u0131nda\u01f5\u0131 N\u00f3kis m\u00e1mleketlik pedagogikal\u0131q institut\u0131 \u00d3zbek tili h\u00e1m \u00e1debiyat\u0131 kafedras\u0131nda assistent oq\u0131t\u0131wsh\u0131, 2017-j\u0131l 4-sentyabrden \u00d3zbek \u00e1debiyat\u0131 kafedras\u0131nda a\u01f5a oq\u0131t\u0131wsh\u0131, 2019-j\u0131l 1-aprelden \u00d3zbek \u00e1debiyat\u0131 kafedras\u0131 docenti waz\u0131ypas\u0131n atqar\u0131wsh\u0131, 2020-j\u0131l 30-iyun s\u00e1nesinen \u00d3zbek \u00e1debiyat\u0131 kafedras\u0131 docenti, 2024-j\u0131l 6-aprelden \u00d3zbek \u00e1debiyat\u0131 kafedras\u0131 professor\u0131 waz\u0131ypas\u0131nda jum\u0131s al\u0131p barmaqta.<\/p>\n<p>H\u00e1zirgi k\u00fande F.D.Sapayeva T\u00farkiy tiller fakulteti Ke\u0144esini\u0144 a\u01f5zas\u0131, T\u00farkiy tiller fakulteti ilimiy isler boy\u0131nsha dekan or\u0131nbasar\u0131 s\u0131pat\u0131nda belsendi h\u00e1m talapsha\u0144, birneshe ruwx\u0131y-a\u01f5art\u0131wsh\u0131l\u0131q ilajlar, ilimiy-\u00e1debiy diskussiyal\u0131q d\u00f3gerek s\u00e1wbetleri, ilimiy-metodikal\u0131q seminar-treninglerdi fakultet h\u00e1m institut k\u00f3leminde sh\u00f3lkemlestiriwde jank\u00fayer sh\u00f3lkemlestiriwshi. Sonday-aq, fakultet J\u00e1miyetshilik Ke\u0144esi basl\u0131\u01f5\u0131n\u0131\u0144 or\u0131nbasar\u0131 s\u0131pat\u0131nda da intaker. Ol izleniwshe\u0144, ja\u0144al\u0131qqa umt\u0131l\u0131wsh\u0131 h\u00e1m maman q\u00e1nige s\u0131pat\u0131nda jank\u00fayer ustaz, \u00f3zine j\u00faklengen taps\u0131rmalard\u0131 juwapkershilik penen or\u0131nlaytu\u01f5\u0131n, h\u00e1rbir jum\u0131sqa juwapkershilik sezimi menen jantasatu\u01f5\u0131n, \u00f3z k\u00e1sibini\u0144 sheberi. Ustaz s\u0131pat\u0131nda t\u00e1lim-t\u00e1rbiya jum\u0131slar\u0131n sh\u00f3lkemlestiriw, studentler menen n\u00e1tiyjeli jum\u0131s al\u0131p bar\u0131w arqal\u0131 ab\u0131ray-m\u00e1rtebege iye bold\u0131. Sabaqlar\u0131n studentlerdi\u0144 d\u00e1rejesine, q\u0131z\u0131\u01f5\u0131wsh\u0131l\u0131qlar\u0131na s\u00e1ykes sh\u00f3lkemlestiriwge, lekciyalar\u0131n bay\u0131t\u0131p bar\u0131w\u01f5a, oq\u0131t\u0131wd\u0131\u0144 ja\u0144a us\u0131llar\u0131n engiziwge umt\u0131lad\u0131. Atap aytqanda, oq\u0131w-t\u00e1rbiya jum\u0131slar\u0131n sh\u00f3lkemlestiriwde zamanag\u00f3y us\u0131l h\u00e1m ja\u0144a pedagogikal\u0131q texnologiyalardan paydalanad\u0131. Ol institut, fakultet h\u00e1m kafedran\u0131\u0144 sh\u00f3lkemlestiriwshilik-metodikal\u0131q taraw\u0131nda\u01f5\u0131 jum\u0131slar\u0131nda, sonday-aq Respublikal\u0131q h\u00e1m Xal\u0131qaral\u0131q ilimiy-teoriyal\u0131q konferenciyalarda belsene qatnasad\u0131.<\/p>\n<p>Ol 2017-j\u0131l may ay\u0131nda NMPI k\u00f3leminde \u00f3tkerilgen \u201cJoqar\u0131 oq\u0131w orn\u0131n\u0131\u0144 e\u0144 jaqs\u0131 pedagog\u0131\u201d ta\u0144law\u0131n\u0131\u0144 \u201cE\u0144 jaqs\u0131 izertlewshi-pedagog\u201d nominaciyas\u0131 boy\u0131nsha s\u0131yl\u0131 2-or\u0131nd\u0131 al\u0131p, adminstraciya t\u00e1repinen arnawl\u0131 sertifikat penen s\u0131yl\u0131qland\u0131.<\/p>\n<p>Sonday-aq, ol 2021-j\u0131l\u0131 ul\u0131wma respublikal\u0131q k\u00f3lemde sh\u00f3lkemlestirilgen \u201cJoqar\u0131 oq\u0131w orn\u0131n\u0131\u0144 e\u0144 jaqs\u0131 pedagog\u0131\u201d ta\u0144law\u0131n\u0131\u0144 je\u0144impaz\u0131 bold\u0131.<\/p>\n<p>2007-j\u0131l sentyabr ay\u0131nda \u00d3zMU jan\u0131nda\u01f5\u0131 Joqar\u0131 pedagogika institut\u0131nda \u201c\u00d3zbek \u00e1debiyat\u0131\u201d kurs\u0131 boy\u0131nsha, 2008-j\u0131l aprel-may aylar\u0131nda Qaraqalpaq m\u00e1mleketlik universiteti jan\u0131nda\u01f5\u0131 q\u00e1nigeligin artt\u0131r\u0131w oray\u0131nda \u201cPedagogikal\u0131q sheberlik h\u00e1m m\u00e1deniyat\u201d kurs\u0131 boy\u0131nsha, 2012-j\u0131l oktyabr-noyabr aylar\u0131nda \u00d3zMU jan\u0131nda\u01f5\u0131 Joqar\u0131 pedagogika institut\u0131nda \u201c\u00d3zbek tili h\u00e1m \u00e1debiyat\u0131\u201d kurs\u0131 boy\u0131nsha, 2017-j\u0131l mart-aprel aylar\u0131nda \u00c1liysher Naway\u0131 at\u0131nda\u01f5\u0131 Tashkent m\u00e1mleketlik \u00f3zbek tili h\u00e1m \u00e1debiyat\u0131 universiteti jan\u0131nda\u01f5\u0131 pedagog kadrlard\u0131 qayta tayarlaw h\u00e1m olard\u0131\u0144 mamanl\u0131\u01f5\u0131n artt\u0131r\u0131w oray\u0131nda \u201cFilologiya h\u00e1m tillerdi oq\u0131t\u0131w\u201d kurs\u0131 boy\u0131nsha q\u00e1nigeligin artt\u0131rd\u0131. 2020-j\u0131l aprel-may aylar\u0131nda da (aral\u0131qtan onlayn oq\u0131w kurs\u0131nda alternativ t\u0131\u0144lawsh\u0131 s\u0131pat\u0131nda) \u00c1liysher Naway\u0131 at\u0131nda\u01f5\u0131 Tashkent m\u00e1mleketlik \u00f3zbek tili h\u00e1m \u00e1debiyat\u0131 universiteti jan\u0131nda\u01f5\u0131 pedagog kadrlard\u0131 qayta tayarlaw h\u00e1m olard\u0131\u0144 mamanl\u0131\u01f5\u0131n artt\u0131r\u0131w oray\u0131nda 36 saatqa m\u00f3lsherlengen \u201c\u00d3zbek filologiyas\u0131: \u00f3zbek \u00e1debiyat\u0131\u201d kurs\u0131 boy\u0131nsha mamanl\u0131\u01f5\u0131n artt\u0131r\u0131p, \u00f3zini\u0144 ilimiy jum\u0131s\u0131 boy\u0131nsha 2020-j\u0131l 19-may s\u00e1nesinde (zoom konferenciyas\u0131 arqal\u0131) tab\u0131sl\u0131 prezentaciyan\u0131 \u00e1melge as\u0131rd\u0131. Sonday-aq, F.D.Sapayeva 2023-j\u0131l noyabr ay\u0131nda \u00c1liysher Naway\u0131 at\u0131nda\u01f5\u0131 Tashkent m\u00e1mleketlik \u00f3zbek tili h\u00e1m \u00e1debiyat\u0131 universiteti jan\u0131nda\u01f5\u0131 pedagog kadrlard\u0131 qayta tayarlaw h\u00e1m olard\u0131\u0144 mamanl\u0131\u01f5\u0131n artt\u0131r\u0131w oray\u0131nda \u201c\u00d3zbek filologiyas\u0131: \u00f3zbek \u00e1debiyattan\u0131w\u0131\u201d kurs\u0131 boy\u0131nsha da tab\u0131sl\u0131 t\u00e1jiriybesin artt\u0131rd\u0131.<\/p>\n<p>T\u00fark, rus h\u00e1m nemis tillerin biledi.<\/p>\n<p>F.D.Sapayeva so\u0144\u01f5\u0131 \u00fash j\u0131l ishinde 3 oq\u0131w qollanba, 2 monografiya, sonnan 1 s\u0131rt elde (Germaniya) 1 s\u00f3zlik qollanba (kitap), 39 (j\u00e1mi 129) ilimiy maqala h\u00e1m tezisler engizdi. 2021-2023-j\u0131llar\u0131 dissertaciya temas\u0131 boy\u0131nsha Respublikal\u0131q h\u00e1m s\u0131rt el baspas\u00f3zlerinde 10 nan aslam, son\u0131\u0144 ishinde, AQSh, Germaniya, Hindstan, Ukraina, Ispaniya m\u00e1mleketlerinde ilimiy maqala h\u00e1m tezisleri j\u00e1riyalan\u01f5an.<\/p>\n<p>F.Sapayeva institut professor-oq\u0131t\u0131wsh\u0131lar\u0131 h\u00e1m studentleri aras\u0131nda ab\u0131rayl\u0131, kishipeyil, tuwr\u0131 s\u00f3zli, k\u00e1sipleslerine biy\u01f5\u00e1rez j\u00e1rdem beredi, \u00f3zini\u0144 erkin pikirlerine iye. Ol Respublika h\u00e1m institut k\u00f3lemindegi siyasiy, t\u00e1rbiyal\u0131q, ruwx\u0131y-a\u01f5art\u0131wsh\u0131l\u0131q h\u00e1m j\u00e1miyetlik jum\u0131slarda belsene qatnasad\u0131. 2021-2023-oq\u0131w j\u0131l\u0131n\u0131\u0144 \u00f3zinde respublikam\u0131z bilimlendiriw m\u00e1kemelerinde \u201cSheberlik mektebi\u201d seminarlar\u0131nda ash\u0131q sabaqlar sh\u00f3lkemlestiriwge eristi.<\/p>\n<p>Sonday-aq, xal\u0131qaral\u0131q birge islesiwdi k\u00fasheytiw boy\u0131nsha joqar\u0131 reytingke iye s\u0131rt el joqar\u0131 oq\u0131w or\u0131nlar\u0131 menen islep, 2023-j\u0131l 15-aprel k\u00fani T\u00farkiya Respublikas\u0131 Ankara universiteti Til h\u00e1m tariyx-geografiya fakulteti Tuw\u0131sqan T\u00fark dialektleri h\u00e1m \u00e1debiyatlar\u0131 b\u00f3limi studentleri h\u00e1m professor-oq\u0131t\u0131wsh\u0131lar\u0131 ush\u0131n \u201cMaqt\u0131mqul\u0131 sh\u0131\u01f5armalar\u0131 awdarmalar\u0131n\u0131\u0144 sal\u0131st\u0131rmal\u0131 analizi\u201d temas\u0131nda (onlayn) seminar sh\u00f3lkemlestirdi.<\/p>\n<p>Joybarlar she\u0144berinde t\u00f3mendegi ilimiy n\u00e1tiyjelerdi al\u0131w\u01f5a eristi:<\/p>\n<p>Respublika h\u00e1m s\u0131rt ellerde bas\u0131p sh\u0131\u01f5ar\u0131l\u01f5an ilimiy maqala h\u00e1m monografiyalar\u0131, k\u00f3plegen awdarma teoriyas\u0131 h\u00e1m \u00e1debiyattan\u0131wd\u0131\u0144 \u00e1hmiyetli m\u00e1selelerine ba\u01f5\u0131shlan\u01f5an ilimiy-izertlew jum\u0131slar\u0131, atap aytqanda, \u201cAwdarmash\u0131l\u0131q: tekst h\u00e1m sheberlik\u201d oq\u0131w qollanbas\u0131 (Tashkent. 10 b.t.), \u201cMaqt\u0131mqul\u0131 sh\u0131\u01f5armalar\u0131 awdarmalar\u0131n\u0131\u0144 sal\u0131st\u0131rmal\u0131 analizi\u201d monografiyas\u0131 (Tashkent. 10.b.t.) \u00d3zbekstan Respublikas\u0131 Ilimler akademiyas\u0131 Qaraqalpaqstan b\u00f3limi Qaraqalpaq gumanitar ilimiy-izertlew institut\u0131nda \u00e1melge as\u0131r\u0131l\u01f5an FA-F-1-005 &#171;Qaraqalpaq folklor\u0131 h\u00e1m \u00e1debiyattan\u0131w tariyx\u0131n izertlew&#187; (2017-2020) fundamental izertlew joybar\u0131n jarat\u0131wda \u00e1hmiyetli teoriyal\u0131q h\u00e1m \u00e1meliy d\u00e1rek s\u0131pat\u0131nda paydalan\u0131ld\u0131.<\/p>\n<p>\u00d3zbekstan Respublikas\u0131 Ilimler akademiyas\u0131 Abu Rayxan Beruniy at\u0131nda\u01f5\u0131 Sh\u0131\u01f5\u0131stan\u0131w institut\u0131n\u0131\u0144 qoljazbalar fond\u0131nda saqlan\u0131p at\u0131r\u01f5an Maqt\u0131mqul\u0131 qos\u0131qlar\u0131n \u00f3z ishine al\u01f5an segiz qoljazba boy\u0131nsha ilimiy baqlawlardan, son\u0131\u0144 ishinde, 3380-1 sanl\u0131 qoljazba\u01f5a Maqt\u0131mqul\u0131n\u0131\u0144 bir j\u00faz jigirma to\u01f5\u0131z qos\u0131\u01f5\u0131, 5341-111 sanl\u0131 qoljazba\u01f5a ot\u0131z alt\u0131, 35-sanl\u0131 qoljazba\u01f5a eki j\u00faz ot\u0131z bes, 1667-sanl\u0131 qoljazba\u01f5a j\u00faz, 2626-sanl\u0131 qoljazba\u01f5a bolsa j\u00fazge shamalas qos\u0131\u01f5\u0131 bar ekenligi h\u00e1m qoljazbalard\u0131\u0144 \u00f3zine t\u00e1n tekstlik \u00f3zgeshelikleri haqq\u0131nda\u01f5\u0131 n\u00e1tiyjeler menen IZ-2020102832 sanl\u0131 \u201cEvropa fondlar\u0131nda saqlan\u0131p at\u0131r\u01f5an, \u00d3zbekstanda joq t\u00farkiy qoljazbalard\u0131\u0144 ma\u01f5l\u0131wmatlar bazas\u0131n h\u00e1m \u201cEvroturcologica.uz\u201d elektron platformas\u0131n jarat\u0131w\u201d atamas\u0131nda\u01f5\u0131 innovaciyal\u0131q joybard\u0131 \u00e1melge as\u0131r\u0131w procesinde ilimiy izertlew jum\u0131slar\u0131 n\u00e1tiyjelerinen paydalan\u0131ld\u0131.<\/p>\n<p>F.D.Sapayeva \u01f5\u00e1rezsiz \u00d3zbekstan\u0131m\u0131zd\u0131\u0144 jank\u00fayer perzenti bol\u0131p, m\u00e1mleketimiz keleshegi jaslard\u0131\u0144 qol\u0131nda ekenligin, on\u0131\u0144 keleshegi ush\u0131n t\u0131n\u0131ms\u0131z izleniw, miynet etiw kerekligin b\u00e1rqulla j\u00farekten sezinip jasayd\u0131. On\u0131\u0144 ilimiy izertlewleri, potencial\u0131, al\u01f5a qoy\u01f5an ideyalar\u0131 j\u00e1miyetti\u0144 rawajlan\u0131w\u0131 ush\u0131n m\u00fan\u00e1sip x\u0131zmet etedi. Ilimde ja\u0144al\u0131q jarat\u0131w, izleniw, mashaqattan qashpaw, al\u01f5a bar\u0131w \u2013 on\u0131\u0144 iygilikli maqseti.<\/p>\n<p>Sapayeva Feruza Davlatovna izleniwshe\u0144, \u00f3z jum\u0131s\u0131na b\u00e1rqulla juwapkershilik penen jantasatu\u01f5\u0131n, talapsha\u0144 bol\u0131w\u0131 menen birge joqar\u0131 m\u00e1deniyatl\u0131 insan\u0131y paz\u0131yletlerge iye shaxs esaplanad\u0131.<\/p>\n<p>Sha\u0144araql\u0131, 2 perzentti\u0144 anas\u0131.<\/p>\n<p>Ilimde ja\u0144al\u0131q jarat\u0131w, izleniw, mashaqattan qashpaw, al\u01f5a bar\u0131w \u2013 ull\u0131 maqseti.<\/p>\n<p>&nbsp;<\/p>\n<p>\u00day adresi:<\/p>\n<p>Qaraqalpaqstan Respublikas\u0131. N\u00f3kis qalas\u0131. \u201cAyd\u0131n jol\u201d MPJ. \u00c1wmetli k\u00f3shesi, 9-jay.<\/p>\n<p>\u00day telefon\u0131: 224-52-31,<\/p>\n<p>uyal\u0131 telefon\u0131: (+99897) 355-05-03.<\/p>\n<p><em>E-mail: <u><a href=\"mailto:feruzasapayeva86@gmail.com\">feruzasapayeva86@gmail.com<\/a><\/u><\/em><\/p>\n<p>&nbsp;<\/p>\n<div id=\"simple-translate\" class=\"simple-translate-system-theme\">\n<div>\n<div class=\"simple-translate-button isShow\" style=\"background-image: url('chrome-extension:\/\/ibplnjkanclpjokhdolnendpplpjiace\/icons\/512.png'); height: 22px; width: 22px; top: 371px; left: 953px;\"><\/div>\n<div class=\"simple-translate-panel \" style=\"width: 300px; height: 200px; top: 0px; left: 0px; font-size: 13px;\">\n<div class=\"simple-translate-result-wrapper\" style=\"overflow: hidden;\">\n<div class=\"simple-translate-move\" draggable=\"true\"><\/div>\n<div class=\"simple-translate-result-contents\">\n<p class=\"simple-translate-candidate\" dir=\"auto\">\n<\/div>\n<\/div>\n<\/div>\n<\/div>\n<\/div>\n","protected":false},"excerpt":{"rendered":"<p>Sapayeva Feruza Davlatovna Sapayeva Feruza Davlatovna 1977-j\u0131l\u0131 Qaraqalpaqstan Respublikas\u0131n\u0131\u0144 T\u00f3rtk\u00fal rayon\u0131nda z\u0131yal\u0131lar sha\u0144ara\u01f5\u0131nda tuw\u0131l\u01f5an. Milleti \u00f3zbek. Ma\u01f5l\u0131wmat\u0131 \u2013 joqar\u0131. 1999-j\u0131l\u0131 Berdaq at\u0131nda\u01f5\u0131 Qaraqalpaq m\u00e1mleketlik universitetini\u0144 Filologiya fakultetin tab\u0131sl\u0131 tamamla\u01f5an, q\u00e1nigeligi filolog, \u00f3zbek tili h\u00e1m \u00e1debiyat\u0131 p\u00e1ni oq\u0131t\u0131wsh\u0131s\u0131. Professor, filologiya ilimleri boy\u0131nsha filosofiya doktor\u0131 (PhD). F.D.Sapayevan\u0131\u0144 pedagogl\u0131q is t\u00e1jiriybesi 26 j\u0131l. Ol miynet jol\u0131n Beruniy rayon\u0131nda\u01f5\u0131 [&hellip;]<\/p>\n","protected":false},"author":1,"featured_media":0,"parent":0,"menu_order":0,"comment_status":"closed","ping_status":"closed","template":"","meta":{"footnotes":""},"class_list":["post-401","page","type-page","status-publish","hentry"],"_links":{"self":[{"href":"https:\/\/janubiyorol.uz\/ru\/wp-json\/wp\/v2\/pages\/401","targetHints":{"allow":["GET"]}}],"collection":[{"href":"https:\/\/janubiyorol.uz\/ru\/wp-json\/wp\/v2\/pages"}],"about":[{"href":"https:\/\/janubiyorol.uz\/ru\/wp-json\/wp\/v2\/types\/page"}],"author":[{"embeddable":true,"href":"https:\/\/janubiyorol.uz\/ru\/wp-json\/wp\/v2\/users\/1"}],"replies":[{"embeddable":true,"href":"https:\/\/janubiyorol.uz\/ru\/wp-json\/wp\/v2\/comments?post=401"}],"version-history":[{"count":3,"href":"https:\/\/janubiyorol.uz\/ru\/wp-json\/wp\/v2\/pages\/401\/revisions"}],"predecessor-version":[{"id":405,"href":"https:\/\/janubiyorol.uz\/ru\/wp-json\/wp\/v2\/pages\/401\/revisions\/405"}],"wp:attachment":[{"href":"https:\/\/janubiyorol.uz\/ru\/wp-json\/wp\/v2\/media?parent=401"}],"curies":[{"name":"wp","href":"https:\/\/api.w.org\/{rel}","templated":true}]}}