{"id":432,"date":"2025-12-10T15:07:32","date_gmt":"2025-12-10T10:07:32","guid":{"rendered":"https:\/\/janubiyorol.uz\/?page_id=432"},"modified":"2025-12-10T15:07:32","modified_gmt":"2025-12-10T10:07:32","slug":"gulistan-annaklicheva","status":"publish","type":"page","link":"https:\/\/janubiyorol.uz\/ru\/gulistan-annaklicheva","title":{"rendered":"Gulistan Annaklicheva"},"content":{"rendered":"<p style=\"text-align: center;\"><strong>Gulistan Annaklicheva<\/strong><\/p>\n<p><strong>\u00a0<\/strong><\/p>\n<p><strong>\u00a0\u00a0\u00a0\u00a0\u00a0\u00a0\u00a0\u00a0 <\/strong>Annaklicheva Gulistan Axmedovna 1983-j\u0131l\u0131 \u201c\u00d3zbekstan Respublikas\u0131na x\u0131zmet k\u00f3rsetken m\u00e1deniyat x\u0131zmetkeri\u201d h\u00farmetli ata\u01f5\u0131 h\u00e1m 2016-j\u0131l\u0131 \u201cFidokorona xizmatlari uchun\u201d, 2023-j\u0131l\u0131 \u201cMehnat shuhrati\u201d ordenleri menen s\u0131yl\u0131qlan\u01f5an.<\/p>\n<p>Miynet staj\u0131 61 j\u0131l.<\/p>\n<p>\u201cQaraqalpaq \u00e1debiyat\u0131\u201d gazetas\u0131n\u0131\u0144 juwapl\u0131 redaktor\u0131 s\u0131pat\u0131nda 2025-j\u0131ldan berli islep kelmekte.<\/p>\n<p>G.Annaklicheva \u00f3zini\u0144 jurnalistlik jum\u0131s\u0131n oq\u0131wsh\u0131 j\u0131llar\u0131nan T\u00f3rtk\u00fal rayon\u0131 jergilikli radioesittiriwlerinde sheshenlikten basla\u01f5an.<\/p>\n<p>G.Annaklicheva 1980\u20131982 h\u00e1m 1982\u20131984-j\u0131llarda xal\u0131q deputatlar\u0131 T\u00f3rtk\u00fal qalal\u0131q h\u00e1m rayonl\u0131q ke\u0144esini\u0144 deputat\u0131, 1984\u20132015-j\u0131llar dawam\u0131nda, 6 shaq\u0131r\u0131qta Qaraqalpaqstan Respublikas\u0131 Joqar\u01f5\u0131 Ke\u0144esine, 2005\u20132010-j\u0131llarda \u00d3zbekstan Respublikas\u0131 N\u0131zamsh\u0131l\u0131q Palatas\u0131na deputat h\u00e1m 2015\u20132024-j\u0131llarda 2 shaq\u0131r\u0131qta \u00d3zbekstan Respublikas\u0131 Oliy Majlisi Senat\u0131n\u0131\u0144 a\u01f5zas\u0131 etip saylan\u0131p, parlament iskerligin jetilistiriwde \u00falken t\u00e1jiriybe topla\u01f5an. 45 j\u0131ldan berli \u00fazliksiz deputat bol\u0131p saylan\u0131p kelgen.<\/p>\n<p><strong>G.Annaklicheva k\u00f3p q\u0131rl\u0131 d\u00f3retiwshi h\u00e1m joqar\u0131 t\u00e1jiriybeli jurnalist s\u0131pat\u0131nda m\u00e1mleketimizde \u00e1melge as\u0131r\u0131l\u0131p at\u0131r\u01f5an ke\u0144 k\u00f3lemli reformalard\u0131\u0144 mazmun-m\u00e1nisin h\u00e1m qol\u01f5a kirgizilip at\u0131r\u01f5an \u00falken jetiskenliklerdi xal\u0131q aras\u0131nda \u00fagit-n\u00e1siyatlaw, jaslard\u0131 watans\u00fayiwshilik ruwx\u0131nda t\u00e1rbiyalaw ba\u01f5dar\u0131nda n\u00e1tiyjeli d\u00f3retiwshilik etip kelmekte.<\/strong><\/p>\n<p>On\u0131\u0144 d\u00f3retiwshiligi, \u00e1sirese, \u01f5\u00e1rezsizlik j\u0131llar\u0131nda joqar\u0131 basq\u0131shqa k\u00f3terilip, \u00f3z sh\u0131\u01f5armalar\u0131nda eldi\u0144 t\u0131n\u0131shl\u0131\u01f5\u0131, ana Watan\u01f5a muhabbat, milliy maqtan\u0131sh sezimlerin joqar\u0131 k\u00f3rkem sheberlik penen s\u00e1wlelendirgen jarq\u0131n d\u00f3retiwshi s\u0131pat\u0131nda elimiz \u00e1debiy j\u00e1miechiligi aras\u0131nda h\u00farmet-itibar\u01f5a erisken.<\/p>\n<p>G.Annaklicheva m\u00e1mleketimizdi\u0144 \u201cM\u00e1deniy esteliklerdi al\u0131p kiriw h\u00e1m al\u0131p sh\u0131\u01f5\u0131w haqq\u0131nda\u201d\u01f5\u0131 h\u00e1m us\u0131 tarawda\u01f5\u0131 basqa da n\u0131zamlar boy\u0131nsha xal\u0131qaral\u0131q huq\u0131q normalar\u0131n tere\u0144 \u00fayrenip, us\u0131 n\u0131zam\u01f5a bir qatar \u00f3zgerisler h\u00e1m qos\u0131mshalar kirgizip, us\u0131n\u0131slar\u0131n bergen h\u00e1m us\u0131 tarawda\u01f5\u0131 n\u0131zamlar qab\u0131l etiliwinde belsene qatnasqan.<\/p>\n<p>Jaz\u0131wsh\u0131n\u0131\u0144 q\u00e1lemine tiyisli sh\u0131\u01f5armalar\u0131n kitapqumarlar q\u0131z\u0131\u01f5\u0131wsh\u0131l\u0131q penen oq\u0131yd\u0131. On\u0131\u0144 Tashkent h\u00e1m N\u00f3kiste 37 kitab\u0131 \u00f3zbek, qaraqalpaq, rus tillerinde \u2013 son\u0131\u0144 ishinde \u201cHayajonning yetti rangi\u201d (1982), \u201cOydin ostona\u201d (1983), \u201cSevib qolsin\u201d (1985), \u201cDaryoga botayotgan quyosh\u201d (1998), \u201cIzlaganlarim\u201d (2002),\u00a0 \u201cOybaldoq\u201d (2001), \u201cMuhabbat yurti\u201d (2002), \u201cOta uyim\u201d (2015), \u201cUyg\u2018onish nashidasi\u201d (2016), \u201cGuloyim\u201d (2017), \u201cSaylanma\u201d 3 tomlik (2018), \u201cSenga o\u2018xshagim kelar\u201d (2019) \u201cQaraqalpaqstan\u201d baspas\u0131nda \u201cBaxt keltirgan bahor\u201d (1979),\u00a0 \u201c\u0417\u0435\u043c\u043b\u044f \u043e\u0442\u0446\u043e\u0432\u201d (1986), \u201cJ\u00farek penen j\u00fazbe j\u00faz\u201d (1987),\u00a0 \u201cNurl\u0131 jollar\u201d (1988), \u201c\u041f\u0440\u0435\u043a\u0440\u0430\u0441\u043d\u043e\u0435 \u0447\u0443\u0432\u0441\u0442\u0432\u043e\u201d (1989), \u201cAytgin menga To\u2018rtko\u2018l haqida\u201d (1993), \u201cMen sen uchun yashayapman\u201d (1993), \u201c\u00c1miw ja\u01f5as\u0131nda \u00f3sken bayterek\u201d (1994), \u201cIntizarliq\u201d (1995), \u201cYo\u2018llaringga chiqdim\u201d (1997), \u201cQalb zuraati\u201d (2004), \u201cQaytmoq uchun ketmoqdaman\u201d\u00a0(2007), \u201cVatan ruhi\u201d (2011), \u201c\u0418\u0437\u0431\u0440\u0430\u043d\u043d\u043e\u0435. 1-2 \u0442\u043e\u043c\u201d, \u201cSaz saltanat\u0131n\u0131\u0144 s\u00e1rdar\u0131\u201d (2017), \u201cGuldaste\u201d (2018), \u00abJa\u0144alan\u01f5an Qaraqalpaq diyar\u0131m\u00bb (2020), \u201cMaxtimquli. I-II tomlik\u201d, \u201cKo\u2018ksimdagi nur\u201d (2022), \u201cQoraqalpoq kengliklarida\u201d (2023), \u201cQismat qissalari\u201d (2024) s\u0131yaql\u0131 poeziyal\u0131q h\u00e1m prozal\u0131q sh\u0131\u01f5armalar\u0131 zaman ruwx\u0131, \u01f5\u00e1rezsizlik ideyalar\u0131, elimizdi\u0144 tariyx\u0131, xalq\u0131m\u0131zd\u0131\u0144 d\u00f3retiwshilik, qur\u0131l\u0131s miynetleri, \u00e1sirese Qaraqalpaqstann\u0131\u0144 rawajlan\u0131w\u0131 sad\u0131ql\u0131q h\u00e1m piday\u0131l\u0131q, mehir-muhabbat penen q\u00e1lemge al\u0131n\u01f5an h\u00e1m q\u00e1nigeler menen kitapqumarlar q\u00e1lbinen tere\u0144 or\u0131n al\u01f5an.<\/p>\n<p>2019-j\u0131l\u0131 shay\u0131rd\u0131\u0144 \u201cG\u00falay\u0131m\u201d operas\u0131 ush\u0131n librettos\u0131 kompozitor N.Muhammeddinov penen birgelikte saxna\u01f5a qoy\u0131ld\u0131.<\/p>\n<p>G.Annaklichevan\u0131\u0144 rus tillerinde bas\u0131p sh\u0131\u01f5ar\u0131l\u01f5an, \u201c\u0417\u0435\u043c\u043b\u044f \u043e\u0442\u0446\u043e\u0432\u201d, \u201c\u041f\u0440\u0435\u043a\u0440\u0430\u0441\u043d\u043e\u0435 \u0447\u0443\u0432\u0441\u0442\u0432\u043e\u201d qos\u0131q h\u00e1m prozal\u0131q toplamlar\u0131, sonday-aq, internettegi \u201c\u0421\u0442\u0438\u0445\u0438 \u0420\u0423\u201d, \u201c\u041f\u0440\u043e\u0437\u0430 \u0420\u0423\u201d saytlar\u0131nda j\u00e1riyalan\u01f5an 300 den aslam prozal\u0131q h\u00e1m poeziyal\u0131q sh\u0131\u01f5armalar\u0131 ush\u0131n \u201c\u0418\u0441\u043a\u0443\u0441\u0441\u0442\u0432\u043e \u043d\u0430\u0440\u043e\u0434\u043e\u0432 \u043c\u0438\u0440\u0430\u201d Xal\u0131qaral\u0131q associaciyas\u0131n\u0131\u0144 laureat\u0131 bol\u0131w\u01f5a miyasar bol\u01f5an.<\/p>\n<p>Shay\u0131rd\u0131\u0144 Respublikam\u0131zd\u0131\u0144 gazeta-jurnallar\u0131nda bas\u0131p sh\u0131\u01f5ar\u0131l\u01f5an publicistikal\u0131q maqalalar\u0131 h\u00e1m qos\u0131qlar\u0131 Watan, \u01f5\u00e1rezsizlik, muhabbat, dosl\u0131q h\u00e1m jas \u00e1wladt\u0131 tuw\u0131l\u01f5an jerine sad\u0131ql\u0131qqa shaq\u0131rad\u0131.<\/p>\n<p>G.Annaklicheva 1966-j\u0131l\u0131 Zulfiya Israilova menen tan\u0131sqan d\u00e1slepki waq\u0131tlar\u0131nan baslap Zulfiyan\u0131\u0144 Qaraqalpaqstanda\u01f5\u0131 q\u0131z\u0131 s\u0131pat\u0131nda \u201cSaodat\u201d jurnal\u0131nda bir qatar lirikal\u0131q d\u00farkinleri bas\u0131l\u0131p sh\u0131\u01f5\u0131p, Zulfiyan\u0131\u0144 so\u0144\u01f5\u0131 demlerine shekem o\u01f5an \u00fanles bol\u0131p kelgen. Zulfiya Israilova \u00f3zini\u0144 qos\u0131qlar toplamlar\u0131nda \u201cMeni\u0144 \u00famitli shay\u0131r\u0131m, s\u00fayikli G\u00falistanbegim, \u00falken-\u00falken mushayralarda hawaz\u0131\u0144\u0131z ja\u0144lap turs\u0131n\u201d dep G.Annaklicheva\u01f5a bol\u01f5an h\u00farmetin us\u0131 t\u00e1rizde bildirgen.<\/p>\n<p>Ol so\u0144\u01f5\u0131 j\u0131llar\u0131 \u00f3zbek \u00e1debiyat\u0131n\u0131\u0144 k\u00f3rkem biybaha \u00falgilerin qaraqalpaq tiline awdar\u0131w bab\u0131nda ustaz\u0131 Zulfiya q\u00e1lemine tiyisli \u201cXotiram siniqlari\u201d poemas\u0131n, bir qatar qos\u0131qlar\u0131n qaraqalpaq tiline awdar\u01f5an.<\/p>\n<p>Sonday-aq, G.A.Annaklicheva kinoscenarist s\u0131pat\u0131nda da jetiskenliklerge erisip kelmekte. Ol \u201cMehirli d\u00fanya\u201d, \u201cT\u00e1\u01f5dir jollar\u0131\u201d, \u201cG\u00falay\u0131m h\u00e1m Ar\u0131slan\u201d, \u201c\u00dastirtke jol\u201d kinoscenariylerini\u0144 avtor\u0131. \u201c\u00d3zbekfilm\u201d kinostudiyas\u0131nda belgili rejissyor A.\u01f4aniev penen birgelikte \u201c\u00dastirtke jol\u201d k\u00f3rkem filmi jarat\u0131ld\u0131.<\/p>\n<p>G.Annaklicheva \u201cQoraqalpog\u2018iston tongi\u201d h\u00e1m &#171;Qaraqalpaq \u00e1debiyat\u0131&#187; gazetalar\u0131n\u0131\u0144 bas redaktor\u0131 s\u0131pat\u0131nda gazetan\u0131 mazmun\u0131 ja\u01f5\u0131nan bay\u0131t\u0131w, m\u00e1mleketimizdi\u0144 sociall\u0131q-ekonomikal\u0131q tarawlar\u0131nda \u00e1melge as\u0131r\u0131l\u0131p at\u0131r\u01f5an reformalard\u0131 ke\u0144nen s\u00e1wlelendiriw ba\u01f5dar\u0131nda da sistemal\u0131 jum\u0131slard\u0131 al\u0131p bard\u0131.<\/p>\n<p>On\u0131\u0144 tikkeley bassh\u0131l\u0131\u01f5\u0131nda gazetada m\u00e1mleketlik ba\u01f5darlamalard\u0131\u0144 mazmun\u0131nan kelip sh\u0131qqan halda \u201cKekseleri q\u00e1dirlengen el\u201d, \u201cB\u00e1rkamal \u00e1wlad\u201d, \u201cSalamat bala \u2013 salamat keleshek\u201d, \u201cBekkem sha\u0144araq\u201d arnawl\u0131 rubrikalar\u0131 sh\u00f3lkemlestirilip, so\u0144\u01f5\u0131 \u00fash j\u0131lda ilimpazlar h\u00e1m q\u00e1nigeler, belgili d\u00f3retiwshilerdi\u0144 us\u0131 temalarda\u01f5\u0131 500 den aslam \u00e1hmiyetli maqalalar\u0131 bas\u0131p sh\u0131\u01f5ar\u0131l\u01f5an.<\/p>\n<p>Gazeta internette \u00f3zini\u0144 veb-sayt\u0131na iye bol\u0131p, 2013-j\u0131l\u0131 \u00d3zbekstan Jurnalistleri d\u00f3retiwshilik awqam\u0131 t\u00e1repinen \u00f3tkerilgen \u201cBaspa bas\u0131l\u0131mn\u0131\u0144 e\u0144 jaqs\u0131 veb-sayt\u0131\u201d ta\u0144law\u0131n\u0131\u0144 Qaraqalpaqstan Respublikas\u0131 basq\u0131sh\u0131nda je\u0144impazl\u0131qt\u0131 qol\u01f5a kirgizgen.<\/p>\n<p>\u00c1melge as\u0131r\u0131l\u01f5an ke\u0144 k\u00f3lemli ilajlar n\u00e1tiyjesinde so\u0144\u01f5\u0131 \u00fash j\u0131lda gazeta tiraj\u0131 2 esege \u00f3sip, 7 m\u0131\u0144 nusqan\u0131 qura\u01f5an.<\/p>\n<p>On\u0131\u0144 baslamas\u0131 menen \u201cQoraqalpog\u2018iston tongi\u201d gazetas\u0131 jan\u0131nda \u201cG\u00falay\u0131m\u201d qos\u0131msha bas\u0131l\u0131m\u0131 da sh\u00f3lkemlestirilip, ana h\u00e1m bala salamatl\u0131\u01f5\u0131, jaslar t\u00e1rbiyas\u0131, hayal-q\u0131zlar h\u00e1m sha\u0144araq, \u00e1debiyat-k\u00f3rkem \u00f3ner, bilimlendiriw s\u0131yaql\u0131 sociall\u0131q ba\u01f5darlarda q\u0131z\u0131ql\u0131 h\u00e1m mazmunl\u0131 maqalalar berip bar\u0131l\u01f5an.<\/p>\n<p>Sonday-aq, 2011-j\u0131l\u0131 Qaraqalpaqstanda jasap d\u00f3retiwshilik etip at\u0131r\u01f5an jaz\u0131wsh\u0131 h\u00e1m shay\u0131rlar j\u00e1ne \u00e1debiyat jank\u00fayerleri ush\u0131n 4 tilde (qaraqalpaq, \u00f3zbek, rus, inglis) sh\u0131\u01f5atu\u01f5\u0131n \u201cQaraqalpaq \u00e1debiyat\u0131\u201d gazetas\u0131 sh\u00f3lkemlestirilip, xal\u0131qt\u0131\u0144 t\u00farli qatlamlar\u0131 aras\u0131nda \u00f3z oq\u0131wsh\u0131lar\u0131n tapqan.<\/p>\n<p>\u201cQaraqalpaq \u00e1debiyat\u0131\u201d gazetas\u0131n j\u00e1ne de ke\u0144irek h\u00e1m mazmunl\u0131 etip sh\u0131\u01f5ar\u0131w, jaslar d\u00f3retiwshiligine k\u00f3birek itibar qarat\u0131wd\u0131 n\u00e1zerde tut\u0131p, 2014-j\u0131l\u0131 \u00d3zbekstan Respublikas\u0131 Oliy Majlisi jan\u0131nda\u01f5\u0131 m\u00e1mleketlik emes kommerciyal\u0131q emes sh\u00f3lkemlerdi h\u00e1m puqaral\u0131q j\u00e1miyetini\u0144 basqa da institutlar\u0131n qollap-quwatlaw j\u00e1miyetlik fond\u0131n\u0131\u0144 15 million sum\u01f5a shamalas grant\u0131n al\u0131w\u01f5a miyasar bol\u01f5an.<\/p>\n<p>G.Annaklicheva respublikada turaql\u0131 t\u00farde \u00f3tkerilip kiyat\u0131r\u01f5an bir qatar ta\u0144lawlar, Zulfiya at\u0131nda\u01f5\u0131 m\u00e1mleketlik s\u0131yl\u0131qt\u0131\u0144 t\u00f3reshiler quram\u0131n\u0131\u0144 belsendi a\u01f5zas\u0131 s\u0131pat\u0131nda Zulfiya izbasarlar\u0131n tab\u0131wda \u00e1dil sheshimi menen h\u00farmetke erisip kelmekte.<\/p>\n<p>Tikkeley G.Annaklichevan\u0131\u0144 baslamas\u0131 h\u00e1m bassh\u0131l\u0131\u01f5\u0131nda keyingi \u00fash j\u0131lda belgili shay\u0131rlar\u0131m\u0131z, Berdaq, \u00c1jiniyaz, Maqtumqul\u0131, Muhammad Yusuf, Zulfiya Israilovan\u0131\u0144 \u00f3miri h\u00e1m d\u00f3retiwshiligi haqq\u0131nda jas jurnalistler, d\u00f3retiwshiler menen birgelikte 10 nan aslam seminar h\u00e1m d\u00f3gerek s\u00e1wbetleri \u00f3tkerilgen.<\/p>\n<p>G.Annaklicheva Qaraqalpaqstan teleradiokanal\u0131, \u01f5alaba xabar qurallar\u0131nda \u201cKim edik-u, kim bo\u2018ldik\u201d, \u201cHayal d\u00e1rejesi\u201d, \u00d3zbekstan televideniesini\u0144 \u201cMahalla\u201d telekanal\u0131n\u0131\u0144 \u201cShukrona\u201d telek\u00f3rsetiwinde h\u00e1m esittiriwlerinde us\u0131 temada s\u00e1wbet h\u00e1m qos\u0131qlar\u0131, \u00d3zbekstan televideniesinde \u201cSaylov \u2013 demokratiya ko\u2018zgusi\u201d telek\u00f3rsetiwinde, \u201cNawr\u0131z Qaraqalpaqstanda\u201d esittiriwinde qos\u0131qlar\u0131 menen sh\u0131qqan.<\/p>\n<p>Shay\u0131r q\u00e1lemine tiyisli d\u00f3retiwshilik \u00falgiler k\u00e1sip-\u00f3ner kolledjleri h\u00e1m akademiyal\u0131q liceylerdi\u0144 sabaql\u0131qlar\u0131na kirgizilgen.<\/p>\n<p>B\u00fagingi k\u00fande 120 dan aslam sh\u00e1kirtleri respublikan\u0131\u0144 m\u00e1deniyat, \u00e1debiyat h\u00e1m k\u00f3rkem \u00f3ner taraw\u0131n rawajland\u0131r\u0131w jol\u0131nda n\u00e1tiyjeli miynet etip kelmekte.<\/p>\n<p>G.Annaklichevan\u0131\u0144 miynetleri h\u00fakimetimiz t\u00e1repinen m\u00fan\u00e1sip bahalan\u0131p 2002-j\u0131l\u0131 \u201cQaraqalpaqstan Respublikas\u0131 xal\u0131q shay\u0131r\u0131\u201d h\u00farmetli ata\u01f5\u0131 menen s\u0131yl\u0131qlan\u01f5an.<\/p>\n<p>On\u0131\u0144 50 ge shamalas qos\u0131qlar\u0131na muz\u0131ka jaz\u0131l\u0131p, b\u00fagingi k\u00fande belgili qos\u0131qsh\u0131lar t\u00e1repinen atqar\u0131p kelinbekte.<\/p>\n<p>G.Annaklicheva \u00d3zbekstan Respublikas\u0131 Prezidenti menen bol\u0131p \u00f3tken ush\u0131ras\u0131wda \u00f3zini\u0144 haqkewilligi, \u00f3zbek h\u00e1m qaraqalpaq q\u0131z\u0131n\u0131\u0144 iybesin, ana mehri h\u00e1m Watan\u01f5a bol\u01f5an perzentlik minnetin bildirip, H\u00farmetli Prezidentimizdi\u0144 h\u00farmetine erisken.<\/p>\n<p>G.Annaklichevan\u0131\u0144 miynet jol\u0131 h\u00e1m d\u00f3retiwshiligi sh\u0131n m\u00e1nisindegi watans\u00fayiwshilik ideyalar\u0131na suw\u01f5ar\u0131l\u01f5an h\u00e1m elimizdi\u0144 rawajlan\u0131w\u0131 jol\u0131nda\u01f5\u0131 iygilikli islerge \u00fanles bol\u0131p esaplanad\u0131.<\/p>\n<p>T\u00e1jiriybeli jurnalist, piday\u0131 insan h\u00e1m j\u00e1miyet belsendisi s\u0131pat\u0131nda \u00e1debiyat taraw\u0131 w\u00e1killeri h\u00e1m ke\u0144 j\u00e1miyetshilik aras\u0131nda h\u00farmetke erisken.<\/p>\n<p>Sha\u0144araql\u0131. 4 ul, 2 q\u0131z, 13 aql\u0131q, 10 shawl\u0131\u01f5\u0131 bar. Ul-q\u0131zlar\u0131 h\u00e1m erjetken aql\u0131qlar\u0131 joqar\u0131 ma\u01f5l\u0131wmatl\u0131.<\/p>\n<p>&nbsp;<\/p>\n<div id=\"simple-translate\" class=\"simple-translate-system-theme\">\n<div>\n<div class=\"simple-translate-button isShow\" style=\"background-image: url('chrome-extension:\/\/ibplnjkanclpjokhdolnendpplpjiace\/icons\/512.png'); height: 22px; width: 22px; top: 47px; left: 156px;\"><\/div>\n<div class=\"simple-translate-panel \" style=\"width: 300px; height: 200px; top: 0px; left: 0px; font-size: 13px;\">\n<div class=\"simple-translate-result-wrapper\" style=\"overflow: hidden;\">\n<div class=\"simple-translate-move\" draggable=\"true\"><\/div>\n<div class=\"simple-translate-result-contents\">\n<p class=\"simple-translate-result\" dir=\"auto\">\n<p class=\"simple-translate-candidate\" dir=\"auto\">\n<\/div>\n<\/div>\n<\/div>\n<\/div>\n<\/div>\n","protected":false},"excerpt":{"rendered":"<p>Gulistan Annaklicheva \u00a0 \u00a0\u00a0\u00a0\u00a0\u00a0\u00a0\u00a0\u00a0 Annaklicheva Gulistan Axmedovna 1983-j\u0131l\u0131 \u201c\u00d3zbekstan Respublikas\u0131na x\u0131zmet k\u00f3rsetken m\u00e1deniyat x\u0131zmetkeri\u201d h\u00farmetli ata\u01f5\u0131 h\u00e1m 2016-j\u0131l\u0131 \u201cFidokorona xizmatlari uchun\u201d, 2023-j\u0131l\u0131 \u201cMehnat shuhrati\u201d ordenleri menen s\u0131yl\u0131qlan\u01f5an. Miynet staj\u0131 61 j\u0131l. \u201cQaraqalpaq \u00e1debiyat\u0131\u201d gazetas\u0131n\u0131\u0144 juwapl\u0131 redaktor\u0131 s\u0131pat\u0131nda 2025-j\u0131ldan berli islep kelmekte. G.Annaklicheva \u00f3zini\u0144 jurnalistlik jum\u0131s\u0131n oq\u0131wsh\u0131 j\u0131llar\u0131nan T\u00f3rtk\u00fal rayon\u0131 jergilikli radioesittiriwlerinde sheshenlikten basla\u01f5an. G.Annaklicheva 1980\u20131982 [&hellip;]<\/p>\n","protected":false},"author":1,"featured_media":0,"parent":0,"menu_order":0,"comment_status":"closed","ping_status":"closed","template":"","meta":{"footnotes":""},"class_list":["post-432","page","type-page","status-publish","hentry"],"_links":{"self":[{"href":"https:\/\/janubiyorol.uz\/ru\/wp-json\/wp\/v2\/pages\/432","targetHints":{"allow":["GET"]}}],"collection":[{"href":"https:\/\/janubiyorol.uz\/ru\/wp-json\/wp\/v2\/pages"}],"about":[{"href":"https:\/\/janubiyorol.uz\/ru\/wp-json\/wp\/v2\/types\/page"}],"author":[{"embeddable":true,"href":"https:\/\/janubiyorol.uz\/ru\/wp-json\/wp\/v2\/users\/1"}],"replies":[{"embeddable":true,"href":"https:\/\/janubiyorol.uz\/ru\/wp-json\/wp\/v2\/comments?post=432"}],"version-history":[{"count":1,"href":"https:\/\/janubiyorol.uz\/ru\/wp-json\/wp\/v2\/pages\/432\/revisions"}],"predecessor-version":[{"id":433,"href":"https:\/\/janubiyorol.uz\/ru\/wp-json\/wp\/v2\/pages\/432\/revisions\/433"}],"wp:attachment":[{"href":"https:\/\/janubiyorol.uz\/ru\/wp-json\/wp\/v2\/media?parent=432"}],"curies":[{"name":"wp","href":"https:\/\/api.w.org\/{rel}","templated":true}]}}