{"id":444,"date":"2025-12-10T15:11:31","date_gmt":"2025-12-10T10:11:31","guid":{"rendered":"https:\/\/janubiyorol.uz\/?page_id=444"},"modified":"2025-12-10T15:11:31","modified_gmt":"2025-12-10T10:11:31","slug":"tilewbergen-jumamuratov","status":"publish","type":"page","link":"https:\/\/janubiyorol.uz\/ru\/tilewbergen-jumamuratov","title":{"rendered":"Tilewbergen Jumamuratov"},"content":{"rendered":"<p><a href=\"http:\/\/janubiyorol.uz\/wp-content\/uploads\/2025\/12\/Tilewbergen-Jumamuratov.jpg\"><img loading=\"lazy\" decoding=\"async\" class=\"aligncenter size-medium wp-image-445\" src=\"http:\/\/janubiyorol.uz\/wp-content\/uploads\/2025\/12\/Tilewbergen-Jumamuratov-211x300.jpg\" alt=\"\" width=\"211\" height=\"300\" srcset=\"https:\/\/janubiyorol.uz\/wp-content\/uploads\/2025\/12\/Tilewbergen-Jumamuratov-211x300.jpg 211w, https:\/\/janubiyorol.uz\/wp-content\/uploads\/2025\/12\/Tilewbergen-Jumamuratov.jpg 243w\" sizes=\"auto, (max-width: 211px) 100vw, 211px\" \/><\/a><\/p>\n<p style=\"text-align: center;\"><strong>Tilewbergen Jumamuratov<\/strong><\/p>\n<p>&nbsp;<\/p>\n<p>\u00d3zbekstan h\u00e1m Qaraqalpaqstan xal\u0131q shay\u0131r\u0131, Berdaq at\u0131nda\u01f5\u0131 m\u00e1mleketlik s\u0131yl\u0131qt\u0131\u0144 laureat\u0131 Tilewbergen Jumamuratov 1915-j\u0131l\u0131 27-dekabrde Moynaq rayon\u0131n\u0131\u0144 Aqd\u00e1rya aw\u0131l\u0131nda tuw\u0131l\u01f5an.<\/p>\n<p>&nbsp;<\/p>\n<p>1937-j\u0131l\u0131 mu\u01f5allimler tayarlaytu\u01f5\u0131n bir j\u0131ll\u0131q kurst\u0131 pitkergennen keyin, aw\u0131lda mu\u01f5allim bol\u0131p islegen. 1942-1945-j\u0131llar\u0131 Moynaq rayonl\u0131q gazetas\u0131nda redaktor lawaz\u0131m\u0131n atqar\u01f5an. 1948-j\u0131l\u0131 Tashkent m\u00e1mleketlik universitetin s\u0131rttan oq\u0131p pitkergen.<\/p>\n<p>&nbsp;<\/p>\n<p>1951-j\u0131ldan baslap 1981-jil\u01f5a shekem Respublikal\u0131q gazetalarda, \u00ab\u00c1miwd\u00e1rya\u00bb jurnal\u0131nda, \u00abQaraqalpaqstan\u00bb baspas\u0131nda, Qaraqalpaqstan radio esittiriw h\u00e1m telek\u00f3rsetiw komitetinde,Jaz\u0131wsh\u0131lar awqam\u0131nda \u00e1debiy xizmetker, b\u00f3lim basl\u0131\u01f5\u0131, redaktor, \u00e1debiy ke\u0144esshi lawaz\u0131mlar\u0131nda jum\u0131s islegen. T.Jumamuratov bala waqt\u0131nan baslap xal\u0131q aw\u0131zeki d\u00f3retiwshiligi menen jaq\u0131nnan tan\u0131s bol\u01f5an, k\u00f3p \u01f5ana xal\u0131q erteklerin, qos\u0131qlar\u0131n, \u00e1psana, a\u0144\u0131zlard\u0131, d\u00e1stanlard\u0131 \u0131qlas\u0131 menen \u00fayrengen. Folklor\u01f5a bol\u01f5an bul q\u0131z\u0131\u01f5\u0131wsh\u0131l\u0131q on\u0131\u0144 \u00e1debiy talant\u0131n oyatad\u0131. Ol qaraqalpaq \u00e1debiyat\u0131 tariyx\u0131nda\u01f5\u0131 k\u00f3rkem \u00e1debiyatt\u0131\u0144 barl\u0131q janrlar\u0131nda q\u00e1lem terbetken haq\u0131yq\u0131y s\u00f3z sheberi. On\u0131\u0144 k\u00f3p \u01f5ana poemalar\u0131, \u00e1sirese, satiral\u0131q d\u00f3retpeleri, ocherkleri h\u00e1m g\u00farri\u0144leri, poemalar\u0131, d\u00e1stan h\u00e1m pyesalar\u0131 k\u00f3pshilikke ke\u0144nen m\u00e1lim. T.Jumamuratovt\u0131\u0144 sh\u0131\u0123armalar\u0131 \u00f3zbek, qazaq, or\u0131s tillerine awdar\u0131ld\u0131.<\/p>\n<p>T.Jumamuratov t\u00farkiy tilles xal\u0131qlar \u00e1debiyat\u0131 w\u00e1killerini\u0144 d\u00f3retiwshiligi menen ke\u0144nen tan\u0131s bol\u01f5an. Ol \u00f3zi eski arab, pars\u0131 jaz\u0131wlar\u0131nan da m\u00e1lim d\u00e1rejede xabardar edi. Us\u0131\u01f5an baylan\u0131sl\u0131 ol Omar Hayyamn\u0131\u0144 rubaylar\u0131n pars\u0131 tilinen qaraqalpaq tiline awdard\u0131. Sonday-aq \u00c1liysher Naway\u0131, G.Toqay, A.S.Pushkin h\u00e1m t.b. d\u00f3retpelerinen de awdarmalar isledi.<\/p>\n<p>&nbsp;<\/p>\n<p>T.Jumamuratovt\u0131\u0144 d\u00e1slepki qos\u0131qlar\u0131 30-j\u0131llard\u0131\u0144 ekinshi yar\u0131m\u0131nda rayonl\u0131q, respublikal\u0131q gazetada j\u00e1riyaland\u0131. Shay\u0131rd\u0131\u0144 \u00abJ\u00farek muhabbat\u0131\u00bb (1956), \u00abDosl\u0131q\u00bb (1959), \u00abMeni\u0144 zamanlaslar\u0131m\u00bb (1962), \u00abTolq\u0131nda\u00bb (1970), \u00abK\u00e1ramatl\u0131 tul\u0123a\u00bb (1974), \u00abTa\u0144lamal\u0131 sh\u0131\u0123armalar\u0131\u00bb (1967), sh\u0131\u01f5armalar j\u0131yna\u01f5\u0131n\u0131\u0144 eri toml\u0131\u01f5\u0131 (qoui, 1980), \u00abT\u00farli \u00f3tkeller\u00bb (1983) toplamlar\u0131 baspadan sh\u0131qt\u0131.<\/p>\n<p>&nbsp;<\/p>\n<p>1972-j\u0131l\u0131 T.Jumamuratov \u00abTolq\u0131nda\u00bb atl\u0131 toplam\u0131 ushin Berdaq at\u0131nda\u01f5\u0131 m\u00e1mleketlik s\u0131yl\u0131\u01f5\u0131n\u0131\u0144 laureat\u0131 bold\u0131.<\/p>\n<p>&nbsp;<\/p>\n<p>&nbsp;<\/p>\n<p>&nbsp;<\/p>\n<p>&nbsp;<\/p>\n<p>&nbsp;<\/p>\n<p>&nbsp;<\/p>\n<p>&nbsp;<\/p>\n<p>&nbsp;<\/p>\n<p><strong>DOS MEHRIBAN ISHINDE<\/strong><\/p>\n<p>&nbsp;<\/p>\n<p>Keldim t\u00farkmen eline,<\/p>\n<p>Sh\u00e1wketi-sh\u00e1n ishinde,<\/p>\n<p>Ot\u0131r\u01f5\u0131zd\u0131 t\u00f3rine,<\/p>\n<p>Bes j\u00faz miyman ishinde,<\/p>\n<p>&nbsp;<\/p>\n<p>Bold\u0131m Kaspiy ja\u01f5\u0131nda,<\/p>\n<p>Periwzan\u0131\u0144 ba\u01f5\u0131nda,<\/p>\n<p>-Sh\u00e1nli Nebitda\u01f5\u0131nda,<\/p>\n<p>-Qutl\u0131 m\u00e1kan ishinde.<\/p>\n<p>&nbsp;<\/p>\n<p>K\u00f3rdim onda g\u00falba\u01f5t\u0131,<\/p>\n<p>Alt\u0131n tol\u0131 top\u0131raqt\u0131,<\/p>\n<p>Sh\u00e1h\u00e1r ashqan qushaqt\u0131,<\/p>\n<p>G\u00fal sh\u00f3listan ishinde.<\/p>\n<p>&nbsp;<\/p>\n<p>Bold\u0131m Q\u0131z\u0131l-arbatta,<\/p>\n<p>\u01f4al\u0131 toq\u0131w \u01f5ayratta.<\/p>\n<p>Aq\u0131l-\u00f3ner barmaqta,<\/p>\n<p>Q\u0131z h\u00e1m jawan ishinde.<\/p>\n<p>&nbsp;<\/p>\n<p>X\u00far Qazanj\u0131q jaqlar\u0131,<\/p>\n<p>B\u00e1h\u00e1rdann\u0131\u0144 ba\u01f5lar\u0131,<\/p>\n<p>Tulpar ar\u01f5\u0131maqlar\u0131,<\/p>\n<p>Belli j\u00e1h\u00e1n ishinde.<\/p>\n<p>&nbsp;<\/p>\n<p>\u00daristemdey qar\u0131wl\u0131,<\/p>\n<p>T\u00farikmen \u01f5ardash-er u\u01f5l\u0131.<\/p>\n<p>K\u00f3rdim sans\u0131z G\u00f3ru\u01f5l\u0131,<\/p>\n<p>M\u00e1rt ar\u0131slan ishinde.<\/p>\n<p>&nbsp;<\/p>\n<p>Manlay\u0131nan ter t\u00f3kken,<\/p>\n<p>Oz\u0131p \u00f3tken ertekten,<\/p>\n<p>Q\u0131rq m\u0131\u0144 j\u0131ll\u0131q jol shekken,<\/p>\n<p>Q\u0131rq j\u0131l d\u00e1wran ishinde.<\/p>\n<p>&nbsp;<\/p>\n<p>\u00d3zbek, qaraqalpaqt\u0131,<\/p>\n<p>S\u00fayer h\u00e1mme ardaql\u0131.<\/p>\n<p>H\u00e1rkim j\u00fazm\u0131\u0144 dos tapt\u0131.<\/p>\n<p>T\u00farkmen do\u01f5an ishinde.<\/p>\n<p>&nbsp;<\/p>\n<p>Til dosl\u0131q lep sayrad\u0131,<\/p>\n<p>K\u00f3rsem j\u00farek aynan\u0131.<\/p>\n<p>Muhabbat\u0131m qaynad\u0131,<\/p>\n<p>Dos mehriban ishinde.<\/p>\n<p>&nbsp;<\/p>\n<p>Ull\u0131 sovet watan\u0131,<\/p>\n<p>Biradarl\u0131q m\u00e1kan\u0131.<\/p>\n<p>K\u00f3rsin d\u00fanya insan\u0131,<\/p>\n<p>Jer h\u00e1m aspan ishinde.<\/p>\n<p>&nbsp;<\/p>\n<p>1967-j\u0131l may.<\/p>\n<p>&nbsp;<\/p>\n<p>&nbsp;<\/p>\n<p>&nbsp;<\/p>\n<p><strong>ATL\u00cd Q\u00cdZLARD\u00cd\u0143 QUTL\u00cdQLAW\u00cd<\/strong><\/p>\n<p>&nbsp;<\/p>\n<p>Jor\u01f5a minip, at kekilin tarad\u0131q.<\/p>\n<p>Xosh kelipsiz xorezmli doslar\u0131m,<\/p>\n<p>Keledi dep jollar\u0131\u0144a qarad\u0131q,<\/p>\n<p>Xosh kelipsiz xorezmli doslar\u0131m.<\/p>\n<p>&nbsp;<\/p>\n<p>\u01f4\u00e1ziyneni tast\u0131rd\u0131\u0144\u0131z alt\u0131nnan<\/p>\n<p>K\u00f3rgen say\u0131n dosl\u0131q j\u00farek balq\u0131\u01f5an,<\/p>\n<p>Q\u0131z\u01f5\u0131n s\u00e1lem qaraqalpaq xalq\u0131mnan<\/p>\n<p>Xosh kelipsiz xorezmli doslar\u0131m.<\/p>\n<p>&nbsp;<\/p>\n<p>Jan dep qatnasam\u0131z arjaq-berjaqqa,<\/p>\n<p>Pitken shaqadaym\u0131z jal\u01f5\u0131z daraqqa,<\/p>\n<p>Qan\u0131\u0144\u0131z qat\u0131sqan qaraqalpaqqa,<\/p>\n<p>Xosh kelipsiz xorezmli doslar\u0131m.<\/p>\n<p>&nbsp;<\/p>\n<p>Biri\u0144-day\u0131 bolsa, biri\u0144iz, &#8212; jiyen.<\/p>\n<p>Biri\u0144-quda bolsa, biri\u0144iz k\u00fayew.<\/p>\n<p>Tar zamanda birew birewge s\u00fayew,<\/p>\n<p>Bol\u01f5an edik xorezmli doslar\u0131m.<\/p>\n<p>&nbsp;<\/p>\n<p>Tulpar minip uzaqlar\u01f5a shabam\u0131z,<\/p>\n<p>At \u00fastinde t\u0131nbay dab\u0131l qa\u01f5am\u0131z,<\/p>\n<p>Apa-si\u0144li, ini, qurdas, a\u01f5am\u0131z,<\/p>\n<p>Xosh kelipsiz xorezmli doslar\u0131m.<\/p>\n<p>&nbsp;<\/p>\n<p>Tat\u0131w qo\u0144s\u0131, \u00f3mir sherik a\u01f5ayin,<\/p>\n<p>H\u00farmet penen qollar\u0131\u0144nan alay\u0131n,<\/p>\n<p>Sizler, bizler-Ar\u0131slan menen G\u00falay\u0131m,<\/p>\n<p>Xosh kelipsiz xorezmli doslar\u0131m.<\/p>\n<p>&nbsp;<\/p>\n<p>Arala\u0144\u0131z Qaraqalpaq ellerin,<\/p>\n<p>M\u00e1kan\u0131m dep sayran eti\u0144 ke\u0144 jerin.<\/p>\n<p>Sizler ush\u0131n b\u00e1rha ash\u0131q t\u00f3rlerim,<\/p>\n<p>Xosh kelipsiz xorezmli doslar\u0131m.<\/p>\n<p>&nbsp;<\/p>\n<p>&nbsp;<\/p>\n<p>1968-j\u0131l, mart.<\/p>\n<p>&nbsp;<\/p>\n<p>&nbsp;<\/p>\n<p><strong>S\u00c1LEM<\/strong><\/p>\n<p>&nbsp;<\/p>\n<p>(Tuw\u0131sqan Gurev oblast\u0131n\u0131\u0144 miynetkeshlerine)<\/p>\n<p>&nbsp;<\/p>\n<p>Q\u0131r\u01f5a keldim tart\u0131p b\u00fagin duz nesip,<\/p>\n<p>Aral, Kaspiy aral\u0131\u01f5\u0131 bir besik,<\/p>\n<p>Qazaq penen qaraqalpaq egiz ul,<\/p>\n<p>Diydarlast\u0131q quwan\u0131shta gezlesip.<\/p>\n<p>&nbsp;<\/p>\n<p>Bizden q\u0131z\u01f5\u0131n s\u00e1lem bols\u0131n xalay\u0131q!<\/p>\n<p>Zarl\u0131 \u00f3mir izde qald\u0131 qaray\u0131p,<\/p>\n<p>Shad zamann\u0131\u0144 t\u00e1rezisi \u00f3lshesin,<\/p>\n<p>\u00d3tkendi de azlap eske alay\u0131q:<\/p>\n<p>&nbsp;<\/p>\n<p>Ne k\u00f3rmedik tuw\u0131l\u01f5ansha azat k\u00fan,<\/p>\n<p>M\u0131\u0144-m\u0131\u0144 j\u0131llap h\u00fakim s\u00farip azap mu\u0144.<\/p>\n<p>Jol azab\u0131-g\u00f3r azab\u0131&#187; dep ketken<\/p>\n<p>Babalar\u0131 qaraqalpaq,qazaqt\u0131\u0144.<\/p>\n<p>&nbsp;<\/p>\n<p>Qay\u01f5\u0131 jeli oqtay tiyip bas\u0131nan,<\/p>\n<p>Musallatt\u0131\u0144 aw\u0131r j\u00fagin tas\u0131\u01f5an,<\/p>\n<p>\u201e\u01f4ar\u01f5a ad\u0131m jer basar\u0131na mu\u0144 bol\u0131p&#187;,-<\/p>\n<p>Babalar\u0131m qartay\u0131pt\u0131 jas\u0131nan.<\/p>\n<p>&nbsp;<\/p>\n<p>O\u0144\u01f5a-sol\u01f5a m\u0131\u0144 san soqpaq \u00f3tedi,<\/p>\n<p>Adast\u0131r\u01f5an al\u01f5an menen t\u00f3teni,<\/p>\n<p>Gezlesipti jalaqlasqan uw j\u0131lan,<\/p>\n<p>Ya bolmasa jaw qasq\u0131rd\u0131\u0144 kete\u01f5i.<\/p>\n<p>&nbsp;<\/p>\n<p>Sal\u0131p basqa jaz\u0131 duzaq, q\u0131s qur\u0131q,<\/p>\n<p>Jut jawd\u0131r\u01f5an qarl\u0131 boran, \u0131z\u01f5\u0131r\u0131q.<\/p>\n<p>Jaz k\u00faninde ottay q\u0131z\u0131p hawas\u0131,<\/p>\n<p>Jal\u0131n shashqan \u00e1ydarhaday \u0131sq\u0131r\u0131p.<\/p>\n<p>&nbsp;<\/p>\n<p>T\u00faye eken sol zamann\u0131\u0144 keligi,<\/p>\n<p>\u00c1tte\u0144, ol da bay, m\u0131rzalar serigi.<\/p>\n<p>K\u00f3shten qal\u0131p, ash qasq\u0131r\u01f5a jem bol\u01f5an,<\/p>\n<p>T\u00fayesi joq ar\u0131wlard\u0131\u0144 \u00f3ligi.<\/p>\n<p>&nbsp;<\/p>\n<p>Mushkil bol\u0131p taw t\u00f3beden \u00f3tpegi,<\/p>\n<p>Buw\u0131n tal\u0131p, hal d\u00e1rman\u0131 jetpedi.<\/p>\n<p>Tuw\u0131p \u00f3sken ata m\u00e1k\u00e1n el jurt\u0131n,<\/p>\n<p>Q\u0131ynalsa da hesh kim taslap ketpedi.<\/p>\n<p>&nbsp;<\/p>\n<p>Bir s\u00farmesten ushq\u0131r polat jor\u01f5an\u0131,<\/p>\n<p>B\u00e1rini\u0144 de ishte ketti \u00e1rman\u0131.<\/p>\n<p>\u201eUrpaqlard\u0131\u0144 bir d\u00e1rtine jarar&#187; dep,<\/p>\n<p>Baytaq jerin jawlar\u0131nan qor\u01f5ad\u0131.<\/p>\n<p>&nbsp;<\/p>\n<p>Qazaq penen qaraqalpaq babas\u0131,<\/p>\n<p>Saqlap kelgen ini menen a\u01f5as\u0131.<\/p>\n<p>Million j\u0131l\u01f5\u0131 uyq\u0131s\u0131nan oyand\u0131,<\/p>\n<p>Kaspiy menen Aral te\u0144iz aras\u0131.<\/p>\n<p>&nbsp;<\/p>\n<p>Eki eldi\u0144 miyribanl\u0131q j\u00faregi-<\/p>\n<p>\u00c1welden aq palday tat\u0131w, bir edi.<\/p>\n<p>Bugingi k\u00fan taw silkintken \u01f5ayrat\u0131,<\/p>\n<p>Alt\u0131n d\u00e1pter tariyx\u0131na kiredi.<\/p>\n<p>&nbsp;<\/p>\n<p>Rus a\u01f5ay k\u00fash tolq\u0131n\u0131n basqar\u0131p:<\/p>\n<p>Bat\u0131rlar\u0131 tawd\u0131 tildi tas jar\u0131p<\/p>\n<p>\u00d3mir boy\u0131 ba\u01f5\u0131nba\u01f5an sur dala,<\/p>\n<p>Bas\u0131n iydi aybat\u0131nan jasqan\u0131p.<\/p>\n<p>&nbsp;<\/p>\n<p>Keldi meni\u0144 qaharmand\u0131 maqta\u01f5\u0131m,<\/p>\n<p>Til jetkendey sul\u0131w s\u00f3zler tappad\u0131m.<\/p>\n<p>Ata m\u00e1k\u00e1n \u00dastirt penen Ast\u0131rt\u0131m,<\/p>\n<p>Ash\u0131p berdi \u01f5\u00e1ziyneni\u0144 qaqpa\u01f5\u0131n.<\/p>\n<p>&nbsp;<\/p>\n<p>\u201eBarsa kelmes&#187; \u00f3lim menen sh\u00e1rtlestey,<\/p>\n<p>Jan \u00f3mirin jazd\u0131rmad\u0131 short kespey,<\/p>\n<p>B\u00fagin k\u00f3rsem aynalas\u0131 nur \u00f3mir,<\/p>\n<p>Bar\u01f5an adam q\u0131y\u0131p taslap ketpestey.<\/p>\n<p>&nbsp;<\/p>\n<p>Kaspiy, Aral, \u00c1miw, Jay\u0131q aras\u0131n,<\/p>\n<p>K\u00f3rmegenler endi kelip qaras\u0131n,<\/p>\n<p>J\u00fazlep ja\u0144a qala tiklep boylar\u0131n,<\/p>\n<p>Ashay\u0131n dep tur\u01f5an joqpa qulash\u0131n.<\/p>\n<p>&nbsp;<\/p>\n<p>Bax\u0131t \u00f3rlep, k\u00f3kke jetti qol\u0131m\u0131z,<\/p>\n<p>Siz de biz de quwan\u0131shqa tol\u0131m\u0131z.<\/p>\n<p>Eki xal\u0131q j\u00faregindey jal\u01f5as\u0131p,<\/p>\n<p>Jer ja\u0144\u01f5\u0131rtar bekkem polat jol\u0131m\u0131z.<\/p>\n<p>&nbsp;<\/p>\n<p>Ba\u01f5 jayqalar sh\u00e1h\u00e1rlerde k\u00fash \u00f3sip,<\/p>\n<p>Stanoklar alt\u0131n menen m\u0131s kesip,<\/p>\n<p>Sizi\u0144 sal\u01f5an jol\u0131\u0144\u0131zd\u0131\u0144 ustinen<\/p>\n<p>Zuwlap \u00f3ter teplovozlar kisnesip<\/p>\n<p>&nbsp;<\/p>\n<p>Oktyabrden kuwat bergen qanatqa,<\/p>\n<p>Je\u0144islerdi ayt\u0131w q\u0131y\u0131n sanap ta,<\/p>\n<p>Bir tilegim &#8212; qaraqalpaq eline,<\/p>\n<p>Doslar\u0131m\u0131z bar\u0131p turs\u0131n qonaqqa.<\/p>\n<p>&nbsp;<\/p>\n<p>Parq etpeydi endi jold\u0131\u0144 uza\u01f5\u0131,<\/p>\n<p>Ustirtte de \u00f3mir qaynap q\u0131zad\u0131,<\/p>\n<p>Sheriklesip toy-mereke shadl\u0131qta,<\/p>\n<p>D\u00e1wran s\u00farer qaraqalpaq, qaza\u01f5\u0131m.<\/p>\n<p>&nbsp;<\/p>\n<p>Al\u01f5\u0131m keler betleri\u0144nen suyip men,<\/p>\n<p>Zaman\u0131ma k\u00f3z taslad\u0131m biyikten,<\/p>\n<p>Qonaq kelip qut ornad\u0131 elime,<\/p>\n<p>M\u00e1skew, Tashkent, Ashxabadtan, Kievten.<\/p>\n<p>&nbsp;<\/p>\n<p>Teplovozlar j\u0131ynay bersin bar k\u00fashin,<\/p>\n<p>Quwan\u0131sht\u0131\u0144 barl\u0131\u01f5\u0131na xal\u0131q ush\u0131n,<\/p>\n<p>M\u0131\u0144san iret j\u0131rlasam da k\u00f3p emes,<\/p>\n<p>Partiya\u01f5a j\u00faregimni\u0144 al\u01f5\u0131s\u0131n!<\/p>\n<p>&nbsp;<\/p>\n<p>&nbsp;<\/p>\n<p>1968-j\u0131l<\/p>\n<p>&nbsp;<\/p>\n<p>&nbsp;<\/p>\n<p><strong>\u00a0<\/strong><\/p>\n<p><strong>SAZ<\/strong><\/p>\n<p>&nbsp;<\/p>\n<p>B\u00falbilg\u00f3ya bol\u0131p at\u0131r\u0131p ta\u0144d\u0131,<\/p>\n<p>J\u00farekti jayla\u01f5an t\u00farkmenni\u0144 saz\u0131,<\/p>\n<p>Q\u0131yal\u01f5a keltirip neshshe zamand\u0131,<\/p>\n<p>Efirde ja\u0144la\u01f5an t\u00farkmenni\u0144 saz\u0131.<\/p>\n<p>&nbsp;<\/p>\n<p>Priemnikti tawlap,qoyd\u0131m qas\u0131ma,<\/p>\n<p>Sesleri parq etpes jold\u0131\u0144 dash\u0131na,<\/p>\n<p>Toqtamay elini\u0144 shegaras\u0131na,<\/p>\n<p>\u00c1lemdi sharla\u01f5an t\u00farkmenni\u0144 saz\u0131.<\/p>\n<p>&nbsp;<\/p>\n<p>Barmaqlar oynatqan duwtarld\u0131\u0144 tar\u0131n,<\/p>\n<p>Artt\u0131rmaqta j\u00faregimni\u0144 qumar\u0131n.<\/p>\n<p>\u00d3tken ash\u0131qlard\u0131\u0144 qay\u01f5\u0131l\u0131 zar\u0131n,<\/p>\n<p>Bayan \u00e1ylemekte t\u00farkmenni\u0144 saz\u0131.<\/p>\n<p>&nbsp;<\/p>\n<p>Hawada jar\u0131sar esken jel menen,<\/p>\n<p>K\u00fani-t\u00fani s\u0131rlasad\u0131 el menen,<\/p>\n<p>Qos\u0131l\u01f5anda shiyrin &#8212; sheker til menen,<\/p>\n<p>B\u00e1rshe el t\u0131\u0144la\u01f5an t\u00farkmenni\u0144 saz\u0131. &#8212;<\/p>\n<p>&nbsp;<\/p>\n<p>Onda bar K\u00e1spiydi\u0144 asaw tolq\u0131n\u0131,<\/p>\n<p>Onda Qaraqumn\u0131\u0144 otl\u0131 jal\u0131n\u0131.<\/p>\n<p>G\u00fallengen turm\u0131s\u0131n aytar xalq\u0131n\u0131\u0144,<\/p>\n<p>J\u00faregime ayan T\u00farkmenni\u0144 saz\u0131.<\/p>\n<p>&nbsp;<\/p>\n<p>1957-j\u0131l may.<\/p>\n<p><strong>\u00a0 \u00a0\u00a0\u00a0\u00a0\u00a0\u00a0\u00a0\u00a0<\/strong><\/p>\n<p><strong>\u00a0<\/strong><\/p>\n<p><strong>\u00a0<\/strong><\/p>\n<p><strong>\u00a0<\/strong><\/p>\n<p><strong>\u00a0\u00a0\u00a0\u00a0\u00a0\u00a0\u00a0\u00a0 <\/strong>Eski xat.<\/p>\n<p>&nbsp;<\/p>\n<p>Abatbay Kirkabakov:<\/p>\n<p>M\u00e1lika, s\u00e1lem! \u00d3z\u0456\u0144e T\u0456leubergen a\u01f5an\u0131\u0144 1978-j\u0131l\u0131 qazaqt\u0131\u0144 k\u00f3rnekt\u0456 aq\u0131n\u0131\u00a0\u00a0\u00a0\u00a0\u00a0\u00a0\u00a0\u00a0\u00a0\u00a0\u00a0\u00a0\u00a0\u00a0\u00a0\u00a0\u00a0\u00a0\u00a0\u00a0\u00a0\u00a0\u00a0\u00a0\u00a0\u00a0\u00a0\u00a0\u00a0\u00a0\u00a0\u00a0\u00a0\u00a0\u00a0\u00a0\u00a0\u00a0\u00a0\u00a0\u00a0\u00a0\u00a0 \u01f4afu Qay\u0131rbekovke arnap jaz\u01f5an \u00f3le\u0144\u0456n joldap ot\u0131rm\u0131n. Qab\u0131l al.<\/p>\n<p>&nbsp;<\/p>\n<p><strong>TASI BERS<\/strong><strong>\u0406N J<\/strong><strong>\u00cdRLAR\u00cd\u0143<\/strong><\/p>\n<p>&nbsp;<\/p>\n<p>Jurtqa m\u00e1l\u0456m aq\u0131ns\u0131\u0144,<\/p>\n<p>Men\u0456\u0144 de sol \u2013 t\u0456leg\u0456m.<\/p>\n<p>J\u00fareg\u0456me jaq\u0131ns\u0131\u0144,<\/p>\n<p>Jastay\u0131\u0144nan b\u0456lem\u0456n.<\/p>\n<p>&nbsp;<\/p>\n<p>S\u00f3yt\u0456p sen\u0456\u0144 s\u0131r\u0131\u0144nan,<\/p>\n<p>S\u00f3z t\u0131\u0144dad\u0131 ul-q\u0131zdar.<\/p>\n<p>J\u0131m\u0131\u0144dad\u0131 j\u0131r\u0131\u0144nan,<\/p>\n<p>K\u00f3kteg\u0456 san juld\u0131zdar.<\/p>\n<p>&nbsp;<\/p>\n<p>J\u0131rlar\u0131\u0144 bar ekp\u0456nd\u0456,<\/p>\n<p>Intas\u0131nday xal\u0131qt\u0131\u0144.<\/p>\n<p>Petefi, Bayron, Pushkind\u0456&#8230;<\/p>\n<p>\u00d3z jurt\u0131\u0144a tan\u0131tt\u0131\u0144.<\/p>\n<p>&nbsp;<\/p>\n<p>Eluge kep qald\u0131\u0144 ba,<\/p>\n<p>J\u0131rda d\u00fald\u00fal jor\u01f5as\u0131\u0144.<\/p>\n<p>Bar \u00fam\u0456t\u0456\u0144 ald\u0131\u0144da,<\/p>\n<p>S\u00f3z\u0456\u0144 beyne qor\u01f5as\u0131n.<\/p>\n<p>&nbsp;<\/p>\n<p>Sharla \u00f3m\u0456r q\u0131rlar\u0131n,<\/p>\n<p>Shattand\u0131r\u0131p b\u0456zd\u0456 asa.<\/p>\n<p>Tasi bers\u0456n j\u0131rlar\u0131\u0144,<\/p>\n<p>Jasa \u0456n\u0456m, j\u00faz jasa!<\/p>\n<p>&nbsp;<\/p>\n<p>T\u0456lewbergen Jumamuratov,<\/p>\n<p>\u00d3zbek SSR-\u0456 men Qaraqalpaqstan ASSR-n\u0131\u0144 xal\u0131q aq\u0131n\u0131 ( \u00abTulpar j\u0131rd\u0131\u0144 d\u00fab\u0456r\u0456 (\u01f4afu Qay\u0131rbekov tural\u0131 estel\u0456kter)\u00bb k\u0456tab\u0131nan. Almat\u0131. \u00abB\u0456l\u0456m\u00bb baspas\u0131. 210-bet)<\/p>\n","protected":false},"excerpt":{"rendered":"<p>Tilewbergen Jumamuratov &nbsp; \u00d3zbekstan h\u00e1m Qaraqalpaqstan xal\u0131q shay\u0131r\u0131, Berdaq at\u0131nda\u01f5\u0131 m\u00e1mleketlik s\u0131yl\u0131qt\u0131\u0144 laureat\u0131 Tilewbergen Jumamuratov 1915-j\u0131l\u0131 27-dekabrde Moynaq rayon\u0131n\u0131\u0144 Aqd\u00e1rya aw\u0131l\u0131nda tuw\u0131l\u01f5an. &nbsp; 1937-j\u0131l\u0131 mu\u01f5allimler tayarlaytu\u01f5\u0131n bir j\u0131ll\u0131q kurst\u0131 pitkergennen keyin, aw\u0131lda mu\u01f5allim bol\u0131p islegen. 1942-1945-j\u0131llar\u0131 Moynaq rayonl\u0131q gazetas\u0131nda redaktor lawaz\u0131m\u0131n atqar\u01f5an. 1948-j\u0131l\u0131 Tashkent m\u00e1mleketlik universitetin s\u0131rttan oq\u0131p pitkergen. &nbsp; 1951-j\u0131ldan baslap 1981-jil\u01f5a shekem Respublikal\u0131q [&hellip;]<\/p>\n","protected":false},"author":1,"featured_media":0,"parent":0,"menu_order":0,"comment_status":"closed","ping_status":"closed","template":"","meta":{"footnotes":""},"class_list":["post-444","page","type-page","status-publish","hentry"],"_links":{"self":[{"href":"https:\/\/janubiyorol.uz\/ru\/wp-json\/wp\/v2\/pages\/444","targetHints":{"allow":["GET"]}}],"collection":[{"href":"https:\/\/janubiyorol.uz\/ru\/wp-json\/wp\/v2\/pages"}],"about":[{"href":"https:\/\/janubiyorol.uz\/ru\/wp-json\/wp\/v2\/types\/page"}],"author":[{"embeddable":true,"href":"https:\/\/janubiyorol.uz\/ru\/wp-json\/wp\/v2\/users\/1"}],"replies":[{"embeddable":true,"href":"https:\/\/janubiyorol.uz\/ru\/wp-json\/wp\/v2\/comments?post=444"}],"version-history":[{"count":1,"href":"https:\/\/janubiyorol.uz\/ru\/wp-json\/wp\/v2\/pages\/444\/revisions"}],"predecessor-version":[{"id":446,"href":"https:\/\/janubiyorol.uz\/ru\/wp-json\/wp\/v2\/pages\/444\/revisions\/446"}],"wp:attachment":[{"href":"https:\/\/janubiyorol.uz\/ru\/wp-json\/wp\/v2\/media?parent=444"}],"curies":[{"name":"wp","href":"https:\/\/api.w.org\/{rel}","templated":true}]}}