{"id":454,"date":"2025-12-11T09:11:45","date_gmt":"2025-12-11T04:11:45","guid":{"rendered":"https:\/\/janubiyorol.uz\/?page_id=454"},"modified":"2025-12-11T09:11:45","modified_gmt":"2025-12-11T04:11:45","slug":"hamdam-abdullaev","status":"publish","type":"page","link":"https:\/\/janubiyorol.uz\/ru\/hamdam-abdullaev","title":{"rendered":"Hamdam ABDULLAEV"},"content":{"rendered":"<p><a href=\"http:\/\/janubiyorol.uz\/wp-content\/uploads\/2025\/12\/Hamdam-ABDULLAEV-1.jpg\"><img loading=\"lazy\" decoding=\"async\" class=\"aligncenter size-medium wp-image-456\" src=\"http:\/\/janubiyorol.uz\/wp-content\/uploads\/2025\/12\/Hamdam-ABDULLAEV-1-213x300.jpg\" alt=\"\" width=\"213\" height=\"300\" srcset=\"https:\/\/janubiyorol.uz\/wp-content\/uploads\/2025\/12\/Hamdam-ABDULLAEV-1-213x300.jpg 213w, https:\/\/janubiyorol.uz\/wp-content\/uploads\/2025\/12\/Hamdam-ABDULLAEV-1.jpg 320w\" sizes=\"auto, (max-width: 213px) 100vw, 213px\" \/><\/a><\/p>\n<p>&nbsp;<\/p>\n<p style=\"text-align: center;\"><strong>Hamdam ABDULLAEV <\/strong><\/p>\n<p style=\"text-align: center;\">(<em>1939-2022)<\/em><\/p>\n<p>Hamdam Abdullaev<strong>\u00a0 <\/strong>1939-j\u0131l 15 avgustda Xorezm w\u00e1layat\u0131n\u0131\u0144 \u00a0Shovot rayon\u0131 \u00a0Shovotqala aw\u0131l\u0131nda tuw\u0131l\u01f5an.\u00a0\u00a0 1956-1961-j\u0131llarda Xorezm m\u00e1mleketlik pedagogika institut\u0131 (h\u00e1zirgi \u00dargenish m\u00e1mleketlik universiteti)ni\u0144 Tariyx-filologiya fakultetinde oq\u0131\u01f5an. 1961-1963-j\u0131llarda Shovot rayon\u0131nda\u01f5\u0131 orta mektepte oq\u0131t\u0131wsh\u0131 lawaz\u0131m\u0131nda islegen. 1963-1969-j\u0131llarda Xorezm m\u00e1mleketlik pedagogika institut\u0131nda oq\u0131t\u0131wsh\u0131, \u00falken oq\u0131t\u0131wsh\u0131, 1970-1975-j\u0131llarda fakultet dekan\u0131, kafedra basl\u0131\u01f5\u0131, 1975-1981-j\u0131llarda prorektor, 1985-2005j\u0131llarda \u00d3zbek \u00e1debiyat\u0131 kafedras\u0131n\u0131\u0144 basl\u0131\u01f5\u0131 lawaz\u0131mlar\u0131nda jum\u0131s al\u0131p bar\u01f5an. Ol \u00f3mirini\u0144 aq\u0131r\u0131na shekem \u00dargenish m\u00e1mleketlik universitetinde \u00ab\u00d3zbek \u00e1debiyat\u0131\u00bb kafedras\u0131n\u0131\u0144 professor\u0131 lawaz\u0131m\u0131nda jum\u0131s isledi.<\/p>\n<p>H.Abdullaev Xorezm d\u00e1stansh\u0131l\u0131\u01f5\u0131 d\u00e1st\u00farlerini\u0144 \u00f3zine t\u00e1n q\u00e1siyetleri, \u00f3zbek, t\u00farkmen h\u00e1m qaraqalp\u0131q baqs\u0131lar\u0131n\u0131\u0144 \u00f3zara d\u00f3retiwshilik baylan\u0131slar\u0131, \u00f3zbek h\u00e1m qaraqalpaq d\u00e1stanlar\u0131n\u0131\u0144 tipologiyas\u0131, romanik epost\u0131\u0144 k\u00f3rkemligi \u00e1selelerin izertlegen. 1969-j\u0131lda \u00abMaqt\u0131mqul\u0131 h\u00e1m \u00f3zbek \u00e1debiyat\u0131\u00bb temas\u0131nda kandidatl\u0131q dissertaciyas\u0131n qor\u01f5an\u01f5an. 1988-j\u0131lda \u00ab\u00d3zbek-qaraqalpaq epos baylan\u0131slar\u0131 h\u00e1m tipologiyas\u0131\u00bb \u00a0temas\u0131nda doktorl\u0131q dissertaciyas\u0131n qor\u01f5a\u01f5an. 1991-j\u0131lda professor ilimiy ata\u01f5\u0131na iye bold\u0131.<\/p>\n<p>H.Abdullaevqa 1999-j\u0131lda \u00abQaraqalpaqstan Respublikas\u0131na x\u0131zmet k\u00f3rsetken ilim piday\u0131s\u0131\u00bb H\u00farmetli ataq berilgen. \u00a01984-2022-j\u0131llarda \u00d3zbekstan Jaz\u0131wsh\u0131lar awqam\u0131n\u0131\u0144 a\u01f5zas\u0131.<\/p>\n<p>H.Abdullaevt\u0131\u0144 folklor h\u00e1m jazba \u00e1debiyat m\u00e1selelerine arnal\u01f5an 200 aslam ilimiy miynetleri bar.<\/p>\n<p><strong>\u00a0<\/strong><\/p>\n<p><strong>Ilimiy miynetleri: <\/strong>\u0425\u043e\u0440\u0430\u0437\u043c \u0445\u0430\u043b\u049b \u049b\u045e\u0448\u0438\u049b\u043b\u0430\u0440\u0438. \u2012 \u0423\u0440\u0433\u0430\u043d\u0447, 1965. 17 \u043d\u043e\u044f\u0431\u0440\u044c; \u0422\u0443\u0440\u043a\u043c\u0430\u043d \u0444\u043e\u043b\u044c\u043a\u043b\u043e\u0440\u0438\u0434\u0430 \u041d\u0430\u0432\u043e\u0438\u0439 \u043e\u0431\u0440\u0430\u0437\u0438. \u2012 \u0423\u0440\u0433\u0430\u043d\u0447, 1968. \u2012 18 \u0430\u043f\u0440\u0435\u043b\u044c; \u041c\u0430\u0445\u0442\u0443\u043c\u049b\u0443\u043b\u0438 \u0432\u0430 \u0425\u043e\u0440\u0430\u0437\u043c \u0431\u0430\u0445\u0448\u0438\u043b\u0430\u0440\u0438. \u00a0\u0425\u0430\u043b\u049b\u043b\u0430\u0440 \u0434\u045e\u0441\u0442\u043b\u0438\u0433\u0438 \u2013 \u0430\u0434\u0430\u0431\u0438\u0451\u0442\u043b\u0430\u0440 \u0434\u045e\u0441\u0442\u043b\u0438\u0433\u0438. \u2013 \u0422\u043e\u0448\u043a\u0435\u043d\u0442, 1975; \u041c\u0430\u0445\u0442\u0443\u043c\u049b\u0443\u043b\u0438 \u0425\u043e\u0440\u0430\u0437\u043c \u0430\u0444\u0441\u043e\u043d\u0430\u043b\u0430\u0440\u0438\u0434\u0430. \u0424\u0422\u0422. \u2013 \u0422\u043e\u0448\u043a\u0435\u043d\u0442, 1977; \u041c\u0430\u0445\u0442\u0443\u043c\u049b\u0443\u043b\u0438 \u0432\u0430 \u0425\u043e\u0440\u0430\u0437\u043c \u0440\u0438\u0432\u043e\u044f\u0442\u043b\u0430\u0440\u0438. \u040e\u0422\u0410. \u2013 \u0422\u043e\u0448\u043a\u0435\u043d\u0442, 1979. \u2012 \u21164; \u0425\u0430\u043b\u0444\u0430\u043b\u0430\u0440 \u0440\u0435\u043f\u0435\u0440\u0442\u0443\u0430\u0440\u0438 \u0432\u0430 \u0444\u043e\u043b\u044c\u043a\u043b\u043e\u0440 \u0430\u043b\u043e\u049b\u0430\u043b\u0430\u0440\u0438. \u0410\u0414\u041c. \u2013 \u0422\u043e\u0448\u043a\u0435\u043d\u0442, 1982. \u2012 \u21162; \u042d\u043f\u043e\u0441 \u0432\u0430 \u0425\u043e\u0440\u0430\u0437\u043c \u044d\u0442\u043d\u043e\u0444\u043e\u043b\u044c\u043a\u043b\u043e\u0440 \u0430\u0440\u0435\u0430\u043b\u0438. \u0410\u0414\u041c. \u2013 \u0422\u043e\u0448\u043a\u0435\u043d\u0442, 1984. \u2012 \u21162; \u0425\u043e\u0440\u0430\u0437\u043c \u0430\u0444\u0441\u043e\u043d\u0430\u043b\u0430\u0440\u0438\u0434\u0430 \u043c\u0438\u0444\u043e\u043b\u043e\u0433\u0438\u044f \u0438\u0437\u043b\u0430\u0440\u0438. \u040e\u0422\u0410. \u2013 \u0422\u043e\u0448\u043a\u0435\u043d\u0442, 1984. \u2012 \u21161; \u0425\u0430\u043b\u049b \u0434\u043e\u0441\u0442\u043e\u043d\u043b\u0430\u0440\u0438 \u0432\u0430 \u0443\u043b\u0430\u0440\u043d\u0438\u043d\u0433 \u0432\u0430\u0440\u0438\u0430\u043d\u0442\u043b\u0430\u0440\u0438. \u2013 \u0422\u043e\u0448\u043a\u0435\u043d\u0442: \u0424\u0430\u043d, 1984; \u041c\u0430\u0442\u043d\u0430\u0437\u0430\u0440 \u0431\u0430\u0445\u0448\u0438 \u2013 \u049a\u0443\u0440\u0431\u043e\u043d\u0431\u043e\u0439 \u0436\u0438\u0440\u043e\u0432\u043d\u0438\u043d\u0433 \u0448\u043e\u0433\u0438\u0440\u0434\u0438. \u00ab\u0412\u0435\u0441\u0442\u043d\u0438\u043a\u00bb \u041a\u041a\u0424 \u0410\u041d \u0420\u0423\u0437. \u2013 \u041d\u0443\u043a\u0443\u0441, 1984. \u2012 \u21163; \u049a\u0443\u0440\u0431\u043e\u043d\u0431\u043e\u0439 \u0436\u0438\u0440\u043e\u0432 \u0432\u0430 \u045e\u0437\u0431\u0435\u043a \u0431\u0430\u0445\u0448\u0438\u043b\u0430\u0440\u0438. \u040e\u0422\u0410. \u2013\u0422\u043e\u0448\u043a\u0435\u043d\u0442, 1984. \u2012 \u21166; \u0411\u0438\u0440 \u0434\u043e\u0441\u0442\u043e\u043d \u0431\u0430\u0445\u0448\u0438 \u0432\u0430 \u0436\u0438\u0440\u043e\u0432 \u0438\u0436\u0440\u043e\u0441\u0438\u0434\u0430. \u0410\u0414\u041c. \u2013\u0422\u043e\u0448\u043a\u0435\u043d\u0442, 1985. \u2012 \u211632; \u040e\u0437\u0431\u0435\u043a \u0432\u0430 \u049b\u043e\u0440\u0430\u049b\u0430\u043b\u043f\u043e\u049b \u0431\u0430\u0445\u0448\u0438\u043b\u0430\u0440\u0438 \u04b3\u0430\u043c\u043a\u043e\u0440\u043b\u0438\u0433\u0438. \u0410\u0414\u041c. \u2013 \u0422\u043e\u0448\u043a\u0435\u043d\u0442, 1985. \u2013 \u211634; \u0422\u0430\u0440\u0438\u0445\u0438\u0439\u043b\u0438\u043a \u043f\u0440\u0438\u043d\u0446\u0438\u043f\u0438 \u0432\u0430 \u044d\u043f\u043e\u0441 \u0430\u043b\u043e\u049b\u0430\u043b\u0430\u0440\u0438. \u041c\u0438\u043b\u043b\u0438\u0439 \u0430\u0434\u0430\u0431\u0438\u0451\u0442\u043b\u0430\u0440\u043d\u0438 \u049b\u0438\u0451\u0441\u0438\u0439 \u045e\u0440\u0433\u0430\u043d\u0438\u0448. \u2013 \u0422\u043e\u0448\u043a\u0435\u043d\u0442, 1986; \u042d\u043f\u043e\u0441 \u0432\u0430 \u0442\u0430\u0440\u0438\u0445\u0438\u0439 \u0432\u043e\u049b\u0435\u043b\u0438\u043a. \u2013 \u0422\u043e\u0448\u043a\u0435\u043d\u0442, 1987; \u042d\u043f\u043e\u0441\u043d\u0438 \u045e\u0440\u0433\u0430\u043d\u0438\u0448\u0434\u0430 \u0440\u0435\u0433\u0438\u043e\u043d\u0430\u043b \u043f\u0440\u0438\u043d\u0446\u0438\u043f. \u00a0\u00ab\u0412\u0435\u0441\u0442\u043d\u0438\u043a\u00bb \u041a\u041a\u0424 \u0410\u041d \u0420\u0423\u0437. \u2013 \u041d\u0443\u043a\u0443\u0441, 1988. \u2012 \u21165; \u040e\u0437\u0431\u0435\u043a \u0432\u0430 \u049b\u043e\u0440\u0430\u049b\u0430\u043b\u043f\u043e\u049b \u0444\u043e\u043b\u044c\u043a\u043b\u043e\u0440\u0438\u0434\u0430 \u0413\u0443\u043b\u0434\u0443\u0440\u0441\u0443\u043d \u043e\u0431\u0440\u0430\u0437\u0438. \u0410\u0434\u0430\u0431\u0438\u0451\u0442\u043b\u0430\u0440 \u04b3\u0430\u043c\u043a\u043e\u0440\u043b\u0438\u0433\u0438. \u2013 \u0422\u043e\u0448\u043a\u0435\u043d\u0442, 1988; \u040e\u0437\u0431\u0435\u043a \u2013 \u049b\u043e\u0440\u0430\u049b\u0430\u043b\u043f\u043e\u049b \u0444\u043e\u043b\u044c\u043a\u043b\u043e\u0440 \u0430\u043b\u043e\u049b\u0430\u043b\u0430\u0440\u0438 (\u0440\u0443\u0441 \u0442\u0438\u043b\u0438\u0434\u0430). \u2013 \u0422\u043e\u0448\u043a\u0435\u043d\u0442: \u0424\u0430\u043d, 1991; \u049a\u0443\u0440\u0431\u043e\u043d\u0431\u043e\u0439 \u0436\u0438\u0440\u043e\u0432 \u0432\u0430 \u045e\u0437\u0431\u0435\u043a \u0445\u0430\u043b\u049b \u043f\u0440\u043e\u0437\u0430\u0441\u0438. \u0410\u0414\u041c. \u2013\u0422\u043e\u0448\u043a\u0435\u043d\u0442, 1991. \u21164; \u00ab\u049a\u0438\u0440\u049b \u049b\u0438\u0437\u00bb \u044d\u043f\u043e\u0441\u0438\u043d\u0438\u043d\u0433 \u0442\u0438\u043f\u043e\u043b\u043e\u0433\u0438\u044f\u0441\u0438\u0433\u0430 \u0434\u043e\u0438\u0440. \u040e\u0422\u0410. \u2012 \u0422\u043e\u0448\u043a\u0435\u043d\u0442, 1998. \u21162; \u00ab\u0410\u043b\u043f\u043e\u043c\u0438\u0448\u00bb \u044d\u043f\u043e\u0441\u0438 \u0432\u0430 \u0425\u043e\u0440\u0430\u0437\u043c \u0432\u043e\u04b3\u0430\u0441\u0438 \u0434\u043e\u0441\u0442\u043e\u043d\u0447\u0438\u043b\u0438\u0433\u0438. \u00a0\u2012 \u0423\u0440\u0433\u0430\u043d\u0447, 1998. \u2012 20 \u0438\u044e\u043d\u044c; \u049a\u0430\u0434\u0438\u043c \u0448\u0430\u04b3\u0430\u0440\u043b\u0430\u0440 \u0432\u0430 \u0442\u0438\u0440\u0438\u043a \u0440\u0438\u0432\u043e\u044f\u0442\u043b\u0430\u0440. \u00a0\u04b2\u0430\u0451\u0442 \u0432\u0430 \u049b\u043e\u043d\u0443\u043d. \u2012 1998. \u2012 \u2116 9-10; \u00ab\u0410\u043b\u043f\u043e\u043c\u0438\u0448\u00bb \u044d\u043f\u043e\u0441\u0438 \u0432\u0430 \u0425\u043e\u0440\u0430\u0437\u043c \u0432\u043e\u04b3\u0430\u0441\u0438 \u0434\u043e\u0441\u0442\u043e\u043d\u0447\u0438\u043b\u0438\u0433\u0438. \u040e\u0422\u0410. \u2012 \u0422\u043e\u0448\u043a\u0435\u043d\u0442, 1999. \u21164; \u0425\u0430\u043b\u049b \u043e\u0493\u0437\u0430\u043a\u0438 \u0438\u0436\u043e\u0434\u0438 \u2013 \u0430\u0445\u043b\u043e\u049b\u0438\u0439 \u0432\u0430 \u044d\u0441\u0442\u0435\u0442\u0438\u043a \u0442\u0430\u0440\u0431\u0438\u044f\u043d\u0438\u043d\u0433 \u043c\u0430\u043d\u0431\u0430\u0438 \u0441\u0438\u0444\u0430\u0442\u0438\u0434\u0430. \u00ab\u0418.\u041a\u0430\u0440\u0438\u043c\u043e\u0432 \u0430\u0441\u0430\u0440\u043b\u0430\u0440\u0438 \u0430\u0441\u043e\u0441\u0438\u0434\u0430 \u0442\u0430\u043b\u0430\u0431\u0430 \u0432\u0430 \u045e\u049b\u0443\u0432\u0447\u0438\u043b\u0430\u0440\u043d\u0438 \u043c\u0430\u044a\u043d\u0430\u0432\u0438\u0439-\u0430\u0445\u043b\u043e\u049b\u0438\u0439 \u0442\u0430\u0440\u0431\u0438\u044f\u043b\u0430\u0448 \u0432\u0430\u0437\u0438\u0444\u0430\u043b\u0430\u0440\u0438\u00bb \u043c\u0430\u0432\u0437\u0443\u0441\u0438\u0434\u0430\u0433\u0438 \u0420\u0435\u0441\u043f\u0443\u0431\u043b\u0438\u043a\u0430 \u0438\u043b\u043c\u0438\u0439-\u043d\u0430\u0437\u0430\u0440\u0438\u0439 \u043a\u043e\u043d\u0444\u0435\u0440\u0435\u043d\u0446\u0438\u044f\u0441\u0438 \u043c\u0430\u0442\u0435\u0440\u0438\u0430\u043b\u043b\u0430\u0440\u0438. \u2013 \u0422\u043e\u0448\u043a\u0435\u043d\u0442, 1999; \u0425\u0430\u043b\u0444\u0430\u043b\u0438\u043a \u0441\u0430\u043d\u044a\u0430\u0442\u0438 \u049b\u0430\u0434\u0440\u0438\u044f\u0442 \u0441\u0438\u0444\u0430\u0442\u0438\u0434\u0430. \u041c\u0430\u049b\u043e\u043b\u0430\u043b\u0430\u0440 \u0442\u045e\u043f\u043b\u0430\u043c\u0438. \u2013 \u0421\u0430\u043c\u0430\u0440\u049b\u0430\u043d\u0434, 1999; \u041c\u0430\u0445\u0442\u0443\u043c\u049b\u0443\u043b\u0438 \u0448\u0435\u044a\u0440\u0438\u044f\u0442\u0438 \u0431\u0430\u0445\u0448\u0438 \u0442\u0430\u043b\u049b\u0438\u043d\u0438\u0434\u0430. \u0424\u0422\u0422. II \u043a\u0438\u0442\u043e\u0431. \u2013 \u0423\u0440\u0433\u0430\u043d\u0447, 1999; \u0417\u0430\u0440\u0434\u0443\u0448\u0442 \u04b3\u0430\u049b\u0438\u0434\u0430 \u04b3\u0430\u049b\u0438\u049b\u0430\u0442 \u0432\u0430 \u0440\u0438\u0432\u043e\u044f\u0442. \u041c\u0430\u044a\u0440\u0438\u0444\u0430\u0442 \u0451\u0493\u0434\u0443\u0441\u0438. \u2013 \u0423\u0440\u0433\u0430\u043d\u0447, 1999. \u21162; \u00ab\u0410\u0432\u0435\u0441\u0442\u043e\u00bb\u0434\u0430\u0433\u0438 \u043e\u0431\u0440\u0430\u0437\u043b\u0430\u0440 \u0442\u0430\u043b\u049b\u0438\u043d\u0438. \u00a0\u0418\u043b\u043c\u0438\u0439 \u0430\u043d\u0436\u0443\u043c\u0430\u043d \u043c\u0430\u0442\u0435\u0440\u0438\u0430\u043b\u043b\u0430\u0440\u0438. \u2013 \u0423\u0440\u0433\u0430\u043d\u0447, 2000; \u00ab\u0410\u0432\u0435\u0441\u0442\u043e\u00bb \u0432\u0430 \u0425\u043e\u0440\u0430\u0437\u043c \u0444\u043e\u043b\u044c\u043a\u043b\u043e\u0440\u0438. \u00a0\u00ab\u0410\u0432\u0435\u0441\u0442\u043e\u00bb \u0432\u0430 \u040e\u0440\u0442\u0430 \u041e\u0441\u0438\u0451 \u0445\u0430\u043b\u049b\u043b\u0430\u0440\u0438 \u043c\u0430\u0434\u0430\u043d\u0438\u044f\u0442\u0438 \u0442\u0430\u0440\u0438\u0445\u0438\u0434\u0430\u043d. \u2012 \u041d\u0443\u043a\u0443\u0441-\u0425\u0438\u0432\u0430. 2001; \u041a\u0430\u044e\u043c\u0430\u0440\u0441\u043d\u0438\u043d\u0433 \u043e\u0493\u0437\u0430\u043a\u0438 \u0442\u0430\u043b\u049b\u0438\u043d\u043b\u0430\u0440\u0438. \u00a0\u00ab\u0410\u0432\u0435\u0441\u0442\u043e\u00bb \u0432\u043e\u0440\u0438\u0441\u043b\u0430\u0440\u0438. \u2013 \u0423\u0440\u0433\u0430\u043d\u0447, 2001. \u2013 \u0411.17-19; \u00ab\u0410\u0432\u0435\u0441\u0442\u043e\u00bb \u0432\u0430 \u0425\u043e\u0440\u0430\u0437\u043c \u044d\u043f\u043e\u0441\u0438. \u00a0\u0425\u0430\u043b\u049b\u0430\u0440\u043e \u043a\u043e\u043d\u0444\u0435\u0440\u0435\u043d\u0446\u0438\u044f \u043c\u0430\u0442\u0435\u0440\u0438\u0430\u043b\u043b\u0430\u0440\u0438. \u2013\u0422\u043e\u0448\u043a\u0435\u043d\u0442, 2001; \u00ab\u0410\u0432\u0435\u0441\u0442\u043e\u00bb \u0432\u0430 \u0425\u043e\u0440\u0430\u0437\u043c \u0432\u043e\u04b3\u0430\u0441\u0438 \u0444\u043e\u043b\u044c\u043a\u043b\u043e\u0440\u0438. \u040e\u0437\u0431\u0435\u043a\u0438\u0441\u0442\u043e\u043d \u0442\u0430\u0440\u0438\u0445\u0438. \u2013 \u0422\u043e\u0448\u043a\u0435\u043d\u0442, 2001. \u21163. \u2012 \u0411. 38-42; \u00ab\u0424\u0438\u043b\u043c\u0430\u04b3\u043c\u0443\u0434\u00bb \u0434\u043e\u0441\u0442\u043e\u043d\u0438\u0434\u0430 \u0436\u0430\u0432\u043e\u043d\u043c\u0430\u0440\u0434\u043b\u0438\u043a. \u0418\u0421. \u2012 \u0423\u0440\u0433\u0430\u043d\u0447, 2002. \u21161; \u0425\u0430\u043b\u0444\u0430\u043b\u0430\u0440 \u0440\u0435\u043f\u0435\u0440\u0442\u0443\u0430\u0440\u0438 \u0432\u0430 \u0416.\u049a\u043e\u0431\u0443\u043b\u043d\u0438\u0451\u0437\u043e\u0432. \u0418\u0441. \u2012 \u0423\u0440\u0433\u0430\u043d\u0447, 2002. \u21162; \u041e \u043a\u0438\u0440\u0433\u0438\u0437\u0441\u043a\u043e\u043c \u0432\u0430\u0440\u0438\u0430\u043d\u0442\u0435 \u041a\u0443\u0440\u0431\u0430\u043d\u0431\u0435\u043a\u0430. \u0424\u0438\u043b\u043e\u043b\u043e\u0433\u0438\u0447\u0435\u0441\u043a\u0438\u0435 \u0438\u0441\u0441\u043b\u0435\u0434\u043e\u0432\u0430\u043d\u0438\u0435. \u2013 \u0423\u0440\u0433\u0435\u043d\u0447, 2002; \u042d\u043f\u043e\u0441\u0434\u0430 \u0442\u0430\u0440\u0438\u0445\u0438\u0439\u043b\u0438\u043a. \u00a0\u0424\u0422\u0422. \u2013\u0423\u0440\u0433\u0430\u043d\u0447, 2002; \u0425\u043e\u0440\u0430\u0437\u043c \u0444\u043e\u043b\u044c\u043a\u043b\u043e\u0440\u0438 \u0442\u045e\u043f\u043b\u043e\u0432\u0447\u0438\u0441\u0438 \/ \u0424\u0422\u0422. \u2013\u0423\u0440\u0433\u0430\u043d\u0447, 2002; \u049a\u043e\u0440\u0430\u049b\u0430\u043b\u043f\u043e\u049b \u044d\u043f\u043e\u0441\u0438\u043d\u0438\u043d\u0433 \u0425\u043e\u0440\u0430\u0437\u043c \u0434\u0430\u0432\u0440\u0438. \u00a0\u0425\u0424. IV \u0442\u043e\u043c. \u2013 \u0423\u0440\u0433\u0430\u043d\u0447, 2002; \u00ab\u0410\u0432\u0435\u0441\u0442\u043e\u00bb \u0432\u0430 \u0425\u043e\u0440\u0430\u0437\u043c \u044d\u043f\u043e\u0441\u0438 \u049b\u0430\u0442\u043b\u0430\u043c\u043b\u0430\u0440\u0438. \u00ab\u0410\u0432\u0435\u0441\u0442\u043e\u00bb \u0432\u0430 \u0443\u043d\u0438\u043d\u0433 \u0438\u043d\u0441\u043e\u043d\u0438\u044f\u0442 \u0442\u0430\u0440\u0438\u0445\u0438\u0434\u0430\u0433\u0438 \u045e\u0440\u043d\u0438. \u2013 \u0422\u043e\u0448\u043a\u0435\u043d\u0442, 2002; \u00ab\u0410\u0432\u0435\u0441\u0442\u043e\u00bb \u0432\u0430 \u043c\u0438\u0444\u043b\u0430\u0440\u0434\u0430\u0433\u0438 \u043c\u043e\u0442\u0438\u0432\u043b\u0430\u0440. \u00a0\u0410\u041a. \u2013 \u0422\u043e\u0448\u043a\u0435\u043d\u0442, 2002. \u21167; \u0425\u043e\u0440\u0430\u0437\u043c \u0445\u0430\u043b\u049b \u0438\u0436\u043e\u0434\u043a\u043e\u0440\u043b\u0438\u0433\u0438 \u0492.\u0492\u0443\u043b\u043e\u043c \u0442\u0430\u043b\u049b\u0438\u043d\u0438\u0434\u0430. \u00a0\u0492\u0430\u0444\u0443\u0440 \u0492\u0443\u043b\u043e\u043c \u2013 \u045e\u0437\u0431\u0435\u043a \u0430\u0434\u0430\u0431\u0438\u0451\u0442\u0438 \u0431\u0430\u0439\u0440\u043e\u049b\u0434\u043e\u0440\u0438. \u2013 \u0421\u0430\u043c\u0430\u0440\u049b\u0430\u043d\u0434, 2003; \u00ab\u0425\u0430\u043b\u0444\u0430\u00bb \u0430\u0442\u0430\u043c\u0430\u0441\u0438 \u04b3\u0430\u049b\u0438\u0434\u0430 \u049b\u0430\u0439\u0434\u043b\u0430\u0440. \u00a0\u040e\u0422\u0410.\u2012 \u0422\u043e\u0448\u043a\u0435\u043d\u0442, 2004. \u21164; \u041e\u0436\u0438\u0437\u0430 \u0445\u0430\u043b\u0444\u0430 \u0430\u0441\u0430\u0440\u043b\u0430\u0440\u0438 \u0442\u045e\u043f\u043b\u0430\u043c\u0438. \u00a0\u0418\u0421. \u2012 \u0423\u0440\u0433\u0430\u043d\u0447, 2004. \u21163; \u00ab\u0428\u0430\u04b3\u0440\u0438\u0451\u0440\u0438 \u043e\u043b\u0430\u043c\u00bb (\u0431\u0430\u0441\u043f\u0430\u0493\u0430 \u0442\u0430\u044f\u0440\u043b\u0430\u0493\u0430\u043d \u04b3\u04d9\u043c \u0430\u043b\u0493\u044b \u0441\u04e9\u0437 \u0436\u0430\u0437\u0493\u0430\u043d). \u2013\u0422\u043e\u0448\u043a\u0435\u043d\u0442, 2006; \u042d\u0437\u0433\u0443\u043b\u0438\u043a\u043d\u0438 \u043a\u0443\u0439\u043b\u043e\u0432\u0447\u0438 \u0434\u043e\u0441\u0442\u043e\u043d. \u00a0\u0428\u0430\u04b3\u0440\u0438\u0451\u0440\u0438 \u043e\u043b\u0430\u043c. \u2013\u0422\u043e\u0448\u043a\u0435\u043d\u0442, 2006. \u2013\u0411. 30-36.<\/p>\n<p><strong>\u00a0<\/strong><\/p>\n<p><strong>\u00a0<\/strong><\/p>\n<p>&nbsp;<\/p>\n","protected":false},"excerpt":{"rendered":"<p>&nbsp; Hamdam ABDULLAEV (1939-2022) Hamdam Abdullaev\u00a0 1939-j\u0131l 15 avgustda Xorezm w\u00e1layat\u0131n\u0131\u0144 \u00a0Shovot rayon\u0131 \u00a0Shovotqala aw\u0131l\u0131nda tuw\u0131l\u01f5an.\u00a0\u00a0 1956-1961-j\u0131llarda Xorezm m\u00e1mleketlik pedagogika institut\u0131 (h\u00e1zirgi \u00dargenish m\u00e1mleketlik universiteti)ni\u0144 Tariyx-filologiya fakultetinde oq\u0131\u01f5an. 1961-1963-j\u0131llarda Shovot rayon\u0131nda\u01f5\u0131 orta mektepte oq\u0131t\u0131wsh\u0131 lawaz\u0131m\u0131nda islegen. 1963-1969-j\u0131llarda Xorezm m\u00e1mleketlik pedagogika institut\u0131nda oq\u0131t\u0131wsh\u0131, \u00falken oq\u0131t\u0131wsh\u0131, 1970-1975-j\u0131llarda fakultet dekan\u0131, kafedra basl\u0131\u01f5\u0131, 1975-1981-j\u0131llarda prorektor, 1985-2005j\u0131llarda \u00d3zbek \u00e1debiyat\u0131 kafedras\u0131n\u0131\u0144 [&hellip;]<\/p>\n","protected":false},"author":1,"featured_media":0,"parent":0,"menu_order":0,"comment_status":"closed","ping_status":"closed","template":"","meta":{"footnotes":""},"class_list":["post-454","page","type-page","status-publish","hentry"],"_links":{"self":[{"href":"https:\/\/janubiyorol.uz\/ru\/wp-json\/wp\/v2\/pages\/454","targetHints":{"allow":["GET"]}}],"collection":[{"href":"https:\/\/janubiyorol.uz\/ru\/wp-json\/wp\/v2\/pages"}],"about":[{"href":"https:\/\/janubiyorol.uz\/ru\/wp-json\/wp\/v2\/types\/page"}],"author":[{"embeddable":true,"href":"https:\/\/janubiyorol.uz\/ru\/wp-json\/wp\/v2\/users\/1"}],"replies":[{"embeddable":true,"href":"https:\/\/janubiyorol.uz\/ru\/wp-json\/wp\/v2\/comments?post=454"}],"version-history":[{"count":1,"href":"https:\/\/janubiyorol.uz\/ru\/wp-json\/wp\/v2\/pages\/454\/revisions"}],"predecessor-version":[{"id":457,"href":"https:\/\/janubiyorol.uz\/ru\/wp-json\/wp\/v2\/pages\/454\/revisions\/457"}],"wp:attachment":[{"href":"https:\/\/janubiyorol.uz\/ru\/wp-json\/wp\/v2\/media?parent=454"}],"curies":[{"name":"wp","href":"https:\/\/api.w.org\/{rel}","templated":true}]}}