{"id":503,"date":"2025-12-11T23:57:46","date_gmt":"2025-12-11T18:57:46","guid":{"rendered":"https:\/\/janubiyorol.uz\/?page_id=503"},"modified":"2025-12-11T23:57:46","modified_gmt":"2025-12-11T18:57:46","slug":"turkman-ozbek-adabiy-alokalari","status":"publish","type":"page","link":"https:\/\/janubiyorol.uz\/ru\/turkman-ozbek-adabiy-alokalari","title":{"rendered":"Turkman-O\u2018zbek adabiy alokalari"},"content":{"rendered":"<p>\u200b<\/p>\n<table style=\"border-collapse: collapse; width: 100%; height: 347px;\">\n<tbody>\n<tr style=\"height: 299px;\">\n<td style=\"width: 23.7437%; height: 299px;\"><a href=\"http:\/\/janubiyorol.uz\/wp-content\/uploads\/2025\/12\/Bayniyazov-Azatbay-Tursinbaevich.jpg\"><img loading=\"lazy\" decoding=\"async\" class=\"aligncenter size-medium wp-image-393\" src=\"http:\/\/janubiyorol.uz\/wp-content\/uploads\/2025\/12\/Bayniyazov-Azatbay-Tursinbaevich-213x300.jpg\" alt=\"\" width=\"213\" height=\"300\" srcset=\"https:\/\/janubiyorol.uz\/wp-content\/uploads\/2025\/12\/Bayniyazov-Azatbay-Tursinbaevich-213x300.jpg 213w, https:\/\/janubiyorol.uz\/wp-content\/uploads\/2025\/12\/Bayniyazov-Azatbay-Tursinbaevich.jpg 320w\" sizes=\"auto, (max-width: 213px) 100vw, 213px\" \/><\/a><\/td>\n<td style=\"width: 76.2563%; text-align: center; height: 299px;\">\n<h3 class=\"leading-8 font-normal\" data-pm-slice=\"1 1 []\">Turkman-O\u2018zbek adabiy alokalari<\/h3>\n<p><a href=\"https:\/\/janubiyorol.uz\/bayniyazov-azatbay-tursinbaevich\"><span style=\"font-size: 36pt;\"><strong><span style=\"font-size: 24pt;\">BAYNIYAZOV AZATBAY TURSINBAEVICH <\/span><\/strong><\/span><\/a><\/p>\n<h3 data-pm-slice=\"1 1 []\">Shet tilleri<\/h3>\n<p>&nbsp;<\/td>\n<\/tr>\n<\/tbody>\n<\/table>\n<hr \/>\n<table style=\"border-collapse: collapse; width: 100%; height: 347px;\">\n<tbody>\n<tr style=\"height: 299px;\">\n<td style=\"width: 23.7437%; height: 299px;\"><a href=\"http:\/\/janubiyorol.uz\/wp-content\/uploads\/2025\/12\/Sapayeva-Feruza-Davlatovna.jpg\"><img loading=\"lazy\" decoding=\"async\" class=\"aligncenter size-medium wp-image-402\" src=\"http:\/\/janubiyorol.uz\/wp-content\/uploads\/2025\/12\/Sapayeva-Feruza-Davlatovna-213x300.jpg\" alt=\"\" width=\"213\" height=\"300\" srcset=\"https:\/\/janubiyorol.uz\/wp-content\/uploads\/2025\/12\/Sapayeva-Feruza-Davlatovna-213x300.jpg 213w, https:\/\/janubiyorol.uz\/wp-content\/uploads\/2025\/12\/Sapayeva-Feruza-Davlatovna.jpg 320w\" sizes=\"auto, (max-width: 213px) 100vw, 213px\" \/><\/a><\/td>\n<td style=\"width: 76.2563%; text-align: center; height: 299px;\">\n<h3 class=\"leading-8 font-normal\" data-pm-slice=\"1 1 []\">Turkman-O\u2018zbek adabiy alokalari<\/h3>\n<p><span style=\"font-size: 24pt;\"><a href=\"https:\/\/janubiyorol.uz\/sapayeva-feruza-davlatovna\"><strong>SAPAYEVA FERUZA DAVLATOVNA <\/strong><\/a><\/span><\/p>\n<h3 data-pm-slice=\"1 1 []\">Filolog, \u00f3zbek tili h\u00e1m \u00e1debiyat\u0131<\/h3>\n<\/td>\n<\/tr>\n<\/tbody>\n<\/table>\n<hr \/>\n<table style=\"border-collapse: collapse; width: 100%; height: 347px;\">\n<tbody>\n<tr style=\"height: 299px;\">\n<td style=\"width: 23.7437%; height: 299px;\"><a href=\"http:\/\/janubiyorol.uz\/wp-content\/uploads\/2025\/12\/Buranova-Barno-Menglibayevna.jpg\"><img loading=\"lazy\" decoding=\"async\" class=\"aligncenter size-medium wp-image-399\" src=\"http:\/\/janubiyorol.uz\/wp-content\/uploads\/2025\/12\/Buranova-Barno-Menglibayevna-213x300.jpg\" alt=\"\" width=\"213\" height=\"300\" srcset=\"https:\/\/janubiyorol.uz\/wp-content\/uploads\/2025\/12\/Buranova-Barno-Menglibayevna-213x300.jpg 213w, https:\/\/janubiyorol.uz\/wp-content\/uploads\/2025\/12\/Buranova-Barno-Menglibayevna.jpg 320w\" sizes=\"auto, (max-width: 213px) 100vw, 213px\" \/><\/a><\/td>\n<td style=\"width: 76.2563%; text-align: center; height: 299px;\">\n<h3 class=\"leading-8 font-normal\" data-pm-slice=\"1 1 []\">Turkman-O\u2018zbek adabiy alokalari<\/h3>\n<p><span style=\"font-size: 24pt;\"><a href=\"https:\/\/janubiyorol.uz\/buranova-barno-menglibayevna\"><strong>BURANOVA BARNO MENGLIBAYEVNA <\/strong><\/a><\/span><\/p>\n<h3 data-pm-slice=\"1 1 []\">\u00d3zbek filologiyas\u0131<\/h3>\n<\/td>\n<\/tr>\n<\/tbody>\n<\/table>\n<hr \/>\n<table style=\"border-collapse: collapse; width: 100%; height: 347px;\">\n<tbody>\n<tr style=\"height: 299px;\">\n<td style=\"width: 23.7437%; height: 299px;\"><\/td>\n<td style=\"width: 76.2563%; text-align: center; height: 299px;\">\n<h3 class=\"leading-8 font-normal\" data-pm-slice=\"1 1 []\">Turkman-O\u2018zbek adabiy alokalari<\/h3>\n<p><span style=\"font-size: 24pt;\"><a href=\"https:\/\/janubiyorol.uz\/karimov-bahodir-nurmetovich\"><strong>KARIMOV BAHODIR NURMETOVICH <\/strong><\/a><\/span><\/p>\n<h3 data-pm-slice=\"1 1 []\">\u00d3zbek filologiyas\u0131<\/h3>\n<\/td>\n<\/tr>\n<\/tbody>\n<\/table>\n<hr \/>\n","protected":false},"excerpt":{"rendered":"<p>\u200b Turkman-O\u2018zbek adabiy alokalari BAYNIYAZOV AZATBAY TURSINBAEVICH Shet tilleri &nbsp; Turkman-O\u2018zbek adabiy alokalari SAPAYEVA FERUZA DAVLATOVNA Filolog, \u00f3zbek tili h\u00e1m \u00e1debiyat\u0131 Turkman-O\u2018zbek adabiy alokalari BURANOVA BARNO MENGLIBAYEVNA \u00d3zbek filologiyas\u0131 Turkman-O\u2018zbek adabiy alokalari KARIMOV BAHODIR NURMETOVICH \u00d3zbek filologiyas\u0131<\/p>\n","protected":false},"author":1,"featured_media":0,"parent":0,"menu_order":0,"comment_status":"closed","ping_status":"closed","template":"","meta":{"footnotes":""},"class_list":["post-503","page","type-page","status-publish","hentry"],"_links":{"self":[{"href":"https:\/\/janubiyorol.uz\/ru\/wp-json\/wp\/v2\/pages\/503","targetHints":{"allow":["GET"]}}],"collection":[{"href":"https:\/\/janubiyorol.uz\/ru\/wp-json\/wp\/v2\/pages"}],"about":[{"href":"https:\/\/janubiyorol.uz\/ru\/wp-json\/wp\/v2\/types\/page"}],"author":[{"embeddable":true,"href":"https:\/\/janubiyorol.uz\/ru\/wp-json\/wp\/v2\/users\/1"}],"replies":[{"embeddable":true,"href":"https:\/\/janubiyorol.uz\/ru\/wp-json\/wp\/v2\/comments?post=503"}],"version-history":[{"count":1,"href":"https:\/\/janubiyorol.uz\/ru\/wp-json\/wp\/v2\/pages\/503\/revisions"}],"predecessor-version":[{"id":504,"href":"https:\/\/janubiyorol.uz\/ru\/wp-json\/wp\/v2\/pages\/503\/revisions\/504"}],"wp:attachment":[{"href":"https:\/\/janubiyorol.uz\/ru\/wp-json\/wp\/v2\/media?parent=503"}],"curies":[{"name":"wp","href":"https:\/\/api.w.org\/{rel}","templated":true}]}}