{"id":812,"date":"2026-04-12T01:40:39","date_gmt":"2026-04-11T20:40:39","guid":{"rendered":"https:\/\/janubiyorol.uz\/?page_id=812"},"modified":"2026-04-12T01:40:17","modified_gmt":"2026-04-11T20:40:17","slug":"qmu-professori-xaliqaraliq-konferenciya%c7%b5a-qatnasti","status":"publish","type":"page","link":"https:\/\/janubiyorol.uz\/ru\/qmu-professori-xaliqaraliq-konferenciya%c7%b5a-qatnasti","title":{"rendered":"\u041f\u0440\u043e\u0444\u0435\u0441\u0441\u043e\u0440 \u041a\u0413\u0423 \u043f\u0440\u0438\u043d\u044f\u043b \u0443\u0447\u0430\u0441\u0442\u0438\u0435 \u0432 \u043c\u0435\u0436\u0434\u0443\u043d\u0430\u0440\u043e\u0434\u043d\u043e\u0439 \u043a\u043e\u043d\u0444\u0435\u0440\u0435\u043d\u0446\u0438\u0438"},"content":{"rendered":"<p>Us\u0131 j\u0131ld\u0131\u0144 5-6-dekabr k\u00fanleri T\u00farkmenstan Respublikas\u0131 paytaxt\u0131 Ashxabat qalas\u0131nda D\u00e1wletmammet Azadiy at\u0131nda\u01f5\u0131 T\u00farkmen milliy j\u00e1han tiller institut\u0131nda \u00abShet tillerin \u00fayretiwd\u0131\u0144 innovacion us\u0131llar\u0131 h\u00e1m texnologiyalar\u0131\u00bb atamas\u0131nda Xal\u0131qaral\u0131q ilimiy-\u00e1meliy konferenciya bol\u0131p \u00f3tti.<\/p>\n<p><a href=\"http:\/\/janubiyorol.uz\/wp-content\/uploads\/2025\/05\/photo_2025-05-01_19-03-28.jpg\"><img loading=\"lazy\" decoding=\"async\" class=\"aligncenter size-full wp-image-339\" src=\"http:\/\/janubiyorol.uz\/wp-content\/uploads\/2025\/05\/photo_2025-05-01_19-03-28.jpg\" alt=\"\" width=\"1177\" height=\"832\" srcset=\"https:\/\/janubiyorol.uz\/wp-content\/uploads\/2025\/05\/photo_2025-05-01_19-03-28.jpg 1177w, https:\/\/janubiyorol.uz\/wp-content\/uploads\/2025\/05\/photo_2025-05-01_19-03-28-300x212.jpg 300w, https:\/\/janubiyorol.uz\/wp-content\/uploads\/2025\/05\/photo_2025-05-01_19-03-28-1024x724.jpg 1024w, https:\/\/janubiyorol.uz\/wp-content\/uploads\/2025\/05\/photo_2025-05-01_19-03-28-768x543.jpg 768w, https:\/\/janubiyorol.uz\/wp-content\/uploads\/2025\/05\/photo_2025-05-01_19-03-28-400x283.jpg 400w\" sizes=\"auto, (max-width: 1177px) 100vw, 1177px\" \/><\/a><\/p>\n<p>Onda Berdaq at\u0131nda\u01f5\u0131 Qaraqalpaq m\u00e1mleketlik universiteti T\u00farkmen tili h\u00e1m \u00e1debiyat\u0131 kafedras\u0131n\u0131\u0144 basl\u0131\u01f5\u0131, professor, filologiya ilimlerini\u0144 doktor\u0131 O.Gaylieva \u00abShet tilin \u00fayretiwde innovacion texnologiyalard\u0131\u0144 h\u00e1m us\u0131llard\u0131\u0144 \u00e1hmiyeti\u00bb atamas\u0131nda\u01f5\u0131 bayanat\u0131 menen qatnast\u0131.<\/p>\n<p>Xal\u0131qaral\u0131q ilimiy-\u00e1meliy konferenciya\u01f5a d\u00fanya m\u00e1mleketlerinen Rossiya Federasiyas\u0131nan, Franciya, Italiya, Germaniya Fedarativ Respublikas\u0131nan, Ull\u0131 Britaniya h\u00e1m Irlandiya Birlesken Patshal\u0131\u01f5\u0131, Belarus Respublikas\u0131nan, Turkiya, Q\u0131tay Xal\u0131q Respublikas\u0131nan, Yaponiya, Koreya Respublikas\u0131nan, Hindistan, Vetnam Socialistik Respublikas\u0131nan, Tayland, \u00d3zbekstan h\u00e1m t.b. m\u00e1mleketlerden kelgen al\u0131mlard\u0131\u0144 206 bayanat\u0131 t\u0131\u0144land\u0131 h\u00e1m talq\u0131land\u0131.<\/p>\n<div id='gallery-1' class='gallery galleryid-812 gallery-columns-3 gallery-size-full'><figure class='gallery-item'>\n\t\t\t<div class='gallery-icon landscape'>\n\t\t\t\t<a href='https:\/\/janubiyorol.uz\/ru\/338.html\/photo_2025-05-01_19-03-35'><img loading=\"lazy\" decoding=\"async\" width=\"1280\" height=\"960\" src=\"https:\/\/janubiyorol.uz\/wp-content\/uploads\/2025\/05\/photo_2025-05-01_19-03-35.jpg\" class=\"attachment-full size-full\" alt=\"\" srcset=\"https:\/\/janubiyorol.uz\/wp-content\/uploads\/2025\/05\/photo_2025-05-01_19-03-35.jpg 1280w, https:\/\/janubiyorol.uz\/wp-content\/uploads\/2025\/05\/photo_2025-05-01_19-03-35-300x225.jpg 300w, https:\/\/janubiyorol.uz\/wp-content\/uploads\/2025\/05\/photo_2025-05-01_19-03-35-1024x768.jpg 1024w, https:\/\/janubiyorol.uz\/wp-content\/uploads\/2025\/05\/photo_2025-05-01_19-03-35-768x576.jpg 768w, https:\/\/janubiyorol.uz\/wp-content\/uploads\/2025\/05\/photo_2025-05-01_19-03-35-400x300.jpg 400w\" sizes=\"auto, (max-width: 1280px) 100vw, 1280px\" \/><\/a>\n\t\t\t<\/div><\/figure><figure class='gallery-item'>\n\t\t\t<div class='gallery-icon landscape'>\n\t\t\t\t<a href='https:\/\/janubiyorol.uz\/ru\/338.html\/photo_2025-05-01_19-03-42'><img loading=\"lazy\" decoding=\"async\" width=\"1123\" height=\"746\" src=\"https:\/\/janubiyorol.uz\/wp-content\/uploads\/2025\/05\/photo_2025-05-01_19-03-42.jpg\" class=\"attachment-full size-full\" alt=\"\" srcset=\"https:\/\/janubiyorol.uz\/wp-content\/uploads\/2025\/05\/photo_2025-05-01_19-03-42.jpg 1123w, https:\/\/janubiyorol.uz\/wp-content\/uploads\/2025\/05\/photo_2025-05-01_19-03-42-300x199.jpg 300w, https:\/\/janubiyorol.uz\/wp-content\/uploads\/2025\/05\/photo_2025-05-01_19-03-42-1024x680.jpg 1024w, https:\/\/janubiyorol.uz\/wp-content\/uploads\/2025\/05\/photo_2025-05-01_19-03-42-768x510.jpg 768w, https:\/\/janubiyorol.uz\/wp-content\/uploads\/2025\/05\/photo_2025-05-01_19-03-42-400x266.jpg 400w\" sizes=\"auto, (max-width: 1123px) 100vw, 1123px\" \/><\/a>\n\t\t\t<\/div><\/figure><figure class='gallery-item'>\n\t\t\t<div class='gallery-icon landscape'>\n\t\t\t\t<a href='https:\/\/janubiyorol.uz\/ru\/338.html\/photo_2025-05-01_19-03-49'><img loading=\"lazy\" decoding=\"async\" width=\"1280\" height=\"960\" src=\"https:\/\/janubiyorol.uz\/wp-content\/uploads\/2025\/05\/photo_2025-05-01_19-03-49.jpg\" class=\"attachment-full size-full\" alt=\"\" srcset=\"https:\/\/janubiyorol.uz\/wp-content\/uploads\/2025\/05\/photo_2025-05-01_19-03-49.jpg 1280w, https:\/\/janubiyorol.uz\/wp-content\/uploads\/2025\/05\/photo_2025-05-01_19-03-49-300x225.jpg 300w, https:\/\/janubiyorol.uz\/wp-content\/uploads\/2025\/05\/photo_2025-05-01_19-03-49-1024x768.jpg 1024w, https:\/\/janubiyorol.uz\/wp-content\/uploads\/2025\/05\/photo_2025-05-01_19-03-49-768x576.jpg 768w, https:\/\/janubiyorol.uz\/wp-content\/uploads\/2025\/05\/photo_2025-05-01_19-03-49-400x300.jpg 400w\" sizes=\"auto, (max-width: 1280px) 100vw, 1280px\" \/><\/a>\n\t\t\t<\/div><\/figure>\n\t\t<\/div>\n\n","protected":false},"excerpt":{"rendered":"<p>Us\u0131 j\u0131ld\u0131\u0144 5-6-dekabr k\u00fanleri T\u00farkmenstan Respublikas\u0131 paytaxt\u0131 Ashxabat qalas\u0131nda D\u00e1wletmammet Azadiy at\u0131nda\u01f5\u0131 T\u00farkmen milliy j\u00e1han tiller institut\u0131nda \u00abShet tillerin \u00fayretiwd\u0131\u0144 innovacion us\u0131llar\u0131 h\u00e1m texnologiyalar\u0131\u00bb atamas\u0131nda Xal\u0131qaral\u0131q ilimiy-\u00e1meliy konferenciya bol\u0131p \u00f3tti. Onda Berdaq at\u0131nda\u01f5\u0131 Qaraqalpaq m\u00e1mleketlik universiteti T\u00farkmen tili h\u00e1m \u00e1debiyat\u0131 kafedras\u0131n\u0131\u0144 basl\u0131\u01f5\u0131, professor, filologiya ilimlerini\u0144 doktor\u0131 O.Gaylieva \u00abShet tilin \u00fayretiwde innovacion texnologiyalard\u0131\u0144 h\u00e1m us\u0131llard\u0131\u0144 \u00e1hmiyeti\u00bb [&hellip;]<\/p>\n","protected":false},"author":1,"featured_media":343,"parent":0,"menu_order":0,"comment_status":"closed","ping_status":"closed","template":"","meta":{"footnotes":""},"class_list":["post-812","page","type-page","status-publish","has-post-thumbnail","hentry"],"_links":{"self":[{"href":"https:\/\/janubiyorol.uz\/ru\/wp-json\/wp\/v2\/pages\/812","targetHints":{"allow":["GET"]}}],"collection":[{"href":"https:\/\/janubiyorol.uz\/ru\/wp-json\/wp\/v2\/pages"}],"about":[{"href":"https:\/\/janubiyorol.uz\/ru\/wp-json\/wp\/v2\/types\/page"}],"author":[{"embeddable":true,"href":"https:\/\/janubiyorol.uz\/ru\/wp-json\/wp\/v2\/users\/1"}],"replies":[{"embeddable":true,"href":"https:\/\/janubiyorol.uz\/ru\/wp-json\/wp\/v2\/comments?post=812"}],"version-history":[{"count":1,"href":"https:\/\/janubiyorol.uz\/ru\/wp-json\/wp\/v2\/pages\/812\/revisions"}],"predecessor-version":[{"id":815,"href":"https:\/\/janubiyorol.uz\/ru\/wp-json\/wp\/v2\/pages\/812\/revisions\/815"}],"wp:featuredmedia":[{"embeddable":true,"href":"https:\/\/janubiyorol.uz\/ru\/wp-json\/wp\/v2\/media\/343"}],"wp:attachment":[{"href":"https:\/\/janubiyorol.uz\/ru\/wp-json\/wp\/v2\/media?parent=812"}],"curies":[{"name":"wp","href":"https:\/\/api.w.org\/{rel}","templated":true}]}}