{"id":368,"date":"2025-12-10T12:53:14","date_gmt":"2025-12-10T07:53:14","guid":{"rendered":"https:\/\/janubiyorol.uz\/?page_id=368"},"modified":"2025-12-10T12:53:14","modified_gmt":"2025-12-10T07:53:14","slug":"allambergenova-patima-joldasbaevna","status":"publish","type":"page","link":"https:\/\/janubiyorol.uz\/uz\/allambergenova-patima-joldasbaevna","title":{"rendered":"Allambergenova Patima Joldasbaevna"},"content":{"rendered":"<p>&nbsp;<\/p>\n<p><a href=\"http:\/\/janubiyorol.uz\/wp-content\/uploads\/2025\/12\/Allambergenova-Patima.jpg\"><img loading=\"lazy\" decoding=\"async\" class=\"aligncenter size-medium wp-image-369\" src=\"http:\/\/janubiyorol.uz\/wp-content\/uploads\/2025\/12\/Allambergenova-Patima-213x300.jpg\" alt=\"\" width=\"213\" height=\"300\" srcset=\"https:\/\/janubiyorol.uz\/wp-content\/uploads\/2025\/12\/Allambergenova-Patima-213x300.jpg 213w, https:\/\/janubiyorol.uz\/wp-content\/uploads\/2025\/12\/Allambergenova-Patima.jpg 320w\" sizes=\"auto, (max-width: 213px) 100vw, 213px\" \/><\/a><\/p>\n<p style=\"text-align: center;\"><strong>Allambergenova Patima <\/strong><strong>Joldasbaevna<\/strong><\/p>\n<p style=\"text-align: center;\"><strong>Filologiya <\/strong><strong>\u00a0<\/strong><strong>ilimlerini\u0144 <\/strong><strong>\u00a0<\/strong><strong>kandidat\u0131<\/strong><strong>, <\/strong><strong>docent<\/strong><\/p>\n<p>&nbsp;<\/p>\n<p>Allambergenova Patima \u00a0Joldasbaevna \u00a01969-j\u0131l\u0131 \u00a030-sentyabrde \u00a0\u00a0QR Xojeli \u00a0rayon\u0131nda tuw\u0131l\u01f5an. \u00a0\u00a0\u00a01976- j\u0131l\u0131 \u00a0Xojeli rayonl\u0131q 4- sanl\u0131 \u00a0\u00a0\u00a0mektebine oq\u0131w\u01f5a \u00a0barad\u0131. 1986-j\u0131l\u0131 mektepti pitkerip \u00a0us\u0131 j\u0131l\u0131\u00a0 Berdaq \u00a0at\u0131nda\u01f5\u0131 Qaraqalpaq \u00a0m\u00e1mleketlik universitetini\u0144 \u00a0filologiya fakultetine oq\u0131w\u01f5a t\u00fasedi. \u00a01991-j\u0131l\u0131 \u00a0universitetti ayr\u0131qsha diplom menen pitkeredi h\u00e1m Qaraqalpaq \u00e1debiyat\u0131 kafedras\u0131na assistent- oq\u0131t\u0131wsh\u0131 bol\u0131p qald\u0131r\u0131lad\u0131. 1991-1994-j\u0131llar\u0131 us\u0131 kafedran\u0131\u0144 aspirant\u0131 bolad\u0131, ilimge q\u0131z\u0131\u01f5\u0131wsh\u0131l\u0131\u01f5\u0131 tiykar\u0131nda jergilikli gazeta jurnallardan t\u0131sqar\u0131 shet ellerde \u00a0\u00a0ilimiy maqalalar \u00a0sh\u0131\u01f5arad\u0131.<\/p>\n<p>1999-j\u0131l\u0131 \u201cQaraqalpaq \u00e1debiyat\u0131nda \u00a0\u00a0Maqtumqul\u0131 \u00a0d\u00e1st\u00farleri\u00a0 (XIX \u00e1sir \u00a0qaraqalpaq \u00e1debiyat\u0131 \u00a0materiyallar\u0131 tiykar\u0131nda\u201d degen temada \u00a0\u00a0kandidatl\u0131q dissertaciyas\u0131n qor\u01f5ap f.i.k.ilimiy d\u00e1rejesin iyeledi. 2003-2005-j\u0131llar\u0131 \u00a0\u0436\u044b\u043b\u043b\u0430\u0440\u044b ol, \u00a0Qaraqalpaq \u00e1debiyat\u0131 tariyx\u0131 h\u00e1m folklor\u0131 kafedras\u0131 basl\u0131\u01f5\u0131 QMU Hayal-q\u0131zlar Ke\u0144esi \u00a0basl\u0131\u01f5\u0131,QR Hayal-q\u0131zlar komitetini\u0144\u00a0 plenum a\u01f5zas\u0131 j\u00e1miyetlik jum\u0131slar\u0131n al\u0131p barad\u0131. Allambergenova Patima 70 ten aslam ilimiy maqalalar \u00a0avtor\u0131. \u00a0\u00a0\u201cK\u00f3rkem s\u00f3z h\u00e1m t\u00e1rbiya\u201d (1999-j), \u201cQaraqalpaq \u00e1debiyat\u0131 tariyx\u0131nan \u00f3z betinshe jum\u0131slar\u201d(2012-j), \u201cQaraqalpaq klassik \u00e1debiyat\u0131\u201d(2020), Qaraqalpaq \u00a0\u00e1debiyat\u0131 tariyx\u0131\u201d(2025), oq\u0131w qollanbalar,2025-j\u0131l\u0131, Tashkentten \u00a0\u201cQaraqalpaq \u00e1debiyat\u0131nda Maqtumqul\u0131 d\u00e1st\u00farleri\u201d atamas\u0131nda 7,5 b.t monografiyas\u0131n sh\u0131\u01f5ard\u0131.Maqalalar\u0131: \u041c\u0430\u049b\u0442\u0443\u043c\u049b\u0443\u043b\u044b \u0445\u04d9\u043c \u049b\u0430\u0440\u0430\u049b\u0430\u043b\u043f\u0430\u049b \u0445\u0430\u043b\u044b\u049b \u0430\u045e\u044b\u0437\u0435\u043a\u0438 \u0434\u04e9\u0440\u0435\u0442\u0438\u045e\u0448\u0438\u043b\u0438\u0433\u0438\u049a\u0430\u0440\u0430\u049b\u0430\u043b\u043f\u0430\u049b\u0441\u0442\u0430\u043d \u043c\u0443\u0493\u0430\u043b\u043b\u0438\u043c\u0438 (\u0436\u0443\u0440\u043d\u0430\u043b) \u041d., 1997-\u0436, \u041c\u0430\u049b\u0442\u0443\u043c\u049b\u0443\u043b\u044b \u04b3\u04d9\u043c \u049b\u0430\u0440\u0430\u049b\u0430\u043b\u043f\u0430\u049b \u04d9\u0434\u0435\u0431\u0438\u044f\u0442\u044b. \u201c\u04d8\u043c\u0438\u045e\u0434\u04d9\u0440\u044c\u044f\u201d 1997-\u0436,\u2116 4, \u041c\u0430\u049b\u0442\u0443\u043c\u0433\u0443\u043b\u044b\u043d\u044b\u04a3 \u0434\u04e9\u0440\u0435\u0434\u0438\u0436\u0438\u043b\u0438\u0433\u0438 \u0413\u0430\u0440\u0430\u0433\u0430\u043b\u043f\u0430\u049b \u044d\u0434\u0435\u0431\u0438\u044f\u0442\u044b\u043d\u044b \u04e9\u0432\u0440\u0435\u043d\u0438\u0448 \u044b\u043b\u043c\u044b\u043d\u0434\u0430 TURKMEN GUDOGARY \u00a0\u0433\u0430\u0437\u0435\u0442\u0430\u0441\u044b, 1997-\u0436., 5-\u0438\u044e\u043d\u044c. \u0422\u0440\u0430\u0434\u0438\u0446\u0438\u0438 \u041c\u0430\u043a\u0442\u0443\u043c\u043a\u0443\u043b\u0438\u00a0 \u0432 \u043a\u0430\u0440\u0430\u043a\u0430\u043b\u043f\u0430\u043a\u0441\u043a\u043e\u0439 \u043b\u0438\u0442\u0435\u0440\u0430\u0442\u0443\u0440\u0435 (\u043d\u0430 \u043c\u0430\u0442\u0435\u0440\u0438\u0430\u043b\u0435 \u043a\u0430\u0440\u0430\u043a\u0430\u043b\u043f\u0430\u043a\u0441\u043a\u043e\u0439 \u043b\u0438\u0442\u0435\u0440\u0430\u0442\u0443\u0440\u044b XIX \u0432\u0435\u043a\u0430) \u041d\u0443\u043a\u0443\u0441, 1999 \u0433. \u0410\u0432\u0442\u043e\u0440\u0435\u0444\u0435\u0440\u0430\u0442 \u0434\u0438\u0441\u0441\u0435\u0440\u0442\u0430\u0446\u0438\u0438 \u043d\u0430 \u0441\u043e\u0438\u0441\u043a\u0430\u043d\u0438\u0435 \u0443\u0447\u0451\u043d\u043e\u0439 \u0441\u0442\u043f\u0435\u043d\u0438 \u043a\u0430\u043d\u0434\u0438\u0434\u0430\u0442\u0430 \u0444\u0438\u043b\u043e\u043b\u043e\u0433\u0438\u0447\u0435\u0441\u043a\u0438\u0445 \u043d\u0430\u0443\u043a. \u04d8\u0436\u0438\u043d\u0438\u044f\u0437 \u04b3\u04d9\u043c \u041c\u0430\u049b\u0442\u0443\u043c\u049b\u0443\u043b\u044b \u043b\u0438\u0440\u0438\u043a\u0430\u043b\u0430\u0440\u044b\u043d\u0434\u0430 \u0438\u0434\u0435\u0430\u043b \u04af\u043d\u043b\u0435\u0441\u043b\u0438\u043a\u043b\u0435\u0440 \u049a\u041c\u0423 \u0425\u0430\u0431\u0430\u0440\u0448\u044b\u0441\u044b,2011, \u21164 (41) \u0411\u0435\u0440\u0434\u0430\u049b \u0448\u044b\u0493\u0430\u0440\u043c\u0430\u043b\u0430\u0440\u044b: \u0431\u0430\u0441\u043f\u0430\u0441\u044b, \u0436\u044b\u043b\u044b, \u0430\u043b\u0493\u044b \u0441\u04e9\u0437\u0438, \u0442\u0435\u043a\u0441\u0442 \u04e9\u0437\u0433\u0435\u0448\u0435\u043b\u0438\u0433\u0438 \u04d8\u043c\u0438\u045e\u0434\u04d9\u0440\u044c\u044f \u0436\u0443\u0440\u043d\u0430\u043b\u044b, 2014-\u0436, \u21165. HEMISELIK EDEBI DOSTLUK. DIYAR jurnal\u0131,( Turkmenistan) \u21167, 2015 \u04d8\u0436\u0438\u043d\u0438\u044f\u0437 \u043c\u0438\u0439\u0440\u0430\u0441\u043b\u0430\u0440\u044b\u043d\u044b\u04a3 \u0431\u0430\u0441\u044b\u043b\u044b\u045e \u0442\u0430\u0440\u0438\u0439\u0445\u044b\u043d\u0430\u043d \u049a\u041c\u0423 \u0425\u0430\u0431\u0430\u0440\u0448\u044b\u0441\u044b,\u00a0\u00a0 \u2116 4, \u041d\u04e9\u043a\u0438\u0441, 2018-<\/p>\n<p>\u0436. \u0414\u04d9\u0441\u043b\u0435\u043f\u043a\u0438 \u0434\u0438\u043b\u043c\u0430\u0448, \u0444\u043e\u043b\u044c\u043a\u043b\u043e\u0440\u0438\u0441\u0442-\u0430\u043b\u044b\u043c \u04b3\u04d9\u043c \u0436\u0443\u0440\u043d\u0430\u043b\u0438\u0441\u0442 \u049a\u041c\u0423 \u0425\u0430\u0431\u0430\u0440\u0448\u044b\u0441\u044b \u21164\/1 2021-\u0436\u044b\u043b, H\u00e1zirgi d\u00e1wir qaraqalpaq folklor\u0131nda p\u00e1tiya-tileklerdi\u0144 tematikal\u0131q t\u00farleri, ideyal\u0131q \u00f3zgeshelikleri \u049a\u041c\u0423 \u0425\u0430\u0431\u0430\u0440\u0448\u044b\u0441\u044b \u00a0\u21164 2024-\u0436\u044b\u043b, \u00a0Berdaq asarlarida insoniy fazilatlar tarannumi \u0422\u0430\u044a\u043b\u0438\u043c \u0442\u0438\u0437\u0438\u043c\u0438\u0434\u0430 \u0438\u0436\u0442\u0438\u043c\u043e\u0438\u0439-\u0433\u0443\u043c\u0430\u043d\u0438\u0442\u0430\u0440 \u0444\u0430\u043d\u043b\u0430\u0440 \u21166\/2024 \u0439. \u0410\u043a\u0430\u0434\u0435\u043c\u0438\u043a \u041c.\u041d\u0443\u0440\u043c\u0443\u0445\u0430\u043c\u043c\u0435\u0434\u043e\u0432-\u0411\u0435\u0440\u0434\u0430\u049b \u043c\u0438\u0439\u0440\u0430\u0441\u043b\u0430\u0440\u044b \u04b3\u0430\u049b\u049b\u044b\u043d\u0434\u0430. Ilm-fan muammolari tadqiqotchilar talqinida, III Xalqaro ilimiy konferensiya, <a href=\"http:\/\/interpretationandresearches.uz\">http:\/\/interpretationandresearches.uz<\/a>,<b> <\/b>\u0410\u0431\u0430\u0439 \u04b3\u04d9\u043c \u0444\u043e\u043b\u044c\u043a\u043b\u043e\u0440.\u0410\u0431\u0430\u0439 \u04b3\u04d9\u043c \u049b\u0430\u0440\u0430\u043a\u0430\u043b\u043f\u0430\u049b \u04d9\u0434\u0435\u0431\u0438\u044f\u0442\u044b \u0430\u0442\u0430\u043c\u0430\u0441\u044b\u043d\u0434\u0430\u0493\u044b \u0445\u0430\u043b\u044b\u049b \u0430\u0440\u0430\u043b\u044b\u049b \u043a\u043e\u043d\u0444\u0435\u0440\u0435\u043d\u0446\u0438\u044f \u043c\u0430\u0442\u0435\u0440\u0438\u0430\u043b\u043b\u0430\u0440\u044b. \u041d.,2025h.t.b.,<\/p>\n<p>Allambergenova Patima \u00a0sha\u0144araql\u0131,\u00f3mirlik joldas\u0131 menen birge t\u00f3rt perzentti t\u00e1rbiyalap\u00a0 \u00f3sirmekte. Eki kelin t\u00fasirip olardan aql\u0131qlar\u0131 bar.Eki\u00a0 perzenti shet elde\u00a0 t\u00e1lim almaqta<\/p>\n","protected":false},"excerpt":{"rendered":"<p>&nbsp; Allambergenova Patima Joldasbaevna Filologiya \u00a0ilimlerini\u0144 \u00a0kandidat\u0131, docent &nbsp; Allambergenova Patima \u00a0Joldasbaevna \u00a01969-j\u0131l\u0131 \u00a030-sentyabrde \u00a0\u00a0QR Xojeli \u00a0rayon\u0131nda tuw\u0131l\u01f5an. \u00a0\u00a0\u00a01976- j\u0131l\u0131 \u00a0Xojeli rayonl\u0131q 4- sanl\u0131 \u00a0\u00a0\u00a0mektebine oq\u0131w\u01f5a \u00a0barad\u0131. 1986-j\u0131l\u0131 mektepti pitkerip \u00a0us\u0131 j\u0131l\u0131\u00a0 Berdaq \u00a0at\u0131nda\u01f5\u0131 Qaraqalpaq \u00a0m\u00e1mleketlik universitetini\u0144 \u00a0filologiya fakultetine oq\u0131w\u01f5a t\u00fasedi. \u00a01991-j\u0131l\u0131 \u00a0universitetti ayr\u0131qsha diplom menen pitkeredi h\u00e1m Qaraqalpaq \u00e1debiyat\u0131 kafedras\u0131na assistent- oq\u0131t\u0131wsh\u0131 bol\u0131p qald\u0131r\u0131lad\u0131. [&hellip;]<\/p>\n","protected":false},"author":1,"featured_media":0,"parent":0,"menu_order":0,"comment_status":"closed","ping_status":"closed","template":"","meta":{"footnotes":""},"class_list":["post-368","page","type-page","status-publish","hentry"],"_links":{"self":[{"href":"https:\/\/janubiyorol.uz\/uz\/wp-json\/wp\/v2\/pages\/368","targetHints":{"allow":["GET"]}}],"collection":[{"href":"https:\/\/janubiyorol.uz\/uz\/wp-json\/wp\/v2\/pages"}],"about":[{"href":"https:\/\/janubiyorol.uz\/uz\/wp-json\/wp\/v2\/types\/page"}],"author":[{"embeddable":true,"href":"https:\/\/janubiyorol.uz\/uz\/wp-json\/wp\/v2\/users\/1"}],"replies":[{"embeddable":true,"href":"https:\/\/janubiyorol.uz\/uz\/wp-json\/wp\/v2\/comments?post=368"}],"version-history":[{"count":2,"href":"https:\/\/janubiyorol.uz\/uz\/wp-json\/wp\/v2\/pages\/368\/revisions"}],"predecessor-version":[{"id":498,"href":"https:\/\/janubiyorol.uz\/uz\/wp-json\/wp\/v2\/pages\/368\/revisions\/498"}],"wp:attachment":[{"href":"https:\/\/janubiyorol.uz\/uz\/wp-json\/wp\/v2\/media?parent=368"}],"curies":[{"name":"wp","href":"https:\/\/api.w.org\/{rel}","templated":true}]}}