{"id":392,"date":"2025-12-10T14:51:38","date_gmt":"2025-12-10T09:51:38","guid":{"rendered":"https:\/\/janubiyorol.uz\/?page_id=392"},"modified":"2025-12-10T14:51:38","modified_gmt":"2025-12-10T09:51:38","slug":"bayniyazov-azatbay-tursinbaevich","status":"publish","type":"page","link":"https:\/\/janubiyorol.uz\/uz\/bayniyazov-azatbay-tursinbaevich","title":{"rendered":"Bayniyazov Azatbay Turs\u0131nbaevich"},"content":{"rendered":"<p><a href=\"http:\/\/janubiyorol.uz\/wp-content\/uploads\/2025\/12\/Bayniyazov-Azatbay-Tursinbaevich.jpg\"><img loading=\"lazy\" decoding=\"async\" class=\"aligncenter size-medium wp-image-393\" src=\"http:\/\/janubiyorol.uz\/wp-content\/uploads\/2025\/12\/Bayniyazov-Azatbay-Tursinbaevich-213x300.jpg\" alt=\"\" width=\"213\" height=\"300\" srcset=\"https:\/\/janubiyorol.uz\/wp-content\/uploads\/2025\/12\/Bayniyazov-Azatbay-Tursinbaevich-213x300.jpg 213w, https:\/\/janubiyorol.uz\/wp-content\/uploads\/2025\/12\/Bayniyazov-Azatbay-Tursinbaevich.jpg 320w\" sizes=\"auto, (max-width: 213px) 100vw, 213px\" \/><\/a><\/p>\n<p style=\"text-align: center;\"><strong>Bayniyazov Azatbay Turs\u0131nbaevich<\/strong><\/p>\n<p style=\"text-align: center;\"><strong><em>(1973-j\u0131l, 8-dekabr Qanl\u0131k\u00f3l rayon\u0131)<\/em><\/strong><\/p>\n<p>\u00d3zbek h\u00e1m qaraqalpaq \u00e1debiy baylan\u0131slar\u0131 boy\u0131nsha ilimiy izertlew al\u0131p bar\u01f5an Bayniyazov Azatbay Turs\u0131nbaevich 1991-j\u0131l\u0131 Qaraqalpaq m\u00e1mleketlik universitetini\u0144 Shet tilleri fakultetine oq\u0131w\u01f5a kirip, 1996-j\u0131l\u0131 on\u0131 tab\u0131sl\u0131 tamamla\u01f5an.<\/p>\n<p>Universitetti tamamla\u01f5annan so\u0144, d\u00e1slep 1996-j\u0131l\u0131 Qanl\u0131k\u00f3l rayonl\u0131q XBB ne qarasl\u0131 8-sanl\u0131 mektepte shet tili p\u00e1ni oq\u0131t\u0131wsh\u0131s\u0131 bol\u0131p pedagogikal\u0131q jum\u0131s\u0131n basla\u01f5an. Keyninen 2001-j\u0131ldan baslap h\u00e1zirge shekem Qaraqalpaq m\u00e1mleketlik universitetini\u0144 \u201cFakultetler aral\u0131q shet tiller\u201d kafedras\u0131nda jum\u0131s al\u0131p barmaqta.<\/p>\n<p>D\u00fanya \u00e1debiy procesinde salmaql\u0131 or\u0131n iyelep kiyat\u0131r\u01f5an roman janr\u0131 \u00f3z n\u00e1wbetinde t\u00farkiy xal\u0131qlar, son\u0131\u0144 ishinde \u00f3zbek h\u00e1m t\u00farkmen xal\u0131qlar\u0131n\u0131\u0144 \u00e1debiyat\u0131nda da rawajlan\u0131p, b\u00fagingi milliy romann\u0131\u0144 \u00f3zine t\u00e1n \u00f3zinsheliklerin, evolyuciyas\u0131n, ideya-mazmun\u0131n, rawajlan\u0131w tendenciyalar\u0131n, d\u00f3retiwshini\u0144 d\u00f3retiwshilik sheberligi h\u00e1m stili, romann\u0131\u0144 k\u00f3rkem-estetikal\u0131q q\u00e1siyetleri s\u0131yaql\u0131 m\u00e1selelerdi ilimiy jaqtan izertlew h\u00e1m bahalaw imkaniyat\u0131n beredi. Us\u0131 or\u0131nda t\u00farkiy xal\u0131qlar, son\u0131\u0144 ishinde \u00f3zbek h\u00e1m t\u00farkmen prozas\u0131nda d\u00fanya romansh\u0131l\u0131q mektebini\u0144 ald\u0131\u0144\u01f5\u0131 t\u00e1jriybelerinen \u00f3zlestiriw, olard\u0131\u0144 milliy \u00e1debiyatqa maslast\u0131r\u0131l\u0131w\u0131, romanlarda\u01f5\u0131 d\u00e1st\u00farlerge ja\u0144asha jantas\u0131wd\u0131\u0144 payda bol\u0131w\u0131 zamanag\u00f3y \u00f3zbek h\u00e1m t\u00farkmen \u00e1debiyat\u0131nda\u01f5\u0131 tariyx\u0131y romanlard\u0131\u0144 \u00f3zine t\u00e1n \u00f3zinshelikleri, evolyuciyas\u0131, rawajlan\u0131w tendenciyalar\u0131, tariyx\u0131y romanlarda tariyx\u0131y shaxslar obraz\u0131n\u0131\u0144 jarat\u0131l\u0131w\u0131, obrazlard\u0131 jarat\u0131wda jaz\u0131wsh\u0131lard\u0131\u0144 k\u00f3rkem sheberligi,\u00a0 tariyx\u0131y haq\u0131yqat h\u00e1m k\u00f3rkem xarakter, tariyx\u0131y romanlard\u0131\u0144 poetikas\u0131n sal\u0131st\u0131rmal\u0131-tipologiyal\u0131q aspektte \u00fayreniw boy\u0131nsha A.Bayniyazov bir neshe j\u0131llardan berli ilimiy izertlew al\u0131p barad\u0131. Tiykar\u0131nan \u01f5\u00e1rezsizlik d\u00e1wirinde d\u00f3retilgen \u00f3zbek \u00e1debiyat\u0131nda Erkin Samandard\u0131\u0144 \u201cSulton Jaloliddin\u201d, P.Qodirovt\u0131\u0144 \u201cOna lochin vidosi\u201d, Q.Muxammadrizon\u0131\u0144 \u201cMaxtimquli\u201d, Muhammad Alidi\u0144 (Ahmedov Muhammadali) \u201cSarbadorlar\u201d S.Siyoevt\u0131\u0144 \u201cAhmad Yassaviy\u201d, t\u00farkmen \u00e1debiyat\u0131nda G.Kul\u0131evt\u0131\u0144 \u201cYovuz g\u00fanler\u201d (Jaw\u0131z k\u00fanler), \u201cMaqt\u0131mqul\u0131\u201d, T.Taganovt\u0131\u0144 \u201cMaqt\u0131mqul\u0131\u201d, \u00d3.Nepesovt\u0131\u0144 \u201cP\u0131ra\u01f5\u0131\u201d, N.Alt\u0131evt\u0131\u0144 \u201cAndal\u0131p\u201d, A.Nurgeldievt\u0131\u0144 \u201cBayram xan\u201d, A.Durdievt\u0131\u0144 \u201cKeymir Kor\u201d\u00a0 h\u00e1m t.b. tariyx\u0131y romanlar\u0131, roman-dilogiyalar\u0131 ta\u0144lan\u01f5an. 2025-j\u0131l\u0131 \u201cZamanag\u00f3y \u00f3zbek h\u00e1m t\u00farkmen tariyx\u0131y romanlar\u0131nda ull\u0131 tul\u01f5alar obraz\u0131n\u0131\u0144 sal\u0131st\u0131rmal\u0131-tipologiyal\u0131q analizi\u201d temas\u0131nda PhD dissertaciyas\u0131n qor\u01f5ad\u0131 h\u00e1m filologiya ilimleri boy\u0131nsha filosofiya doktor\u0131 ilimiy d\u00e1rejesin ald\u0131. Ol zamanag\u00f3y \u00f3zbek h\u00e1m t\u00farkmen tariyx\u0131y romanlar\u0131 m\u00e1seleleri boy\u0131nsha 14 ten aslam ilimiy maqalalard\u0131\u0144 avtor\u0131.<\/p>\n<p>&nbsp;<\/p>\n<p><strong>Ilimiy isleri:<\/strong> \u201c\u0422\u0430\u0440\u0438\u0439\u0445\u044b\u0439 \u0440\u043e\u043c\u0430\u043d\u043b\u0430\u0440\u0434\u0430 \u0442\u0430\u0440\u0438\u0439\u0445\u044b\u0439 \u045e\u0430\u049b\u044b\u044f\u043b\u0430\u0440\u0434\u044b\u04a3 \u0441\u04d9\u045e\u043b\u0435\u043b\u0435\u043d\u0434\u0438\u0440\u0438\u043b\u0438\u045e\u0438 (\u04e9\u0437\u0431\u0435\u043a \u04b3\u04d9\u043c \u049b\u0430\u0440\u0430\u049b\u0430\u043b\u043f\u0430\u049b \u0442\u0430\u0440\u0438\u0439\u0445\u044b\u0439 \u0440\u043e\u043c\u0430\u043d\u043b\u0430\u0440\u044b \u043c\u044b\u0441\u0430\u043b\u044b\u043d\u0434\u0430)\u201d \/\/ \u049a\u043e\u0440\u0430\u049b\u0430\u043b\u043f\u043e\u049b \u0434\u0430\u0432\u043b\u0430\u0442 \u0443\u043d\u0438\u0432\u0435\u0440\u0441\u0438\u0442\u0435\u0442\u0438 \u0430\u0445\u0431\u043e\u0440\u043e\u0442\u043d\u043e\u043c\u0430\u0441\u0438. \u2013 \u041d\u0443\u043a\u0443\u0441, 2024. &#8211; \u2116 4(67). \u2013 \u0411. 365-367 (10.00.00; \u2116 12).<\/p>\n<p>\u201cImage of Makhtimkuli and historical truth in modern uzbek and turkmen novels\u201d \/\/ Science and Education in Karakalpakstan. \u2013 Nukus, 2024. &#8211; \u21162\/2. \u2013 P. 394-396 (10.00.00; \u211623).<\/p>\n<p>\u201c\u0422\u0430\u0440\u0438\u0439\u0445\u044b\u0439 \u0448\u0430\u0445\u0441\u043b\u0430\u0440 \u043e\u0431\u0440\u0430\u0437\u044b\u043d \u0436\u0430\u0440\u0430\u0442\u044b\u045e\u0434\u0430 \u0444\u043e\u043b\u044c\u043a\u043b\u043e\u0440\u0438\u0437\u043c\u043d\u0435\u043d \u043f\u0430\u0439\u0434\u0430\u043b\u0430\u043d\u044b\u045e (\u0417\u0430\u043c\u0430\u043d\u0430\u0433\u04e9\u0439 \u04e9\u0437\u0431\u0435\u043a \u04b3\u04d9\u043c \u0442\u04af\u0440\u043a\u043c\u0435\u043d \u0442\u0430\u0440\u0438\u0439\u0445\u044b\u0439 \u0440\u043e\u043c\u0430\u043d\u043b\u0430\u0440\u044b \u043c\u044b\u0441\u0430\u043b\u044b\u043d\u0434\u0430)\u201d \/\/ \u049a\u043e\u0440\u0430\u049b\u0430\u043b\u043f\u043e\u049b \u0434\u0430\u0432\u043b\u0430\u0442 \u0443\u043d\u0438\u0432\u0435\u0440\u0441\u0438\u0442\u0435\u0442\u0438 \u0430\u0445\u0431\u043e\u0440\u043e\u0442\u043d\u043e\u043c\u0430\u0441\u0438. \u2013 \u041d\u0443\u043a\u0443\u0441, 2024. &#8211; \u21162(65). \u2013 \u0411. 385-388 (10.00.00; \u2116 12).<\/p>\n<p>\u201cUse of static portrait in the novel \u201cMakhtumkuli\u201d by the writer K.Muhammadrizo\u201d\/\/ A German Journal An International Journal Open Access Peer Reviewed scholarexpress.net Journal Impact factor: 10.265 Volume 33, April, 2024. \u2013 P. 66-68 (OAK \u2116352\/4).<\/p>\n<p>\u201c\u0422\u0430\u0440\u0438\u0445\u0438\u0439 \u04b3\u0430\u049b\u0438\u049b\u0430\u0442\u0433\u0430 \u0430\u0441\u043e\u0441\u043b\u0430\u043d\u0433\u0430\u043d \u0431\u0430\u0434\u0438\u0438\u044f\u0442\u201d \/\/ Xorazm Ma&#8217;mun Akademiyasi axborotnomasi. \u2013 Urganch, 2023. &#8211; \u21168\/4. \u2013 B. 127-130 (10.00.00; \u211621).<\/p>\n<p>Badiiyat va tarixiy haqiqat qiyosi \/\/ Ilm sarchashmalari. \u2013 Urganch, 2023. 12\/2. \u2013 B. 53-56 (10.00.00; \u21163).<\/p>\n<p>\u201c\u04e8\u0437\u0431\u0435\u043a \u04b3\u04d9\u043c \u0442\u04af\u0440\u043a\u043c\u0435\u043d \u0440\u043e\u043c\u0430\u043d\u043b\u0430\u0440\u044b\u043d\u0434\u0430 \u041c\u0430\u049b\u0442\u044b\u043c\u049b\u0443\u043b\u044b \u043e\u0431\u0440\u0430\u0437\u044b\u043d\u044b\u04a3 \u0436\u0430\u0440\u0430\u0442\u044b\u043b\u044b\u045e\u044b \u04b3\u0430\u049b\u049b\u044b\u043d\u0434\u0430\u201d \/\/ \u049a\u043e\u0440\u0430\u049b\u0430\u043b\u043f\u043e\u049b \u0434\u0430\u0432\u043b\u0430\u0442 \u0443\u043d\u0438\u0432\u0435\u0440\u0441\u0438\u0442\u0435\u0442\u0438 \u0430\u0445\u0431\u043e\u0440\u043e\u0442\u043d\u043e\u043c\u0430\u0441\u0438. \u2013 \u041d\u0443\u043a\u0443\u0441: 2023. \u2116 4(63). \u2013 \u0411. 367-371 (10.00.00. \u211612).<\/p>\n<p>\u201cRomanlarda obraz yaratish masalalari haqida\u201d \/\/ Canada conference international conference on scientific research in natural and social sciences. May, 5th, 2024, Vol. 3 No. 5 (2024): \u2013 P. 298-301.<\/p>\n<p>\u201c\u0416\u0430\u0437\u044b\u045e\u0448\u044b \u049a.\u041c\u0443\u04b3\u0430\u043c\u043c\u0430\u0434\u0440\u0438\u0437\u043e\u043d\u044b\u04a3 \u00ab\u041c\u0430\u049b\u0442\u044b\u043c\u049b\u0443\u043b\u044b\u00bb \u0440\u043e\u043c\u0430\u043d\u044b\u043d\u0434\u0430 \u043a\u04e9\u0440\u043a\u0435\u043c \u0441\u04af\u045e\u0440\u0435\u0442\u043b\u0435\u045e \u049b\u0443\u0440\u0430\u043b\u043b\u0430\u0440\u044b\u043d\u044b\u04a3 \u049b\u043e\u043b\u043b\u0430\u043d\u044b\u043b\u044b\u045e\u044b\u201d \/\/ \u201cMaxtumquli firog\u2018iy va turk dunyosi\u201d <strong>(<\/strong>Maxtumquli Firog\u2018iy tavalludining 300 yilligi hamda Qozoq tili va adabiyoti kafedrasining tashkil etilganligining 70 yilligi) mavzusidagi xalqaro ilmiy-amaliy konferensiya. \u2013 Nukus, 2024. \u2013 B. 72-74.<\/p>\n<p>\u201c\u0422\u0443\u045e\u044b\u0441\u049b\u0430\u043d \u0445\u0430\u043b\u044b\u049b\u043b\u0430\u0440 \u04d9\u0434\u0435\u0431\u0438\u044f\u0442\u0442\u0430\u043d\u044b\u045e\u044b\u043d\u0434\u0430 \u0440\u043e\u043c\u0430\u043d \u0436\u0430\u043d\u0440\u044b\u043d\u044b\u04ca \u0438\u0437\u0435\u0440\u0442\u043b\u0435\u043d\u0438\u045e \u043c\u04d9\u0441\u0435\u043b\u0435\u043b\u0435\u0440\u0438 (\u04e8\u0437\u0431\u0435\u043a \u04b3\u0259\u043c \u0442\u04af\u0440\u043a\u043c\u0435\u043d \u0259\u0434\u0435\u0431\u0438\u044f\u0442\u044b\u043d\u0434\u0430\u0493\u044b \u0442\u0430\u0440\u0438\u0439\u0445\u044b\u0439 \u0440\u043e\u043c\u0430\u043d\u043b\u0430\u0440 \u043c\u044b\u0441\u0430\u043b\u044b\u043d\u0434\u0430)\u201d \/\/ \u201cOltin O\u2018rda va qoraqalpoqlar: tarix, arxeologiya, til, adabiyot, fol&#8217;klor masalalari\u201d mavzusidagi respublika ilmiy-amaliy anjumani materiallari. Nukus, 2024. \u2013 B. 152-158.<\/p>\n<p>\u201c\u0422\u0430\u0440\u0438\u0439\u0445\u044b\u0439 \u0440\u043e\u043c\u0430\u043d\u043d\u044b\u04ca \u04e9\u0437\u0438\u043d\u0435 \u0442\u04d9\u043d \u04e9\u0437\u0438\u043d\u0448\u0435\u043b\u0438\u0433\u0438 (\u04e8\u0437\u0431\u0435\u043a \u04b3\u04d9\u043c \u0442\u04af\u0440\u043a\u043c\u0435\u043d \u0442\u0430\u0440\u0438\u0439\u0445\u044b\u0439 \u0440\u043e\u043c\u0430\u043d\u043b\u0430\u0440\u044b \u043c\u044b\u0441\u0430\u043b\u044b\u043d\u0434\u0430)\u201d \/\/ \u201cIlm-fan muammolari tadqiqotchilar talqinida\u201d mavzusidagi respublika ilmiy konferensiyasi materiallari to\u2018plami. 10-oktyabr, 2024. \u2013 B. 88-94.<\/p>\n<p>\u201cAppropriate application of equivalent units in the translation of historical works\u201d \/\/ American Journal of Language, Literacy and Learning in STEM Education Volume 01, Issue 09, 2023. \u2013 P. 403-405.<\/p>\n<p>\u201c\u0422\u0430\u0440\u0438\u0439\u0445\u044b\u0439 \u0440\u043e\u043c\u0430\u043d \u04b3\u04d9\u043c \u043e\u043d\u044b\u04a3 \u0438\u0437\u0435\u0440\u0442\u043b\u0435\u043d\u0438\u045e \u043c\u04d9\u0441\u0435\u043b\u0435\u043b\u0435\u0440\u0438 (\u04e9\u0437\u0431\u0435\u043a, \u049b\u0430\u0440\u0430\u049b\u0430\u043b\u043f\u0430\u049b \u04b3\u04d9\u043c \u0442\u04af\u0440\u043a\u043c\u0435\u043d \u0442\u0430\u0440\u0438\u0439\u0445\u044b\u0439 \u0440\u043e\u043c\u0430\u043d\u043b\u0430\u0440\u044b \u043c\u044b\u0441\u0430\u043b\u044b\u043d\u0434\u0430)\u201d \/\/ <strong>\u00ab<\/strong>\u0424\u0438\u043b\u043e\u043b\u043e\u0433\u0438\u044f\u0434\u0430\u0493\u044b \u0444\u0443\u043d\u0434\u0430\u043c\u0435\u043d\u0442\u0430\u043b\u044c \u0437\u0435\u0440\u0442\u0442\u0435\u0443\u043b\u0435\u0440 \u0436\u04d9\u043d\u0435 \u043e\u049b\u044b\u0442\u0443\u0434\u044b\u04a3 \u0438\u043d\u043d\u043e\u0432\u0430\u0446\u0438\u044f\u043b\u044b\u049b \u043c\u04af\u043c\u043a\u0456\u043d\u0434\u0456\u043a\u0442\u0435\u0440\u0456\u00bb \u0430\u0442\u0442\u044b \u0445\u0430\u043b\u044b\u049b\u0430\u0440\u0430\u043b\u044b\u049b \u0493\u044b\u043b\u044b\u043c\u0438-\u04d9\u0434\u0456\u0441\u0442\u0435\u043c\u0435\u043b\u0456\u043a \u043e\u043d\u043b\u0430\u0439\u043d \u0436\u04d9\u043d\u0435 \u043e\u0444\u043b\u0430\u0439\u043d \u043a\u043e\u043d\u0444\u0435\u0440\u0435\u043d\u0446\u0438\u044f<strong>. <\/strong><strong>\u2013 <\/strong>\u041d\u04e9\u043a\u0456\u0441, 2022.<strong> \u2013 <\/strong>\u0411. 240-245.<\/p>\n<p>\u201cTariyx\u00edy romanlarda tariyx\u00edy haq\u00edyqat h\u00e1m ull\u00ed tul\u01f5alar obraz\u00edn\u00ed\u0144 sal\u00edst\u00edrmal\u00ed-tipologiyal\u00edq analizi\u201d \/\/ \u201cTilshunoslik, adabiyot, lingvomadaniyat va ta\u2019lim: XXI asr rivojlanishining dolzarb tendensiyalari\u201d Respublika ilmiy-nazariy anjuman materiallari 20 &#8211; Noyabr, 2024. \u2013 B. 500-506.<\/p>\n<p>&nbsp;<\/p>\n","protected":false},"excerpt":{"rendered":"<p>Bayniyazov Azatbay Turs\u0131nbaevich (1973-j\u0131l, 8-dekabr Qanl\u0131k\u00f3l rayon\u0131) \u00d3zbek h\u00e1m qaraqalpaq \u00e1debiy baylan\u0131slar\u0131 boy\u0131nsha ilimiy izertlew al\u0131p bar\u01f5an Bayniyazov Azatbay Turs\u0131nbaevich 1991-j\u0131l\u0131 Qaraqalpaq m\u00e1mleketlik universitetini\u0144 Shet tilleri fakultetine oq\u0131w\u01f5a kirip, 1996-j\u0131l\u0131 on\u0131 tab\u0131sl\u0131 tamamla\u01f5an. Universitetti tamamla\u01f5annan so\u0144, d\u00e1slep 1996-j\u0131l\u0131 Qanl\u0131k\u00f3l rayonl\u0131q XBB ne qarasl\u0131 8-sanl\u0131 mektepte shet tili p\u00e1ni oq\u0131t\u0131wsh\u0131s\u0131 bol\u0131p pedagogikal\u0131q jum\u0131s\u0131n basla\u01f5an. Keyninen 2001-j\u0131ldan [&hellip;]<\/p>\n","protected":false},"author":1,"featured_media":0,"parent":0,"menu_order":0,"comment_status":"closed","ping_status":"closed","template":"","meta":{"footnotes":""},"class_list":["post-392","page","type-page","status-publish","hentry"],"_links":{"self":[{"href":"https:\/\/janubiyorol.uz\/uz\/wp-json\/wp\/v2\/pages\/392","targetHints":{"allow":["GET"]}}],"collection":[{"href":"https:\/\/janubiyorol.uz\/uz\/wp-json\/wp\/v2\/pages"}],"about":[{"href":"https:\/\/janubiyorol.uz\/uz\/wp-json\/wp\/v2\/types\/page"}],"author":[{"embeddable":true,"href":"https:\/\/janubiyorol.uz\/uz\/wp-json\/wp\/v2\/users\/1"}],"replies":[{"embeddable":true,"href":"https:\/\/janubiyorol.uz\/uz\/wp-json\/wp\/v2\/comments?post=392"}],"version-history":[{"count":1,"href":"https:\/\/janubiyorol.uz\/uz\/wp-json\/wp\/v2\/pages\/392\/revisions"}],"predecessor-version":[{"id":394,"href":"https:\/\/janubiyorol.uz\/uz\/wp-json\/wp\/v2\/pages\/392\/revisions\/394"}],"wp:attachment":[{"href":"https:\/\/janubiyorol.uz\/uz\/wp-json\/wp\/v2\/media?parent=392"}],"curies":[{"name":"wp","href":"https:\/\/api.w.org\/{rel}","templated":true}]}}