{"id":406,"date":"2025-12-10T14:58:26","date_gmt":"2025-12-10T09:58:26","guid":{"rendered":"https:\/\/janubiyorol.uz\/?page_id=406"},"modified":"2025-12-10T14:58:26","modified_gmt":"2025-12-10T09:58:26","slug":"%d1%8d%d1%80%d0%b3%d0%b0%d1%88-%d0%be%d1%80%d0%b0%d0%b7%d0%b1%d0%b0%d0%b5%d0%b2","status":"publish","type":"page","link":"https:\/\/janubiyorol.uz\/uz\/%d1%8d%d1%80%d0%b3%d0%b0%d1%88-%d0%be%d1%80%d0%b0%d0%b7%d0%b1%d0%b0%d0%b5%d0%b2","title":{"rendered":"\u042d\u0440\u0433\u0430\u0448 \u041e\u0440\u0430\u0437\u0431\u0430\u0435\u0432"},"content":{"rendered":"<p><a href=\"http:\/\/janubiyorol.uz\/wp-content\/uploads\/2025\/12\/\u042d\u0440\u0433\u0430\u0448-\u041e\u0440\u0430\u0437\u0431\u0430\u0435\u0432.jpg\"><img loading=\"lazy\" decoding=\"async\" class=\"aligncenter size-medium wp-image-407\" src=\"http:\/\/janubiyorol.uz\/wp-content\/uploads\/2025\/12\/\u042d\u0440\u0433\u0430\u0448-\u041e\u0440\u0430\u0437\u0431\u0430\u0435\u0432-213x300.jpg\" alt=\"\" width=\"213\" height=\"300\" srcset=\"https:\/\/janubiyorol.uz\/wp-content\/uploads\/2025\/12\/\u042d\u0440\u0433\u0430\u0448-\u041e\u0440\u0430\u0437\u0431\u0430\u0435\u0432-213x300.jpg 213w, https:\/\/janubiyorol.uz\/wp-content\/uploads\/2025\/12\/\u042d\u0440\u0433\u0430\u0448-\u041e\u0440\u0430\u0437\u0431\u0430\u0435\u0432.jpg 320w\" sizes=\"auto, (max-width: 213px) 100vw, 213px\" \/><\/a><\/p>\n<p style=\"text-align: center;\"><strong>\u042d\u0440\u0433\u0430\u0448 \u041e\u0440\u0430\u0437\u0431\u0430\u0435\u0432<\/strong><\/p>\n<p style=\"text-align: center;\"><em>(1972-\u0439\u0438\u043b\u00a0 19-\u0438\u044e\u043d\u044c\u00a0\u00a0 \u0411\u0435\u0440\u0443\u043d\u0438\u0439\u00a0 \u0442\u0443\u043c\u0430\u043d\u0438) <\/em><\/p>\n<p>\u00a0\u00a0\u00a0\u00a0\u00a0\u00a0\u00a0\u00a0 \u040e\u0437\u0431\u0435\u043a, \u0442\u0443\u0440\u043a\u043c\u0430\u043d \u0432\u0430 \u049b\u043e\u0440\u0430\u049b\u0430\u043b\u043f\u043e\u049b \u0442\u0438\u043b\u043b\u0430\u0440\u0438\u0433\u0430 \u0430\u0440\u0430\u0431 \u0442\u0438\u043b\u0438\u0434\u0430\u043d \u045e\u0437\u043b\u0430\u0448\u0433\u0430\u043d \u0441\u045e\u0437\u043b\u0430\u0440 \u0431\u045e\u0439\u0438\u0447\u0430 \u0438\u043b\u043c\u0438\u0439-\u0442\u0430\u0434\u049b\u0438\u049b\u043e\u0442 \u043e\u043b\u0438\u0431 \u0431\u043e\u0440\u0433\u0430\u043d \u042d\u0440\u0433\u0430\u0448 \u042e\u043b\u0434\u0430\u0448\u0435\u0432\u0438\u0447 \u041e\u0440\u0430\u0437\u0431\u0430\u0435\u0432\u00a0 1990-\u0439\u0438\u043b\u0438 \u041a\u043e\u0440\u0430\u043a\u0430\u043b\u043f\u043e\u043a \u0434\u0430\u0432\u043b\u0430\u0442 \u0443\u043d\u0438\u0432\u0435\u0440\u0441\u0438\u0442\u0435\u0442\u0438\u043d\u0438\u043d\u0433 \u0420\u0413\u0424 \u0444\u0430\u043a\u0443\u043b\u044c\u0442\u0435\u0442\u0438\u0433\u0430 \u045e\u049b\u0438\u0448\u0433\u0430 \u043a\u0438\u0440\u0438\u0431, 1995-\u0439\u0438\u043b\u0438 \u0443\u043d\u0438 \u043c\u0443\u0432\u0430\u0444\u0444\u0430\u043a\u0438\u044f\u0442\u043b\u0438\u00a0 \u0442\u0443\u0433\u0430\u0442\u0433\u0430\u043d.<\/p>\n<p>\u0423\u043d\u0438\u0432\u0435\u0440\u0441\u0438\u0442\u0435\u0442\u043d\u0438 \u0442\u0430\u043c\u043e\u043c\u043b\u0430\u0433\u0430\u0447, 1995-\u0439\u0438\u043b\u0438 \u042d\u043b\u043b\u0438\u043a\u043a\u0430\u043b\u044c\u0430 \u0442\u0443\u043c\u0430\u043d\u0438\u0434\u0430\u0433\u0438 5-\u0443\u043c\u0443\u043c\u0442\u0430\u044c\u043b\u0438\u043c \u043c\u0430\u043a\u0442\u0430\u0431\u0438\u0434\u0430 \u043f\u0435\u0434\u0430\u0433\u043e\u0433\u0438\u043a \u0444\u0430\u043e\u043b\u0438\u044f\u0442\u0438\u043d\u0438 \u0431\u043e\u0448\u043b\u0430\u0433\u0430\u043d.<\/p>\n<p>2017-\u0439\u0438\u043b\u0434\u0430\u043d \u0431\u043e\u0448\u043b\u0430\u0431 \u04b3\u043e\u0437\u0438\u0440\u0433\u0430\u0447\u0430 \u041a\u043e\u0440\u0430\u043a\u0430\u043b\u043f\u043e\u043a \u0434\u0430\u0432\u043b\u0430\u0442 \u0443\u043d\u0438\u0432\u0435\u0440\u0441\u0438\u0442\u0435\u0442\u0438\u043d\u0438\u043d\u0433\u00a0 \u201c\u040e\u0437\u0431\u0435\u043a \u0442\u0438\u043b\u0448\u0443\u043d\u043e\u0441\u043b\u0438\u0433\u0438\u201d \u043a\u0430\u0444\u0435\u0434\u0440\u0430\u0441\u0438\u0434\u0430 \u0444\u0430\u043e\u043b\u0438\u044f\u0442 \u043a\u045e\u0440\u0441\u0430\u0442\u043c\u043e\u049b\u0434\u0430.<\/p>\n<p>\u041e\u0440\u0430\u0437\u0431\u0430\u0435\u0432 \u042d\u0440\u0433\u0430\u0448\u00a0 \u045e\u0437\u0431\u0435\u043a \u0442\u0443\u0440\u043a\u043c\u0430\u043d \u0432\u0430 \u049b\u043e\u0440\u0430\u049b\u0430\u043b\u043f\u043e\u049b \u0442\u0438\u043b\u043b\u0430\u0440\u0438 \u0442\u0430\u043a\u043e\u043c\u0438\u043b\u0438\u0434\u0430 \u0445\u0430\u0440 \u0443\u0447\u0430\u043b\u0430 \u0445\u0430\u043b\u043a \u0438\u0448\u043b\u0430\u0442\u0430\u0434\u0438\u0433\u0430\u043d \u0441\u0443\u0437\u043b\u0430\u0440\u0434\u0430 \u0430\u0440\u0430\u0431\u0447\u0430 \u0430\u0442\u0430\u043c\u0430\u043b\u0430\u0440 \u043c\u0430\u0432\u0436\u0443\u0434\u043b\u0438\u0433\u0438, \u0445\u043e\u0437\u0438\u0440\u0433\u0438 \u0443\u0437\u0431\u0435\u043a \u0442\u0443\u0440\u043a\u043c\u0430\u043d \u0432\u0430 \u043a\u043e\u0440\u0430\u043a\u0430\u043b\u043f\u043e\u043a \u0442\u0438\u043b\u043b\u0430\u0440\u0438\u0434\u0430\u0433\u0438 \u044f\u043d\u0433\u0438\u0447\u0430\u00a0 \u0448\u0430\u043a\u043b\u0438\u0439 -\u0443\u0441\u043b\u0443\u0431\u0438\u0439 \u0438\u0437\u043b\u0430\u043d\u0438\u0448\u043b\u0430\u0440 \u043c\u0430\u0441\u0430\u043b\u0430\u043b\u0430\u0440\u0438 \u044e\u0437\u0430\u0441\u0438\u0434\u0430\u043d \u0431\u0438\u0440 \u043d\u0435\u0447\u0430 \u0439\u0438\u043b\u043b\u0430\u0440\u0434\u0430\u043d \u0431\u0435\u0440\u0438 \u0438\u043b\u043c\u0438\u0439-\u0442\u0430\u0434\u049b\u0438\u049b\u043e\u0442 \u043e\u043b\u0438\u0431 \u0431\u043e\u0440\u0430\u0434\u0438. \u0422\u0443\u0440\u043a\u0438\u0439 \u0442\u0438\u043b\u043b\u0430\u0440\u0434\u0430 \u0430\u0440\u0430\u0431\u0447\u0430 \u0443\u0437\u043b\u0430\u0448\u043c\u0430\u043b\u0430\u0440\u043d\u0438\u043d\u0433 \u0444\u0443\u043d\u043a\u0446\u0438\u043e\u043d\u0430\u043b-\u0441\u0435\u043c\u0430\u043d\u0442\u0438\u043a \u0432\u0430 \u043b\u0438\u043d\u0433\u0432\u043e\u043c\u0430\u0434\u0430\u043d\u0438\u0439 \u0442\u0430\u0434\u043a\u0438\u043a\u0438 (\u045e\u0437\u0431\u0435\u043a, \u0442\u0443\u0440\u043a\u043c\u0430\u043d \u0432\u0430 \u043a\u043e\u0440\u0430\u043a\u0430\u043b\u043f\u043e\u043a \u0442\u0438\u043b\u043b\u0430\u0440\u0438 \u043c\u0438\u0441\u043e\u043b\u0438\u0434\u0430) \u0438\u0437\u043b\u0430\u043d\u0438\u0448\u043b\u0430\u0440 \u0442\u0430\u0440\u0430\u043a\u043a\u0438\u0451\u0442\u0438\u0433\u0430 \u0434\u043e\u0438\u0440\u00a0\u00a0 \u049b\u0430\u0442\u043e\u0440 \u0438\u043b\u043c\u0438\u0439 \u043c\u0430\u049b\u043e\u043b\u0430\u043b\u0430\u0440\u0438 \u040e\u0437\u0431\u0435\u043a\u0438\u0441\u0442\u043e\u043d \u0432\u0430 \u0445\u043e\u0440\u0438\u0436\u0438\u0439 \u0434\u0430\u0432\u043b\u0430\u0442\u043b\u0430\u0440 \u043c\u0430\u0442\u0431\u0443\u043e\u0442\u0438\u0434\u0430 \u044d\u044a\u043b\u043e\u043d \u049b\u0438\u043b\u0438\u043d\u0433\u0430\u043d.<\/p>\n<p>2024-\u0439\u0438\u043b\u0438 \u201c\u0422\u0443\u0440\u043a\u0438\u0439 \u0442\u0438\u043b\u043b\u0430\u0440\u0434\u0430 \u0430\u0440\u0430\u0431\u0447\u0430 \u0443\u0437\u043b\u0430\u0448\u043c\u0430\u043b\u0430\u0440\u043d\u0438\u043d\u0433 \u0444\u0443\u043d\u043a\u0446\u0438\u043e\u043d\u0430\u043b-\u0441\u0435\u043c\u0430\u043d\u0442\u0438\u043a \u0432\u0430 \u043b\u0438\u043d\u0433\u0432\u043e\u043c\u0430\u0434\u0430\u043d\u0438\u0439 \u0442\u0430\u0434\u043a\u0438\u043a\u0438 (\u045e\u0437\u0431\u0435\u043a, \u0442\u0443\u0440\u043a\u043c\u0430\u043d \u0432\u0430 \u043a\u043e\u0440\u0430\u043a\u0430\u043b\u043f\u043e\u043a \u0442\u0438\u043b\u043b\u0430\u0440\u0438 \u043c\u0438\u0441\u043e\u043b\u0438\u0434\u0430)\u201d \u043c\u0430\u0432\u0437\u0443\u0441\u0438\u0434\u0430\u00a0 PhD \u0434\u0438\u0441\u0441\u0435\u0440\u0442a\u0446\u0438\u044f\u0441\u0438\u043d\u0438 \u04b3\u0438\u043c\u043e\u044f \u049b\u0438\u043b\u0434\u0438 \u0432\u0430 \u0444\u0438\u043b\u043e\u043b\u043e\u0433\u0438\u044f \u0444\u0430\u043d\u043b\u0430\u0440\u0438\u00a0\u00a0 \u0431\u0443\u0439\u0438\u0447\u0430 \u0444\u0430\u043b\u0441\u0430\u0444\u0430 \u0434\u043e\u043a\u0442\u043e\u0440\u0438 \u0438\u043b\u043c\u0438\u0439 \u0434\u0430\u0440\u0430\u0436\u0430\u0441\u0438\u043d\u0438 \u043e\u043b\u0434\u0438.<\/p>\n<p>&nbsp;<\/p>\n<p>\u0423 \u0442\u0443\u0440\u043a\u0438\u0439 \u0442\u0438\u043b\u043b\u0430\u0440\u0434\u0430 \u0430\u0440\u0430\u0431\u0447\u0430 \u0443\u0437\u043b\u0430\u0448\u043c\u0430\u043b\u0430\u0440\u043d\u0438\u043d\u0433 \u0444\u0443\u043d\u043a\u0446\u0438\u043e\u043d\u0430\u043b-\u0441\u0435\u043c\u0430\u043d\u0442\u0438\u043a \u0432\u0430 \u043b\u0438\u043d\u0433\u0432\u043e\u043c\u0430\u0434\u0430\u043d\u0438\u0439 \u0442\u0430\u0434\u043a\u0438\u043a\u0438 (\u045e\u0437\u0431\u0435\u043a, \u0442\u0443\u0440\u043a\u043c\u0430\u043d \u0432\u0430 \u043a\u043e\u0440\u0430\u043a\u0430\u043b\u043f\u043e\u043a \u0442\u0438\u043b\u043b\u0430\u0440\u0438 \u043c\u0438\u0441\u043e\u043b\u0438\u0434\u0430) \u043c\u0430\u0432\u0437\u0443\u0441\u0438 \u0431\u045e\u0439\u0438\u0447\u0430 20\u00a0 \u0433\u0430 \u044f\u043a\u0438\u043d \u0438\u043b\u043c\u0438\u0439 \u043c\u0430\u049b\u043e\u043b\u0430\u043b\u0430\u0440 \u043c\u0443\u0430\u043b\u043b\u0438\u0444\u0438. \u0423\u043d\u0438\u043d\u0433 \u043c\u0443\u0430\u043b\u043b\u0438\u0444\u043b\u0438\u0433\u0438\u0434\u0430 1\u0442\u0430 \u045e\u043a\u0443\u0432 \u043a\u0443\u043b\u043b\u0430\u043d\u043c\u0430 \u0432\u0430 \u043c\u043e\u043d\u043e\u0433\u0440\u0430\u0444\u0438\u044f \u044d\u044a\u043b\u043e\u043d \u049b\u0438\u043b\u0438\u043d\u0433\u0430\u043d.<\/p>\n<p><strong>\u0418\u043b\u043c\u0438\u0439 \u0438\u0448\u043b\u0430\u0440\u0438: <\/strong><\/p>\n<p>The Place of Arabic Changes Related to Islam in the Linguistic Landscape of the Turkish People Central asian journal of literature, philosophy and culture. \u2013 Spain, 2023. \u2013 Vol. 4. \u2013 Iss. 6. \u2013 P. 83-86 (Impact Factor: 8,41. \u2116 14), SJIF: 5,69. \u211623).<\/p>\n<p>Turkiy tillardagi arabcha o\u2018zlashmalarning o\u2018rganilishi va so\u2018z o\u2018zlashtirish tamoyillari (o\u2018zbek, qoraqalpoq, turkman tillari misolida) Qoraqalpoq davlat universiteti Axborotnomasi. \u2013 Nukus, 2021. \u2013 \u21164\/1. \u2013 B. 147-149 (10.00.00. \u211612).<\/p>\n<p>Turkiy tillarda arabcha o\u2019zlashmalar asosida hosil bo\u2019lgan ilmiy terminlar. (\u045e\u0437\u0431\u0435\u043a, \u049b\u043e\u0440\u0430\u049b\u0430\u043b\u043f\u043e\u049b, \u0442\u0443\u0440\u043a\u043c\u0430\u043d \u0442\u0438\u043b\u043b\u0430\u0440\u0438 \u043c\u0438\u0441\u043e\u043b\u0438\u0434\u0430) O\u2018zR FA Qoraqalpog\u2018iston bo\u2018limining Axborotnomasi. \u2013 Nukus, 2022. \u2013 \u21164. \u2013 B. 149-152 (10.00.00. \u211612).<\/p>\n<p>Turkiy tillardagi arabcha o\u2018zlashmalarning o\u2018zlashish yo\u2018llari va usullari (o\u2018zbek, qoraqalpoq, turkman tillari misolida) Ilm sarchashmalari. \u2013 Urganch, 2022. \u2013 \u2116 12. \u2013 B. 150-153 (10.00.00. \u21163).<\/p>\n<p>Turkiy tillardagi arabcha o\u2018zlashmalarda unlilar variantlashuvi (o`zbek, qoraqalpoq, turkman tillari misolida) Tamaddun nuri. \u2013 Beruniy,\u00a0 2023. \u2013 \u2116 1. \u2013 B. 44-48 (10.00.00. \u211628).<\/p>\n<p>Mavhum tushuncha ifodalovchi arabcha o\u2018zlashmalarning lingvomadaniy xususiyatlari (o\u2018zbek, qoraqalpoq, turkman tillari misolida) Filologik tadqiqotlar: til, adabiyot, ta\u2019lim. \u2013 Termiz, 2023. \u2013 \u21165. \u2013 B.54-57 (10.00.00. \u211623).<\/p>\n<p>Mavhum otlarning lingvomadaniy xususiyatlari (o\u2018zbek, qoraqalpoq, turkman tillari misolida) \u0422\u04e9\u0440\u043a\u0438 \u043b\u0438\u043d\u0433\u0432\u043e\u043a\u0443\u043b\u044c\u0442\u0443\u0440\u043e\u043b\u043e\u0433\u0438\u044f: \u043f\u0440\u043e\u0431\u043b\u0435\u043c\u0430\u043b\u0430\u0440 \u04bb\u04d9\u043c \u043f\u0435\u0440\u0441\u043f\u0435\u043a\u0442\u0438\u0432\u0430\u043b\u0430\u0440: \u0425IV \u0425\u0430\u043b\u044b\u043a\u0430\u0440\u0430 \u0444\u04d9\u043d\u043d\u0438-\u0433\u0430\u043c\u04d9\u043b\u0438 \u043a\u043e\u043d\u0444\u0435\u0440\u0435\u043d\u0446\u0438\u044f\u0441\u0435 \u043c\u0430\u0442\u0435\u0440\u0438\u0430\u043b\u043b\u0430\u0440\u044b. 21 \u0444\u0435\u0432\u0440\u0430\u043b\u044c. \u2013 \u041a\u0430\u0437\u0430\u043d, 2023. \u2013 \u0411. 310-312.<\/p>\n<p>Linguistic and cultural characteristics of abstract names (in the example of Arabic acquisitions) Scientific approach to the modern education system: An international open access conference. \u2013 Germany, 2023.<\/p>\n<p>Turkiy tillardagi arabcha o\u2018zlashmalarning imlosi (o\u2018zbek, qoraqalpoq, turkman tillari misolida) Tilshunoslikning dolzarb masalalari: Respublika ilmiy-amaliy anjumani materiallari. \u2013 Toshkent, 2022. \u2013 B. 322-324.<\/p>\n<p>Turkiy tillardagi arabcha o\u2018zlashmalarda unlilar almashinuvi (o\u2018zbek, qoraqalpoq, turkman tillari misolida) O\u2018zbek tili va adabiyoti rivojida jadid adiblari ijodining o\u2018rni va ahamiyati: Respublika ilmiy-amaliy anjumani materiallari. \u2013 Jizzax, 2022. \u2013 B. 67-68.<\/p>\n<p>Turkiy tillarda arabcha o\u2018zlashmalar asosida hosil bo\u2018lgan tilshunoslik terminlari (o\u2018zbek, qoraqalpoq, turkman tillari misolida) O\u2018zbek filologiyasining dolzarb masalalari va uni o\u2018qitish metodikasi muammolari: Xalqaro ilmiy-amaliy konferensiya materiallari. \u2013 Toshkent, 2022. \u2013 B. 171-174.<\/p>\n<p>Turkiy tillardagi arabcha o\u2018zlashmalarda undoshlar tarkibidagi variantlilik (o\u2018zbek, qoraqalpoq, turkman tillari misolida) Globallashuv davrida turkiy shevashunoslikning dolzarb muammolari: Xalqaro ilmiy-nazariy anjuman materiallari. \u2013 Toshkent, 2022. \u2013 B. 378-380.<\/p>\n<p>Turkiy tillarda mavhum tushuncha ifodalovchi arabcha o\u2018zlashmalarning ba\u2019zi xususiyatlari (o\u2018zbek, qoraqalpoq, turkman tillari misolida) Turkiy tillarning rivojlanishi va tadqiqining dolzarb masalalari: Xalqaro ilmiy-nazariy anjuman materiallari. \u2013 Toshkent, 2022. II qism. \u2013 B. 272-275.<\/p>\n<p>Arabcha o\u2018zlashmalar asosida hosil bo\u2018lgan rasmiy uslubga xos ba\u2019zi terminlar semantikasi (o\u2018zbek, qoraqalpoq, turkman tillari misolida) O\u2018zbek tili imkoniyatlaridan amaliy foydalanish masalalari: Respublika ilmiy-amaliy anjumani materiallari. \u2013 Qarshi, 2022. \u2013 B. 63-65.<\/p>\n<p>Islom dini bilan bog\u2018liq ba\u2019zi so\u2018zlarning lingvomadaniy xususiyatlari O\u2018zbek tili va adabiyoti rivojida jadid adiblari ijodining o\u2018rni va ahamiyati: Respublika ilmiy-amaliy anjumani materiallari. \u2013 Nukus, 2023. \u2013 B. 127-129.<\/p>\n<p>T\u00dcRK D\u0130LLER\u0130NDE GAZETECILIK TARZIYLA ILGILI ARAP\u00c7A KELIMELERIN I\u015eLEVSEL-ANLAMSAL \u00d6ZELLIKLER &laquo;THEORY AND ANALYTICAL ASPECTS OF RECENT RESEARCH&raquo;. 9 Haziran 2025&#8217;te \u0130stanbul&#8217;da ger\u00e7ekle\u015fti. (9 June 2025) \u2013 T\u00fcrkiye, \u0130stanbul : &laquo;CESS&raquo;, 2025. B\u00f6l\u00fcm 37, \u2013 293 s.<\/p>\n<p>ARABCHA O\u2018ZLASHMALARNING TURKIY TILLAR LEKSIKASIGA O\u2018ZLASHISH YO\u2018LLARI VA OMILLARI 2025 \u041a\u0430\u0440\u0430\u043a\u0430\u043b\u043f\u0430\u043a\u0441\u043a\u0438\u0439 \u0433\u043e\u0441\u0443\u043d\u0438\u0432\u0435\u0440\u0441\u0438\u0442\u0435\u0442 \u0438\u043c. \u0411\u0435\u0440\u0434\u0430\u0445\u0430 BERDAQ at\u0131nda\u01f5\u0131 QARAQALPAQ M\u00c1MLEKETLIK UNIVERSITETINI\u0143 XABARSh\u00cdS\u00cd<\/p>\n<p>STUDY OF ARABIC BORROWINGS IN TURKIC LANGUAGES AND PRINCIPLES OF BORROWING WORDS (ON THE EXAMPLE OF UZBEK, KARAKALPAK, TURKMEN LANGUAGES) Science and Education in Karakalpakstan ISSN 2181-9203 794-797s.<\/p>\n","protected":false},"excerpt":{"rendered":"<p>\u042d\u0440\u0433\u0430\u0448 \u041e\u0440\u0430\u0437\u0431\u0430\u0435\u0432 (1972-\u0439\u0438\u043b\u00a0 19-\u0438\u044e\u043d\u044c\u00a0\u00a0 \u0411\u0435\u0440\u0443\u043d\u0438\u0439\u00a0 \u0442\u0443\u043c\u0430\u043d\u0438) \u00a0\u00a0\u00a0\u00a0\u00a0\u00a0\u00a0\u00a0 \u040e\u0437\u0431\u0435\u043a, \u0442\u0443\u0440\u043a\u043c\u0430\u043d \u0432\u0430 \u049b\u043e\u0440\u0430\u049b\u0430\u043b\u043f\u043e\u049b \u0442\u0438\u043b\u043b\u0430\u0440\u0438\u0433\u0430 \u0430\u0440\u0430\u0431 \u0442\u0438\u043b\u0438\u0434\u0430\u043d \u045e\u0437\u043b\u0430\u0448\u0433\u0430\u043d \u0441\u045e\u0437\u043b\u0430\u0440 \u0431\u045e\u0439\u0438\u0447\u0430 \u0438\u043b\u043c\u0438\u0439-\u0442\u0430\u0434\u049b\u0438\u049b\u043e\u0442 \u043e\u043b\u0438\u0431 \u0431\u043e\u0440\u0433\u0430\u043d \u042d\u0440\u0433\u0430\u0448 \u042e\u043b\u0434\u0430\u0448\u0435\u0432\u0438\u0447 \u041e\u0440\u0430\u0437\u0431\u0430\u0435\u0432\u00a0 1990-\u0439\u0438\u043b\u0438 \u041a\u043e\u0440\u0430\u043a\u0430\u043b\u043f\u043e\u043a \u0434\u0430\u0432\u043b\u0430\u0442 \u0443\u043d\u0438\u0432\u0435\u0440\u0441\u0438\u0442\u0435\u0442\u0438\u043d\u0438\u043d\u0433 \u0420\u0413\u0424 \u0444\u0430\u043a\u0443\u043b\u044c\u0442\u0435\u0442\u0438\u0433\u0430 \u045e\u049b\u0438\u0448\u0433\u0430 \u043a\u0438\u0440\u0438\u0431, 1995-\u0439\u0438\u043b\u0438 \u0443\u043d\u0438 \u043c\u0443\u0432\u0430\u0444\u0444\u0430\u043a\u0438\u044f\u0442\u043b\u0438\u00a0 \u0442\u0443\u0433\u0430\u0442\u0433\u0430\u043d. \u0423\u043d\u0438\u0432\u0435\u0440\u0441\u0438\u0442\u0435\u0442\u043d\u0438 \u0442\u0430\u043c\u043e\u043c\u043b\u0430\u0433\u0430\u0447, 1995-\u0439\u0438\u043b\u0438 \u042d\u043b\u043b\u0438\u043a\u043a\u0430\u043b\u044c\u0430 \u0442\u0443\u043c\u0430\u043d\u0438\u0434\u0430\u0433\u0438 5-\u0443\u043c\u0443\u043c\u0442\u0430\u044c\u043b\u0438\u043c \u043c\u0430\u043a\u0442\u0430\u0431\u0438\u0434\u0430 \u043f\u0435\u0434\u0430\u0433\u043e\u0433\u0438\u043a \u0444\u0430\u043e\u043b\u0438\u044f\u0442\u0438\u043d\u0438 \u0431\u043e\u0448\u043b\u0430\u0433\u0430\u043d. 2017-\u0439\u0438\u043b\u0434\u0430\u043d \u0431\u043e\u0448\u043b\u0430\u0431 \u04b3\u043e\u0437\u0438\u0440\u0433\u0430\u0447\u0430 \u041a\u043e\u0440\u0430\u043a\u0430\u043b\u043f\u043e\u043a \u0434\u0430\u0432\u043b\u0430\u0442 \u0443\u043d\u0438\u0432\u0435\u0440\u0441\u0438\u0442\u0435\u0442\u0438\u043d\u0438\u043d\u0433\u00a0 \u201c\u040e\u0437\u0431\u0435\u043a \u0442\u0438\u043b\u0448\u0443\u043d\u043e\u0441\u043b\u0438\u0433\u0438\u201d \u043a\u0430\u0444\u0435\u0434\u0440\u0430\u0441\u0438\u0434\u0430 \u0444\u0430\u043e\u043b\u0438\u044f\u0442 [&hellip;]<\/p>\n","protected":false},"author":1,"featured_media":0,"parent":0,"menu_order":0,"comment_status":"closed","ping_status":"closed","template":"","meta":{"footnotes":""},"class_list":["post-406","page","type-page","status-publish","hentry"],"_links":{"self":[{"href":"https:\/\/janubiyorol.uz\/uz\/wp-json\/wp\/v2\/pages\/406","targetHints":{"allow":["GET"]}}],"collection":[{"href":"https:\/\/janubiyorol.uz\/uz\/wp-json\/wp\/v2\/pages"}],"about":[{"href":"https:\/\/janubiyorol.uz\/uz\/wp-json\/wp\/v2\/types\/page"}],"author":[{"embeddable":true,"href":"https:\/\/janubiyorol.uz\/uz\/wp-json\/wp\/v2\/users\/1"}],"replies":[{"embeddable":true,"href":"https:\/\/janubiyorol.uz\/uz\/wp-json\/wp\/v2\/comments?post=406"}],"version-history":[{"count":1,"href":"https:\/\/janubiyorol.uz\/uz\/wp-json\/wp\/v2\/pages\/406\/revisions"}],"predecessor-version":[{"id":408,"href":"https:\/\/janubiyorol.uz\/uz\/wp-json\/wp\/v2\/pages\/406\/revisions\/408"}],"wp:attachment":[{"href":"https:\/\/janubiyorol.uz\/uz\/wp-json\/wp\/v2\/media?parent=406"}],"curies":[{"name":"wp","href":"https:\/\/api.w.org\/{rel}","templated":true}]}}