{"id":461,"date":"2025-12-11T09:13:32","date_gmt":"2025-12-11T04:13:32","guid":{"rendered":"https:\/\/janubiyorol.uz\/?page_id=461"},"modified":"2025-12-11T09:13:32","modified_gmt":"2025-12-11T04:13:32","slug":"nodira-allambergenova","status":"publish","type":"page","link":"https:\/\/janubiyorol.uz\/uz\/nodira-allambergenova","title":{"rendered":"Nodira ALLAMBERGENOVA"},"content":{"rendered":"<p><a href=\"http:\/\/janubiyorol.uz\/wp-content\/uploads\/2025\/12\/Nodira-ALLAMBERGENOVA.jpg\"><img loading=\"lazy\" decoding=\"async\" class=\"aligncenter  wp-image-462\" src=\"http:\/\/janubiyorol.uz\/wp-content\/uploads\/2025\/12\/Nodira-ALLAMBERGENOVA.jpg\" alt=\"\" width=\"209\" height=\"292\" \/><\/a><\/p>\n<p style=\"text-align: center;\"><strong>Nodira ALLAMBERGENOVA<\/strong><\/p>\n<p style=\"text-align: center;\"><em>(1980-j\u0131lda tuw\u0131l\u01f5an)<\/em><\/p>\n<p>\u00a0\u00a0\u00a0\u00a0\u00a0\u00a0\u00a0\u00a0 Nodira Allambergenova\u00a0 1980-j\u0131l 7-dekabrda, \u00c1miwd\u00e1rya rayon\u0131n\u0131\u0144 Q\u0131pshaq aw\u0131l\u0131nda tuw\u0131l\u01f5an. Nodira Allambergenova\u00a0 \u00a01998-2002-j\u0131llarda N\u00f3kis m\u00e1mleketlik pedagogika institut\u0131n\u0131\u0144 filologiya fakultetini\u00a0 \u00abayr\u0131qsha\u00bb diplom menen tamamla\u01f5an. 2002-2004-j\u0131llarda Berdaq at\u0131nda\u01f5\u0131 Qaraqalpaq m\u00e1mleketlik universitetini\u0144 1-sanl\u0131 akademiyal\u0131q liceyde \u00f3zbek tili h\u00e1m \u00e1debiyat\u0131 p\u00e1ni oq\u0131t\u0131wsh\u0131s\u0131\u00a0 lawaz\u0131m\u0131nda jum\u0131s isleydi. 2004-2006-j\u0131llarda Tashkent m\u00e1mleketlik pedagogika universitetini\u0144 \u00a0magistraturas\u0131nda oq\u0131yd\u0131. 2006-j\u0131ldan b\u00fagingi k\u00fange shekem\u00a0 N\u00f3kis m\u00e1mleketlik pedagogika institut\u0131n\u0131\u0144 \u00a0\u00ab\u00d3zbek \u00e1debiyat\u0131\u00bb kafedras\u0131nda assistent, \u00falken oq\u0131t\u0131wsh\u0131 lawaz\u0131mlar\u0131nda jum\u0131s islep kelmekte. 2019-j\u0131l\u0131 \u00abAlpam\u0131s\u00bb d\u00e1stan\u0131n\u0131\u0144 \u00f3zbek h\u00e1m qaraqalpaq versiyalar\u0131n\u0131\u0144 sal\u0131st\u0131rmal\u0131 tipologiyas\u0131\u00bb temas\u0131nda yilda filologiya ilimleri boy\u0131nsha filosofiya \u00a0doktori (PhD) ilimiy d\u00e1rejesin al\u0131w ush\u0131n jaz\u0131l\u01f5an dissertaciyas\u0131n tab\u0131sl\u0131 jaqlayd\u0131.<\/p>\n<p><strong>Ilimiy miynetleri<\/strong><strong>:\u00a0 <\/strong>\u00ab\u0410\u043b\u043f\u043e\u043c\u0438\u0448\u00bb \u2013 \u043c\u0430\u044a\u043d\u0430\u0432\u0438\u044f\u0442\u0438\u043c\u0438\u0437 \u043a\u045e\u0437\u0433\u0443\u0441\u0438. \u04b2\u043e\u0437\u0438\u0440\u0433\u0438 \u0434\u0430\u0432\u0440\u0434\u0430 \u0444\u0438\u043b\u043e\u043b\u043e\u0433\u0438\u044f \u043d\u0430\u0437\u0430\u0440\u0438\u044f\u0441\u0438 \u0432\u0430 \u043c\u0435\u0442\u043e\u0434\u0438\u043a\u0430\u0441\u0438\u043d\u0438\u043d\u0433 \u0434\u043e\u043b\u0437\u0430\u0440\u0431 \u043c\u0430\u0441\u0430\u043b\u0430\u043b\u0430\u0440\u0438. \u2013 \u041d\u0443\u043a\u0443\u0441, 2012. \u2013 \u0411.95; \u0410\u043b\u043f\u0430\u043c\u044b\u0441 \u2013 \u049b\u043e\u0440\u0430\u049b\u0430\u043b\u043f\u043e\u049b \u0445\u0430\u043b\u049b\u0438\u043d\u0438\u043d\u0433 \u043c\u0438\u043b\u043b\u0438\u0439 \u049b\u0430\u04b3\u0440\u0430\u043c\u043e\u043d\u0438. \u0422\u0438\u043b\u0448\u0443\u043d\u043e\u0441\u043b\u0438\u043a \u0432\u0430 \u0430\u0434\u0430\u0431\u0438\u0451\u0442\u0448\u0443\u043d\u043e\u0441\u043b\u0438\u043a \u043c\u0430\u0441\u0430\u043b\u0430\u043b\u0430\u0440\u0438. \u2013 \u0422\u043e\u0448\u043a\u0435\u043d\u0442, 2013. \u2013 \u0411.70-73; \u0410\u043b\u043f\u043e\u043c\u0438\u0448 \u2013 \u0442\u0443\u0440\u043a\u0438\u0439 \u0445\u0430\u043b\u049b\u043b\u0430\u0440\u043d\u0438\u043d\u0433 \u043c\u0438\u043b\u043b\u0438\u0439 \u049b\u0430\u04b3\u0440\u0430\u043c\u043e\u043d\u0438. \u00a0\u041b\u0438\u0442\u0435\u0440\u0430\u0442\u0443\u0440\u0430 \u0438 \u0445\u0443\u0434\u043e\u0436\u0435\u0441\u0442\u0432\u0435\u043d\u043d\u0430\u044f \u043a\u0443\u043b\u044c\u0442\u0443\u0440\u0430 \u0442\u044e\u0440\u043a\u0441\u043a\u0438\u0445 \u043d\u043e\u0440\u043e\u0434\u043e\u0432 \u0432 \u043a\u043e\u043d\u0442\u0435\u043a\u0441\u0442\u0435 \u0412\u043e\u0441\u0442\u043e\u043a \u2013 \u0417\u0430\u043f\u0430\u0434. \u2013 \u041a\u0430\u0437\u0430\u043d, 2014. \u2013 \u0421.54-57; \u00ab\u0410\u043b\u043f\u043e\u043c\u0438\u0448\u00bb \u0432\u0430 \u00ab\u0410\u043b\u043f\u0430\u043c\u0438\u0441\u00bb\u043d\u0438\u043d\u0433 \u049b\u0438\u0451\u0441\u0438\u0439 \u0442\u0430\u04b3\u043b\u0438\u043b\u0438. \u0411\u0430\u0434\u0438\u0438\u0439 \u0430\u0441\u0430\u0440\u043b\u0430\u0440\u043d\u0438 \u0448\u0430\u0440\u04b3\u043b\u0430\u0431 \u045e\u0440\u0433\u0430\u043d\u0438\u0448: \u0442\u0430\u0440\u0438\u0445, \u0442\u0430\u0436\u0440\u0438\u0431\u0430 \u0432\u0430 \u0442\u0435\u0445\u043d\u043e\u043b\u043e\u0433\u0438\u044f. \u2013 \u0422\u043e\u0448\u043a\u0435\u043d\u0442, 2014. \u2013 \u0411.364-366; \u00ab\u0410\u043b\u043f\u043e\u043c\u0438\u0448\u00bb\u043d\u0438\u043d\u0433 \u049b\u043e\u0440\u0430\u049b\u0430\u043b\u043f\u043e\u049b \u0432\u0430\u0440\u0438\u0430\u043d\u0442\u043b\u0430\u0440\u0438 \u0431\u043e\u0448\u043b\u0430\u043d\u043c\u0430\u043b\u0430\u0440\u0438 \/ \u0422\u0438\u043b\u0448\u0443\u043d\u043e\u0441\u043b\u0438\u043a, \u0430\u0434\u0430\u0431\u0438\u0451\u0442\u0448\u0443\u043d\u043e\u0441\u043b\u0438\u043a \u0432\u0430 \u0442\u0430\u0440\u0436\u0438\u043c\u0430 \u043d\u0430\u0437\u0430\u0440\u0438\u044f\u0441\u0438: \u0442\u0430\u0434\u049b\u0438\u049b \u0432\u0430 \u0443\u0437\u043b\u0443\u043a\u0441\u0438\u0437 \u0442\u0430\u044a\u043b\u0438\u043c \u0442\u0435\u0445\u043d\u043e\u043b\u043e\u0433\u0438\u044f\u043b\u0430\u0440\u0438. \u2013 \u041d\u0443\u043a\u0443\u0441, 2015 \u2013 \u0411.147-148; \u00ab\u0410\u043b\u043f\u043e\u043c\u0438\u0448\u00bb\u043d\u0438\u043d\u0433 \u049b\u043e\u0440\u0430\u049b\u0430\u043b\u043f\u043e\u049b \u0432\u0430\u0440\u0438\u0430\u043d\u0442\u043b\u0430\u0440\u0438: \u045e\u0445\u0448\u0430\u0448\u043b\u0438\u043a\u043b\u0430\u0440, \u045e\u0437\u0438\u0433\u0430 \u0445\u043e\u0441\u043b\u0438\u043a\u043b\u0430\u0440, \u0431\u0430\u0434\u0438\u0438\u0439 \u0442\u0430\u043b\u049b\u0438\u043d \u0432\u0430 \u043c\u0430\u04b3\u043e\u0440\u0430\u0442. \u00a0\u0416\u0430\u043d\u0443\u0431\u0438\u0439 \u041e\u0440\u043e\u043b\u0431\u045e\u0439\u0438 \u0430\u0440\u0445\u0435\u043e\u043b\u043e\u0433\u0438\u044f\u0441\u0438, \u044d\u0442\u043d\u043e\u0433\u0440\u0430\u0444\u0438\u044f\u0441\u0438, \u0442\u0430\u0440\u0438\u0445\u0438 \u0432\u0430 \u0442\u0430\u0440\u0438\u0445\u0448\u0443\u043d\u043e\u0441\u043b\u0438\u0433\u0438\u043d\u0438\u043d\u0433 \u0434\u043e\u043b\u0437\u0430\u0440\u0431 \u043c\u0430\u0441\u0430\u043b\u0430\u043b\u0430\u0440\u0438. \u2013 \u041d\u0443\u043a\u0443\u0441, 2016. \u2013 \u0411.164-166; \u00ab\u0410\u043b\u043f\u043e\u043c\u0438\u0448\u00bb\u0434\u0430 \u043e\u0431\u0440\u0430\u0437\u043b\u0430\u0440 \u0442\u0430\u0432\u0441\u0438\u0444\u0438. \u00a0\u0418\u04b2\u0416. \u2013 2016. \u2013 \u21163. \u2013 \u0411.41-43; \u00ab\u0411\u0430\u0439\u0448\u0443\u0431\u0430\u0440 \u043e\u0431\u0440\u0430\u0437\u044b\u043d\u044b\u04a3 \u043c\u0438\u0444\u043e-\u043f\u043e\u044d\u0442\u0438\u043a\u0430\u043b\u044b\u049b \u0430\u043d\u0430\u043b\u0438\u0437\u0438\u00bb \/\/ \u0410\u043c\u0443\u0434\u0430\u0440\u0451. \u2013 2016. \u2013 \u21166. \u2013 \u0411.108-110; \u00ab\u0410\u043b\u043f\u043e\u043c\u0438\u0448\u00bb\u043d\u0438\u043d\u0433 \u049b\u043e\u0440\u0430\u049b\u0430\u043b\u043f\u043e\u049b \u0432\u0435\u0440\u0441\u0438\u044f\u043b\u0430\u0440\u0438. \u0401\u0448 \u0442\u0438\u043b\u0448\u0443\u043d\u043e\u0441 \u0432\u0430 \u0430\u0434\u0430\u0431\u0438\u0451\u0442\u0448\u0443\u043d\u043e\u0441\u043b\u0430\u0440\u043d\u0438\u043d\u0433 \u0438\u043b\u043c\u0438\u0439 \u0430\u043d\u0436\u0443\u043c\u0430\u043d\u0438 \u043c\u0430\u0442\u0435\u0440\u0438\u0430\u043b\u043b\u0430\u0440\u0438. \u2013 \u0422\u043e\u0448\u043a\u0435\u043d\u0442, 2016. \u2013 \u0411.273-276; \u0428\u0430\u0445\u0441 \u043a\u0430\u043c\u043e\u043b\u043e\u0442\u0438\u0434\u0430 \u00ab\u0410\u043b\u043f\u043e\u043c\u0438\u0448\u00bb \u0434\u043e\u0441\u0442\u043e\u043d\u0438\u043d\u0438\u043d\u0433 \u045e\u0440\u043d\u0438. \u00a0\u040e\u0437\u0431\u0435\u043a \u0444\u0438\u043b\u043e\u043b\u043e\u0433\u0438\u044f\u0441\u0438\u043d\u0438\u043d\u0433 \u0438\u043b\u043c\u0438\u0439-\u043d\u0430\u0437\u0430\u0440\u0438\u0439 \u043c\u0430\u0441\u0430\u043b\u0430\u043b\u0430\u0440\u0438 \u0432\u0430 \u045e\u049b\u0438\u0442\u0438\u0448 \u0442\u0435\u0445\u043d\u043e\u043b\u043e\u0433\u0438\u044f\u043b\u0430\u0440\u0438. \u2013 \u041d\u0443\u043a\u0443\u0441, 2017. \u2013 \u0411.166-167; \u00ab\u0410\u043b\u043f\u043e\u043c\u0438\u0448\u00bb \u0434\u043e\u0441\u0442\u043e\u043d\u0438 \u0432\u0430 \u0411\u0435\u0440\u0434\u0430\u049b\u043d\u0438\u043d\u0433 \u00ab\u0428\u0430\u0436\u0430\u0440\u0430\u00bb \u0430\u0441\u0430\u0440\u0438. \u00a0\u041c\u0443\u043c\u0442\u043e\u0437 \u0430\u0434\u0430\u0431\u0438\u0451\u0442 \u0432\u0430 \u0436\u0430\u043c\u0438\u044f\u0442\u043d\u0438 \u043c\u0430\u044a\u043d\u0430\u0432\u0438\u0439 \u044f\u043d\u0433\u0438\u043b\u0430\u0448 \u043c\u0430\u0441\u0430\u043b\u0430\u043b\u0430\u0440\u0438. \u2013 \u041d\u0443\u043a\u0443\u0441, 2017. \u2013 \u0411.12; \u00ab\u0410\u043b\u043f\u0430\u043c\u044b\u0441\u00bb \u0434\u043e\u0441\u0442\u043e\u043d\u0438\u0434\u0430 \u0438\u0444\u043e\u0434\u0430-\u0442\u0430\u0441\u0432\u0438\u0440 \u0432\u043e\u0441\u0438\u0442\u0430\u043b\u0430\u0440\u0438\u043d\u0438\u043d\u0433 \u049b\u045e\u043b\u043b\u0430\u043d\u0438\u043b\u0438\u0448\u0438. \u00a0\u0424\u0430\u043d \u0432\u0430 \u0442\u0430\u044a\u043b\u0438\u043c-\u0442\u0430\u0440\u0431\u0438\u044f\u043d\u0438\u043d\u0433 \u0434\u043e\u043b\u0437\u0430\u0440\u0431 \u043c\u0430\u0441\u0430\u043b\u0430\u043b\u0430\u0440\u0438. \u2013 \u041d\u0443\u043a\u0443\u0441, 2018. \u2013 \u0411.128-129; \u00ab\u0410\u043b\u043f\u043e\u043c\u0438\u0448\u00bb \u0434\u043e\u0441\u0442\u043e\u043d\u0438\u0434\u0430 \u0434\u045e\u0441\u0442\u043b\u0438\u043a \u043c\u0443\u043d\u043e\u0441\u0430\u0431\u0430\u0442\u043b\u0430\u0440\u0438. \u00a0\u049a\u0410. 2018. \u2013 \u21166. \u2013 \u0411.17; \u00ab\u0410\u043b\u043f\u043e\u043c\u0438\u0448\u00bb \u0434\u043e\u0441\u0442\u043e\u043d\u0438\u0434\u0430 \u00ab\u0434\u045e\u0441\u0442\u00bb \u0432\u0430 \u00ab\u0434\u045e\u0441\u0442\u043b\u0438\u043a\u00bb \u0442\u0443\u0448\u0443\u043d\u0447\u0430\u043b\u0430\u0440\u0438. \u0410\u043a\u0442\u0443\u0430\u043b\u044c\u043d\u044b\u0435 \u0432\u044b\u0437\u043e\u0432\u044b \u0441\u043e\u0432\u0440\u0435\u043c\u0435\u043d\u043d\u043e\u0439 \u043d\u0430\u0443\u043a\u0438. \u0412\u044b\u043f.1 (21). \u0427.2. \u2013 \u041f\u0435\u0440\u044f\u0441\u043b\u0430\u0432-\u0425\u043c\u0435\u043b\u044c\u043d\u0438\u0446\u043a\u0438\u0439, 2018. \u2013 \u0421.124-126; \u00abKarakalpak folklore: The epos \u00abAlpamysh\u00bb and its role in the Spiritual Life of People\u00bb. \u00a0ANGLISTICUM. 2018. \u2012 Vol.7. \u21166; \u00ab\u0410\u043b\u043f\u043e\u043c\u0438\u0448\u00bb \u0434\u043e\u0441\u0442\u043e\u043d\u0438 \u045e\u0437\u0431\u0435\u043a-\u049b\u043e\u0440\u0430\u049b\u0430\u043b\u043f\u043e\u049b \u0432\u0435\u0440\u0441\u0438\u044f\u043b\u0430\u0440\u0438\u0434\u0430 \u0441\u0430\u0436\u044a. \u00a0\u040e\u0422\u0410. 2019. \u2013 \u21163. \u2013 \u0411.52-55; \u00ab\u0410\u043b\u043f\u043e\u043c\u0438\u0448\u00bb \u0434\u043e\u0441\u0442\u043e\u043d\u0438 \u045e\u0437\u0431\u0435\u043a-\u049b\u043e\u0440\u0430\u049b\u0430\u043b\u043f\u043e\u049b \u0432\u0435\u0440\u0441\u0438\u044f\u043b\u0430\u0440\u0438\u0434\u0430 \u0431\u043e\u0448 \u049b\u0430\u04b3\u0440\u0430\u043c\u043e\u043d \u0448\u0430\u0436\u0430\u0440\u0430\u0441\u0438 \u0432\u0430 \u00ab\u049b\u045e\u043d\u0493\u0438\u0440\u043e\u0442\u00bb \u044d\u0442\u043d\u043e\u043d\u0438\u043c\u0438 \u0442\u0430\u043b\u049b\u0438\u043d\u0438. \u00a0\u00ab\u0418\u043b\u043c \u0432\u0430 \u0436\u0430\u043c\u0438\u044f\u0442\u00bb \u0436\u0443\u0440\u043d\u0430\u043b\u0438. 2019. \u21161. \u2013 \u0411.54-56; \u0422\u0443\u0440\u043a\u0438\u0439 \u0445\u0430\u043b\u049b\u043b\u0430\u0440 \u0444\u043e\u043b\u044c\u043a\u043b\u043e\u0440\u0438\u0434\u0430 \u00ab\u0410\u043b\u043f\u043e\u043c\u0438\u0448\u00bb \u0434\u043e\u0441\u0442\u043e\u043d\u0438 \u0432\u0435\u0440\u0441\u0438\u044f \u0432\u0430 \u0432\u0430\u0440\u0438\u0430\u043d\u0442\u043b\u0430\u0440\u0438. \u00a0\u00ab\u0422\u0430\u043c\u0430\u0434\u0434\u0443\u043d \u043d\u0443\u0440\u0438\u00bb \u0436\u0443\u0440\u043d\u0430\u043b\u0438. \u2013 \u0411\u0435\u0440\u0443\u043d\u0438\u0439, 2019. \u2013 \u21161. \u2013 \u0411.52-56; \u00ab\u0410\u043b\u043f\u043e\u043c\u0438\u0448\u00bb \u0434\u043e\u0441\u0442\u043e\u043d\u0438\u043d\u0438\u043d\u0433 \u049b\u043e\u0440\u0430\u049b\u0430\u043b\u043f\u043e\u049b \u0432\u0430\u0440\u0438\u0430\u043d\u0442\u043b\u0430\u0440\u0438\u0434\u0430 \u0448\u0435\u044a\u0440\u0438\u0439 \u043c\u0430\u0442\u043d\u043b\u0430\u0440 \u0431\u0430\u0434\u0438\u0438\u044f\u0442\u0438. \u0420\u0435\u0441\u043f\u0443\u0431\u043b\u0438\u043a\u0430 \u0438\u043b\u043c\u0438\u0439-\u043d\u0430\u0437\u0430\u0440\u0438\u0439 \u0432\u0430 \u0430\u043c\u0430\u043b\u0438\u0439 \u0430\u043d\u0436\u0443\u043c\u0430\u043d \u043c\u0430\u0442\u0435\u0440\u0438\u0430\u043b\u043b\u0430\u0440\u0438 \u0442\u045e\u043f\u043b\u0430\u043c\u0438. \u2013 \u041d\u0443\u043a\u0443\u0441, 2019. \u2013 \u0411.24-26.<\/p>\n<p>&nbsp;<\/p>\n","protected":false},"excerpt":{"rendered":"<p>Nodira ALLAMBERGENOVA (1980-j\u0131lda tuw\u0131l\u01f5an) \u00a0\u00a0\u00a0\u00a0\u00a0\u00a0\u00a0\u00a0 Nodira Allambergenova\u00a0 1980-j\u0131l 7-dekabrda, \u00c1miwd\u00e1rya rayon\u0131n\u0131\u0144 Q\u0131pshaq aw\u0131l\u0131nda tuw\u0131l\u01f5an. Nodira Allambergenova\u00a0 \u00a01998-2002-j\u0131llarda N\u00f3kis m\u00e1mleketlik pedagogika institut\u0131n\u0131\u0144 filologiya fakultetini\u00a0 \u00abayr\u0131qsha\u00bb diplom menen tamamla\u01f5an. 2002-2004-j\u0131llarda Berdaq at\u0131nda\u01f5\u0131 Qaraqalpaq m\u00e1mleketlik universitetini\u0144 1-sanl\u0131 akademiyal\u0131q liceyde \u00f3zbek tili h\u00e1m \u00e1debiyat\u0131 p\u00e1ni oq\u0131t\u0131wsh\u0131s\u0131\u00a0 lawaz\u0131m\u0131nda jum\u0131s isleydi. 2004-2006-j\u0131llarda Tashkent m\u00e1mleketlik pedagogika universitetini\u0144 \u00a0magistraturas\u0131nda oq\u0131yd\u0131. 2006-j\u0131ldan b\u00fagingi k\u00fange [&hellip;]<\/p>\n","protected":false},"author":1,"featured_media":0,"parent":0,"menu_order":0,"comment_status":"closed","ping_status":"closed","template":"","meta":{"footnotes":""},"class_list":["post-461","page","type-page","status-publish","hentry"],"_links":{"self":[{"href":"https:\/\/janubiyorol.uz\/uz\/wp-json\/wp\/v2\/pages\/461","targetHints":{"allow":["GET"]}}],"collection":[{"href":"https:\/\/janubiyorol.uz\/uz\/wp-json\/wp\/v2\/pages"}],"about":[{"href":"https:\/\/janubiyorol.uz\/uz\/wp-json\/wp\/v2\/types\/page"}],"author":[{"embeddable":true,"href":"https:\/\/janubiyorol.uz\/uz\/wp-json\/wp\/v2\/users\/1"}],"replies":[{"embeddable":true,"href":"https:\/\/janubiyorol.uz\/uz\/wp-json\/wp\/v2\/comments?post=461"}],"version-history":[{"count":1,"href":"https:\/\/janubiyorol.uz\/uz\/wp-json\/wp\/v2\/pages\/461\/revisions"}],"predecessor-version":[{"id":463,"href":"https:\/\/janubiyorol.uz\/uz\/wp-json\/wp\/v2\/pages\/461\/revisions\/463"}],"wp:attachment":[{"href":"https:\/\/janubiyorol.uz\/uz\/wp-json\/wp\/v2\/media?parent=461"}],"curies":[{"name":"wp","href":"https:\/\/api.w.org\/{rel}","templated":true}]}}