{"id":464,"date":"2025-12-11T09:14:17","date_gmt":"2025-12-11T04:14:17","guid":{"rendered":"https:\/\/janubiyorol.uz\/?page_id=464"},"modified":"2025-12-11T09:14:17","modified_gmt":"2025-12-11T04:14:17","slug":"rashit-elmuratov","status":"publish","type":"page","link":"https:\/\/janubiyorol.uz\/uz\/rashit-elmuratov","title":{"rendered":"Rashit ELMURATOV"},"content":{"rendered":"<p><a href=\"http:\/\/janubiyorol.uz\/wp-content\/uploads\/2025\/12\/Rashit-ELMURATOV.jpg\"><img loading=\"lazy\" decoding=\"async\" class=\"aligncenter size-medium wp-image-465\" src=\"http:\/\/janubiyorol.uz\/wp-content\/uploads\/2025\/12\/Rashit-ELMURATOV-289x300.jpg\" alt=\"\" width=\"289\" height=\"300\" srcset=\"https:\/\/janubiyorol.uz\/wp-content\/uploads\/2025\/12\/Rashit-ELMURATOV-289x300.jpg 289w, https:\/\/janubiyorol.uz\/wp-content\/uploads\/2025\/12\/Rashit-ELMURATOV.jpg 292w\" sizes=\"auto, (max-width: 289px) 100vw, 289px\" \/><\/a><\/p>\n<p>&nbsp;<\/p>\n<p style=\"text-align: center;\"><strong>Rashit ELMURATOV<\/strong><\/p>\n<p style=\"text-align: center;\"><em>(1979-j\u0131lda tuw\u0131l\u01f5an)<\/em><\/p>\n<p>Rashit Elmuratov \u00a01979-j\u0131l 8-yanvarda Qaraqalpaqstan Respublikas\u0131 N\u00f3kis rayon\u0131nda tuw\u0131l\u01f5an. Rashit Elmuratov 1996-j\u0131l\u0131 Berdaq at\u0131nda\u01f5\u0131 Qaraqalpaq m\u00e1mleketlik universitetini\u0144 shet tilleri fakulteti inglis tili b\u00f3limine qab\u0131l etilip, 2000-j\u0131l\u0131 us\u0131 b\u00f3limdi tab\u0131sl\u0131 tamamlayd\u0131. 2002-j\u0131l\u0131 Berdaq at\u0131nda\u01f5\u0131 Qaraqalpaq m\u00e1mleketlik universitetini\u0144 Lingvistika (inglis tili) magistratura b\u00f3limine qab\u0131l etilip, 2004-j\u0131l\u0131 us\u0131 q\u00e1nigelikti tab\u0131sl\u0131 tamamlayd\u0131.\u00a0\u00a0 2000-2007-j\u0131llarda \u00abProgress\u00bb til \u00fayreniw oray\u0131nda inglis tili oq\u0131t\u0131wsh\u0131s\u0131, \u00a02007-2011-j\u0131llarda Berdaq at\u0131nda\u01f5\u0131 Qaraqalpaq m\u00e1mleketlik universiteti jan\u0131nda\u01f5\u0131 \u21163 Akademiyal\u0131q liceyde inglis tili oq\u0131t\u0131wsh\u0131s\u0131, 2011-2017-j\u0131llarda Qaraqalpaq m\u00e1mleketlik universiteti Inglis filologiyas\u0131 kafedras\u0131 assisstenti, 2020-2024-j\u0131llarda Inglis til bilimi kafedras\u0131 a\u01f5a oq\u0131t\u0131wsh\u0131s\u0131, 2024-j\u0131l oktyabr ay\u0131nan baslap, Inglis til bilimi kafedras\u0131 docent waz\u0131pas\u0131n atqar\u0131wsh\u0131\u00a0 lawaz\u0131m\u0131nda islep kelmekte.<\/p>\n<p>Rashit Elmuratov \u00a0j\u00e1h\u00e1n folklortan\u0131w\u0131nda belgili bir milletti\u0144 estetikal\u0131q ideal\u0131n bayanlawda epikal\u0131q janrlardan biri bol\u01f5an tariyx\u0131y a\u0144\u0131zlard\u0131\u0144 orn\u0131, olard\u0131\u0144 janr s\u0131pat\u0131nda rawajlan\u0131w tendenciyalar\u0131, obrazlar sistemas\u0131 h\u00e1m k\u00f3rkemligi, a\u0144\u0131zlard\u0131\u0144 folklor prozas\u0131nda xal\u0131qt\u0131\u0144 tariyx\u0131 menen tuwr\u0131dan-tuwr\u0131 baylan\u0131s\u0131w\u0131, h\u00e1m on\u0131 belgili d\u00e1rejede real bayan etiwi ja\u01f5\u0131nan bahalan\u0131w\u0131, janrl\u0131q \u00f3zine t\u00e1n q\u00e1siyeti, xal\u0131q prozas\u0131n\u0131\u0144 \u00e1psana, ertek, naq\u0131l-maqal, d\u00e1stan h\u00e1m t.b. epikal\u0131q janrlar menen uqsas h\u00e1m \u00f3zgeshelik t\u00e1repleri, syujetinde turm\u0131s waq\u0131yalar\u0131 real t\u00farde s\u00e1\u045eleleniwi, poetikal\u0131q kompoziciya h\u00e1m motivlerdi\u0144 d\u00fazilisi, obrazlar sistemas\u0131, bayanlan\u0131w us\u0131l\u0131, tili menen baylan\u0131sl\u0131 m\u00e1selelerdi izertlep, 2024-j\u0131l\u0131 5-iyulde professor Turganbay Keruenovt\u0131\u0144 ilimiy basshl\u0131q\u0131\u01f5\u0131nda \u00abTariyx\u0131y a\u0144\u0131zlar tipologiyas\u0131 (Qaraqalpaq, t\u00farkmen h\u00e1m inglis folklor\u0131 materiallar\u0131 tiykar\u0131nda)\u00bb \u00a0degen temada filologiya ilimleri boy\u0131nsha filosofiya\u00a0 doktor\u0131 (PhD) ilimiy d\u00e1rejesi ush\u0131n dissertaciyas\u0131n tab\u0131sl\u0131 qor\u01f5ayd\u0131.<\/p>\n<p>Rashit Elmuratov Azerbaijan, Ulli Britaniya, Amerika Qospa Shtatlar\u0131, Polsha, Kazaxstand\u0131\u0144 ingliz h\u00e1m basqa tillerdegi ab\u0131rayl\u0131 xal\u0131q aral\u0131q ilimiy jurnallar\u0131nda h\u00e1m impakt factor jurnallar\u0131n\u0131\u0144 joqar\u0131 d\u00e1rejeli ma\u01f5l\u0131wmatli bazalar jurnallar\u0131nda baspadan sh\u0131\u01f5ar\u0131l\u01f5an 15 ten aslam ilimiy maqalalard\u0131\u0144 avtor\u0131.<\/p>\n<p><strong>\u00a0<\/strong><\/p>\n<p><strong>\u00a0<\/strong><strong>\u00a0\u00a0\u00a0\u00a0\u00a0\u00a0 \u00a0\u00a0\u00a0\u00a0<\/strong><strong>Ilimiy miynetleri<\/strong><strong>:<\/strong> Typology of images in historical legends of Karakalpak and English folklore \/\/ International Journal of \u201cAnglisticum\u201d Literature, Linguistics and Interdisciplinary Studies volume: 12 Issue: 1. \u2013 Tetovo, 2023. \u2013 P. 24-31. (ICV Impact Factor: 86.76); \u00a0\u0422\u04af\u0440\u043a\u0438\u0439 \u0444\u043e\u043b\u044c\u043a\u043b\u043e\u0440\u0442\u0430\u043d\u044b\u045e\u0434\u0430 \u0430\u04a3\u044b\u0437\u043b\u0430\u0440\u0434\u044b\u04a3 \u0438\u0437\u0435\u0440\u0442\u043b\u0435\u043d\u0438\u045e\u0438\u00a0 \u04b3\u0430\u049b\u049b\u044b\u043d\u0434\u0430. \u00a0\u00abIlim h\u00e1m j\u00e1miyet\u00bb \u0436\u0443\u0440\u043d\u0430\u043b\u044b. \u2013 N\u00f3kis, 2022. \u21164. \u2013 B. 117-120; Artistic definition of the symbols of real images and historical figures in legends (on the example of Uzbek and Karakalpak folklore materials) \/\/ \u00abScience and Education in Karakalpakstan\u00bb \u0436\u0443\u0440\u043d\u0430\u043b\u044b. \u2013 Nukus, 2022. \u21164\/2. \u2013 B. 135-140. \u041b\u0443\u049b\u043f\u0430\u043d \u04b2\u04d9\u043a\u0438\u043c (\u04b2\u04d9\u043a\u0438\u043c \u0423\u043b\u044b\u049b\u043f\u0430\u043d)\u00a0 \u04b3\u0430\u049b\u049b\u044b\u043d\u0434\u0430\u0493\u044b \u0430\u04a3\u044b\u0437\u043b\u0430\u0440 \u0442\u0438\u043f\u043e\u043b\u043e\u0433\u0438\u044f\u0441\u044b (\u049a\u0430\u0440\u0430\u049b\u0430\u043b\u043f\u0430\u049b \u04b3\u04d9\u043c \u0442\u04af\u0440\u043a\u043c\u0435\u043d \u0444\u043e\u043b\u044c\u043a\u043b\u043e\u0440\u044b \u043c\u0430\u0442\u0435\u0440\u0438\u0430\u043b\u043b\u0430\u0440\u044b \u043c\u044b\u0441\u0430\u043b\u044b\u043d\u0434\u0430. \u049a\u0430\u0440\u0430\u049b\u0430\u043b\u043f\u0430\u049b \u043c\u04d9\u043c\u043b\u0435\u043a\u0435\u0442\u043b\u0438\u043a \u0443\u043d\u0438\u0432\u0435\u0440\u0441\u0438\u0442\u0435\u0442\u0438\u043d\u0438\u04a3 \u00ab\u0425\u0430\u0431\u0430\u0440\u0448\u044b\u0441\u044b\u00bb \u0436\u0443\u0440\u043d\u0430\u043b\u044b. \u2013 \u041d\u04e9\u043a\u0438\u0441, 2023. \u21161\/59. \u2013 \u0411. 325-328;\u00a0 \u00a0\u00abHotamtoy\u00bb \u00a0rivoyati sujeti va uning turkiy folklordagi epik ifodalari. \u00a0\u0425\u043e\u0440\u0430\u0437\u043c \u041c\u0430\u044a\u043c\u0443\u043d \u0410\u043a\u0430\u0434\u0435\u043c\u0438\u044f\u0441\u0438 \u00ab\u0410\u0445\u0431\u043e\u0440\u043e\u0442\u043d\u043e\u043c\u0430\u0441\u0438\u00bb. \u2013 \u0425\u0438\u0432\u0430, 2023.\u00a0 \u21165\/4. \u2013 \u0411. 45-50; \u0422\u0430\u0440\u0438\u0439\u0445\u044b\u0439 \u0430\u04a3\u044b\u0437\u043b\u0430\u0440\u0434\u044b\u04a3 \u04e9\u0437\u0438\u043d\u0435 \u0442\u04d9\u043d \u0436\u0430\u043d\u0440\u043b\u044b\u049b \u049b\u04d9\u0441\u0438\u0439\u0435\u0442\u043b\u0435\u0440\u0438 (\u049a\u0430\u0440\u0430\u049b\u0430\u043b\u043f\u0430\u049b, \u04e9\u0437\u0431\u0435\u043a \u04b3\u04d9\u043c \u0438\u043d\u0433\u043b\u0438\u0441 \u0444\u043e\u043b\u044c\u043a\u043b\u043e\u0440\u044b \u043c\u044b\u0441\u0430\u043b\u044b\u043d\u0434\u0430) \/\/ \u04e8\u0437\u0431\u0435\u043a\u0441\u0442\u0430\u043d \u0420\u0435\u0441\u043f\u0443\u0431\u043b\u0438\u043a\u0430\u0441\u044b \u0418\u043b\u0438\u043c\u043b\u0435\u0440 \u0410\u043a\u0430\u0434\u0435\u043c\u0438\u044f\u0441\u044b \u049a\u0430\u0440\u0430\u049b\u0430\u043b\u043f\u0430\u049b\u0441\u0442\u0430\u043d \u0431\u04e9\u043b\u0438\u043c\u0438\u043d\u0438\u04a3 \u00ab\u0425\u0430\u0431\u0430\u0440\u0448\u044b\u0441\u044b\u00bb \u0436\u0443\u0440\u043d\u0430\u043b\u044b. \u2013 \u041d\u04e9\u043a\u0438\u0441, 2023. \u21161. \u2013 \u0411. 140-145; \u00a0Composition in historical legends (on the example of Karakalpak, Turkmen and English folklore materials) \/\/ \u041d\u0430\u0446\u0438\u043e\u043d\u0430\u043b\u044c\u043d\u0430\u044f \u0410\u043a\u0430\u0434\u0435\u043c\u0438\u044f \u041d\u0430\u0443\u043a \u0410\u0437\u0435\u0440\u0431\u0430\u0439\u0434\u0436\u0430\u043d\u0430 \u0413\u044f\u043d\u0434\u0436\u0438\u043d\u0441\u043a\u043e\u0435 \u043e\u0442\u0434\u0435\u043b\u0435\u043d\u0438\u0435 \u0421\u0431\u043e\u0440\u043d\u0438\u043a \u0438\u0437\u0432\u0435\u0441\u0442\u0438\u0439 \u0441\u0435\u0440\u0438\u044f \u00ab\u041e\u0431\u0449\u0435\u0441\u0442\u0432\u0435\u043d\u043d\u044b\u0435 \u0438 \u0433\u0443\u043c\u0430\u043d\u0438\u0442\u0430\u0440\u043d\u044b\u0435 \u043d\u0430\u0443\u043a\u0438\u00bb. \u2013 \u0410\u0437\u0435\u0440\u0431\u0430\u0439\u0436\u0430\u043d, 2023. \u2116 3 (7), \u2013 \u0411. \u00a0177-185; \u049a\u0430\u0440\u0430\u049b\u0430\u043b\u043f\u0430\u049b \u04b3\u04d9\u043c \u0442\u04af\u0440\u043a\u043c\u0435\u043d \u0444\u043e\u043b\u044c\u043a\u043b\u043e\u0440\u044b\u043d\u0434\u0430 \u041c\u0443\u0440\u0430\u043b\u044b-\u0428\u0435\u0440 \u04b3\u04d9\u043c \u0421\u0443\u043b\u0442\u0430\u043d \u0421\u0443\u0439\u0438\u043d \u0442\u0443\u045e\u0440\u0430\u043b\u044b\u00a0 \u0430\u04a3\u044b\u0437\u043b\u0430\u0440. \u00a0\u049a\u0430\u0440\u0430\u049b\u0430\u043b\u043f\u0430\u049b \u043c\u04d9\u043c\u043b\u0435\u043a\u0435\u0442\u043b\u0438\u043a \u0443\u043d\u0438\u0432\u0435\u0440\u0441\u0438\u0442\u0435\u0442\u0438\u043d\u0438\u04a3 \u00ab\u0425\u0430\u0431\u0430\u0440\u0448\u044b\u0441\u044b\u00bb \u0436\u0443\u0440\u043d\u0430\u043b\u044b. \u2013 \u041d\u04e9\u043a\u0438\u0441, 2023. \u2116 2\/60. \u2013 \u0411. 325-329; \u0425\u0443\u0434\u043e\u0436\u0435\u0441\u0442\u0432\u0435\u043d\u043d\u044b\u0435 \u0432\u043e\u043f\u0440\u043e\u0441\u044b\u00a0 \u0438\u0441\u0442\u043e\u0440\u0438\u0447\u0435\u0441\u043a\u0438\u0445 \u043f\u0440\u0435\u0434\u0430\u043d\u0438\u0439 \u043e \u0431\u0430\u043a\u0448\u0435\u0439 \u0438 \u043f\u043e\u044d\u0442\u0430\u0445 (\u043d\u0430 \u043c\u0430\u0442\u0435\u0440\u0438\u0430\u043b\u0435 \u043a\u0430\u0440\u0430\u043a\u0430\u043b\u043f\u0430\u043a\u0441\u043a\u043e\u0433\u043e \u0438 \u0442\u0443\u0440\u043a\u043c\u0435\u043d\u0441\u043a\u043e\u0433\u043e \u0444\u043e\u043b\u044c\u043a\u043b\u043e\u0440\u0430) \/\/ Namangan davlat univ\u0435rsit\u0435ti ilmiy \u00abAxborotnomasi\u00bb jurnali. \u2013 Namangan, 2023, \u21167.\u00a0 \u2013 B.484-490; \u00a0About the theme of historical legends in Karakalpak folklore \/\/ International Scientific online Conference, \u00abAcademic research in modern science\u00bb. \u2013 USA, 2023. -P.32-38; The typology of legends about historical figures in Karakalpak and English folklore. \u00a0International Scientific online Conference, \u00abTheoretical aspects in the formation of pedagogical sciences\u00bb. \u2013 Great Britain, 2023. -P.49-53; Qaraqalpaq h\u00e1m inglis folklor\u0131 a\u0144\u0131zlar\u0131nda\u00a0 tariyx\u0131y shaxslar simvol\u0131n\u0131\u0144 k\u00f3rkem a\u0144latpas\u0131 h\u00e1m\u00a0 tipologiya m\u00e1seleleri. \u00abFan va ta\u2019lim-tarbiyaning dolzarb masalalari\u00bb\u00a0 mavzusidagi\u00a0 Respublika ilmiy-nazariy\u00a0 anjuman materiallari, Toshkent gumanitar fanlar universiteti. \u2013 Turtkul, 2023. \u2013 B.75-77;\u00a0 About the plot development of historical legends (on the example of \u041aarakalpak, Turkmen and English folklore materials) \/\/ Zamonaviy innovatsion tadqiqotlarning dolzarb muammolari va rivojlanish tendensiyalari: yechimlar va istiqbollar mavzusidagi Respublika ilmiy-texnik anjuman materiallari, Mirzo Ulug\u02bbbek nomidagi O\u02bbzbekiston milliy universitetining Jizzax filiali. \u2013 Jizzax, 2023, 14-\u043c\u0430\u0440\u0442. \u2013 B.423-427;\u00a0 \u049a\u0430\u0440\u0430\u049b\u0430\u043b\u043f\u0430\u049b, \u0442\u04af\u0440\u043a\u043c\u0435\u043d \u04b3\u04d9\u043c \u0438\u043d\u0433\u043b\u0438\u0441 \u0444\u043e\u043b\u044c\u043a\u043b\u043e\u0440\u044b \u0442\u0430\u0440\u0438\u0439\u0445\u044b\u0439 \u0430\u04a3\u044b\u0437\u043b\u0430\u0440\u044b\u043d\u0434\u0430 \u043a\u04e9\u0440\u043a\u0435\u043c\u043b\u0438\u043a \u04b3\u04d9\u043c \u0442\u0438\u043f\u043e\u043b\u043e\u0433\u0438\u044f \u043c\u04d9\u0441\u0435\u043b\u0435\u043b\u0435\u0440\u0438 \u00ab\u0424\u0438\u043b\u043e\u043b\u043e\u0433\u0438\u044f\u0434\u0430\u0493\u044b \u0444\u0443\u043d\u0434\u0430\u043c\u0435\u043d\u0442\u0430\u043b\u044c \u0437\u0435\u0440\u0442\u0442\u0435\u0443\u043b\u0435\u0440 \u0436\u04d9\u043d\u0435 \u043e\u049b\u044b\u0442\u0443\u0434\u044b\u04a3 \u0438\u043d\u043d\u043e\u0432\u0430\u0446\u0438\u044f\u043b\u044b\u049b \u043c\u04af\u043c\u043a\u0456\u043d\u0434\u0456\u043a\u0442\u0435\u0440\u0456\u00bb \u0430\u0442\u0442\u044b \u0425\u0430\u043b\u044b\u049b\u0430\u0440\u0430\u043b\u044b\u049b \u0493\u044b\u043b\u044b\u043c\u0438-\u04d9\u0434\u0456\u0441\u0442\u0435\u043c\u0435\u043b\u0456\u043a \u043e\u043d\u043b\u0430\u0439\u043d \u0436\u04d9\u043d\u0435 \u043e\u0444\u043b\u0430\u0439\u043d \u043a\u043e\u043d\u0444\u0435\u0440\u0435\u043d\u0446\u0438\u044f. \u2013 \u041d\u04e9\u043a\u0438\u0441: \u041d\u041c\u041f\u0418 \u0431\u0430\u0441\u043f\u0430\u0441\u044b, 2022. \u2013 \u0411. 409-414; Artistic and typological problems in the historical legends of Karakalpak, Turkmen and English folklore. \u00a0International Scientific and Practical Conference, \u00abSustainable development: problems, analysis, prospects\u00bb, \u2013 Poland, 2023, \u2013 \u00a0P. 29-33; \u00a0Typology of toponymic legends \u00abGuldirsin\u00bb and \u00abBaghdat\u00bb \u00a0in Karakalpak folklore. Science and Education in Karakalpakstan. ISSN 2181-9203. \u21164\/1 (44) 2024. \u2013 P.806 \u2013808.<\/p>\n<p>&nbsp;<\/p>\n<p>&nbsp;<\/p>\n<p>&nbsp;<\/p>\n<p>&nbsp;<\/p>\n<p>&nbsp;<\/p>\n<p>&nbsp;<\/p>\n<p>&nbsp;<\/p>\n<p>&nbsp;<\/p>\n","protected":false},"excerpt":{"rendered":"<p>&nbsp; Rashit ELMURATOV (1979-j\u0131lda tuw\u0131l\u01f5an) Rashit Elmuratov \u00a01979-j\u0131l 8-yanvarda Qaraqalpaqstan Respublikas\u0131 N\u00f3kis rayon\u0131nda tuw\u0131l\u01f5an. Rashit Elmuratov 1996-j\u0131l\u0131 Berdaq at\u0131nda\u01f5\u0131 Qaraqalpaq m\u00e1mleketlik universitetini\u0144 shet tilleri fakulteti inglis tili b\u00f3limine qab\u0131l etilip, 2000-j\u0131l\u0131 us\u0131 b\u00f3limdi tab\u0131sl\u0131 tamamlayd\u0131. 2002-j\u0131l\u0131 Berdaq at\u0131nda\u01f5\u0131 Qaraqalpaq m\u00e1mleketlik universitetini\u0144 Lingvistika (inglis tili) magistratura b\u00f3limine qab\u0131l etilip, 2004-j\u0131l\u0131 us\u0131 q\u00e1nigelikti tab\u0131sl\u0131 tamamlayd\u0131.\u00a0\u00a0 2000-2007-j\u0131llarda \u00abProgress\u00bb [&hellip;]<\/p>\n","protected":false},"author":1,"featured_media":0,"parent":0,"menu_order":0,"comment_status":"closed","ping_status":"closed","template":"","meta":{"footnotes":""},"class_list":["post-464","page","type-page","status-publish","hentry"],"_links":{"self":[{"href":"https:\/\/janubiyorol.uz\/uz\/wp-json\/wp\/v2\/pages\/464","targetHints":{"allow":["GET"]}}],"collection":[{"href":"https:\/\/janubiyorol.uz\/uz\/wp-json\/wp\/v2\/pages"}],"about":[{"href":"https:\/\/janubiyorol.uz\/uz\/wp-json\/wp\/v2\/types\/page"}],"author":[{"embeddable":true,"href":"https:\/\/janubiyorol.uz\/uz\/wp-json\/wp\/v2\/users\/1"}],"replies":[{"embeddable":true,"href":"https:\/\/janubiyorol.uz\/uz\/wp-json\/wp\/v2\/comments?post=464"}],"version-history":[{"count":1,"href":"https:\/\/janubiyorol.uz\/uz\/wp-json\/wp\/v2\/pages\/464\/revisions"}],"predecessor-version":[{"id":466,"href":"https:\/\/janubiyorol.uz\/uz\/wp-json\/wp\/v2\/pages\/464\/revisions\/466"}],"wp:attachment":[{"href":"https:\/\/janubiyorol.uz\/uz\/wp-json\/wp\/v2\/media?parent=464"}],"curies":[{"name":"wp","href":"https:\/\/api.w.org\/{rel}","templated":true}]}}