{"id":467,"date":"2025-12-11T09:15:04","date_gmt":"2025-12-11T04:15:04","guid":{"rendered":"https:\/\/janubiyorol.uz\/?page_id=467"},"modified":"2025-12-11T09:15:04","modified_gmt":"2025-12-11T04:15:04","slug":"rustem-saparniyazov","status":"publish","type":"page","link":"https:\/\/janubiyorol.uz\/uz\/rustem-saparniyazov","title":{"rendered":"Rustem SAPARNIYAZOV"},"content":{"rendered":"<p><a href=\"http:\/\/janubiyorol.uz\/wp-content\/uploads\/2025\/12\/Rustem-SAPARNIYAZOV.jpg\"><img loading=\"lazy\" decoding=\"async\" class=\"aligncenter size-full wp-image-468\" src=\"http:\/\/janubiyorol.uz\/wp-content\/uploads\/2025\/12\/Rustem-SAPARNIYAZOV.jpg\" alt=\"\" width=\"224\" height=\"288\" \/><\/a><\/p>\n<p style=\"text-align: center;\"><strong>Rustem SAPARNIYAZOV<\/strong><\/p>\n<p style=\"text-align: center;\"><em>(<\/em><em>1984-j\u0131lda tuw\u0131l\u01f5an)<\/em><\/p>\n<p>\u00a0\u00a0\u00a0\u00a0\u00a0 Rustem Saparniyazov 1984-j\u0131l 9-oktyabrda N\u00f3kis qalas\u0131nda\u00a0 tuw\u0131l\u01f5an. \u00a02011-j\u0131l\u0131 \u00c1jiniyaz at\u0131nda\u01f5\u0131 Nokis m\u00e1mleketlik pedagogikaliq institut\u0131n\u0131\u0144 inglis tili h\u00e1m \u00e1debiyat\u0131 ba\u01f5dar\u0131na oq\u0131w\u01f5a kirip, 2006-j\u0131lda \u00abayr\u0131qsha\u00bb diplom menen tamamla\u01f5an. 2007-j\u0131lda Berdaq at\u0131nda\u01f5\u0131 Qaraqalpaq m\u00e1mleketlik universitetti\u0144 \u00abLingvistika: inglis tili\u00bb magistratura b\u00f3limine oq\u0131w\u01f5a kiredi h\u00e1m \u00a0on\u0131 2009-j\u0131lda tamamla\u01f5an. 2009-2014-j\u0131llarda \u00c1jiniyaz at\u0131nda\u01f5\u0131 Nokis m\u00e1mleketlik pedagogikaliq instituti \u00abInglis tili h\u00e1m \u00e1debiyat\u0131\u00bb kafedras\u0131n\u0131\u0144 assistenti, \u00a02010-2014-jillarda Shet tilleri fakulteti oqiw isleri boyinsha dekan orinbasari, 2014-j\u0131ldan \u00abInglis tili h\u00e1m \u00e1debiyati\u00bb kafedras\u0131 assistenti, 2015-jildan baslap Qaraqalpaq m\u00e1mleketlik universitetti\u0144 \u00a0Shet tilleri fakulteti oqiw isleri boyinsha dekan orinbasari lawaz\u0131mlar\u0131nda islegen. 2023-j\u0131l 22-dekabrinen \u00abInglis til bilimi\u00bb kafedras\u0131 docenti lawaz\u0131m\u0131nda islep kelmekte.<\/p>\n<p>Rustem Saparniyazov \u00a0\u00a02022-j\u0131lda professor Turganbay Keruenovt\u0131\u0144 \u00a0ilimiy basshl\u0131q\u0131\u01f5\u0131nda \u00abFitomorfliq obrazlardi\u0144 genezisi h\u00e1m k\u00f3rkem a\u0144latpasi\u00bb \u00ab(\u00d3zbek, qaraqalpaq h\u00e1m inglis folklori materiallari tiykarinda) temas\u0131nda filologiya ilimleri boy\u0131nsha filosofiya doktor\u0131 (PhD) dissertaciyas\u0131n tab\u0131sl\u0131 qor\u01f5adi. Rustem Saparniyazovti\u0144 ilimiy izertlew n\u00e1tiyjeleri Amerika Qospa Shtatlar\u0131, Ukraina, Kazaxstann\u0131\u0144 ingliz h\u00e1m basqa tillerdegi ab\u0131rayl\u0131 xal\u0131q aral\u0131q ilimiy jurnallar\u0131nda,<\/p>\n<p>son\u0131\u0144 menen birge, Scopus h\u00e1m Impakt factor jurnallar\u0131n\u0131\u0144 joqar\u0131 d\u00e1rejeli ma\u01f5l\u0131wmatli bazalar jurnallar\u0131nda baspadan sh\u0131\u01f5ar\u0131l\u01f5an. On\u0131\u0144 \u00abFitomorfliq obrazlardi\u0144 genezisi h\u00e1m k\u00f3rkem a\u0144latpasi (\u00d3zbek, qaraqalpaq h\u00e1m inglis folklori materiallari tiykarinda)\u00bb (Tashkent, 2023) monografiya kitab\u0131 baspadan sh\u0131qt\u0131.<\/p>\n<p><strong>Ilimiy miynetleri<\/strong><strong>: <\/strong>The epos \u00abShiyrin and sheker\u00bb and the phytomyphological concepts in it. International Journal of Anglisticum. Literature, Linguisitcs and Interdisciplinary Studies. Volume: 3 (Issue: 3). \u2013 Macedonia, 2022. \u2013 P.11-16. (ICV Impact factor 6, 88); \u0414\u0430\u0440\u0430\u049b\u0442 (\u0430\u0493\u0430\u0448) \u04e9\u0441\u0438\u043c\u043b\u0438\u0433\u0438 \u043c\u0435\u043d\u0435\u043d \u0431\u0430\u0439\u043b\u0430\u043d\u044b\u0441\u043b\u044b \u043c\u0438\u0444\u043e\u043b\u043e\u0433\u0438\u044f\u043b\u044b\u049b \u043e\u0439\u043b\u0430\u045e\u043b\u0430\u0440 \u04b3\u0430\u049b\u049b\u044b\u043d\u0434\u0430 (\u04e9\u0437\u0431\u0435\u043a, \u049b\u0430\u0440\u0430\u049b\u0430\u043b\u043f\u0430\u049b \u04b3\u04d9\u043c \u0438\u043d\u0433\u043b\u0438\u0441 \u00a0\u0444\u043e\u043b\u044c\u043a\u043b\u043e\u0440\u044b \u043c\u044b\u0441\u0430\u043b\u044b\u043d\u0434\u0430). \u00abIlim ha\u2019m ja\u2019miyet\u00bb \u0436\u0443\u0440\u043d\u0430\u043b\u044b. \u2013 \u041d\u04e9\u043a\u0438\u0441, 2021.\u2013 \u21163. \u2013\u0411. 109-111; \u0422\u04af\u0440\u043a\u0438\u0439 \u0445\u0430\u043b\u044b\u049b\u043b\u0430\u0440 \u0442\u043e\u0439 \u043c\u04d9\u0440\u0435\u0441\u0438\u043c\u043b\u0435\u0440\u0438\u043d\u0434\u0435 \u043c\u0438\u0439\u045e\u0430\u043b\u044b \u0430\u0493\u0430\u0448 \u043a\u0443\u043b\u044c\u0442\u044b (\u04e9\u0437\u0431\u0435\u043a, \u049b\u0430\u0440\u0430\u049b\u0430\u043b\u043f\u0430\u049b \u04b3\u04d9\u043c \u049b\u0430\u0437\u0430\u049b \u0444\u043e\u043b\u044c\u043a\u043b\u043e\u0440\u044b \u043c\u044b\u0441\u0430\u043b\u044b\u043d\u0434\u0430). \u049a\u043e\u0440\u0430\u049b\u0430\u043b\u043f\u043e\u049b \u0434\u0430\u0432\u043b\u0430\u0442 \u0443\u043d\u0438\u0432\u0435\u0440\u0441\u0438\u0442\u0435\u0442\u0438 \u00ab\u0410\u0445\u0431\u043e\u0440\u043e\u0442\u043d\u043e\u043c\u0430\u0441\u0438\u00bb \u0436\u0443\u0440\u043d\u0430\u043b\u0438. \u2013 \u041d\u0443\u043a\u0443\u0441, 2021. \u21164\/1 \u2013\u0411. 88-91; \u0422\u04af\u0440\u043a\u0438\u0439 \u0445\u0430\u043b\u044b\u049b\u043b\u0430\u0440\u0434\u0430 \u043c\u0438\u0439\u045e\u0435\u043b\u0438 \u0430\u0493\u0430\u0448 \u04b3\u04d9\u043c \u0445\u0430\u043b\u044b\u049b \u0441\u0430\u043b\u0442-\u0434\u04d9\u0441\u0442\u04af\u0440\u043b\u0435\u0440\u0438 \u04b3\u0430\u049b\u049b\u044b\u043d\u0434\u0430. \u00abIlim ha\u2019m ja\u2019miyet\u00bb \u0436\u0443\u0440\u043d\u0430\u043b\u044b. \u2013 \u041d\u04e9\u043a\u0438\u0441, 2021. \u21164. \u2013\u0411. 123-134; \u040e\u0437\u0431\u0435\u043a, \u049b\u043e\u0440\u0430\u049b\u0430\u043b\u043f\u043e\u049b \u0432\u0430 \u0438\u043d\u0433\u043b\u0438\u0437 \u0444\u043e\u043b\u044c\u043a\u043b\u043e\u0440\u0438\u0434\u0430 \u0431\u043e\u0442\u0430\u043d\u043e\u043c\u0438\u043a \u0430\u0444\u0441\u043e\u043d\u0430\u043b\u0430\u0440 \u049b\u0438\u0451\u0441\u0438\u0439 \u0442\u0430\u043b\u049b\u0438\u043d\u0438. \u0423\u0440\u0433\u0435\u043d\u0447 \u0434\u0430\u0432\u043b\u0430\u0442 \u0443\u043d\u0438\u0432\u0435\u0440\u0441\u0438\u0442\u0435\u0442\u0438 \u00ab\u0418\u043b\u043c \u0441\u0430\u0440\u0447\u0430\u0448\u043c\u0430\u043b\u0430\u0440\u0438\u00bb \u0436\u0443\u0440\u043d\u0430\u043b\u0438. \u2013 \u00a0\u0423\u0440\u0433\u0430\u043d\u0447, 2022, \u2116 1. \u2013\u0411. 47-49; \u040e\u0441\u0438\u043c\u043b\u0438\u043a\u043b\u0430\u0440 \u0431\u0438\u043b\u0430\u043d \u0431\u043e\u0493\u043b\u0438\u049b \u0445\u0430\u043b\u049b \u049b\u0430\u0440\u0430\u0448\u043b\u0430\u0440\u0438 \u0432\u0430 \u043c\u0438\u0444\u043e\u043b\u043e\u0433\u0438\u043a \u0442\u0430\u0441\u0430\u0432\u0432\u0443\u0440\u043b\u0430\u0440 \u0433\u0435\u043d\u0435\u0437\u0438\u0441\u0438. \/\/ \u0425\u043e\u0440\u0430\u0437\u043c \u041c\u0430\u044a\u043c\u0443\u043d \u0430\u043a\u0430\u0434\u0435\u043c\u0438\u044f\u0441\u0438 \u00ab\u0410\u0445\u0431\u043e\u0440\u043e\u0442\u043d\u043e\u043c\u0430\u0441\u0438\u00bb \u0436\u0443\u0440\u043d\u0430\u043b\u0438. \u2013 \u0423\u0440\u0433\u0430\u043d\u0447, 2022. \u21163. \u2013\u0411. 350-352; \u040e\u0441\u0438\u043c\u043b\u0438\u043a\u043b\u0430\u0440\u043d\u0438\u043d\u0433 \u043f\u043e\u044d\u0442\u0438\u043a \u043c\u0438\u0444\u043e\u043b\u043e\u0433\u0435\u043c\u0430 \u0432\u0430\u0437\u0438\u0444\u0430\u0441\u0438\u043d\u0438 \u0431\u0430\u0436\u0430\u0440\u0438\u0448 \u04b3\u043e\u0434\u0438\u0441\u0430\u0441\u0438 \u04b3\u0430\u049b\u0438\u0434\u0430 (\u040e\u0437\u0431\u0435\u043a \u0432\u0430 \u049b\u043e\u0440\u0430\u049b\u0430\u043b\u043f\u043e\u049b \u0444\u043e\u043b\u044c\u043a\u043b\u043e\u0440\u0438 \u0430\u0441\u043e\u0441\u0438\u0434\u0430). \u00ab\u0422\u0430\u043c\u0430\u0434\u0434\u0443\u043d \u043d\u0443\u0440\u0438\u00bb \u0436\u0443\u0440\u043d\u0430\u043b\u0438. \u2013 \u00a0\u041d\u0443\u043a\u0443\u0441, 2022. \u21162; \u0423\u0440\u0444-\u043e\u0434\u0430\u0442 \u0432\u0430 \u043c\u0430\u0440\u043e\u0441\u0438\u043c\u043b\u0430\u0440\u0434\u0430 \u0434\u0430\u0440\u0430\u0445\u0442 \u043a\u0443\u043b\u044c\u0442\u0438 (\u045e\u0437\u0431\u0435\u043a \u0432\u0430 \u049b\u043e\u0440\u0430\u049b\u0430\u043b\u043f\u043e\u049b\u00a0 \u0444\u043e\u043b\u044c\u043a\u043b\u043e\u0440\u0438 \u043c\u0438\u0441\u043e\u043b\u0438\u0434\u0430). \u0422\u0435\u043d\u0434\u0435\u043d\u0446\u0438\u0438 \u0438 \u043f\u0435\u0440\u0441\u043f\u0435\u043a\u0442\u0438\u0432\u044b \u0440\u0430\u0437\u0432\u0438\u0442\u0438\u044f \u043d\u0430\u0443\u043a\u0438 \u0438 \u043e\u0431\u0440\u0430\u0437\u043e\u0432\u0430\u043d\u0438\u044f \u0432 \u0443\u0441\u043b\u043e\u0432\u0438\u044f\u0445 \u0433\u043b\u043e\u0431\u0430\u043b\u0438\u0437\u0430\u0446\u0438\u0438. \u2013 \u00a0\u041f\u0435\u0440\u0435\u044f\u0441\u043b\u0430\u0432-\u0425\u043c\u0435\u043b\u044c\u043d\u0438\u0446\u044c\u043a\u0438\u0439 (\u0423\u043a\u0440\u0430\u0438\u043d\u0430), 2021 \u0433. 23 \u0434\u0435\u043a\u0430\u0431\u0440\u044f.\u00a0 \u2013 \u0421.356-357; Daraxt bilan bog\u02bbliq e\u02bctiqodiy qarashlar hakida (o\u02bbzbek, qoraqalpoq va ingliz folklori misolida).\u00a0 \u0421.\u0420\u045e\u0437\u0438\u043c\u0431\u043e\u0435\u0432 \u0442\u0430\u0432\u0430\u043b\u043b\u0443\u0434\u0438\u043d\u0438\u043d\u0433 80 \u0439\u0438\u043b\u043b\u0438\u0433\u0438 \u043c\u0443\u043d\u043e\u0441\u0430\u0431\u0430\u0442\u0438 \u0431\u0438\u043b\u0430\u043d \u045e\u0442\u049b\u0430\u0437\u0438\u043b\u0433\u0430\u043d \u00ab\u040e\u0437\u0431\u0435\u043a \u0430\u0434\u0430\u0431\u0438\u0451\u0442\u0448\u0443\u043d\u043e\u0441\u043b\u0438\u0433\u0438\u043d\u0438\u043d\u0433 \u0434\u043e\u043b\u0437\u0430\u0440\u0431 \u043c\u0443\u0430\u043c\u043c\u043e\u043b\u0430\u0440\u0438\u00bb\u00a0 \u043c\u0430\u0432\u0437\u0443\u0441\u0438\u0434\u0430 \u0420\u0435\u0441\u043f\u0443\u0431\u043b\u0438\u043a\u0430 II \u0430\u043d\u044a\u0430\u043d\u0430\u0432\u0438\u0439 \u0438\u043b\u043c\u0438\u0439-\u0430\u043c\u0430\u043b\u0438\u0439\u00a0 \u0430\u043d\u0436\u0443\u043c\u0430\u043d \u043c\u0430\u0442\u0435\u0440\u0438\u0430\u043b\u043b\u0430\u0440\u0438. \u2013 \u00a0\u0423\u0440\u0433\u0430\u043d\u0447, 2022. 14 \u043c\u0430\u0440\u0442. \u2013\u0411. 167-171; \u00a0What tree is \u00abBayterek\u00bb in world folklore? \/\/ Icarhse International conference on Advance research in Humanities, Sciences and Education Hosted from London, The UK May 10th 2022. Vol. 1 No. 1 (2022). Published April 11. 2022; \u0411\u0430\u0439\u0442\u0435\u0440\u0435\u043a\u0442\u0438\u04a3 \u043c\u0438\u0444\u043e\u043b\u043e\u0433\u0438\u044f\u043b\u044b\u049b \u0442\u0430\u043b\u049b\u044b\u043d\u044b \u04b3\u0430\u049b\u043a\u044b\u043d\u0434\u0430.\u00a0 \u00abGloballashuv davrida tilshunoslik va dabiyotshunoslik taraqqiyoti hamda ta\u2019lim texnologiyalari\u00bb mavzusidagi Respublika ilmiy-amaliy konferensiya. \u2013 \u00a0\u041d\u0443\u043a\u0443\u0441, 2022. \u2013 \u0411.176-182; \u0424\u0438\u0442\u043e\u043c\u043e\u0440\u0444\u0438\u043a \u043c\u043e\u0442\u0438\u0432\u043b\u0435\u0440\u0434\u0438\u04a3 \u0435\u0440\u0442\u0435\u043a \u043a\u04e9\u0440\u043a\u0435\u043c \u0441\u0442\u0440\u0443\u043a\u0442\u0443\u0440\u0430\u0441\u044b\u043d\u0434\u0430 \u0442\u0443\u0442\u049b\u0430\u043d \u043e\u0440\u043d\u044b (\u04e8\u0437\u0431\u0435\u043a, \u049b\u0430\u0440\u0430\u049b\u0430\u043b\u043f\u0430\u049b \u04b3\u04d9\u043c \u0438\u043d\u0433\u043b\u0438\u0437 \u0444\u043e\u043b\u044c\u043a\u043b\u043e\u0440\u044b \u043c\u0430\u0442\u0435\u0440\u0438\u0430\u043b\u043b\u0430\u0440\u044b \u0442\u0438\u0439\u043a\u0430\u0440\u044b\u043d\u0434\u0430). \u00ab\u0424\u0438\u043b\u043e\u043b\u043e\u0433\u0438\u044f\u0434\u0430\u0493\u044b \u0444\u0443\u043d\u0434\u0430\u043c\u0435\u043d\u0442\u0430\u043b\u044c \u0437\u0435\u0440\u0442\u0442\u0435\u0443\u043b\u0435\u0440 \u0436\u04d9\u043d\u0435 \u043e\u049b\u044b\u0442\u0443\u0434\u044b\u04a3 \u0438\u043d\u043d\u043e\u0432\u0430\u0446\u0438\u044f\u043b\u044b\u049b \u043c\u0443\u043c\u043a\u0456\u043d\u0434\u0456\u043a\u0442\u0435\u0440\u0456\u00bb \u0430\u0442\u0442\u044b \u0445\u0430\u043b\u044b\u049b\u0430\u0440\u0430\u043b\u044b\u049b \u0493\u044b\u043b\u044b\u043c\u0438-\u04d9\u0434\u0456\u0441\u0442\u0435\u043c\u0435\u043b\u0456\u043a \u043e\u043d\u043b\u0430\u0439\u043d \u0436\u04d9\u043d\u0435 \u043e\u0444\u043b\u0430\u0439\u043d \u043a\u043e\u043d\u0444\u0435\u0440\u0435\u043d\u0446\u0438\u044f \u041c\u0430\u0442\u0435\u0440\u0438\u0430\u043b\u0434\u0430\u0440\u044b. \u2013 \u00a0\u041d\u0443\u043a\u0443\u0441, 2022. 17-\u043c\u0430\u0439; \u0414\u04af\u043d\u044c\u044f \u0444\u043e\u043b\u044c\u043a\u043b\u043e\u0440\u0442\u0430\u043d\u044b\u045e\u0434\u0430 \u0434\u0430\u0440\u0430\u049b (\u0442\u0435\u0440\u0435\u043a) \u04b3\u04d9\u043c \u043e\u043d\u044b\u04a3 \u043f\u043e\u044d\u0442\u0438\u043a \u043c\u0438\u0444\u043e\u043b\u043e\u0433\u0435\u043c\u0430 \u045e\u0430\u0437\u044b\u0439\u043f\u0430\u0441\u044b\u043d \u0430\u0442\u049b\u0430\u0440\u044b\u045e\u044b \u04b3\u0430\u049b\u049b\u044b\u043d\u0434\u0430\u0493\u044b \u0430\u0439\u044b\u0440\u044b\u043c \u0438\u0437\u0435\u0440\u0442\u043b\u0435\u045e\u043b\u0435\u0440\u0433\u0435 \u043d\u04d9\u0437\u0435\u0440. \u00ab\u04b2\u04d9\u0437\u0438\u0440\u0433\u0438 \u049b\u0430\u0440\u0430\u049b\u0430\u043b\u043f\u0430\u049b \u0444\u0438\u043b\u043e\u043b\u043e\u0433\u0438\u044f\u0441\u044b\u043d\u044b\u04ca \u04d9\u04b3\u043c\u0438\u0439\u0435\u0442\u043b\u0438 \u043c\u04d9\u0441\u0435\u043b\u0435\u043b\u0435\u0440\u0438\u00bb\u00a0 \u0430\u0442\u0430\u043c\u0430\u0441\u044b\u043d\u0434\u0430\u0493\u044b (\u043f\u0440\u043e\u0444\u0435\u0441\u0441\u043e\u0440 \u049a.\u041e\u0440\u0430\u0437\u044b\u043c\u0431\u0435\u0442\u043e\u0432\u0442\u044b\u04ca 60 \u0436\u044b\u043b\u043b\u044b\u049b \u044e\u0431\u0438\u043b\u0435\u0439\u0438\u043d\u0435 \u0431\u0430\u0493\u044b\u0448\u043b\u0430\u043d\u0433\u0430\u043d) \u0425\u0430\u043b\u044b\u049b\u0430\u0440\u0430\u043b\u044b\u049b \u0438\u043b\u0438\u043c\u0438\u0439-\u0442\u0435\u043e\u0440\u0438\u044f\u043b\u044b\u049b \u043a\u043e\u043d\u0439\u0435\u0440\u0435\u043d\u0446\u0438\u044f \u0442\u043e\u043f\u043b\u0430\u043c\u044b. \u2013 \u00a0\u041d\u04e9\u043a\u0438\u0441, 2022. 14-\u043c\u0430\u0439.\u00a0 \u2013 \u0411.209; \u049a\u0430\u0440\u0430\u049b\u0430\u043b\u043f\u0430\u049b, \u04e9\u0437\u0431\u0435\u043a \u04b3\u04d9\u043c \u0438\u043d\u0433\u043b\u0438\u0441 \u0445\u0430\u043b\u044b\u049b \u049b\u043e\u0441\u044b\u049b \u04b3\u04d9\u043c \u043d\u0430\u049b\u044b\u043b \u043c\u0430\u049b\u0430\u043b\u043b\u0430\u0440\u044b\u043d\u0434\u0430 \u0444\u0438\u0442\u043e\u043c\u043e\u0440\u0444\u043b\u044b\u049b \u043e\u0431\u0440\u0430\u0437 \u04b3\u04d9\u043c \u043a\u04e9\u0440\u043a\u0435\u043c \u0440\u04d9\u043c\u0437\u0438\u0439 \u0441\u0438\u043c\u0432\u043e\u043b\u043b\u0430\u0440 \u0441\u0435\u043c\u0430\u043d\u0442\u0438\u043a\u0430\u0441\u044b \u00abTil bilimi h\u00e1m shet tillerdi oq\u0131t\u0131wd\u0131\u0144 \u00e1himiyetli m\u00e1seleleri: jetiskenlikler h\u00e1m innovaciyalar\u00bb atamas\u0131nda\u01f5\u0131 Xalqaral\u0131q ilimiy-\u00e1meliy konfrenciya materiallar\u0131. Maqalalar toplam\u0131. \u2013 N\u00f3kis: \u00abGolden Print Nukus\u00bb \u00a0JSHJ baspasi, 2024. \u00a0.\u00a0 \u2013 \u0411.418;\u00a0 The Importance of Innovative Technologies and Methods in Teaching a Foreign Language Organizing Committee of the IV International Scientific and Technical Conference \u00abActual Issues of Power Supply Systems\u00bb \u00a0Tashkent, Uzbekistan May 28, 2025; \u00a0The Importance of Fiction in the Formation of Environmental Education Organizing Committee of the IV International Scientific and Technical Conference \u00abActual Issues of Power Supply Systems\u00bb \u00a0Tashkent, Uzbekistan May 28. 2025.<\/p>\n<p>&nbsp;<\/p>\n<p>&nbsp;<\/p>\n<p>&nbsp;<\/p>\n<p>&nbsp;<\/p>\n","protected":false},"excerpt":{"rendered":"<p>Rustem SAPARNIYAZOV (1984-j\u0131lda tuw\u0131l\u01f5an) \u00a0\u00a0\u00a0\u00a0\u00a0 Rustem Saparniyazov 1984-j\u0131l 9-oktyabrda N\u00f3kis qalas\u0131nda\u00a0 tuw\u0131l\u01f5an. \u00a02011-j\u0131l\u0131 \u00c1jiniyaz at\u0131nda\u01f5\u0131 Nokis m\u00e1mleketlik pedagogikaliq institut\u0131n\u0131\u0144 inglis tili h\u00e1m \u00e1debiyat\u0131 ba\u01f5dar\u0131na oq\u0131w\u01f5a kirip, 2006-j\u0131lda \u00abayr\u0131qsha\u00bb diplom menen tamamla\u01f5an. 2007-j\u0131lda Berdaq at\u0131nda\u01f5\u0131 Qaraqalpaq m\u00e1mleketlik universitetti\u0144 \u00abLingvistika: inglis tili\u00bb magistratura b\u00f3limine oq\u0131w\u01f5a kiredi h\u00e1m \u00a0on\u0131 2009-j\u0131lda tamamla\u01f5an. 2009-2014-j\u0131llarda \u00c1jiniyaz at\u0131nda\u01f5\u0131 Nokis m\u00e1mleketlik pedagogikaliq instituti [&hellip;]<\/p>\n","protected":false},"author":1,"featured_media":0,"parent":0,"menu_order":0,"comment_status":"closed","ping_status":"closed","template":"","meta":{"footnotes":""},"class_list":["post-467","page","type-page","status-publish","hentry"],"_links":{"self":[{"href":"https:\/\/janubiyorol.uz\/uz\/wp-json\/wp\/v2\/pages\/467","targetHints":{"allow":["GET"]}}],"collection":[{"href":"https:\/\/janubiyorol.uz\/uz\/wp-json\/wp\/v2\/pages"}],"about":[{"href":"https:\/\/janubiyorol.uz\/uz\/wp-json\/wp\/v2\/types\/page"}],"author":[{"embeddable":true,"href":"https:\/\/janubiyorol.uz\/uz\/wp-json\/wp\/v2\/users\/1"}],"replies":[{"embeddable":true,"href":"https:\/\/janubiyorol.uz\/uz\/wp-json\/wp\/v2\/comments?post=467"}],"version-history":[{"count":1,"href":"https:\/\/janubiyorol.uz\/uz\/wp-json\/wp\/v2\/pages\/467\/revisions"}],"predecessor-version":[{"id":469,"href":"https:\/\/janubiyorol.uz\/uz\/wp-json\/wp\/v2\/pages\/467\/revisions\/469"}],"wp:attachment":[{"href":"https:\/\/janubiyorol.uz\/uz\/wp-json\/wp\/v2\/media?parent=467"}],"curies":[{"name":"wp","href":"https:\/\/api.w.org\/{rel}","templated":true}]}}