{"id":479,"date":"2025-12-11T09:19:27","date_gmt":"2025-12-11T04:19:27","guid":{"rendered":"https:\/\/janubiyorol.uz\/?page_id=479"},"modified":"2025-12-11T09:19:27","modified_gmt":"2025-12-11T04:19:27","slug":"tursinay-tortkulbaeva","status":"publish","type":"page","link":"https:\/\/janubiyorol.uz\/uz\/tursinay-tortkulbaeva","title":{"rendered":"Turs\u0131nay\u00a0 TORTKULBAEVA"},"content":{"rendered":"<p style=\"text-align: center;\"><a href=\"http:\/\/janubiyorol.uz\/wp-content\/uploads\/2025\/12\/Tursinay-TORTKULBAEVA.jpg\"><img loading=\"lazy\" decoding=\"async\" class=\"aligncenter size-medium wp-image-480\" src=\"http:\/\/janubiyorol.uz\/wp-content\/uploads\/2025\/12\/Tursinay-TORTKULBAEVA-225x300.jpg\" alt=\"\" width=\"225\" height=\"300\" srcset=\"https:\/\/janubiyorol.uz\/wp-content\/uploads\/2025\/12\/Tursinay-TORTKULBAEVA-225x300.jpg 225w, https:\/\/janubiyorol.uz\/wp-content\/uploads\/2025\/12\/Tursinay-TORTKULBAEVA.jpg 272w\" sizes=\"auto, (max-width: 225px) 100vw, 225px\" \/><\/a><\/p>\n<p style=\"text-align: center;\"><strong>Turs\u0131nay\u00a0 TORTKULBAEVA<\/strong><\/p>\n<p style=\"text-align: center;\"><em>(1974-j\u0131lda tuw\u0131l\u01f5an)<\/em><\/p>\n<p>\u00a0 \u00a0\u00a0\u00a0\u00a0\u00a0\u00a0\u00a0\u00a0\u00a0Turs\u0131nay Tortkulbaeva 1974-j\u0131l\u0131 Qaraqalpaqstan Respublikas\u0131 Qo\u0144\u0131rat rayon\u0131nda tuw\u0131l\u01f5an. 1997-j\u0131lda \u00c1jiniyaz at\u0131nda\u01f5\u0131 N\u00f3kis m\u00e1mleketlik pedagogikal\u0131q institut\u0131 qazaq tili h\u00e1m \u00e1debiyat\u0131 ba\u01f5dar\u0131n tamamla\u01f5an. 1997-2006-j\u0131llarda N\u00f3kis qalas\u0131 3-sanl\u0131 mektepti\u0144\u00a0 qazaq tili h\u00e1m \u00e1debiyat\u0131 p\u00e1ni oq\u0131t\u0131wsh\u0131s\u0131 lawaz\u0131m\u0131nda jum\u0131s islegen. 2006- 2007-oq\u0131w j\u0131l\u0131nan baslap \u00c1jiniyaz at\u0131nda\u01f5\u0131 N\u00f3kis m\u00e1mleketlik pedagogikal\u0131q institut\u0131 \u00abQazaq tili h\u00e1m \u00e1debiyat\u0131\u00bb kafedras\u0131 assistenti, 2014-2018-j\u0131llarda \u00falken oq\u0131t\u0131wsh\u0131, 2019-j\u0131ldan kafedra docenti lawaz\u0131mlar\u0131nda jum\u0131s islep kelmekte.<\/p>\n<p>2019-j\u0131l\u0131 \u00abQaraqalpaqstan ayma\u01f5\u0131nda\u01f5\u0131 qazaq aq\u0131n-j\u0131rawlar miyras\u0131 (Qazaq-qaraqalpaq \u00e1debiy baylan\u0131slar\u0131 m\u0131sal\u0131nda)\u00bb degen temada dissertaciya filologiya ilimleri boy\u0131nsha filosofiya doktor\u0131 (PhD) dissertaciya jum\u0131s\u0131n tab\u0131sl\u0131 qor\u01f5ad\u0131.<\/p>\n<p>Turs\u0131nay Tortkulbaevan\u0131\u0144 ilimiy jum\u0131s\u0131nda Qaraqalpaqstan ayma\u01f5\u0131nda jasap, d\u00f3retiwshilik penen shu\u01f5\u0131llan\u01f5an qazaq shay\u0131r-j\u0131rawlar miyras\u0131, olard\u0131\u0144 \u00f3zine t\u00e1n shay\u0131r-j\u0131rawsh\u0131l\u0131q stili, qazaq shay\u0131r-j\u0131rawlar miyras\u0131n\u0131\u0144 Qaraqalpaqstan ayma\u01f5\u0131nda payda bol\u0131w\u0131, rawajlan\u0131w\u0131, qazaq d\u00e1stanlar\u0131n\u0131\u0144 qaraqalpaq versiyalar\u0131 menen sal\u0131st\u0131r\u0131l\u0131w\u0131, olard\u0131\u0144 tiykar\u01f5\u0131 \u00f3zinshelikleri, qaraqalpaq shay\u0131rlar\u0131n\u0131\u0144 d\u00e1stansh\u0131l\u0131q, q\u0131ssaxanl\u0131q, j\u0131rsh\u0131l\u0131q, j\u0131rawl\u0131q d\u00e1st\u00farleri menen qazaq shay\u0131r-j\u0131rawlar\u0131n\u0131\u0144 d\u00f3retiwshilik baylan\u0131slar\u0131 m\u00e1seleleri izertlenedi.<\/p>\n<p>&nbsp;<\/p>\n<p><strong>Ilimiy miynetleri:<\/strong> <a href=\"https:\/\/hemis.ndpi.uz\/science\/publication-scientifical-edit?id=93\">\u049a\u0430\u0440\u0430\u049b\u0430\u043b\u043f\u0430\u049b \u0430\u0439\u043c\u0430\u0493\u044b\u043d\u0434\u0430\u0493\u044b \u049b\u0430\u0440\u0430\u049b\u0430\u043b\u043f\u0430\u049b \u2013 \u049b\u0430\u0437\u0430\u049b \u0444\u043e\u043b\u044c\u043a\u043b\u043e\u0440\u044b \u043c\u0435\u043d\u0435\u043d \u04d9\u0434\u0435\u0431\u0438\u044f\u0442\u044b \u0431\u0430\u0439\u043b\u0430\u043d\u044b\u0441\u043b\u0430\u0440\u044b \u0438\u0437\u0435\u0440\u043b\u0435\u043d\u0438\u045e\u0438\u043d\u0438\u04a3 \u0433\u0435\u0439\u043f\u0430\u0440\u0430 \u043c\u04d9\u0441\u0435\u043b\u0435\u043b\u0435\u0440\u0438<\/a>.\u00a0\u00a0\u00a0\u00a0 \u00ab\u04d8\u043c\u0438\u045e\u0434\u04d9\u0440\u044c\u044f\u00bb \u0436\u0443\u0440\u043d\u0430\u043b\u044b. \u00a02011;\u00a0 <a href=\"https:\/\/hemis.ndpi.uz\/science\/publication-scientifical-edit?id=94\">\u0418\u0437 \u0438\u0441\u0442\u043e\u0440\u0438\u0438 \u0438\u0437\u0443\u0447\u0435\u043d\u0438\u044f \u043a\u0430\u0437\u0430\u0445\u0441\u043a\u043e\u0433\u043e \u0444\u043e\u043b\u044c\u043a\u043b\u043e\u0440\u0430 \u0438 \u043b\u0435\u0442\u0435\u0440\u0430\u0442\u0443\u0440\u044b \u043d\u0430 \u0442\u0435\u0440\u0440\u0438\u0442\u043e\u0440\u0438\u0438 \u041a\u0430\u0440\u0430\u043a\u0430\u043b\u043f\u0430\u043a\u0441\u0442\u0430\u043d\u0430<\/a>. \u00a02011. <a href=\"http:\/\/hemis.ndpi.uz\/static\/uploads\/2\/Kba8yzecQM8S6eCUfgp9Fyyb9t2JxXaM.pdf\">\u0427\u0435\u043b\u0413\u0423, 2011<\/a>; <a href=\"https:\/\/hemis.ndpi.uz\/science\/publication-scientifical-edit?id=95\">\u049a\u0430\u0437\u0430\u049b-\u049b\u0430\u0440\u0430\u049b\u0430\u043b\u043f\u0430\u049b \u0444\u043e\u043b\u044c\u043a\u043b\u043e\u0440\u044b \u043c\u0435\u043d\u0435\u043d \u04d9\u0434\u0435\u0431\u0438\u044f\u0442\u044b \u0431\u0430\u0439\u043b\u0430\u043d\u044b\u0441\u043b\u0430\u0440\u044b\u043d\u044b\u04a3 \u0430\u0439\u044b\u0440\u044b\u043c \u04e9\u0437\u0433\u0435\u0448\u0435\u043b\u0438\u043a\u043b\u0435\u0440\u0438. (\u049a\u0430\u0440\u0430\u049b\u0430\u043b\u043f\u0430\u049b \u0430\u0439\u043c\u0430\u0493\u044b\u043d\u0434\u0430\u0493\u044b \u049b\u0430\u0437\u0430\u049b \u0444\u043e\u043b\u044c\u043a\u043b\u043e\u0440\u044b \u043c\u0435\u043d\u0435\u043d \u04d9\u0434\u0435\u0431\u0438\u044f\u0442\u044b \u043c\u044b\u0441\u0430\u043b\u044b\u043d\u0434\u0430)<\/a>. \u00ab\u04d8\u043c\u0438\u045e\u0434\u04d9\u0440\u044c\u044f\u00bb \u0436\u0443\u0440\u043d\u0430\u043b\u044b. \u00a02011; <a href=\"https:\/\/hemis.ndpi.uz\/science\/publication-scientifical-edit?id=96\">\u049a\u0430\u0437\u0430\u049b-\u049b\u0430\u0440\u0430\u049b\u0430\u043b\u043f\u0430\u049b \u0445\u0430\u043b\u044b\u049b\u043b\u0430\u0440\u044b\u043d\u044b\u04a3 \u0434\u043e\u0441\u043b\u044b\u049b, \u0442\u0443\u045e\u044b\u0441\u049b\u0430\u043d\u043b\u044b\u049b \u0431\u0430\u0439\u043b\u0430\u043d\u044b\u0441\u043b\u0430\u0440\u044b-\u049b\u0430\u0440\u0430\u049b\u0430\u043b\u043f\u0430\u049b \u0430\u0439\u043c\u0430\u0493\u044b \u049b\u0430\u0437\u0430\u049b \u0444\u043e\u043b\u044c\u043a\u043b\u043e\u0440\u044b \u043c\u0435\u043d\u0435\u043d \u04d9\u0434\u0435\u0431\u0438\u044f\u0442\u044b\u043d\u044b\u04a3 \u043f\u0430\u0439\u0434\u0430 \u0431\u043e\u043b\u044b\u045e\u044b\u043d\u044b\u04a3 \u0431\u0438\u0440 \u0434\u04d9\u0440\u0435\u0433\u0438 \u0441\u044b\u043f\u0430\u0442\u044b\u043d\u0434\u0430<\/a>. 2012. \u00a0\u00d3zRIAQQB \u00abXabarsh\u0131s\u0131\u00bb jurnal\u0131.\u00a0 \u00a0\u00a0\u00a0<a href=\"http:\/\/hemis.ndpi.uz\/static\/uploads\/2\/9fNdtu29qoM-rfbl5ufdP1ll4ftUe51k.pdf\">2012;<\/a> <a href=\"https:\/\/hemis.ndpi.uz\/science\/publication-scientifical-edit?id=97\">\u049a\u0430\u0440\u0430\u049b\u0430\u043b\u043f\u0430\u049b\u0441\u0442\u0430\u043d \u0420\u0435\u0441\u043f\u0443\u0431\u043b\u0438\u043a\u0430\u0441\u044b\u043d\u0434\u0430\u0493\u044b \u049b\u0430\u0437\u0430\u049b \u0436\u044b\u0440\u0430\u045e-\u0448\u0430\u0439\u044b\u0440\u043b\u0430\u0440 \u043c\u0438\u0439\u0440\u0430\u0441\u044b\u043d\u044b\u04a3 \u043c\u0438\u043b\u043b\u0438\u0439 \u04e9\u0437\u0433\u0435\u0448\u0435\u043b\u0438\u043a\u043b\u0435\u0440\u0438<\/a>. \u00ab\u04d8\u043c\u0438\u045e\u0434\u04d9\u0440\u044c\u044f\u00bb \u0436\u0443\u0440\u043d\u0430\u043b\u044b. \u00a0<a href=\"https:\/\/hemis.ndpi.uz\/science\/publication-scientifical-edit?id=98\">\u049a\u0430\u0440\u0430\u049b\u0430\u043b\u043f\u0430\u049b \u0430\u0439\u043c\u0430\u0493\u044b: \u049b\u0430\u0437\u0430\u049b \u0430\u049b\u044b\u043d-\u0436\u044b\u0440\u0430\u0443\u043b\u0430\u0440 \u043f\u043e\u044d\u0437\u0438\u044f\u0441\u044b\u043d\u0434\u0430\u0493\u044b \u04b1\u043b\u0442\u0442\u044b\u049b \u0436\u04d9\u043d\u0435 \u0442\u0430\u0440\u0438\u0445\u0438-\u0433\u0435\u043d\u0435\u0442\u0438\u043a\u0430\u043b\u044b\u049b \u043d\u0435\u0433\u0456\u0437\u0434\u0435\u0440.<\/a> 2015; <a href=\"https:\/\/hemis.ndpi.uz\/science\/publication-scientifical-edit?id=99\">\u049a\u0430\u0440\u0430\u049b\u0430\u043b\u043f\u0430\u049b \u0430\u0439\u043c\u0430\u0493\u044b \u049b\u0430\u0437\u0430\u049b \u0430\u049b\u044b\u043d-\u0436\u044b\u0440\u0430\u045e\u043b\u0430\u0440 \u043c\u0438\u0439\u0440\u0430\u0441\u044b\u043d\u044b\u04a3 \u043f\u0430\u0439\u0434\u0430 \u0431\u043e\u043b\u044b\u045e \u0445\u04d9\u043c \u049b\u04d9\u043b\u0438\u043f\u043b\u0435\u0441\u0438\u045e\u0438\u043d\u0434\u0435 \u049b\u0430\u0440\u0430\u049b\u0430\u043b\u043f\u0430\u049b \u044d\u0442\u043d\u043e-\u0444\u043e\u043b\u044c\u043a\u043b\u043e\u0440\u043b\u044b\u049b \u0430\u0440\u0435\u0430\u043b\u044b \u0445\u04d9\u043c \u04d9\u0434\u0435\u0431\u0438\u0439 \u043e\u0440\u0442\u0430\u043b\u044b\u0493\u044b\u043d\u044b\u04a3 \u0442\u0443\u0442\u049b\u0430\u043d \u043e\u0440\u043d\u044b<\/a>.\u00a0\u00a0 \u00ab<a href=\"http:\/\/hemis.ndpi.uz\/static\/uploads\/2\/_HrstmEp_elrAhIC5ayL3Nk5mKhuvZSM.pdf\">\u0418\u043b\u0438\u043c \u04b3\u04d9\u043c \u0436\u04d9\u043c\u0438\u0439\u0435\u0442\u00bb \u0436\u0443\u0440\u043d\u0430\u043b\u044b. 2016. \u21162;<\/a> <a href=\"https:\/\/hemis.ndpi.uz\/science\/publication-scientifical-edit?id=100\">The poems and blank verses by Kairolla Imangaliev<\/a>. 2016; \u00a0\u00a0\u00a0\u00a0\u00a0\u00a0\u00a0\u00a0 <a href=\"https:\/\/hemis.ndpi.uz\/science\/publication-scientifical-edit?id=101\">\u049a\u0430\u0437\u0430\u049b-\u049b\u0430\u0440\u0430\u049b\u0430\u043b\u043f\u0430\u049b \u0444\u043e\u043b\u044c\u043a\u043b\u043e\u0440\u044b \u043c\u0435\u043d\u0435\u043d \u04d9\u0434\u0435\u0431\u0438\u044f\u0442\u044b \u0431\u0430\u0439\u043b\u0430\u043d\u044b\u0441\u043b\u0430\u0440\u044b\u043d\u044b\u04a3 \u0430\u0439\u044b\u0440\u044b\u043c \u04e9\u0437\u0433\u0435\u0448\u0435\u043b\u0438\u043a\u043b\u0435\u0440\u0438<\/a>. \u00a02017; \u00a0\u00ab<a href=\"http:\/\/hemis.ndpi.uz\/static\/uploads\/2\/_HrstmEp_elrAhIC5ayL3Nk5mKhuvZSM.pdf\">\u0418\u043b\u0438\u043c \u04b3\u04d9\u043c \u0436\u04d9\u043c\u0438\u0439\u0435\u0442\u00bb \u0436\u0443\u0440\u043d\u0430\u043b\u044b. 2017. \u21162;<\/a>\u00a0 <a href=\"https:\/\/hemis.ndpi.uz\/science\/publication-scientifical-edit?id=102\">\u049a\u0430\u0440\u0430\u049b\u0430\u043b\u043f\u0430\u049b \u0430\u0439\u043c\u0430\u0493\u044b\u043d\u0434\u0430\u0493\u044b \u049b\u0430\u0437\u0430\u049b \u0430\u049b\u044b\u043d\u0434\u0430\u0440\u044b \u043f\u043e\u044d\u0437\u0438\u044f\u0441\u044b\u043d\u044b\u04a3 \u043a\u04e9\u0440\u043a\u0435\u043c\u0434\u0456\u0433\u0456<\/a>. \u00a0\u00ab<a href=\"http:\/\/hemis.ndpi.uz\/static\/uploads\/2\/Z5RUmOIdgFiuYexw7B15ARSbzsK_cd4H.pdf\">\u0411\u0438\u043b\u0438\u043c\u00bb \u0436\u0443\u0440\u043d\u0430\u043b\u044b. 2018;<\/a> <a href=\"https:\/\/hemis.ndpi.uz\/science\/publication-scientifical-edit?id=7275\">\u049a\u0430\u0440\u0430\u049b\u0430\u043b\u043f\u0430\u049b\u0441\u0442\u0430\u043d\u0434\u0430\u0493\u044b \u049b\u0430\u0437\u0430\u049b \u0444\u0438\u043b\u043e\u043b\u043e\u0433\u0438\u044f\u0441\u044b\u043d\u044b\u04a3 \u0437\u0435\u0440\u0442\u0442\u0435\u043b\u0443 \u043c\u0259\u0441\u0435\u043b\u0435\u0440\u0456 \u0436\u0430\u0439\u043b\u044b \u0431\u0456\u0440\u0435\u0440 \u0441\u04e9\u0437<\/a>. 2021; \u00a0<a href=\"https:\/\/hemis.ndpi.uz\/science\/publication-scientifical-edit?id=7277\">The heritage of kazakh poets and zhyraus (bards) in the territory of Karakalpakstan<\/a>.\u00a0\u00a0\u00a0 2021; <a href=\"https:\/\/hemis.ndpi.uz\/science\/publication-scientifical-edit?id=7287\">\u049a\u0430\u0440\u0430\u049b\u0430\u043b\u043f\u0430\u049b \u0430\u0439\u043c\u0430\u0493\u044b\u043d\u0434\u0430\u0493\u044b \u049b\u0430\u0437\u0430\u049b \u0430\u049b\u044b\u043d\u0434\u0430\u0440 \u043f\u043e\u044d\u0437\u0438\u044f\u0441\u044b\u043d\u044b\u04a3 \u043a\u04e9\u0440\u043a\u0435\u043c\u0434\u0456\u0433\u0456<\/a>. 2022; <a href=\"https:\/\/hemis.ndpi.uz\/science\/publication-scientifical-edit?id=7289\">\u049a\u0430\u0440\u0430\u049b\u0430\u043b\u043f\u0430\u049b\u0441\u0442\u0430\u043d\u0434\u044b\u049b \u049b\u0430\u0437\u0430\u049b \u0430\u049b\u044b\u043d-\u0436\u044b\u0440\u0430\u0443\u043b\u0430\u0440 \u0448\u044b\u0493\u0430\u0440\u043c\u0430\u0448\u044b\u043b\u044b\u0493\u044b\u043d\u044b\u04a3 \u0436\u0430\u043d\u0440\u043b\u044b\u049b \u0435\u0440\u0435\u043a\u0448\u0435\u043b\u0456\u0433\u0456<\/a>. 2022; <a href=\"https:\/\/hemis.ndpi.uz\/science\/publication-scientifical-edit?id=7375\">\u049a\u0430\u0440\u0430\u049b\u0430\u043b\u043f\u0430\u049b \u044d\u0442\u043d\u043e\u0444\u043e\u043b\u044c\u043a\u043b\u043e\u0440\u043b\u044b\u049b -\u04d9\u0434\u0435\u0431\u0438\u0439 \u043e\u0440\u0442\u0430\u043b\u044b\u0493\u044b \u04b3\u04d9\u043c \u049b\u0430\u0437\u0430\u049b \u04d9\u0434\u0435\u0431\u0438\u044f\u0442\u044b<\/a>.\u00a0\u00a0 2014; <a href=\"https:\/\/hemis.ndpi.uz\/science\/publication-scientifical-edit?id=7377\">\u00ab\u0415\u04341\u0433\u0435\u00bb \u0434\u0430\u0441\u0442\u0430\u043d\u044b \u0436\u04d9\u043d\u0435 \u049b\u0430\u0440\u0430\u049b\u0430\u043b\u043f\u0430\u049b \u0430\u0439\u043c\u0430\u0493\u044b \u049b\u0430\u0437\u0430\u049b \u0430\u049b\u044b\u043d\u0436\u044b\u0440\u0430\u0443\u043b\u0430\u0440\u044b\u043d\u044b\u0446 \u0442\u0430\u0440\u0438\u0445\u0438 \u044d\u043f\u0438\u043a\u0430\u043b\u044b\u049b \u043c\u04af\u0440\u0430\u043b\u0430\u0440\u044b (\u0422\u0448\u0435\u0443\u043c\u0430\u0493\u0430\u043c\u0431\u0435\u0442 \u0410\u049b\u044b\u043d \u0436\u044b\u0440\u043b\u0430\u0440\u044b \u043c\u044b\u0441\u0430\u043b\u044b\u043d\u0434\u0430)<\/a>. \u00a0\u00a0\u00a0\u00a0 2018; <a href=\"https:\/\/hemis.ndpi.uz\/science\/publication-scientifical-edit?id=7379\">\u049a\u0430\u0440\u0430\u049b\u0430\u043b\u043f\u0430\u049b \u0430\u0439\u043c\u0430\u0493\u044b \u049b\u0430\u0437\u0430\u049b \u0430\u049b\u044b\u043d-\u0436\u044b\u0440\u0430\u0443\u043b\u044b\u0440 \u0448\u044b\u0493\u0430\u0440\u043c\u0430\u0448\u044b\u043b\u044b\u0493\u044b\u043d\u0434\u0430 \u0421\u04af\u043b\u0435\u0439\u043c\u0435\u043d \u0411\u0430\u049b\u044b\u0440\u0493\u0430\u043d\u0438 \u0434\u04d9\u0441\u0442\u04af\u0440\u0456 (\u0441\u0435\u0439\u0434\u04d9\u043b\u0456 \u0436\u04b1\u043c\u0430\u0431\u0435\u043a\u04b1\u043b\u044b \u0448\u044b\u0493\u0430\u0440\u043c\u0430\u0448\u044b\u043b\u044b\u0493\u044b \u043c\u044b\u0441\u0430\u043b\u044b\u043d\u0434\u0430)<\/a>.\u00a0\u00a0\u00a0\u00a0\u00a0 \u00a0\u00a0\u00a0\u00a0\u00a0\u00a0\u00a0\u00a0 2018; <a href=\"https:\/\/hemis.ndpi.uz\/science\/publication-scientifical-edit?id=8861\">\u049a\u0430\u0440\u0430\u049b\u0430\u043b\u043f\u0430\u049b \u0430\u0439\u043c\u0430\u0493\u044b \u049b\u0430\u0437\u0430\u049b \u0430\u049b\u044b\u043d-\u0436\u044b\u0440\u0430\u0443\u043b\u0430\u0440 \u0448\u044b\u0493\u0430\u0440\u043c\u0430\u043b\u0430\u0440\u044b\u043d\u0434\u0430\u0493\u044b \u04b1\u043b\u0442\u0442\u044b\u049b \u0436\u04d9\u043d\u0435 \u0442\u0430\u0440\u0438\u0445\u0438 \u043d\u0435\u0433\u0456\u0437\u0434\u0435\u0440<\/a>. 2024; <a href=\"https:\/\/hemis.ndpi.uz\/science\/publication-scientifical-edit?id=9619\">\u049a\u0430\u0440\u0436\u0430\u0443\u0431\u0430\u0439 \u0416\u04b1\u043c\u0430\u0436\u0430\u043d\u043e\u0432 \u2013 \u04e8\u0437\u0431\u0435\u043a\u0441\u0442\u0430\u043d\u0434\u0430\u0493\u044b \u0442\u0430\u043d\u044b\u043c\u0430\u043b \u0444\u043e\u043b\u044c\u043a\u043b\u043e\u0440\u0448\u044b \u0493\u0430\u043b\u044b\u043c<\/a>.\u00a0\u00a0\u00a0\u00a0\u00a0\u00a0\u00a0\u00a0 2024; \u00a0<a href=\"https:\/\/hemis.ndpi.uz\/science\/publication-scientifical-edit?id=9620\">\u0415\u0434\u0456\u0433\u0435\u0442\u0430\u043d\u0443\u0434\u0430 \u0442\u0430\u043d\u044b\u043b\u0493\u0430\u043d \u0493\u0430\u043b\u044b<\/a>\u043c. \u00a02024; <a href=\"https:\/\/hemis.ndpi.uz\/science\/publication-scientifical-edit?id=9856\">\u049a\u0430\u0437\u0430\u049b \u0444\u043e\u043b\u044c\u043a\u043b\u043e\u0440\u044b\u043d\u0434\u0430\u0493\u044b \u04d9\u0439\u0439\u0435\u043c\u0433\u0438 \u043c\u043e\u0442\u0438\u0432\u043b\u0435\u0440<\/a>.\u00a0\u00a0\u00a0\u00a0 2025. \u00ab\u0418\u043b\u0438\u043c \u04b3\u04d9\u043c \u0436\u04d9\u043c\u0438\u0439\u0435\u0442\u00bb \u0436\u0443\u0440\u043d\u0430\u043b\u044b. <a href=\"https:\/\/hemis.ndpi.uz\/static\/uploads\/86\/yX6I5dyLKmY-wK8Hs79Mg2vATr66NN8N.pdf\">2025. \u21163-1;<\/a> \u049a\u0430\u0440\u0430\u049b\u0430\u043b\u043f\u0430\u049b\u0441\u0442\u0430\u043d\u0434\u0430\u0493\u044b \u049b\u0430\u0437\u0430\u049b \u0430\u049b\u044b\u043d\u0434\u0430\u0440-\u0436\u044b\u0440\u0430\u0443\u043b\u0430\u0440\u044b\u043d\u044b\u04a3 \u043c\u04b1\u0440\u0430\u0441\u044b. \u041e\u049b\u0443\u043b\u044b\u049b \u0445\u0440\u0435\u0441\u0442\u043e\u043c\u0430\u0442\u0438\u044f. \u00ab\u0414\u04d9\u0441\u0442\u04af\u0440\u00bb, 2017; <a href=\"https:\/\/hemis.ndpi.uz\/science\/publication-scientifical-edit?id=20\">\u049a\u0430\u0440\u0430\u049b\u0430\u043b\u043f\u0430\u049b\u0441\u0442\u0430\u043d \u0430\u0439\u043c\u0430\u0493\u044b\u043d\u0434\u0430\u0493\u044b \u049b\u0430\u0437\u0430\u049b \u0448\u0430\u0439\u044b\u0440-\u0436\u044b\u0440\u0430\u045e\u043b\u0430\u0440 \u043c\u0438\u0439\u0440\u0430\u0441\u044b (\u049a\u0430\u0437\u0430\u049b-\u049b\u0430\u0440\u0430\u049b\u0430\u043b\u043f\u0430\u049b \u04d9\u0434\u0435\u0431\u0438\u0439 \u0431\u0430\u0439\u043b\u0430\u043d\u044b\u0441\u043b\u0430\u0440\u044b \u043c\u044b\u0441\u0430\u043b\u044b\u043d\u0434\u0430)<\/a>. \u041c\u043e\u043d\u043e\u0433\u0440\u0430\u0444\u0438\u044f. \u00abTafakkur avlodi\u00bb, 2020.<\/p>\n<p>&nbsp;<\/p>\n","protected":false},"excerpt":{"rendered":"<p>Turs\u0131nay\u00a0 TORTKULBAEVA (1974-j\u0131lda tuw\u0131l\u01f5an) \u00a0 \u00a0\u00a0\u00a0\u00a0\u00a0\u00a0\u00a0\u00a0\u00a0Turs\u0131nay Tortkulbaeva 1974-j\u0131l\u0131 Qaraqalpaqstan Respublikas\u0131 Qo\u0144\u0131rat rayon\u0131nda tuw\u0131l\u01f5an. 1997-j\u0131lda \u00c1jiniyaz at\u0131nda\u01f5\u0131 N\u00f3kis m\u00e1mleketlik pedagogikal\u0131q institut\u0131 qazaq tili h\u00e1m \u00e1debiyat\u0131 ba\u01f5dar\u0131n tamamla\u01f5an. 1997-2006-j\u0131llarda N\u00f3kis qalas\u0131 3-sanl\u0131 mektepti\u0144\u00a0 qazaq tili h\u00e1m \u00e1debiyat\u0131 p\u00e1ni oq\u0131t\u0131wsh\u0131s\u0131 lawaz\u0131m\u0131nda jum\u0131s islegen. 2006- 2007-oq\u0131w j\u0131l\u0131nan baslap \u00c1jiniyaz at\u0131nda\u01f5\u0131 N\u00f3kis m\u00e1mleketlik pedagogikal\u0131q institut\u0131 \u00abQazaq tili h\u00e1m \u00e1debiyat\u0131\u00bb kafedras\u0131 [&hellip;]<\/p>\n","protected":false},"author":1,"featured_media":0,"parent":0,"menu_order":0,"comment_status":"closed","ping_status":"closed","template":"","meta":{"footnotes":""},"class_list":["post-479","page","type-page","status-publish","hentry"],"_links":{"self":[{"href":"https:\/\/janubiyorol.uz\/uz\/wp-json\/wp\/v2\/pages\/479","targetHints":{"allow":["GET"]}}],"collection":[{"href":"https:\/\/janubiyorol.uz\/uz\/wp-json\/wp\/v2\/pages"}],"about":[{"href":"https:\/\/janubiyorol.uz\/uz\/wp-json\/wp\/v2\/types\/page"}],"author":[{"embeddable":true,"href":"https:\/\/janubiyorol.uz\/uz\/wp-json\/wp\/v2\/users\/1"}],"replies":[{"embeddable":true,"href":"https:\/\/janubiyorol.uz\/uz\/wp-json\/wp\/v2\/comments?post=479"}],"version-history":[{"count":1,"href":"https:\/\/janubiyorol.uz\/uz\/wp-json\/wp\/v2\/pages\/479\/revisions"}],"predecessor-version":[{"id":481,"href":"https:\/\/janubiyorol.uz\/uz\/wp-json\/wp\/v2\/pages\/479\/revisions\/481"}],"wp:attachment":[{"href":"https:\/\/janubiyorol.uz\/uz\/wp-json\/wp\/v2\/media?parent=479"}],"curies":[{"name":"wp","href":"https:\/\/api.w.org\/{rel}","templated":true}]}}