{"id":495,"date":"2025-12-11T22:27:59","date_gmt":"2025-12-11T17:27:59","guid":{"rendered":"https:\/\/janubiyorol.uz\/?page_id=495"},"modified":"2025-12-11T23:06:46","modified_gmt":"2025-12-11T18:06:46","slug":"qoraqalpoq-turkman-adabiy-alokalari","status":"publish","type":"page","link":"https:\/\/janubiyorol.uz\/uz\/qoraqalpoq-turkman-adabiy-alokalari","title":{"rendered":"Qoraqalpoq Turkman adabiy alokalari"},"content":{"rendered":"<table style=\"border-collapse: collapse; width: 100%; height: 347px;\">\n<tbody>\n<tr style=\"height: 299px;\">\n<td style=\"width: 23.7437%; height: 299px;\"><a href=\"http:\/\/janubiyorol.uz\/wp-content\/uploads\/2025\/12\/Ogulbay-Gaylieva.jpg\"><img loading=\"lazy\" decoding=\"async\" class=\"aligncenter size-medium wp-image-366\" src=\"http:\/\/janubiyorol.uz\/wp-content\/uploads\/2025\/12\/Ogulbay-Gaylieva-213x300.jpg\" alt=\"\" width=\"213\" height=\"300\" srcset=\"https:\/\/janubiyorol.uz\/wp-content\/uploads\/2025\/12\/Ogulbay-Gaylieva-213x300.jpg 213w, https:\/\/janubiyorol.uz\/wp-content\/uploads\/2025\/12\/Ogulbay-Gaylieva.jpg 320w\" sizes=\"auto, (max-width: 213px) 100vw, 213px\" \/><\/a><\/td>\n<td style=\"width: 76.2563%; text-align: center; height: 299px;\">\n<h3 class=\"leading-8 font-normal\" data-pm-slice=\"1 1 []\">Qoraqalpoq Turkman adabiy alokalari<\/h3>\n<p><a href=\"https:\/\/janubiyorol.uz\/ogulbay-gaylieva\"><span style=\"font-size: 36pt;\"><strong><span style=\"font-size: 24pt;\">OGULBAY\u00a0 GAYLIEVA <\/span><\/strong><\/span><\/a><\/p>\n<h3 data-pm-slice=\"1 1 []\">\u00abQaraqalpaq tili h\u00e1m \u00e1debiyat\u0131\u00bb\u00a0 q\u00e1nigeligin<\/h3>\n<\/td>\n<\/tr>\n<\/tbody>\n<\/table>\n<hr \/>\n<table style=\"border-collapse: collapse; width: 100%; height: 347px;\">\n<tbody>\n<tr style=\"height: 299px;\">\n<td style=\"width: 23.7437%; height: 299px;\"><a href=\"http:\/\/janubiyorol.uz\/wp-content\/uploads\/2025\/12\/Allambergenova-Patima.jpg\"><img loading=\"lazy\" decoding=\"async\" class=\"aligncenter size-medium wp-image-369\" src=\"http:\/\/janubiyorol.uz\/wp-content\/uploads\/2025\/12\/Allambergenova-Patima-213x300.jpg\" alt=\"\" width=\"213\" height=\"300\" srcset=\"https:\/\/janubiyorol.uz\/wp-content\/uploads\/2025\/12\/Allambergenova-Patima-213x300.jpg 213w, https:\/\/janubiyorol.uz\/wp-content\/uploads\/2025\/12\/Allambergenova-Patima.jpg 320w\" sizes=\"auto, (max-width: 213px) 100vw, 213px\" \/><\/a><\/td>\n<td style=\"width: 76.2563%; text-align: center; height: 299px;\">\n<h3 class=\"leading-8 font-normal\" data-pm-slice=\"1 1 []\">Qoraqalpoq Turkman adabiy alokalari<\/h3>\n<p><span style=\"font-size: 24pt;\"><a href=\"https:\/\/janubiyorol.uz\/allambergenova-patima-joldasbaevna\"><strong>ALLAMBERGENOVA PATIMA<\/strong> <strong>JOLDASBAEVNA<\/strong><\/a><\/span><\/p>\n<h3 data-pm-slice=\"1 1 []\">filologiya<\/h3>\n<\/td>\n<\/tr>\n<\/tbody>\n<\/table>\n<hr \/>\n<table style=\"border-collapse: collapse; width: 100%; height: 347px;\">\n<tbody>\n<tr style=\"height: 299px;\">\n<td style=\"width: 23.7437%; height: 299px;\"><a href=\"http:\/\/janubiyorol.uz\/wp-content\/uploads\/2025\/12\/Turganbay-KERUENOV.jpg\"><img loading=\"lazy\" decoding=\"async\" class=\"aligncenter size-medium wp-image-372\" src=\"http:\/\/janubiyorol.uz\/wp-content\/uploads\/2025\/12\/Turganbay-KERUENOV-213x300.jpg\" alt=\"\" width=\"213\" height=\"300\" srcset=\"https:\/\/janubiyorol.uz\/wp-content\/uploads\/2025\/12\/Turganbay-KERUENOV-213x300.jpg 213w, https:\/\/janubiyorol.uz\/wp-content\/uploads\/2025\/12\/Turganbay-KERUENOV.jpg 320w\" sizes=\"auto, (max-width: 213px) 100vw, 213px\" \/><\/a><\/td>\n<td style=\"width: 76.2563%; text-align: center; height: 299px;\">\n<h3 class=\"leading-8 font-normal\" data-pm-slice=\"1 1 []\">Qoraqalpoq Turkman adabiy alokalari<\/h3>\n<p><span style=\"font-size: 24pt;\"><a href=\"https:\/\/janubiyorol.uz\/turganbay-keruenov\"><strong>TURGANBAY KERUENOV <\/strong><\/a><\/span><\/p>\n<h3 data-pm-slice=\"1 1 []\">\u00abT\u00farkmen tili h\u00e1m \u00e1debiyat\u0131\u00bb\u00a0 q\u00e1nigeligin<\/h3>\n<\/td>\n<\/tr>\n<\/tbody>\n<\/table>\n<hr \/>\n<div id=\"simple-translate\" class=\"simple-translate-system-theme\">\n<div>\n<div class=\"simple-translate-button isShow\" style=\"background-image: url('chrome-extension:\/\/ibplnjkanclpjokhdolnendpplpjiace\/icons\/512.png'); height: 22px; width: 22px; top: 935px; left: 616px;\"><\/div>\n<div class=\"simple-translate-panel \" style=\"width: 300px; height: 200px; top: 0px; left: 0px; font-size: 13px;\">\n<div class=\"simple-translate-result-wrapper\" style=\"overflow: hidden;\">\n<div class=\"simple-translate-move\" draggable=\"true\"><\/div>\n<div class=\"simple-translate-result-contents\">\n<p class=\"simple-translate-result\" dir=\"auto\">\n<p class=\"simple-translate-candidate\" dir=\"auto\">\n<\/div>\n<\/div>\n<\/div>\n<\/div>\n<\/div>\n","protected":false},"excerpt":{"rendered":"<p>Qoraqalpoq Turkman adabiy alokalari OGULBAY\u00a0 GAYLIEVA \u00abQaraqalpaq tili h\u00e1m \u00e1debiyat\u0131\u00bb\u00a0 q\u00e1nigeligin Qoraqalpoq Turkman adabiy alokalari ALLAMBERGENOVA PATIMA JOLDASBAEVNA filologiya Qoraqalpoq Turkman adabiy alokalari TURGANBAY KERUENOV \u00abT\u00farkmen tili h\u00e1m \u00e1debiyat\u0131\u00bb\u00a0 q\u00e1nigeligin<\/p>\n","protected":false},"author":1,"featured_media":0,"parent":0,"menu_order":0,"comment_status":"closed","ping_status":"closed","template":"","meta":{"footnotes":""},"class_list":["post-495","page","type-page","status-publish","hentry"],"_links":{"self":[{"href":"https:\/\/janubiyorol.uz\/uz\/wp-json\/wp\/v2\/pages\/495","targetHints":{"allow":["GET"]}}],"collection":[{"href":"https:\/\/janubiyorol.uz\/uz\/wp-json\/wp\/v2\/pages"}],"about":[{"href":"https:\/\/janubiyorol.uz\/uz\/wp-json\/wp\/v2\/types\/page"}],"author":[{"embeddable":true,"href":"https:\/\/janubiyorol.uz\/uz\/wp-json\/wp\/v2\/users\/1"}],"replies":[{"embeddable":true,"href":"https:\/\/janubiyorol.uz\/uz\/wp-json\/wp\/v2\/comments?post=495"}],"version-history":[{"count":4,"href":"https:\/\/janubiyorol.uz\/uz\/wp-json\/wp\/v2\/pages\/495\/revisions"}],"predecessor-version":[{"id":500,"href":"https:\/\/janubiyorol.uz\/uz\/wp-json\/wp\/v2\/pages\/495\/revisions\/500"}],"wp:attachment":[{"href":"https:\/\/janubiyorol.uz\/uz\/wp-json\/wp\/v2\/media?parent=495"}],"curies":[{"name":"wp","href":"https:\/\/api.w.org\/{rel}","templated":true}]}}